{"id":591,"date":"2016-11-29T13:44:10","date_gmt":"2016-11-29T12:44:10","guid":{"rendered":"http:\/\/agora.xtec.cat\/esc-eeejoanriu\/?page_id=591"},"modified":"2018-02-17T18:04:09","modified_gmt":"2018-02-17T17:04:09","slug":"menjador-escolar-2","status":"publish","type":"page","link":"https:\/\/agora.xtec.cat\/esc-eeejoanriu\/serveis\/menjador-escolar-2\/","title":{"rendered":"Menjador escolar"},"content":{"rendered":"<p style=\"text-align: justify;\">El menjador escolar est\u00e0 gestionat pel CONSELL COMARCAL del Giron\u00e8s. Cada curs escolar s\u2019ha de tramitar una sol\u00b7licitud. Aquesta sol\u00b7licitud de menjador escolar es fa via on-line i ho ha de realitzar la fam\u00edlia<\/p>\n<p style=\"text-align: justify;\"><strong>\u00a0<\/strong>El menjador escolar t\u00e9 el car\u00e0cter de servei complementari en el per\u00edode interlectiu del migdia.<\/p>\n<p style=\"text-align: justify;\">La finalitat del servei de menjador, atenent al seu car\u00e0cter social i educatiu, \u00e9s cobrir les necessitats nutritives d\u2019infants i joves i l\u2019adquisici\u00f3 d\u2019h\u00e0bits socials, alimentaris, d\u2019higiene i de salut.<\/p>\n<p>Els seus <strong>objectius<\/strong> s\u00f3n:<\/p>\n<ul>\n<li style=\"text-align: justify;\">Educar als\/les alumnes en quan a una correcta i variada alimentaci\u00f3, en l\u00b4\u00fas adequat dels coberts i utensilis de taula i la seva adequada col\u00b7locaci\u00f3.<\/li>\n<li style=\"text-align: justify;\">Atenci\u00f3 a la tasca educativa del menjador, adquisici\u00f3 d\u2019h\u00e0bits socials i higi\u00e8nics i correcta utilitzaci\u00f3 del parament del menjador.<\/li>\n<li>Desenvolupar el pla d\u2019activitats educatives i recreatives.<\/li>\n<\/ul>\n<p>L\u2019horari de menjador \u00e9s de 13.00h a 14.00h.<\/p>\n<p>L\u2019horari d\u2019esbarjo \u00e9s de 14.00h a 15.00h.<\/p>\n<p>&nbsp;<\/p>\n<p><strong><u>MENUS \u2013 DIETES <\/u><\/strong><\/p>\n<p style=\"text-align: justify;\">Els men\u00fas son confeccionats pel servei de diet\u00e8tica i infermeria del Consorci Sant Gregori i es preparen amb la textura i la consist\u00e8ncia adaptada a les necessitats de cada alumne.<\/p>\n<p style=\"text-align: justify;\">Donat que molts alumnes presenten dificultats relacionades amb l\u2019alimentaci\u00f3 els men\u00fas i preparacions culin\u00e0ries tenen unes caracter\u00edstiques especials.<\/p>\n<p style=\"text-align: justify;\">Hi ha dietes especials per:<\/p>\n<ol style=\"text-align: justify;\">\n<li>Motius de salut, intoler\u00e0ncies o al\u00b7l\u00e8rgies a algun aliment (ex.: al\u00b7l\u00e8rgia a l\u2019ou o al peix)<\/li>\n<li>En cas de patologies agudes : diarrea, v\u00f2mits, gastritis\u2026..<\/li>\n<li>Motius culturals.<\/li>\n<\/ol>\n<p style=\"text-align: justify;\">No \u00e9s perm\u00e8s donar als alumnes cap tipus d\u2019aliment que no vingui preparat o subministrat des del mateix centre.<\/p>\n<p><strong><u>Definici\u00f3 de textures:<\/u><\/strong><\/p>\n<p><strong>Mos<\/strong>: dieta amb els aliments tallats<\/p>\n<p><strong>Trinxat<\/strong>: dieta amb els aliments triturats per facilitar la masticaci\u00f3<\/p>\n<p><strong>Turmixat<\/strong>: dieta amb els aliments turmixats amb textura homog\u00e8nia per facilitar la degluci\u00f3<\/p>\n<p style=\"text-align: justify;\">\u00c9s molt important respectar aquestes textures per prevenir problemes greus\u00a0 com broncoaspiracions o ennuegament<\/p>\n<p>&nbsp;<\/p>\n<p><strong><u>INGESTA DE L\u00cdQUIDS<\/u><\/strong><\/p>\n<p>Assegurar\u00a0 els\u00a0 requeriments h\u00eddrics necessaris per tal de:<\/p>\n<ul>\n<li>Aconseguir un bon equilibri hidro-electrol\u00edtic.<\/li>\n<li>Prevenir la deshidrataci\u00f3.<\/li>\n<li>Prevenir i\/o millorar el restrenyiment.<\/li>\n<\/ul>\n<p style=\"text-align: justify;\"><strong>\u00a0<\/strong>Cal al llarg de tot el dia garantir una quantitat d\u2019ingesta de l\u00edquids, per aix\u00f2 en les estones dels \u00e0pats \u00e9s important un cop han acabat de menjar donar-los-hi aigua.<\/p>\n<p style=\"text-align: justify;\">Depenent de les caracter\u00edstiques dels alumnes utilitzarem una consist\u00e8ncia l\u00edquida o s\u00f2lida:<\/p>\n<ul>\n<li style=\"text-align: justify;\">alumnes que no presenten problemes de degluci\u00f3 es donen l\u00edquid utilitzant el got o la cullera o la xeringa<\/li>\n<li style=\"text-align: justify;\">alumnes que presenten problemes de degluci\u00f3 es garanteix l\u2019ingesta de l\u00edquid espessint l\u2019aigua, suc,&#8230;.\u00a0 quedant una consist\u00e8ncia s\u00f2lida.<\/li>\n<\/ul>\n","protected":false},"excerpt":{"rendered":"<p>El menjador escolar est\u00e0 gestionat pel CONSELL COMARCAL del Giron\u00e8s. Cada curs escolar s\u2019ha de tramitar una sol\u00b7licitud. Aquesta sol\u00b7licitud de menjador escolar es fa via on-line i ho ha de realitzar la fam\u00edlia \u00a0El menjador escolar t\u00e9 el car\u00e0cter de servei complementari en el per\u00edode interlectiu del migdia. La finalitat del servei de menjador, [&hellip;]<\/p>\n","protected":false},"author":1,"featured_media":0,"parent":66,"menu_order":40,"comment_status":"closed","ping_status":"closed","template":"page-templates\/side-menu.php","meta":{"_bbp_topic_count":0,"_bbp_reply_count":0,"_bbp_total_topic_count":0,"_bbp_total_reply_count":0,"_bbp_voice_count":0,"_bbp_anonymous_reply_count":0,"_bbp_topic_count_hidden":0,"_bbp_reply_count_hidden":0,"_bbp_forum_subforum_count":0,"site-sidebar-layout":"default","site-content-layout":"","ast-site-content-layout":"","site-content-style":"default","site-sidebar-style":"default","ast-global-header-display":"","ast-banner-title-visibility":"","ast-main-header-display":"","ast-hfb-above-header-display":"","ast-hfb-below-header-display":"","ast-hfb-mobile-header-display":"","site-post-title":"","ast-breadcrumbs-content":"","ast-featured-img":"","footer-sml-layout":"","theme-transparent-header-meta":"","adv-header-id-meta":"","stick-header-meta":"","header-above-stick-meta":"","header-main-stick-meta":"","header-below-stick-meta":"","astra-migrate-meta-layouts":"default","ast-page-background-enabled":"default","ast-page-background-meta":{"desktop":{"background-color":"var(--ast-global-color-4)","background-image":"","background-repeat":"repeat","background-position":"center center","background-size":"auto","background-attachment":"scroll","background-type":"","background-media":"","overlay-type":"","overlay-color":"","overlay-opacity":"","overlay-gradient":""},"tablet":{"background-color":"","background-image":"","background-repeat":"repeat","background-position":"center center","background-size":"auto","background-attachment":"scroll","background-type":"","background-media":"","overlay-type":"","overlay-color":"","overlay-opacity":"","overlay-gradient":""},"mobile":{"background-color":"","background-image":"","background-repeat":"repeat","background-position":"center center","background-size":"auto","background-attachment":"scroll","background-type":"","background-media":"","overlay-type":"","overlay-color":"","overlay-opacity":"","overlay-gradient":""}},"ast-content-background-meta":{"desktop":{"background-color":"var(--ast-global-color-5)","background-image":"","background-repeat":"repeat","background-position":"center center","background-size":"auto","background-attachment":"scroll","background-type":"","background-media":"","overlay-type":"","overlay-color":"","overlay-opacity":"","overlay-gradient":""},"tablet":{"background-color":"var(--ast-global-color-5)","background-image":"","background-repeat":"repeat","background-position":"center center","background-size":"auto","background-attachment":"scroll","background-type":"","background-media":"","overlay-type":"","overlay-color":"","overlay-opacity":"","overlay-gradient":""},"mobile":{"background-color":"var(--ast-global-color-5)","background-image":"","background-repeat":"repeat","background-position":"center center","background-size":"auto","background-attachment":"scroll","background-type":"","background-media":"","overlay-type":"","overlay-color":"","overlay-opacity":"","overlay-gradient":""}},"footnotes":""},"class_list":["post-591","page","type-page","status-publish","hentry"],"post_mailing_queue_ids":[],"_links":{"self":[{"href":"https:\/\/agora.xtec.cat\/esc-eeejoanriu\/wp-json\/wp\/v2\/pages\/591","targetHints":{"allow":["GET"]}}],"collection":[{"href":"https:\/\/agora.xtec.cat\/esc-eeejoanriu\/wp-json\/wp\/v2\/pages"}],"about":[{"href":"https:\/\/agora.xtec.cat\/esc-eeejoanriu\/wp-json\/wp\/v2\/types\/page"}],"author":[{"embeddable":true,"href":"https:\/\/agora.xtec.cat\/esc-eeejoanriu\/wp-json\/wp\/v2\/users\/1"}],"replies":[{"embeddable":true,"href":"https:\/\/agora.xtec.cat\/esc-eeejoanriu\/wp-json\/wp\/v2\/comments?post=591"}],"version-history":[{"count":3,"href":"https:\/\/agora.xtec.cat\/esc-eeejoanriu\/wp-json\/wp\/v2\/pages\/591\/revisions"}],"predecessor-version":[{"id":713,"href":"https:\/\/agora.xtec.cat\/esc-eeejoanriu\/wp-json\/wp\/v2\/pages\/591\/revisions\/713"}],"up":[{"embeddable":true,"href":"https:\/\/agora.xtec.cat\/esc-eeejoanriu\/wp-json\/wp\/v2\/pages\/66"}],"wp:attachment":[{"href":"https:\/\/agora.xtec.cat\/esc-eeejoanriu\/wp-json\/wp\/v2\/media?parent=591"}],"curies":[{"name":"wp","href":"https:\/\/api.w.org\/{rel}","templated":true}]}}