{"id":546,"date":"2016-11-24T17:00:59","date_gmt":"2016-11-24T16:00:59","guid":{"rendered":"http:\/\/agora.xtec.cat\/esc-eeejoanriu\/?page_id=546"},"modified":"2025-09-11T07:04:17","modified_gmt":"2025-09-11T05:04:17","slug":"equip-docent","status":"publish","type":"page","link":"https:\/\/agora.xtec.cat\/esc-eeejoanriu\/lescola\/equip-docent\/","title":{"rendered":"Equip docent"},"content":{"rendered":"<p><strong><u>Equip directiu<\/u>:<\/strong><br \/>\n<i>Direcci\u00f3: <\/i>Ariadna Rius<br \/>\n<i>Sots-direcci\u00f3: <\/i>Carme Esteve<br \/>\n<em>Cap d&#8217;estudis:<\/em> Paula Vila<\/p>\n<p><strong><u>Infantil 1<\/u>: REIETS<\/strong><br \/>\n<i>Mestra: <\/i>Estel Soler<\/p>\n<p><strong><u>Infantil 2 <\/u>: CARGOLETS 1<\/strong><br \/>\n<i>Mestra:<\/i>\u00a0Paula Vila<\/p>\n<p><strong><u>Infantil 3<\/u>: CARGOLETS 2<\/strong><br \/>\n<i>Mestra:\u00a0<\/i>Gl\u00f2ria Magri\u00f1\u00e1<\/p>\n<p><strong><u>Infantil 4<\/u>: MARTINETS<\/strong><br \/>\n<em>Mestra<\/em>: Anna Matar\u00f3<br \/>\n<em>Educador<\/em>: Toni Ruiz<\/p>\n<p><strong><u>Prim\u00e0ria 1<\/u>: BLAUETS<\/strong><br \/>\n<em>Mestre<\/em>: Pitu Montiel<br \/>\n<em>Educadora<\/em>: Rosa Mor\u00e9<\/p>\n<p><strong><u>Prim\u00e0ria 2<\/u>: ORENETES<\/strong><br \/>\n<em>Mestra:<\/em> M\u00f2nica Xirgu<br \/>\n<em>Educadora<\/em>: Marta Soler<\/p>\n<p><strong><u>Secund\u00e0ria 1<\/u>: PICA-SOQUES<\/strong><br \/>\n<i>Mestra: <\/i>Assumpci\u00f3 Cle<br \/>\n<em>Educadora<\/em>: Dolors Reig<\/p>\n<p><strong><u>Secund\u00e0ria 2<\/u>: PICOTS<\/strong><br \/>\n<i>Mestre: <\/i>\u00a0Eduard Vilar<br \/>\n<em>Educadora:<\/em> Laura Couso<\/p>\n<p><strong><u>Secund\u00e0ria 3<\/u>: PUPUTS<\/strong><br \/>\n<i>Mestra: <\/i>Carmina Ribas<br \/>\n<em>Educador\/a<\/em>: Roger Farrarons\u00a0 (Jennifer Noriega)<\/p>\n<p><strong><u>Secund\u00e0ria 3:<\/u> #joparticipoJR<\/strong><br \/>\n<em>Mestra:<\/em> Marta Ortiz<br \/>\n<em>Educadora:<\/em> Berta Gonz\u00e0lez<\/p>\n<p><b><u>Mestra CEEPSIR:<\/u> <\/b>Cristina Sanchez<\/p>\n<p><strong><u>Especialistes:<\/u><\/strong><br \/>\n<em>Logopeda:\u00a0<\/em>Carme Esteve \/ Gemma Bay\u00e9s<br \/>\n<em>Fisioterapeutes:\u00a0<\/em>Xabier Estanga \/ Blanca Bastit<br \/>\n<em>Psicopedagoga:<\/em> Cristina Pascual<\/p>\n","protected":false},"excerpt":{"rendered":"<p>Equip directiu: Direcci\u00f3: Ariadna Rius Sots-direcci\u00f3: Carme Esteve Cap d&#8217;estudis: Paula Vila Infantil 1: REIETS Mestra: Estel Soler Infantil 2 : CARGOLETS 1 Mestra:\u00a0Paula Vila Infantil 3: CARGOLETS 2 Mestra:\u00a0Gl\u00f2ria Magri\u00f1\u00e1 Infantil 4: MARTINETS Mestra: Anna Matar\u00f3 Educador: Toni Ruiz Prim\u00e0ria 1: BLAUETS Mestre: Pitu Montiel Educadora: Rosa Mor\u00e9 Prim\u00e0ria 2: ORENETES Mestra: M\u00f2nica Xirgu [&hellip;]<\/p>\n","protected":false},"author":1,"featured_media":0,"parent":22,"menu_order":60,"comment_status":"closed","ping_status":"closed","template":"page-templates\/side-menu.php","meta":{"_bbp_topic_count":0,"_bbp_reply_count":0,"_bbp_total_topic_count":0,"_bbp_total_reply_count":0,"_bbp_voice_count":0,"_bbp_anonymous_reply_count":0,"_bbp_topic_count_hidden":0,"_bbp_reply_count_hidden":0,"_bbp_forum_subforum_count":0,"site-sidebar-layout":"default","site-content-layout":"","ast-site-content-layout":"","site-content-style":"default","site-sidebar-style":"default","ast-global-header-display":"","ast-banner-title-visibility":"","ast-main-header-display":"","ast-hfb-above-header-display":"","ast-hfb-below-header-display":"","ast-hfb-mobile-header-display":"","site-post-title":"","ast-breadcrumbs-content":"","ast-featured-img":"","footer-sml-layout":"","theme-transparent-header-meta":"","adv-header-id-meta":"","stick-header-meta":"","header-above-stick-meta":"","header-main-stick-meta":"","header-below-stick-meta":"","astra-migrate-meta-layouts":"default","ast-page-background-enabled":"default","ast-page-background-meta":{"desktop":{"background-color":"var(--ast-global-color-4)","background-image":"","background-repeat":"repeat","background-position":"center center","background-size":"auto","background-attachment":"scroll","background-type":"","background-media":"","overlay-type":"","overlay-color":"","overlay-opacity":"","overlay-gradient":""},"tablet":{"background-color":"","background-image":"","background-repeat":"repeat","background-position":"center center","background-size":"auto","background-attachment":"scroll","background-type":"","background-media":"","overlay-type":"","overlay-color":"","overlay-opacity":"","overlay-gradient":""},"mobile":{"background-color":"","background-image":"","background-repeat":"repeat","background-position":"center center","background-size":"auto","background-attachment":"scroll","background-type":"","background-media":"","overlay-type":"","overlay-color":"","overlay-opacity":"","overlay-gradient":""}},"ast-content-background-meta":{"desktop":{"background-color":"var(--ast-global-color-5)","background-image":"","background-repeat":"repeat","background-position":"center center","background-size":"auto","background-attachment":"scroll","background-type":"","background-media":"","overlay-type":"","overlay-color":"","overlay-opacity":"","overlay-gradient":""},"tablet":{"background-color":"var(--ast-global-color-5)","background-image":"","background-repeat":"repeat","background-position":"center center","background-size":"auto","background-attachment":"scroll","background-type":"","background-media":"","overlay-type":"","overlay-color":"","overlay-opacity":"","overlay-gradient":""},"mobile":{"background-color":"var(--ast-global-color-5)","background-image":"","background-repeat":"repeat","background-position":"center center","background-size":"auto","background-attachment":"scroll","background-type":"","background-media":"","overlay-type":"","overlay-color":"","overlay-opacity":"","overlay-gradient":""}},"footnotes":""},"class_list":["post-546","page","type-page","status-publish","hentry"],"post_mailing_queue_ids":[],"_links":{"self":[{"href":"https:\/\/agora.xtec.cat\/esc-eeejoanriu\/wp-json\/wp\/v2\/pages\/546","targetHints":{"allow":["GET"]}}],"collection":[{"href":"https:\/\/agora.xtec.cat\/esc-eeejoanriu\/wp-json\/wp\/v2\/pages"}],"about":[{"href":"https:\/\/agora.xtec.cat\/esc-eeejoanriu\/wp-json\/wp\/v2\/types\/page"}],"author":[{"embeddable":true,"href":"https:\/\/agora.xtec.cat\/esc-eeejoanriu\/wp-json\/wp\/v2\/users\/1"}],"replies":[{"embeddable":true,"href":"https:\/\/agora.xtec.cat\/esc-eeejoanriu\/wp-json\/wp\/v2\/comments?post=546"}],"version-history":[{"count":6,"href":"https:\/\/agora.xtec.cat\/esc-eeejoanriu\/wp-json\/wp\/v2\/pages\/546\/revisions"}],"predecessor-version":[{"id":19051,"href":"https:\/\/agora.xtec.cat\/esc-eeejoanriu\/wp-json\/wp\/v2\/pages\/546\/revisions\/19051"}],"up":[{"embeddable":true,"href":"https:\/\/agora.xtec.cat\/esc-eeejoanriu\/wp-json\/wp\/v2\/pages\/22"}],"wp:attachment":[{"href":"https:\/\/agora.xtec.cat\/esc-eeejoanriu\/wp-json\/wp\/v2\/media?parent=546"}],"curies":[{"name":"wp","href":"https:\/\/api.w.org\/{rel}","templated":true}]}}