{"id":19092,"date":"2025-09-30T18:19:55","date_gmt":"2025-09-30T16:19:55","guid":{"rendered":"https:\/\/agora.xtec.cat\/esc-eeejoanriu\/?page_id=19092"},"modified":"2025-12-18T13:56:19","modified_gmt":"2025-12-18T12:56:19","slug":"lequip-de-premsa-de-lescola","status":"publish","type":"page","link":"https:\/\/agora.xtec.cat\/esc-eeejoanriu\/lequip-de-premsa-de-lescola\/","title":{"rendered":"L&#8217;EQUIP DE PREMSA DE L&#8217;ESCOLA"},"content":{"rendered":"<p>L&#8217;aula &#8220;Pica-soques&#8221; aquest curs volem aprendre a ser PERIODISTES. Fem un projecte que parteix de la necessitat de potenciar les seves habilitats comunicatives , el seu esperit cr\u00edtic i la\u00a0 capacitat d\u2019observaci\u00f3 i expressi\u00f3, aix\u00ed com el treball en equip.<\/p>\n<p><a href=\"https:\/\/agora.xtec.cat\/esc-eeejoanriu\/wp-content\/uploads\/usu1550\/2025\/09\/LOGOTIP-e1758196152172.jpg\"><img loading=\"lazy\" decoding=\"async\" class=\"size-full wp-image-19041\" src=\"https:\/\/agora.xtec.cat\/esc-eeejoanriu\/wp-content\/uploads\/usu1550\/2025\/09\/LOGOTIP-e1758196152172.jpg\" alt=\"\" width=\"236\" height=\"258\" \/><\/a><\/p>\n<p><strong>Objectius generals:<\/strong><\/p>\n<ul style=\"list-style-type: disc;\">\n<li>Desenvolupar el llenguatge oral i escrit.<\/li>\n<li>Fomentar la curiositat i l\u2019observaci\u00f3 del m\u00f3n que els envolta.<\/li>\n<li>\u00a0Iniciar-se en l\u2019\u00fas de diferents mitjans de comunicaci\u00f3 (oral, visual, digital).<\/li>\n<li>\u00a0Potenciar l\u2019autonomia i el treball cooperatiu.<\/li>\n<li>\u00a0Respectar els torns de paraula i escoltar activament als altres.<\/li>\n<\/ul>\n<p><strong>Continguts:<\/strong><\/p>\n<ul style=\"list-style-type: disc;\">\n<li>Quines feines fa un periodista? les diferents funcions ( locutor, presentador, redactor, fot\u00f2graf c\u00e0mera, equip t\u00e8cnic , reporter&#8230;)<\/li>\n<li>\u00a0El paper dels periodistes i dels mitjans de comunicaci\u00f3.<\/li>\n<li>\u00a0Tipus de not\u00edcies (informativa, cultural, esportiva\u2026).<\/li>\n<li>\u00a0L\u2019entrevista: qu\u00e8 \u00e9s i com es fa.<\/li>\n<li>\u00a0Producci\u00f3 de textos orals i escrits senzills.<\/li>\n<li>\u00a0\u00das de recursos digitals i dispositius: descobrim i utilitzem els elements de la maleta audiovisual ( la c\u00e0mera de fotos, la c\u00e0mera de v\u00eddeo, la gravadora de veu, els micr\u00f2fons, auriculars, reflectors, llums&#8230;.)<\/li>\n<\/ul>\n<p><strong>Activitats proposades:<\/strong><br \/>\n<strong>1. Activitat inicial: Qu\u00e8 \u00e9s un periodista?<\/strong><br \/>\n\u2022 Conversa inicial per recollir idees pr\u00e8vies.<br \/>\n\u2022 Visualitzaci\u00f3 de v\u00eddeos o imatges de periodistes.<\/p>\n<p><strong>2. Creaci\u00f3 de la redacci\u00f3<\/strong><br \/>\n\u2022 Assignaci\u00f3 de rols: redactors, entrevistadors, c\u00e0meres, presentadors&#8230;Aquests rols s&#8217;anir\u00e0n alternant.<\/p>\n<p><strong>3. Observaci\u00f3 del centre i l\u2019entorn<\/strong><br \/>\n\u2022 Fer de reporters: observar qu\u00e8 passa al pati, a l\u2019aula, o a l\u2019escola.<br \/>\n\u2022 Fer fotos de l&#8217;entorn , de les sortides escolars, activitats extres,\u00a0 amb suport del mestre\/a.<\/p>\n<p><strong>4. Entrevistes<\/strong><\/p>\n<ul style=\"list-style-type: disc;\">\n<li>Preparaci\u00f3 de preguntes i entrevista a diferents persones del centre o que tinguin un inter\u00e8s pel grup<\/li>\n<li>Gravaci\u00f3 o enregistrament amb c\u00e0mera, gravadora i m\u00f2bil.<\/li>\n<\/ul>\n<p><strong>5. Creaci\u00f3 d&#8217;una publicaci\u00f3 escrita i audiovisual ( v\u00eddeos en format de programa televisiu o emissi\u00f3\u00a0 radiof\u00f2nica )<\/strong><br \/>\n\u2022 Elaboraci\u00f3 d\u2019una revista en format tr\u00edptic,<br \/>\n\u2022 O producci\u00f3 d\u2019un v\u00eddeo de not\u00edcies del nostre entorn.<\/p>\n<p><strong>6. Difusi\u00f3 del projecte<\/strong><br \/>\n\u2022 Compartir la revista dins l&#8217;\u00e0mbit escolar.<br \/>\n\u2022 Fer una emissi\u00f3 o presentaci\u00f3 davant d\u2019altres grups o fam\u00edlies.<\/p>\n<h3><em><strong>L&#8217;EQUIP DE PREMSA<\/strong><\/em><\/h3>\n<p><img loading=\"lazy\" decoding=\"async\" class=\"alignnone size-full wp-image-19127\" src=\"https:\/\/agora.xtec.cat\/esc-eeejoanriu\/wp-content\/uploads\/usu1550\/2025\/09\/FOTO-AICHA-copia.jpg\" alt=\"\" width=\"336\" height=\"448\" srcset=\"https:\/\/agora.xtec.cat\/esc-eeejoanriu\/wp-content\/uploads\/usu1550\/2025\/09\/FOTO-AICHA-copia.jpg 336w, https:\/\/agora.xtec.cat\/esc-eeejoanriu\/wp-content\/uploads\/usu1550\/2025\/09\/FOTO-AICHA-copia-225x300.jpg 225w\" sizes=\"auto, (max-width: 336px) 100vw, 336px\" \/><img loading=\"lazy\" decoding=\"async\" class=\"\" src=\"https:\/\/www.bing.com\/th\/id\/OGC.dd2f82ad8ef66942d8887c2ba554e962?o=7&amp;pid=1.7&amp;rm=3&amp;rurl=https%3a%2f%2fmistergif.com%2fmedia%2f7%2fmicrofono-108258.gif&amp;ehk=pEwPYwPvJmNNqL%2b%2fRIW3oqSZ%2bqko%2b8TRcNR0p1GmNdU%3d\" alt=\"Resultat d'imatges per a microfono gif\" width=\"81\" height=\"169\" \/><span style=\"font-family: inherit; font-size: 1em;\">\u00a0 \u00a0 <\/span><span style=\"font-family: inherit; font-size: 1em;\">\u00a0 \u00a0 \u00a0 \u00a0 \u00a0 \u00a0 <\/span><img loading=\"lazy\" decoding=\"async\" class=\"alignnone wp-image-19128 size-full\" style=\"font-family: inherit; font-size: 1em;\" src=\"https:\/\/agora.xtec.cat\/esc-eeejoanriu\/wp-content\/uploads\/usu1550\/2025\/09\/FOTO-BOUCHRA-copia-rotated-e1758801468215.jpg\" alt=\"\" width=\"336\" height=\"448\" srcset=\"https:\/\/agora.xtec.cat\/esc-eeejoanriu\/wp-content\/uploads\/usu1550\/2025\/09\/FOTO-BOUCHRA-copia-rotated-e1758801468215.jpg 336w, https:\/\/agora.xtec.cat\/esc-eeejoanriu\/wp-content\/uploads\/usu1550\/2025\/09\/FOTO-BOUCHRA-copia-rotated-e1758801468215-225x300.jpg 225w\" sizes=\"auto, (max-width: 336px) 100vw, 336px\" \/> <img loading=\"lazy\" decoding=\"async\" class=\"\" src=\"https:\/\/cdn.pixabay.com\/animation\/2023\/10\/10\/13\/26\/13-26-45-476_512.gif\" alt=\"\u58f0\u97f3 \u6d77\u6d6a \u97f3\u4e50 - Pixabay \u4e0a\u7684\u514d\u8d39 GIF \u52a8\u56fe\" width=\"172\" height=\"103\" \/><span style=\"font-family: inherit; font-size: 1em;\">\u00a0<\/span><\/p>\n<table style=\"border-collapse: collapse; width: 79.2194%; height: 71px;\">\n<tbody>\n<tr>\n<td style=\"width: 41.5343%;\">Em dic <strong>Aicha<\/strong> i com que m&#8217;agrada molt saber he triat ser\u00a0 reportera<\/td>\n<td style=\"width: 112.472%;\">\u00a0Em dic <strong>Bouchra<\/strong> i s\u00f3c de l&#8217;equip t\u00e8cnic, m&#8217;agrada posa m\u00fasica a les nostres produccions<\/td>\n<\/tr>\n<\/tbody>\n<\/table>\n<p>&nbsp;<\/p>\n<p><img loading=\"lazy\" decoding=\"async\" class=\"alignnone wp-image-19129 size-full\" src=\"https:\/\/agora.xtec.cat\/esc-eeejoanriu\/wp-content\/uploads\/usu1550\/2025\/09\/FOTO-HAIMADOU-copia-rotated-e1758801486948.jpg\" alt=\"\" width=\"336\" height=\"448\" srcset=\"https:\/\/agora.xtec.cat\/esc-eeejoanriu\/wp-content\/uploads\/usu1550\/2025\/09\/FOTO-HAIMADOU-copia-rotated-e1758801486948.jpg 336w, https:\/\/agora.xtec.cat\/esc-eeejoanriu\/wp-content\/uploads\/usu1550\/2025\/09\/FOTO-HAIMADOU-copia-rotated-e1758801486948-225x300.jpg 225w\" sizes=\"auto, (max-width: 336px) 100vw, 336px\" \/>\u00a0\u00a0<img loading=\"lazy\" decoding=\"async\" class=\"\" src=\"https:\/\/media.tenor.com\/FnI6-vXaLN0AAAAC\/picture-photo.gif\" alt=\"Picture Photo Sticker - Picture Photo Camera - Discover &amp; Share GIFs\" width=\"107\" height=\"135\" \/><span style=\"font-family: inherit; font-size: 1em;\">\u00a0 \u00a0 \u00a0 \u00a0<\/span><span style=\"font-family: inherit; font-size: 1em;\">\u00a0\u00a0<\/span><img loading=\"lazy\" decoding=\"async\" class=\"alignnone wp-image-19130 size-full\" style=\"font-family: inherit; font-size: 1em;\" src=\"https:\/\/agora.xtec.cat\/esc-eeejoanriu\/wp-content\/uploads\/usu1550\/2025\/09\/FOTO-NEYMAR-copia-rotated-e1758801496919.jpg\" alt=\"\" width=\"336\" height=\"448\" srcset=\"https:\/\/agora.xtec.cat\/esc-eeejoanriu\/wp-content\/uploads\/usu1550\/2025\/09\/FOTO-NEYMAR-copia-rotated-e1758801496919.jpg 336w, https:\/\/agora.xtec.cat\/esc-eeejoanriu\/wp-content\/uploads\/usu1550\/2025\/09\/FOTO-NEYMAR-copia-rotated-e1758801496919-225x300.jpg 225w\" sizes=\"auto, (max-width: 336px) 100vw, 336px\" \/><span style=\"font-family: inherit; font-size: 1em;\">\u00a0 <\/span><img loading=\"lazy\" decoding=\"async\" class=\"\" style=\"font-family: inherit; font-size: 1em;\" src=\"https:\/\/th.bing.com\/th\/id\/R.2cbb1296eb7009d4242dc9cb00ff05f1?rik=a6%2btCZchlFNqSA&amp;riu=http%3a%2f%2fwww.animatedimages.org%2fdata%2fmedia%2f1828%2fanimated-weather-forecaster-and-meteorologist-image-0003.gif&amp;ehk=EsUVsY7AjthadYxah3HkoVOJ0UvjXAKf2rltA9yFx%2bw%3d&amp;risl=&amp;pid=ImgRaw&amp;r=0\" alt=\"Weather Forecasters &amp; Meteorologists: Animated Images, Gifs, Pictures ...\" width=\"197\" height=\"197\" \/><span style=\"font-family: inherit; font-size: 1em;\">\u00a0<\/span><\/p>\n<table style=\"border-collapse: collapse; width: 80.8235%; height: 38px;\">\n<tbody>\n<tr>\n<td style=\"width: 28.6491%;\">S\u00f3c en <strong>Haimadou<\/strong> i tinc molta habilitat amb l&#8217;\u00fas de la\u00a0 c\u00e0mera fotogr\u00e0fica.<\/td>\n<td style=\"width: 38.336%;\">\u00a0 \u00a0 \u00a0 \u00a0 \u00a0 \u00a0 \u00a0 \u00a0 \u00a0Em dic <strong>Neymar<\/strong> i ser\u00e9 el &#8220;meteor\u00f2leg&#8221; , us dir\u00e9 si baixaran les temperatures<\/td>\n<\/tr>\n<\/tbody>\n<\/table>\n<p><img loading=\"lazy\" decoding=\"async\" class=\"alignnone size-full wp-image-19131\" src=\"https:\/\/agora.xtec.cat\/esc-eeejoanriu\/wp-content\/uploads\/usu1550\/2025\/09\/FOTO-SIKOU-copia.jpg\" alt=\"\" width=\"336\" height=\"448\" srcset=\"https:\/\/agora.xtec.cat\/esc-eeejoanriu\/wp-content\/uploads\/usu1550\/2025\/09\/FOTO-SIKOU-copia.jpg 336w, https:\/\/agora.xtec.cat\/esc-eeejoanriu\/wp-content\/uploads\/usu1550\/2025\/09\/FOTO-SIKOU-copia-225x300.jpg 225w\" sizes=\"auto, (max-width: 336px) 100vw, 336px\" \/> <img loading=\"lazy\" decoding=\"async\" class=\"\" src=\"https:\/\/cdn5.f-cdn.com\/files\/download\/40989681\/programado.gif\" alt=\"\u00bfSabes qu\u00e9 es un redactor de contenidos y para qu\u00e9 sirve? | Freelancer Blog\" width=\"221\" height=\"155\" \/><\/p>\n<table style=\"border-collapse: collapse; width: 35.3241%; height: 26px;\">\n<tbody>\n<tr>\n<td style=\"width: 100%;\">S\u00f3c en <strong>Sikou<\/strong> i la meva feina \u00e9s ser redactor de la revista &#8220;Fem safareig&#8221;<\/td>\n<\/tr>\n<\/tbody>\n<\/table>\n<p><img loading=\"lazy\" decoding=\"async\" class=\"alignnone wp-image-19132 size-full\" src=\"https:\/\/agora.xtec.cat\/esc-eeejoanriu\/wp-content\/uploads\/usu1550\/2025\/09\/FOTO-TOBI-copia-rotated-e1758801525876.jpg\" alt=\"\" width=\"336\" height=\"444\" srcset=\"https:\/\/agora.xtec.cat\/esc-eeejoanriu\/wp-content\/uploads\/usu1550\/2025\/09\/FOTO-TOBI-copia-rotated-e1758801525876.jpg 336w, https:\/\/agora.xtec.cat\/esc-eeejoanriu\/wp-content\/uploads\/usu1550\/2025\/09\/FOTO-TOBI-copia-rotated-e1758801525876-227x300.jpg 227w\" sizes=\"auto, (max-width: 336px) 100vw, 336px\" \/>\u00a0 \u00a0 <img loading=\"lazy\" decoding=\"async\" class=\"\" src=\"https:\/\/media.giphy.com\/media\/PkxvTn5Dpjvry\/200.gif\" alt=\"Tablet GIF - Find &amp; Share on GIPHY\" width=\"192\" height=\"122\" \/>\u00a0\u00a0 \u00a0<img loading=\"lazy\" decoding=\"async\" class=\"alignnone wp-image-19133\" src=\"https:\/\/agora.xtec.cat\/esc-eeejoanriu\/wp-content\/uploads\/usu1550\/2025\/09\/FOTO-XUAN-copia.jpg\" alt=\"\" width=\"427\" height=\"438\" srcset=\"https:\/\/agora.xtec.cat\/esc-eeejoanriu\/wp-content\/uploads\/usu1550\/2025\/09\/FOTO-XUAN-copia.jpg 336w, https:\/\/agora.xtec.cat\/esc-eeejoanriu\/wp-content\/uploads\/usu1550\/2025\/09\/FOTO-XUAN-copia-292x300.jpg 292w\" sizes=\"auto, (max-width: 427px) 100vw, 427px\" \/><\/p>\n<table style=\"border-collapse: collapse; width: 76.8807%; height: 68px;\">\n<tbody>\n<tr>\n<td style=\"width: 100%;\">Som en <strong>Tobi<\/strong> i en <strong>Xuanyu<\/strong>. Nosaltres farem les entrevistes amb un suport especial , les nostres tauletes ens serviran potenciar la nostra veu i participar tamb\u00e9 de les entrevistes.<\/td>\n<\/tr>\n<\/tbody>\n<\/table>\n<p>&nbsp;<\/p>\n<p><strong>Esperem que seguiu amb inter\u00e8s i gaudiu de les nostres publicacions.<\/strong><\/p>\n<p>&nbsp;<\/p>\n<p><strong>OCTUBRE 2025<\/strong><\/p>\n<p>Ja hem publicat la revista n\u00famero 2. Li podeu donar un cop d&#8217;ull clicant la imatge<\/p>\n<p><a href=\"https:\/\/drive.google.com\/file\/d\/1U-dmeMSB3h8jTM8tevhO8Sw4_U0jKrQr\/view?usp=sharing\" target=\"_blank\" rel=\"noopener\"><img loading=\"lazy\" decoding=\"async\" class=\"alignleft\" src=\"https:\/\/media.tenor.com\/TbqnJIbUV8UAAAAi\/buscando-curiosamente.gif\" alt=\"Buscando Curiosamente Sticker - Buscando Curiosamente Observando ...\" width=\"112\" height=\"72\" \/><\/a><\/p>\n<p>.<a href=\"https:\/\/drive.google.com\/file\/d\/1U-dmeMSB3h8jTM8tevhO8Sw4_U0jKrQr\/view?usp=sharing\" target=\"_blank\" rel=\"noopener\"><img loading=\"lazy\" decoding=\"async\" class=\"alignnone wp-image-19320\" src=\"https:\/\/agora.xtec.cat\/esc-eeejoanriu\/wp-content\/uploads\/usu1550\/2025\/11\/PORTADA-2.png\" alt=\"\" width=\"359\" height=\"514\" srcset=\"https:\/\/agora.xtec.cat\/esc-eeejoanriu\/wp-content\/uploads\/usu1550\/2025\/11\/PORTADA-2.png 556w, https:\/\/agora.xtec.cat\/esc-eeejoanriu\/wp-content\/uploads\/usu1550\/2025\/11\/PORTADA-2-210x300.png 210w\" sizes=\"auto, (max-width: 359px) 100vw, 359px\" \/>\u00a0<\/a><\/p>\n<p>&nbsp;<\/p>\n<p><strong>DESEMBRE 2025<\/strong><\/p>\n<p>Hem entrevistat en Xavier Beltran,\u00a0 el nutricionista del Consorci.<\/p>\n<p><a href=\"https:\/\/drive.google.com\/file\/d\/1tlEyq64YLYt5g8-lqF2M_jiVVFC4ZR3K\/view?usp=sharing\" target=\"_blank\" rel=\"noopener\"><img loading=\"lazy\" decoding=\"async\" class=\"alignnone wp-image-19579\" src=\"https:\/\/agora.xtec.cat\/esc-eeejoanriu\/wp-content\/uploads\/usu1550\/2025\/12\/Imatge1-1.png\" alt=\"\" width=\"291\" height=\"164\" \/><\/a><\/p>\n<p>Ja hem publicat el n\u00fam. 3 de &#8221; FEM SAFAREIG\u00b7. Us deixem l&#8217;enlla\u00e7:<\/p>\n<p><a href=\"https:\/\/drive.google.com\/file\/d\/1rOuhgo4CMrGNoGVgyG0SQ37LuCGv6mCF\/view?usp=sharing\" target=\"_blank\" rel=\"noopener\"><img loading=\"lazy\" decoding=\"async\" class=\"alignnone wp-image-19685 size-medium\" src=\"https:\/\/agora.xtec.cat\/esc-eeejoanriu\/wp-content\/uploads\/usu1550\/2025\/12\/REV.-3-212x300.png\" alt=\"\" width=\"212\" height=\"300\" srcset=\"https:\/\/agora.xtec.cat\/esc-eeejoanriu\/wp-content\/uploads\/usu1550\/2025\/12\/REV.-3-212x300.png 212w, https:\/\/agora.xtec.cat\/esc-eeejoanriu\/wp-content\/uploads\/usu1550\/2025\/12\/REV.-3.png 420w\" sizes=\"auto, (max-width: 212px) 100vw, 212px\" \/>\u00a0\u00a0\u00a0 <img loading=\"lazy\" decoding=\"async\" class=\"\" src=\"https:\/\/tse2.mm.bing.net\/th\/id\/OIP.FokoRowgqaoUs5tZQwDo3AHaHa?cb=ucfimg2&amp;ucfimg=1&amp;rs=1&amp;pid=ImgDetMain&amp;o=7&amp;rm=3\" alt=\"Carduri Cadou SPA la Orhideea Spa\" width=\"48\" height=\"48\" \/>\u00a0\u00a0<\/a><\/p>\n","protected":false},"excerpt":{"rendered":"<p>L&#8217;aula &#8220;Pica-soques&#8221; aquest curs volem aprendre a ser PERIODISTES. Fem un projecte que parteix de la necessitat de potenciar les seves habilitats comunicatives , el seu esperit cr\u00edtic i la\u00a0 capacitat d\u2019observaci\u00f3 i expressi\u00f3, aix\u00ed com el treball en equip. Objectius generals: Desenvolupar el llenguatge oral i escrit. Fomentar la curiositat i l\u2019observaci\u00f3 del m\u00f3n [&hellip;]<\/p>\n","protected":false},"author":1,"featured_media":0,"parent":0,"menu_order":0,"comment_status":"closed","ping_status":"closed","template":"","meta":{"_bbp_topic_count":0,"_bbp_reply_count":0,"_bbp_total_topic_count":0,"_bbp_total_reply_count":0,"_bbp_voice_count":0,"_bbp_anonymous_reply_count":0,"_bbp_topic_count_hidden":0,"_bbp_reply_count_hidden":0,"_bbp_forum_subforum_count":0,"site-sidebar-layout":"default","site-content-layout":"","ast-site-content-layout":"","site-content-style":"default","site-sidebar-style":"default","ast-global-header-display":"","ast-banner-title-visibility":"","ast-main-header-display":"","ast-hfb-above-header-display":"","ast-hfb-below-header-display":"","ast-hfb-mobile-header-display":"","site-post-title":"","ast-breadcrumbs-content":"","ast-featured-img":"","footer-sml-layout":"","theme-transparent-header-meta":"","adv-header-id-meta":"","stick-header-meta":"","header-above-stick-meta":"","header-main-stick-meta":"","header-below-stick-meta":"","astra-migrate-meta-layouts":"default","ast-page-background-enabled":"default","ast-page-background-meta":{"desktop":{"background-color":"var(--ast-global-color-4)","background-image":"","background-repeat":"repeat","background-position":"center center","background-size":"auto","background-attachment":"scroll","background-type":"","background-media":"","overlay-type":"","overlay-color":"","overlay-opacity":"","overlay-gradient":""},"tablet":{"background-color":"","background-image":"","background-repeat":"repeat","background-position":"center center","background-size":"auto","background-attachment":"scroll","background-type":"","background-media":"","overlay-type":"","overlay-color":"","overlay-opacity":"","overlay-gradient":""},"mobile":{"background-color":"","background-image":"","background-repeat":"repeat","background-position":"center center","background-size":"auto","background-attachment":"scroll","background-type":"","background-media":"","overlay-type":"","overlay-color":"","overlay-opacity":"","overlay-gradient":""}},"ast-content-background-meta":{"desktop":{"background-color":"var(--ast-global-color-5)","background-image":"","background-repeat":"repeat","background-position":"center center","background-size":"auto","background-attachment":"scroll","background-type":"","background-media":"","overlay-type":"","overlay-color":"","overlay-opacity":"","overlay-gradient":""},"tablet":{"background-color":"var(--ast-global-color-5)","background-image":"","background-repeat":"repeat","background-position":"center center","background-size":"auto","background-attachment":"scroll","background-type":"","background-media":"","overlay-type":"","overlay-color":"","overlay-opacity":"","overlay-gradient":""},"mobile":{"background-color":"var(--ast-global-color-5)","background-image":"","background-repeat":"repeat","background-position":"center center","background-size":"auto","background-attachment":"scroll","background-type":"","background-media":"","overlay-type":"","overlay-color":"","overlay-opacity":"","overlay-gradient":""}},"footnotes":""},"class_list":["post-19092","page","type-page","status-publish","hentry"],"post_mailing_queue_ids":[],"_links":{"self":[{"href":"https:\/\/agora.xtec.cat\/esc-eeejoanriu\/wp-json\/wp\/v2\/pages\/19092","targetHints":{"allow":["GET"]}}],"collection":[{"href":"https:\/\/agora.xtec.cat\/esc-eeejoanriu\/wp-json\/wp\/v2\/pages"}],"about":[{"href":"https:\/\/agora.xtec.cat\/esc-eeejoanriu\/wp-json\/wp\/v2\/types\/page"}],"author":[{"embeddable":true,"href":"https:\/\/agora.xtec.cat\/esc-eeejoanriu\/wp-json\/wp\/v2\/users\/1"}],"replies":[{"embeddable":true,"href":"https:\/\/agora.xtec.cat\/esc-eeejoanriu\/wp-json\/wp\/v2\/comments?post=19092"}],"version-history":[{"count":6,"href":"https:\/\/agora.xtec.cat\/esc-eeejoanriu\/wp-json\/wp\/v2\/pages\/19092\/revisions"}],"predecessor-version":[{"id":19686,"href":"https:\/\/agora.xtec.cat\/esc-eeejoanriu\/wp-json\/wp\/v2\/pages\/19092\/revisions\/19686"}],"wp:attachment":[{"href":"https:\/\/agora.xtec.cat\/esc-eeejoanriu\/wp-json\/wp\/v2\/media?parent=19092"}],"curies":[{"name":"wp","href":"https:\/\/api.w.org\/{rel}","templated":true}]}}