{"id":597,"date":"2020-04-28T17:59:13","date_gmt":"2020-04-28T15:59:13","guid":{"rendered":"https:\/\/agora.xtec.cat\/esc-educacioespecial-aremi\/?page_id=597"},"modified":"2021-05-28T16:06:10","modified_gmt":"2021-05-28T14:06:10","slug":"projecte-cercle-dautomia-aspace","status":"publish","type":"page","link":"https:\/\/agora.xtec.cat\/esc-educacioespecial-aremi\/projectes\/projecte-cercle-dautomia-aspace\/","title":{"rendered":"Projecte ASPACE &#8211; Solucions tecnol\u00f2giques"},"content":{"rendered":"<p><strong>Projecte 2020:<\/strong> Aquest \u00e9s un projecte dirigit a les entitats que formem part de la Confederaci\u00f3n ASPACE per tal d\u2019avan\u00e7ar en la implementaci\u00f3 i l\u2019\u00fas de les tecnologies per a l\u2019 alumnat amb NESE. El projecte es coordina i dinamitza per part de la comissi\u00f3 Cultura Digital \u2013 TAC del centre d\u2019educaci\u00f3.<\/p>\n<p>Se\u2019ns va oferir un servei de formaci\u00f3, suport i acompanyament per part d\u2019un equip d\u2019especialistes en productes de suport. L\u2019objectiu principal \u00e9s treure el m\u00e0xim partit als recursos i productes de suport que disposem a l\u2019escola per tal de potenciar l\u2019autonomia, la comunicaci\u00f3 i la participaci\u00f3 del nostre alumnat.<\/p>\n<p>A partir de la formaci\u00f3 rebuda sobre \u201cEl Cercle d\u2019Autonomia\u201d, un model te\u00f2ric creat pels professionals de B&amp;J Adaptaciones, com a marc de referencia per ajudar a les persones amb discapacitat en el proc\u00e9s de ser m\u00e9s aut\u00f2nomes i poder controlar el seu entorn, vam dur a terme un dels principals objectius del projecte:<\/p>\n<ul>\n<li>l\u2019elaboraci\u00f3 d\u2019una guia d\u2019activitats d\u2019aprenentatge que van des de la percepci\u00f3 fins a l\u2019autonomia (percepci\u00f3 \u2013 causa efecte \u2013 elecci\u00f3 \u2013 participaci\u00f3 \u2013 autodeterminaci\u00f3 \u2013 autonomia).<\/li>\n<\/ul>\n<p>Aquesta guia consta d\u2019una explicaci\u00f3 de cada un dels nivells d\u2019aprenentatge, juntament amb els objectius, indicadors d\u2019avaluaci\u00f3 i activitats a treballar en cadascun d\u2019ells.<\/p>\n<p>L\u2019objectiu \u00e9s que aquest sigui un document viu, que es pugui ampliar entre tots els professionals de l\u2019escola, i aix\u00ed crear una mena de biblioteca d\u2019activitats amb l\u2019\u00fas de tecnologia i productes de suport per a treballar les diferents fases del Cercle d\u2019Autonomia.<\/p>\n<table class=\" aligncenter\" style=\"width: 1041px; border-style: none;\">\n<tbody>\n<tr>\n<td style=\"width: 320px;\">\n<p><figure class=\"figure wp-caption alignnone\"><img loading=\"lazy\" decoding=\"async\" class=\"size-medium wp-image-1162\" src=\"https:\/\/agora.xtec.cat\/esc-educacioespecial-aremi\/wp-content\/uploads\/usu2149\/2021\/02\/20210209_125445_opt-300x225.jpg\" alt=\"\" width=\"300\" height=\"225\" srcset=\"https:\/\/agora.xtec.cat\/esc-educacioespecial-aremi\/wp-content\/uploads\/usu2149\/2021\/02\/20210209_125445_opt-300x225.jpg 300w, https:\/\/agora.xtec.cat\/esc-educacioespecial-aremi\/wp-content\/uploads\/usu2149\/2021\/02\/20210209_125445_opt-200x150.jpg 200w, https:\/\/agora.xtec.cat\/esc-educacioespecial-aremi\/wp-content\/uploads\/usu2149\/2021\/02\/20210209_125445_opt.jpg 400w\" sizes=\"auto, (max-width: 300px) 100vw, 300px\" \/><figcaption class=\"wp-caption-text\">Teclat adaptat amb totes les opcions necess\u00e0ries, fins i tot poder enviar el text per correu electr\u00f2nic.<\/figcaption><\/figure><\/td>\n<td style=\"width: 320px;\">\n<p><figure class=\"figure wp-caption alignnone\"><img loading=\"lazy\" decoding=\"async\" class=\"size-medium wp-image-1152\" src=\"https:\/\/agora.xtec.cat\/esc-educacioespecial-aremi\/wp-content\/uploads\/usu2149\/2021\/02\/agenda-amb-correu-300x169.png\" alt=\"\" width=\"300\" height=\"169\" srcset=\"https:\/\/agora.xtec.cat\/esc-educacioespecial-aremi\/wp-content\/uploads\/usu2149\/2021\/02\/agenda-amb-correu-300x169.png 300w, https:\/\/agora.xtec.cat\/esc-educacioespecial-aremi\/wp-content\/uploads\/usu2149\/2021\/02\/agenda-amb-correu-768x432.png 768w, https:\/\/agora.xtec.cat\/esc-educacioespecial-aremi\/wp-content\/uploads\/usu2149\/2021\/02\/agenda-amb-correu-1024x576.png 1024w, https:\/\/agora.xtec.cat\/esc-educacioespecial-aremi\/wp-content\/uploads\/usu2149\/2021\/02\/agenda-amb-correu.png 1920w\" sizes=\"auto, (max-width: 300px) 100vw, 300px\" \/><figcaption class=\"wp-caption-text\">Agenda di\u00e0ria amb possibilitat d&#8217;enviar per correu electr\u00f2nic.<\/figcaption><\/figure><\/td>\n<td style=\"width: 393px;\"><img loading=\"lazy\" decoding=\"async\" class=\"alignnone size-medium wp-image-1227\" src=\"https:\/\/agora.xtec.cat\/esc-educacioespecial-aremi\/wp-content\/uploads\/usu2149\/2021\/03\/3_opt-300x225.jpg\" alt=\"\" width=\"300\" height=\"225\" srcset=\"https:\/\/agora.xtec.cat\/esc-educacioespecial-aremi\/wp-content\/uploads\/usu2149\/2021\/03\/3_opt-300x225.jpg 300w, https:\/\/agora.xtec.cat\/esc-educacioespecial-aremi\/wp-content\/uploads\/usu2149\/2021\/03\/3_opt-200x150.jpg 200w, https:\/\/agora.xtec.cat\/esc-educacioespecial-aremi\/wp-content\/uploads\/usu2149\/2021\/03\/3_opt.jpg 400w\" sizes=\"auto, (max-width: 300px) 100vw, 300px\" \/><\/p>\n<p>Activitats de causa &#8211; efecte i tria, amb selecci\u00f3 a<\/p>\n<p>trav\u00e9s del control per la mirada amb Tobii.<\/td>\n<\/tr>\n<\/tbody>\n<\/table>\n<div class=\"mceTemp\"><\/div>\n","protected":false},"excerpt":{"rendered":"<p>Projecte 2020: Aquest \u00e9s un projecte dirigit a les entitats que formem part de la Confederaci\u00f3n ASPACE per tal d\u2019avan\u00e7ar en la implementaci\u00f3 i l\u2019\u00fas de les tecnologies per a l\u2019 alumnat amb NESE. El projecte es coordina i dinamitza per part de la comissi\u00f3&hellip;  <a href=\"https:\/\/agora.xtec.cat\/esc-educacioespecial-aremi\/projectes\/projecte-cercle-dautomia-aspace\/\" title=\"Read Projecte ASPACE &#8211; Solucions tecnol\u00f2giques\">Llegeix m\u00e9s\u00bb<\/a><\/p>\n","protected":false},"author":1,"featured_media":0,"parent":583,"menu_order":0,"comment_status":"closed","ping_status":"closed","template":"page-templates\/side-menu.php","meta":{"_bbp_topic_count":0,"_bbp_reply_count":0,"_bbp_total_topic_count":0,"_bbp_total_reply_count":0,"_bbp_voice_count":0,"_bbp_anonymous_reply_count":0,"_bbp_topic_count_hidden":0,"_bbp_reply_count_hidden":0,"_bbp_forum_subforum_count":0,"footnotes":""},"class_list":["post-597","page","type-page","status-publish","hentry"],"post_mailing_queue_ids":[],"_links":{"self":[{"href":"https:\/\/agora.xtec.cat\/esc-educacioespecial-aremi\/wp-json\/wp\/v2\/pages\/597","targetHints":{"allow":["GET"]}}],"collection":[{"href":"https:\/\/agora.xtec.cat\/esc-educacioespecial-aremi\/wp-json\/wp\/v2\/pages"}],"about":[{"href":"https:\/\/agora.xtec.cat\/esc-educacioespecial-aremi\/wp-json\/wp\/v2\/types\/page"}],"author":[{"embeddable":true,"href":"https:\/\/agora.xtec.cat\/esc-educacioespecial-aremi\/wp-json\/wp\/v2\/users\/1"}],"replies":[{"embeddable":true,"href":"https:\/\/agora.xtec.cat\/esc-educacioespecial-aremi\/wp-json\/wp\/v2\/comments?post=597"}],"version-history":[{"count":3,"href":"https:\/\/agora.xtec.cat\/esc-educacioespecial-aremi\/wp-json\/wp\/v2\/pages\/597\/revisions"}],"predecessor-version":[{"id":1390,"href":"https:\/\/agora.xtec.cat\/esc-educacioespecial-aremi\/wp-json\/wp\/v2\/pages\/597\/revisions\/1390"}],"up":[{"embeddable":true,"href":"https:\/\/agora.xtec.cat\/esc-educacioespecial-aremi\/wp-json\/wp\/v2\/pages\/583"}],"wp:attachment":[{"href":"https:\/\/agora.xtec.cat\/esc-educacioespecial-aremi\/wp-json\/wp\/v2\/media?parent=597"}],"curies":[{"name":"wp","href":"https:\/\/api.w.org\/{rel}","templated":true}]}}