{"id":595,"date":"2020-04-28T17:52:48","date_gmt":"2020-04-28T15:52:48","guid":{"rendered":"https:\/\/agora.xtec.cat\/esc-educacioespecial-aremi\/?page_id=595"},"modified":"2024-02-29T12:01:57","modified_gmt":"2024-02-29T11:01:57","slug":"tractaments-i-terapies","status":"publish","type":"page","link":"https:\/\/agora.xtec.cat\/esc-educacioespecial-aremi\/projectes\/projecte-talento-aspace\/tractaments-i-terapies\/","title":{"rendered":"Tractaments i ter\u00e0pies"},"content":{"rendered":"<p>A l\u2019escola hem participat del projecte Talento ASPACE formant part del grup \u201c Tratamientos y terapias\u201d per tal de compartir coneixements i experi\u00e8ncies en l\u2019\u00e0rea de la salut, consensuar una metodologia d\u2019identificaci\u00f3 i categoritzaci\u00f3 de bones pr\u00e0ctiques i crear xarxes de comunicaci\u00f3 i coneixement entre els professionals de les entitats ASPACE.<\/p>\n","protected":false},"excerpt":{"rendered":"<p>A l\u2019escola hem participat del projecte Talento ASPACE formant part del grup \u201c Tratamientos y terapias\u201d per tal de compartir coneixements i experi\u00e8ncies en l\u2019\u00e0rea de la salut, consensuar una metodologia d\u2019identificaci\u00f3 i categoritzaci\u00f3 de bones pr\u00e0ctiques i crear xarxes de comunicaci\u00f3 i coneixement entre&hellip;  <a href=\"https:\/\/agora.xtec.cat\/esc-educacioespecial-aremi\/projectes\/projecte-talento-aspace\/tractaments-i-terapies\/\" title=\"Read Tractaments i ter\u00e0pies\">Llegeix m\u00e9s\u00bb<\/a><\/p>\n","protected":false},"author":1,"featured_media":0,"parent":591,"menu_order":0,"comment_status":"closed","ping_status":"closed","template":"page-templates\/side-menu.php","meta":{"_bbp_topic_count":0,"_bbp_reply_count":0,"_bbp_total_topic_count":0,"_bbp_total_reply_count":0,"_bbp_voice_count":0,"_bbp_anonymous_reply_count":0,"_bbp_topic_count_hidden":0,"_bbp_reply_count_hidden":0,"_bbp_forum_subforum_count":0,"footnotes":""},"class_list":["post-595","page","type-page","status-publish","hentry"],"post_mailing_queue_ids":[],"_links":{"self":[{"href":"https:\/\/agora.xtec.cat\/esc-educacioespecial-aremi\/wp-json\/wp\/v2\/pages\/595","targetHints":{"allow":["GET"]}}],"collection":[{"href":"https:\/\/agora.xtec.cat\/esc-educacioespecial-aremi\/wp-json\/wp\/v2\/pages"}],"about":[{"href":"https:\/\/agora.xtec.cat\/esc-educacioespecial-aremi\/wp-json\/wp\/v2\/types\/page"}],"author":[{"embeddable":true,"href":"https:\/\/agora.xtec.cat\/esc-educacioespecial-aremi\/wp-json\/wp\/v2\/users\/1"}],"replies":[{"embeddable":true,"href":"https:\/\/agora.xtec.cat\/esc-educacioespecial-aremi\/wp-json\/wp\/v2\/comments?post=595"}],"version-history":[{"count":3,"href":"https:\/\/agora.xtec.cat\/esc-educacioespecial-aremi\/wp-json\/wp\/v2\/pages\/595\/revisions"}],"predecessor-version":[{"id":2497,"href":"https:\/\/agora.xtec.cat\/esc-educacioespecial-aremi\/wp-json\/wp\/v2\/pages\/595\/revisions\/2497"}],"up":[{"embeddable":true,"href":"https:\/\/agora.xtec.cat\/esc-educacioespecial-aremi\/wp-json\/wp\/v2\/pages\/591"}],"wp:attachment":[{"href":"https:\/\/agora.xtec.cat\/esc-educacioespecial-aremi\/wp-json\/wp\/v2\/media?parent=595"}],"curies":[{"name":"wp","href":"https:\/\/api.w.org\/{rel}","templated":true}]}}