{"id":591,"date":"2020-04-28T17:51:02","date_gmt":"2020-04-28T15:51:02","guid":{"rendered":"https:\/\/agora.xtec.cat\/esc-educacioespecial-aremi\/?page_id=591"},"modified":"2020-04-30T18:52:53","modified_gmt":"2020-04-30T16:52:53","slug":"projecte-talento-aspace","status":"publish","type":"page","link":"https:\/\/agora.xtec.cat\/esc-educacioespecial-aremi\/projectes\/projecte-talento-aspace\/","title":{"rendered":"Projecte Talento ASPACE"},"content":{"rendered":"<p>Confederaci\u00f3n ASPACE va posar en marxa el projecte &#8220;Talento ASPACE\u201d l&#8217;any 2016. Aquest\u00a0 vol potenciar la capacitat i l&#8217;actitud dels propis treballadors de les entitats que formen part de l&#8217;organitzaci\u00f3 i aconseguir aix\u00ed un enriquidor intercanvi de coneixements i bones pr\u00e0ctiques entre els diferents professionals de les entitats i federeacions ASPACE.<\/p>\n","protected":false},"excerpt":{"rendered":"<p>Confederaci\u00f3n ASPACE va posar en marxa el projecte &#8220;Talento ASPACE\u201d l&#8217;any 2016. Aquest\u00a0 vol potenciar la capacitat i l&#8217;actitud dels propis treballadors de les entitats que formen part de l&#8217;organitzaci\u00f3 i aconseguir aix\u00ed un enriquidor intercanvi de coneixements i bones pr\u00e0ctiques entre els diferents professionals&hellip;  <a href=\"https:\/\/agora.xtec.cat\/esc-educacioespecial-aremi\/projectes\/projecte-talento-aspace\/\" title=\"Read Projecte Talento ASPACE\">Llegeix m\u00e9s\u00bb<\/a><\/p>\n","protected":false},"author":1,"featured_media":0,"parent":583,"menu_order":0,"comment_status":"closed","ping_status":"closed","template":"page-templates\/side-menu.php","meta":{"_bbp_topic_count":0,"_bbp_reply_count":0,"_bbp_total_topic_count":0,"_bbp_total_reply_count":0,"_bbp_voice_count":0,"_bbp_anonymous_reply_count":0,"_bbp_topic_count_hidden":0,"_bbp_reply_count_hidden":0,"_bbp_forum_subforum_count":0,"footnotes":""},"class_list":["post-591","page","type-page","status-publish","hentry"],"post_mailing_queue_ids":[],"_links":{"self":[{"href":"https:\/\/agora.xtec.cat\/esc-educacioespecial-aremi\/wp-json\/wp\/v2\/pages\/591","targetHints":{"allow":["GET"]}}],"collection":[{"href":"https:\/\/agora.xtec.cat\/esc-educacioespecial-aremi\/wp-json\/wp\/v2\/pages"}],"about":[{"href":"https:\/\/agora.xtec.cat\/esc-educacioespecial-aremi\/wp-json\/wp\/v2\/types\/page"}],"author":[{"embeddable":true,"href":"https:\/\/agora.xtec.cat\/esc-educacioespecial-aremi\/wp-json\/wp\/v2\/users\/1"}],"replies":[{"embeddable":true,"href":"https:\/\/agora.xtec.cat\/esc-educacioespecial-aremi\/wp-json\/wp\/v2\/comments?post=591"}],"version-history":[{"count":2,"href":"https:\/\/agora.xtec.cat\/esc-educacioespecial-aremi\/wp-json\/wp\/v2\/pages\/591\/revisions"}],"predecessor-version":[{"id":675,"href":"https:\/\/agora.xtec.cat\/esc-educacioespecial-aremi\/wp-json\/wp\/v2\/pages\/591\/revisions\/675"}],"up":[{"embeddable":true,"href":"https:\/\/agora.xtec.cat\/esc-educacioespecial-aremi\/wp-json\/wp\/v2\/pages\/583"}],"wp:attachment":[{"href":"https:\/\/agora.xtec.cat\/esc-educacioespecial-aremi\/wp-json\/wp\/v2\/media?parent=591"}],"curies":[{"name":"wp","href":"https:\/\/api.w.org\/{rel}","templated":true}]}}