{"id":589,"date":"2020-04-28T17:50:20","date_gmt":"2020-04-28T15:50:20","guid":{"rendered":"https:\/\/agora.xtec.cat\/esc-educacioespecial-aremi\/?page_id=589"},"modified":"2023-10-10T13:23:26","modified_gmt":"2023-10-10T11:23:26","slug":"obrim-lescola","status":"publish","type":"page","link":"https:\/\/agora.xtec.cat\/esc-educacioespecial-aremi\/projectes\/obrim-lescola\/","title":{"rendered":"Obrim l&#8217;escola"},"content":{"rendered":"<p>El Centre d\u2019Educaci\u00f3 \u00a0porta a terme el projecte\u00a0 \u201cObrim l\u2019escola\u201d.<\/p>\n<p>El nostre Centre ha rebut demandes d\u2019altres centres d\u2019\u00e0mbit educatiu (escoles de prim\u00e0ria, secund\u00e0ria, cicles formatius i universitats) interessats en con\u00e8ixer la nostra tasca escolar i \u00a0el m\u00f3n de la discapacitat motriu.<\/p>\n<p>La finalitat d\u2019aquest Projecte es donar a \u00a0con\u00e8ixer la nostra escola \u2212 la intervenci\u00f3 educativa interdisciplin\u00e0ria que es porta terme amb l\u2019alumnat, amb necessitats intensives de suport\u2212 a la resta de la comunitat educativa.<\/p>\n<p>Volem, alhora, fer visible i normalitzar la discapacitat \u2013altres capacitats\u2212 \u00a0per tal de contribuir a nivell social a fomentar la idea, que la difer\u00e8ncia ens enriqueix a tots i a totes.<\/p>\n<p>Aix\u00ed tamb\u00e9, es porten a terme actuacions i es dinamitzen les respostes adients a les diverses demandes, quant a \u00a0materials expositius i participatius adre\u00e7ats a les escoles de prim\u00e0ria i de secundaria, i les que es reben per part de centres formatius i universitats \u00a0quant a visites al centre i formaci\u00f3.<\/p>\n<p>&nbsp;<\/p>\n<p>&nbsp;<\/p>\n","protected":false},"excerpt":{"rendered":"<p>El Centre d\u2019Educaci\u00f3 \u00a0porta a terme el projecte\u00a0 \u201cObrim l\u2019escola\u201d.<br \/>\nEl nostre Centre ha rebut demandes d\u2019altres centres d\u2019\u00e0mbit educatiu (escoles de prim\u00e0ria, secund\u00e0ria, cicles formatius i universitats) interessats en con\u00e8ixer la nostra tasca escolar i \u00a0el m\u00f3n de la discapacitat motriu.<br \/>\nLa finalitat d\u2019aquest Projecte es&hellip;  <a href=\"https:\/\/agora.xtec.cat\/esc-educacioespecial-aremi\/projectes\/obrim-lescola\/\" title=\"Read Obrim l&#8217;escola\">Llegeix m\u00e9s\u00bb<\/a><\/p>\n","protected":false},"author":1,"featured_media":0,"parent":583,"menu_order":0,"comment_status":"closed","ping_status":"closed","template":"page-templates\/side-menu.php","meta":{"_bbp_topic_count":0,"_bbp_reply_count":0,"_bbp_total_topic_count":0,"_bbp_total_reply_count":0,"_bbp_voice_count":0,"_bbp_anonymous_reply_count":0,"_bbp_topic_count_hidden":0,"_bbp_reply_count_hidden":0,"_bbp_forum_subforum_count":0,"footnotes":""},"class_list":["post-589","page","type-page","status-publish","hentry"],"post_mailing_queue_ids":[],"_links":{"self":[{"href":"https:\/\/agora.xtec.cat\/esc-educacioespecial-aremi\/wp-json\/wp\/v2\/pages\/589","targetHints":{"allow":["GET"]}}],"collection":[{"href":"https:\/\/agora.xtec.cat\/esc-educacioespecial-aremi\/wp-json\/wp\/v2\/pages"}],"about":[{"href":"https:\/\/agora.xtec.cat\/esc-educacioespecial-aremi\/wp-json\/wp\/v2\/types\/page"}],"author":[{"embeddable":true,"href":"https:\/\/agora.xtec.cat\/esc-educacioespecial-aremi\/wp-json\/wp\/v2\/users\/1"}],"replies":[{"embeddable":true,"href":"https:\/\/agora.xtec.cat\/esc-educacioespecial-aremi\/wp-json\/wp\/v2\/comments?post=589"}],"version-history":[{"count":4,"href":"https:\/\/agora.xtec.cat\/esc-educacioespecial-aremi\/wp-json\/wp\/v2\/pages\/589\/revisions"}],"predecessor-version":[{"id":2321,"href":"https:\/\/agora.xtec.cat\/esc-educacioespecial-aremi\/wp-json\/wp\/v2\/pages\/589\/revisions\/2321"}],"up":[{"embeddable":true,"href":"https:\/\/agora.xtec.cat\/esc-educacioespecial-aremi\/wp-json\/wp\/v2\/pages\/583"}],"wp:attachment":[{"href":"https:\/\/agora.xtec.cat\/esc-educacioespecial-aremi\/wp-json\/wp\/v2\/media?parent=589"}],"curies":[{"name":"wp","href":"https:\/\/api.w.org\/{rel}","templated":true}]}}