{"id":587,"date":"2020-04-28T17:49:43","date_gmt":"2020-04-28T15:49:43","guid":{"rendered":"https:\/\/agora.xtec.cat\/esc-educacioespecial-aremi\/?page_id=587"},"modified":"2024-02-29T11:59:55","modified_gmt":"2024-02-29T10:59:55","slug":"un-pati-ple-dolors-i-colors","status":"publish","type":"page","link":"https:\/\/agora.xtec.cat\/esc-educacioespecial-aremi\/projectes\/un-pati-ple-dolors-i-colors\/","title":{"rendered":"\u201cPati\u00a0 accessible,\u00a0 natural i sensorial\u201d"},"content":{"rendered":"<p>Dins del programa Agenda 21 escolar de Lleida,\u00a0 aquest curs 2023-24 \u00e9s l\u2019\u00faltim del nostre projecte triennal:\u00a0 \u201cPati\u00a0 accessible,\u00a0 natural i sensorial\u201d, tot i que es continuar\u00e0 treballant de forma transversal dins les diferents \u00e0rees curriculars.<\/p>\n<p>Aquest projecte pret\u00e9n un pati accessible per a tothom i que tot l\u2019alumnat pugui participar de forma activa en el nostre jard\u00ed sensorial i hort.<\/p>\n<p>Durant aquest curs volem portar a terme diferents actuacions com s\u00f3n: continuar amb les sortides al mercat a comprar el planter i flors, pintar els palets i la jardinera nova, realitzar el nou panell interactiu amb elements reciclats i realitzar les tasques pr\u00f2pies de l\u2019hort.<\/p>\n<p>La transformaci\u00f3 del pati amb la creaci\u00f3 d\u2019aquests racons est\u00e0 pensada per continuar el treball realitzat tant en el pati com en les aules, envers les \u00e0rees curriculars, concebent el pati com un espai m\u00e9s d\u2019aprenentatge, interacci\u00f3 i comunicaci\u00f3 entre el nostre alumnat.<\/p>\n<p>Durant el tercer trimestre organitzarem unes jornades obertes amb algun altre centre educatiu sobre les plantes arom\u00e0tiques, on portarem a terme la recol\u00b7lecci\u00f3 d\u2019aquestes i l\u2019elaboraci\u00f3 de bosses arom\u00e0tiques i\/o tisanes.<\/p>\n<p>Amb cooperaci\u00f3 amb l\u2019Institut Castell dels Templers portarem a terme l\u2019elaboraci\u00f3 de caixes niu per poder ubicar en el nostre pati.<\/p>\n\n\t\t<style type=\"text\/css\">\n\t\t\t#gallery-1 {\n\t\t\t\tmargin: auto;\n\t\t\t}\n\t\t\t#gallery-1 .gallery-item {\n\t\t\t\tfloat: left;\n\t\t\t\tmargin-top: 10px;\n\t\t\t\ttext-align: center;\n\t\t\t\twidth: 33%;\n\t\t\t}\n\t\t\t#gallery-1 img {\n\t\t\t\tborder: 2px solid #cfcfcf;\n\t\t\t}\n\t\t\t#gallery-1 .gallery-caption {\n\t\t\t\tmargin-left: 0;\n\t\t\t}\n\t\t\t\/* see gallery_shortcode() in wp-includes\/media.php *\/\n\t\t<\/style>\n\t\t<div id='gallery-1' class='gallery galleryid-587 gallery-columns-3 gallery-size-medium'><dl class='gallery-item'>\n\t\t\t<dt class='gallery-icon landscape'>\n\t\t\t\t<a href='https:\/\/agora.xtec.cat\/esc-educacioespecial-aremi\/general\/festa-castanyada\/attachment\/20201102_124405_opt\/'><img loading=\"lazy\" decoding=\"async\" width=\"300\" height=\"225\" src=\"https:\/\/agora.xtec.cat\/esc-educacioespecial-aremi\/wp-content\/uploads\/usu2149\/2020\/11\/20201102_124405_opt-300x225.jpg\" class=\"attachment-medium size-medium\" alt=\"\" srcset=\"https:\/\/agora.xtec.cat\/esc-educacioespecial-aremi\/wp-content\/uploads\/usu2149\/2020\/11\/20201102_124405_opt-300x225.jpg 300w, https:\/\/agora.xtec.cat\/esc-educacioespecial-aremi\/wp-content\/uploads\/usu2149\/2020\/11\/20201102_124405_opt-200x150.jpg 200w, https:\/\/agora.xtec.cat\/esc-educacioespecial-aremi\/wp-content\/uploads\/usu2149\/2020\/11\/20201102_124405_opt.jpg 400w\" sizes=\"auto, (max-width: 300px) 100vw, 300px\" \/><\/a>\n\t\t\t<\/dt><\/dl><dl class='gallery-item'>\n\t\t\t<dt class='gallery-icon landscape'>\n\t\t\t\t<a href='https:\/\/agora.xtec.cat\/esc-educacioespecial-aremi\/lescola\/installacions\/attachment\/imagen1\/'><img loading=\"lazy\" decoding=\"async\" width=\"300\" height=\"225\" src=\"https:\/\/agora.xtec.cat\/esc-educacioespecial-aremi\/wp-content\/uploads\/usu2149\/2021\/03\/Imagen1-300x225.jpg\" class=\"attachment-medium size-medium\" alt=\"\" srcset=\"https:\/\/agora.xtec.cat\/esc-educacioespecial-aremi\/wp-content\/uploads\/usu2149\/2021\/03\/Imagen1-300x225.jpg 300w, https:\/\/agora.xtec.cat\/esc-educacioespecial-aremi\/wp-content\/uploads\/usu2149\/2021\/03\/Imagen1-768x576.jpg 768w, https:\/\/agora.xtec.cat\/esc-educacioespecial-aremi\/wp-content\/uploads\/usu2149\/2021\/03\/Imagen1-1024x768.jpg 1024w, https:\/\/agora.xtec.cat\/esc-educacioespecial-aremi\/wp-content\/uploads\/usu2149\/2021\/03\/Imagen1-200x150.jpg 200w, https:\/\/agora.xtec.cat\/esc-educacioespecial-aremi\/wp-content\/uploads\/usu2149\/2021\/03\/Imagen1.jpg 1500w\" sizes=\"auto, (max-width: 300px) 100vw, 300px\" \/><\/a>\n\t\t\t<\/dt><\/dl><dl class='gallery-item'>\n\t\t\t<dt class='gallery-icon landscape'>\n\t\t\t\t<a href='https:\/\/agora.xtec.cat\/esc-educacioespecial-aremi\/general\/benvingut-2021\/attachment\/20210113_134306_opt\/'><img loading=\"lazy\" decoding=\"async\" width=\"300\" height=\"146\" src=\"https:\/\/agora.xtec.cat\/esc-educacioespecial-aremi\/wp-content\/uploads\/usu2149\/2021\/01\/20210113_134306_opt-e1610624463866-300x146.jpg\" class=\"attachment-medium size-medium\" alt=\"\" srcset=\"https:\/\/agora.xtec.cat\/esc-educacioespecial-aremi\/wp-content\/uploads\/usu2149\/2021\/01\/20210113_134306_opt-e1610624463866-300x146.jpg 300w, https:\/\/agora.xtec.cat\/esc-educacioespecial-aremi\/wp-content\/uploads\/usu2149\/2021\/01\/20210113_134306_opt-e1610624463866.jpg 400w\" sizes=\"auto, (max-width: 300px) 100vw, 300px\" \/><\/a>\n\t\t\t<\/dt><\/dl><br style=\"clear: both\" \/>\n\t\t<\/div>\n\n<p>.<\/p>\n<p>&nbsp;<\/p>\n","protected":false},"excerpt":{"rendered":"<p>Dins del programa Agenda 21 escolar de Lleida,\u00a0 aquest curs 2023-24 \u00e9s l\u2019\u00faltim del nostre projecte triennal:\u00a0 \u201cPati\u00a0 accessible,\u00a0 natural i sensorial\u201d, tot i que es continuar\u00e0 treballant de forma transversal dins les diferents \u00e0rees curriculars.<br \/>\nAquest projecte pret\u00e9n un pati accessible per a tothom i&hellip;  <a href=\"https:\/\/agora.xtec.cat\/esc-educacioespecial-aremi\/projectes\/un-pati-ple-dolors-i-colors\/\" title=\"Read \u201cPati\u00a0 accessible,\u00a0 natural i sensorial\u201d\">Llegeix m\u00e9s\u00bb<\/a><\/p>\n","protected":false},"author":1,"featured_media":0,"parent":583,"menu_order":0,"comment_status":"closed","ping_status":"closed","template":"page-templates\/side-menu.php","meta":{"_bbp_topic_count":0,"_bbp_reply_count":0,"_bbp_total_topic_count":0,"_bbp_total_reply_count":0,"_bbp_voice_count":0,"_bbp_anonymous_reply_count":0,"_bbp_topic_count_hidden":0,"_bbp_reply_count_hidden":0,"_bbp_forum_subforum_count":0,"footnotes":""},"class_list":["post-587","page","type-page","status-publish","hentry"],"post_mailing_queue_ids":[],"_links":{"self":[{"href":"https:\/\/agora.xtec.cat\/esc-educacioespecial-aremi\/wp-json\/wp\/v2\/pages\/587","targetHints":{"allow":["GET"]}}],"collection":[{"href":"https:\/\/agora.xtec.cat\/esc-educacioespecial-aremi\/wp-json\/wp\/v2\/pages"}],"about":[{"href":"https:\/\/agora.xtec.cat\/esc-educacioespecial-aremi\/wp-json\/wp\/v2\/types\/page"}],"author":[{"embeddable":true,"href":"https:\/\/agora.xtec.cat\/esc-educacioespecial-aremi\/wp-json\/wp\/v2\/users\/1"}],"replies":[{"embeddable":true,"href":"https:\/\/agora.xtec.cat\/esc-educacioespecial-aremi\/wp-json\/wp\/v2\/comments?post=587"}],"version-history":[{"count":6,"href":"https:\/\/agora.xtec.cat\/esc-educacioespecial-aremi\/wp-json\/wp\/v2\/pages\/587\/revisions"}],"predecessor-version":[{"id":2496,"href":"https:\/\/agora.xtec.cat\/esc-educacioespecial-aremi\/wp-json\/wp\/v2\/pages\/587\/revisions\/2496"}],"up":[{"embeddable":true,"href":"https:\/\/agora.xtec.cat\/esc-educacioespecial-aremi\/wp-json\/wp\/v2\/pages\/583"}],"wp:attachment":[{"href":"https:\/\/agora.xtec.cat\/esc-educacioespecial-aremi\/wp-json\/wp\/v2\/media?parent=587"}],"curies":[{"name":"wp","href":"https:\/\/api.w.org\/{rel}","templated":true}]}}