{"id":561,"date":"2020-04-28T17:43:46","date_gmt":"2020-04-28T15:43:46","guid":{"rendered":"https:\/\/agora.xtec.cat\/esc-educacioespecial-aremi\/?page_id=561"},"modified":"2024-10-29T13:35:15","modified_gmt":"2024-10-29T12:35:15","slug":"documents-de-gestio-de-centre","status":"publish","type":"page","link":"https:\/\/agora.xtec.cat\/esc-educacioespecial-aremi\/documents-de-gestio-de-centre\/","title":{"rendered":"DOCUMENTS DE GESTI\u00d3 DE CENTRE"},"content":{"rendered":"<p>L&#8217;exercici de l&#8217;autonomia dels centres, en el marc dels principis rectors del sistema i orientada a l&#8217;\u00e8xit i l\u2019excel\u00b7l\u00e8ncia educatives, requereix d&#8217;instruments operatius que permetin l&#8217;organitzaci\u00f3 i la gesti\u00f3 del centre a fi d\u2019assolir els objectius definits en el projecte educatiu i retre comptes davant la comunitat i l&#8217;administraci\u00f3 educatives. La legislaci\u00f3 vigent preveu que tots els centres elaborin els seus documents de gesti\u00f3, com a eines eficaces que els han de permetre un exercici responsable de l&#8217;autonomia reconeguda.<\/p>\n<p>Els centres han de publicar els documents de gesti\u00f3 que es detallen a continuaci\u00f3, de manera accessible, al web del centre i a la resta de sistemes d&#8217;informaci\u00f3 interns:<\/p>\n<ul>\n<li>El projecte educatiu del centre (<a href=\"https:\/\/drive.google.com\/file\/d\/1xD-E4MocAcRHcKDYQJiXUuq2SfYQsPGq\/view?usp=drive_link\" target=\"_blank\" rel=\"noopener\">PEC)<\/a>.<\/li>\n<li>El projecte ling\u00fc\u00edstic (<a href=\"https:\/\/drive.google.com\/file\/d\/1PV4IHIk78wwGnMIe43oHpe2RdLi9VLiQ\/view?usp=sharing\" target=\"_blank\" rel=\"noopener\">PL<\/a>).<\/li>\n<li>Les normes d&#8217;organitzaci\u00f3 i funcionament del centre (<a href=\"https:\/\/drive.google.com\/file\/d\/1-F3vKBye2_z-74roIIr4wq25-2PAYQ1Q\/view?usp=sharing\" target=\"_blank\" rel=\"noopener\">NOFC<\/a>).<\/li>\n<li>El Projecte de Conviv\u00e8ncia (en proc\u00e9s d&#8217;elaboraci\u00f3)<\/li>\n<li>Estrat\u00e8gia Digital de Centre <span style=\"font-family: verdana, geneva, sans-serif;\">(<a href=\"https:\/\/view.genial.ly\/63c7dce78a5c8c0018fbbeb6\/presentation-estrategia-digital-de-centre\" target=\"_blank\" rel=\"noopener\">EDC<\/a>)<\/span><\/li>\n<\/ul>\n<p>La resta dels documents han d&#8217;estar disponibles per a la comunitat educativa, per\u00f2 no s\u00f3n de car\u00e0cter p\u00fablic, perqu\u00e8 poden contenir dades sensibles.<\/p>\n","protected":false},"excerpt":{"rendered":"<p>L&#8217;exercici de l&#8217;autonomia dels centres, en el marc dels principis rectors del sistema i orientada a l&#8217;\u00e8xit i l\u2019excel\u00b7l\u00e8ncia educatives, requereix d&#8217;instruments operatius que permetin l&#8217;organitzaci\u00f3 i la gesti\u00f3 del centre a fi d\u2019assolir els objectius definits en el projecte educatiu i retre comptes davant&hellip;  <a href=\"https:\/\/agora.xtec.cat\/esc-educacioespecial-aremi\/documents-de-gestio-de-centre\/\" title=\"Read DOCUMENTS DE GESTI\u00d3 DE CENTRE\">Llegeix m\u00e9s\u00bb<\/a><\/p>\n","protected":false},"author":1,"featured_media":0,"parent":0,"menu_order":20,"comment_status":"closed","ping_status":"closed","template":"page-templates\/side-menu.php","meta":{"_bbp_topic_count":0,"_bbp_reply_count":0,"_bbp_total_topic_count":0,"_bbp_total_reply_count":0,"_bbp_voice_count":0,"_bbp_anonymous_reply_count":0,"_bbp_topic_count_hidden":0,"_bbp_reply_count_hidden":0,"_bbp_forum_subforum_count":0,"footnotes":""},"class_list":["post-561","page","type-page","status-publish","hentry"],"post_mailing_queue_ids":[],"_links":{"self":[{"href":"https:\/\/agora.xtec.cat\/esc-educacioespecial-aremi\/wp-json\/wp\/v2\/pages\/561","targetHints":{"allow":["GET"]}}],"collection":[{"href":"https:\/\/agora.xtec.cat\/esc-educacioespecial-aremi\/wp-json\/wp\/v2\/pages"}],"about":[{"href":"https:\/\/agora.xtec.cat\/esc-educacioespecial-aremi\/wp-json\/wp\/v2\/types\/page"}],"author":[{"embeddable":true,"href":"https:\/\/agora.xtec.cat\/esc-educacioespecial-aremi\/wp-json\/wp\/v2\/users\/1"}],"replies":[{"embeddable":true,"href":"https:\/\/agora.xtec.cat\/esc-educacioespecial-aremi\/wp-json\/wp\/v2\/comments?post=561"}],"version-history":[{"count":7,"href":"https:\/\/agora.xtec.cat\/esc-educacioespecial-aremi\/wp-json\/wp\/v2\/pages\/561\/revisions"}],"predecessor-version":[{"id":2730,"href":"https:\/\/agora.xtec.cat\/esc-educacioespecial-aremi\/wp-json\/wp\/v2\/pages\/561\/revisions\/2730"}],"wp:attachment":[{"href":"https:\/\/agora.xtec.cat\/esc-educacioespecial-aremi\/wp-json\/wp\/v2\/media?parent=561"}],"curies":[{"name":"wp","href":"https:\/\/api.w.org\/{rel}","templated":true}]}}