{"id":557,"date":"2020-04-28T17:42:51","date_gmt":"2020-04-28T15:42:51","guid":{"rendered":"https:\/\/agora.xtec.cat\/esc-educacioespecial-aremi\/?page_id=557"},"modified":"2026-03-04T08:17:00","modified_gmt":"2026-03-04T07:17:00","slug":"professionals","status":"publish","type":"page","link":"https:\/\/agora.xtec.cat\/esc-educacioespecial-aremi\/lescola\/professionals\/","title":{"rendered":"Professionals"},"content":{"rendered":"<p>El conjunt de professionals del Centre est\u00e0 composat per mestres amb l&#8217;especialitat de pedagogia terap\u00e8utica o mestres en educaci\u00f3 especial, educadors\/es, fisioterapeutes, logopeda, treballadora social, Infermera, metgessa de fam\u00edlia, i metgessa rehabilitadora.<\/p>\n<p>Els professionals del Centre Educatiu AREMI som un equip que treballa de forma interdisciplinar, des d\u2019una perspectiva habilitadora. L\u2019equip proporciona suports diferenciats i ajuts individualitzats que possibiliten a l\u2019alumnat amb NESE, la seva participaci\u00f3 f\u00edsica i social.<\/p>\n<p>El centre disposa d\u2019altres professionals d&#8217;administraci\u00f3 i dels serveis escolars &#8211; monitores de menjador, esbarjo i transport-.<\/p>\n<div class=\"table-responsive tabla0\" style=\"text-align: center;\">\n<p style=\"text-align: left;\"><strong><strong>\u00a0 \u00a0 \u00a0 \u00a0 \u00a0 \u00a0 \u00a0 \u00a0 \u00a0Claustre de Professionals\u00a0 \u00a0 \u00a0 \u00a0 \u00a0 \u00a0 \u00a0 \u00a0 \u00a0 \u00a0 \u00a0 \u00a0 \u00a0 \u00a0 \u00a0 \u00a0 \u00a0 \u00a0 \u00a0 \u00a0 \u00a0 \u00a0 \u00a0 \u00a0<\/strong><\/strong><\/p>\n<table style=\"width: 27.506%; height: 792px;\" width=\"366\">\n<tbody>\n<tr style=\"height: 33px;\">\n<td style=\"width: 43.6997%; height: 33px;\" width=\"132\"><strong>Mestres &#8211; Tutors<\/strong><\/td>\n<td style=\"width: 54.1555%; height: 33px;\" width=\"234\"><strong>Correu Electr\u00f2nic<\/strong><\/td>\n<\/tr>\n<tr style=\"height: 33px;\">\n<td style=\"width: 43.6997%; height: 33px;\" width=\"132\">Miquel Gatell<\/td>\n<td style=\"width: 54.1555%; height: 33px;\" width=\"234\"><a href=\"mailto:mgatell@xtec.cat\">mgatell@xtec.cat<\/a><\/td>\n<\/tr>\n<tr style=\"height: 33px;\">\n<td style=\"width: 43.6997%; height: 33px;\" width=\"132\">Bel\u00e9n Gasc\u00f3n<\/td>\n<td style=\"width: 54.1555%; height: 33px;\" width=\"234\"><a href=\"mailto:agascon@xtec.cat\">agascon@xtec.cat<\/a><\/td>\n<\/tr>\n<tr style=\"height: 33px;\">\n<td style=\"width: 43.6997%; height: 33px;\" width=\"132\">Rosa Graus<\/td>\n<td style=\"width: 54.1555%; height: 33px;\" width=\"234\"><a href=\"mailto:rgraus@xtec.cat\">rgraus@xtec.cat<\/a><\/td>\n<\/tr>\n<tr style=\"height: 33px;\">\n<td style=\"width: 43.6997%; height: 33px;\" width=\"132\">Nuria Novau<\/td>\n<td style=\"width: 54.1555%; height: 33px;\" width=\"234\"><a href=\"mailto:nnovau1@xtec.cat\">nnovau1@xtec.cat<\/a><\/td>\n<\/tr>\n<tr style=\"height: 33px;\">\n<td style=\"width: 43.6997%; height: 33px;\" width=\"132\">Carme Pallis\u00e9<\/td>\n<td style=\"width: 54.1555%; height: 33px;\" width=\"234\"><a href=\"mailto:mpallis2@xtec.cat\">mpallis2@xtec.cat<\/a><\/td>\n<\/tr>\n<tr style=\"height: 33px;\">\n<td style=\"width: 43.6997%; height: 33px;\" width=\"132\">Sandra Pociello<\/td>\n<td style=\"width: 54.1555%; height: 33px;\" width=\"234\"><a href=\"mailto:apociell@xtec.cat\">apociell@xtec.cat<\/a><\/td>\n<\/tr>\n<tr style=\"height: 33px;\">\n<td style=\"width: 43.6997%; height: 33px;\" width=\"132\">Maria Lax<\/td>\n<td style=\"width: 54.1555%; height: 33px;\" width=\"234\"><a href=\"mailto:mlax2@xtec.cat\">mlax2@xtec.cat<\/a><\/td>\n<\/tr>\n<tr style=\"height: 33px;\">\n<td style=\"width: 43.6997%; height: 33px;\" width=\"132\">Anna Chiron<\/td>\n<td style=\"width: 54.1555%; height: 33px;\" width=\"234\"><a href=\"mailto:achiron@xtec.cat\">achiron@xtec.cat\u00a0<\/a><\/td>\n<\/tr>\n<tr style=\"height: 33px;\">\n<td style=\"width: 43.6997%; height: 33px;\" width=\"132\">Laura L\u00f3pez<\/td>\n<td style=\"width: 54.1555%; height: 33px;\" width=\"234\"><a href=\"mailto:llopez137@xtec.cat\">llopez137@xtec.cat<\/a><\/td>\n<\/tr>\n<tr style=\"height: 33px;\">\n<td style=\"width: 43.6997%; height: 33px;\" width=\"132\"><strong>Educadors<\/strong><\/td>\n<td style=\"width: 54.1555%; height: 33px;\" width=\"234\"><\/td>\n<\/tr>\n<tr style=\"height: 33px;\">\n<td style=\"width: 43.6997%; height: 33px;\" width=\"132\">Eduard Tom\u00e0s<\/td>\n<td style=\"width: 54.1555%; height: 33px;\" width=\"234\"><a href=\"mailto:etomas3@xtec.cat\">etomas3@xtec.cat<\/a><\/td>\n<\/tr>\n<tr style=\"height: 33px;\">\n<td style=\"width: 43.6997%; height: 33px;\" width=\"132\">N\u00faria Salvia<\/td>\n<td style=\"width: 54.1555%; height: 33px;\" width=\"234\"><a href=\"mailto:nsalvia3@xtec.cat\">nsalvia3@xtec.cat<\/a><\/td>\n<\/tr>\n<tr style=\"height: 33px;\">\n<td style=\"width: 43.6997%; height: 33px;\" width=\"132\">Noelia Red\u00f3<\/td>\n<td style=\"width: 54.1555%; height: 33px;\" width=\"234\"><a href=\"mailto:nredo@xtec.cat\">nredo@xtec.cat<\/a><\/td>\n<\/tr>\n<tr style=\"height: 33px;\">\n<td style=\"width: 43.6997%; height: 33px;\" width=\"132\"><strong>Fisioterapeutes<\/strong><\/td>\n<td style=\"width: 54.1555%; height: 33px;\" width=\"234\"><\/td>\n<\/tr>\n<tr style=\"height: 33px;\">\n<td style=\"width: 43.6997%; height: 33px;\" width=\"132\">Noem\u00ed Abadias<\/td>\n<td style=\"width: 54.1555%; height: 33px;\" width=\"234\"><a href=\"mailto:nabadias@xtec.cat\">nabadias@xtec.cat<\/a><\/td>\n<\/tr>\n<tr style=\"height: 33px;\">\n<td style=\"width: 43.6997%; height: 33px;\" width=\"132\">Teresa Raluy<\/td>\n<td style=\"width: 54.1555%; height: 33px;\" width=\"234\"><a href=\"mailto:traluy@xtec.cat\">traluy@xtec.cat<\/a><\/td>\n<\/tr>\n<tr style=\"height: 33px;\">\n<td style=\"width: 43.6997%; height: 33px;\" width=\"132\"><strong>Logopeda<\/strong><\/td>\n<td style=\"width: 54.1555%; height: 33px;\" width=\"234\"><\/td>\n<\/tr>\n<tr style=\"height: 33px;\">\n<td style=\"width: 43.6997%; height: 33px;\" width=\"132\">Lola Mat\u00e9<\/td>\n<td style=\"width: 54.1555%; height: 33px;\" width=\"234\"><a href=\"mailto:mmate@xtec.cat\">mmate@xtec.cat<\/a><\/td>\n<\/tr>\n<tr style=\"height: 33px;\">\n<td style=\"width: 43.6997%; height: 33px;\" width=\"132\">Hortensia Nicol\u00e0s<\/td>\n<td style=\"width: 54.1555%; height: 33px;\" width=\"234\"><a href=\"mailto:hnicolas@xtec.cat\">hnicolas@xtec.cat<\/a><\/td>\n<\/tr>\n<tr style=\"height: 33px;\">\n<td style=\"width: 43.6997%; height: 33px;\" width=\"132\"><strong>Infermera<\/strong><\/td>\n<td style=\"width: 54.1555%; height: 33px;\" width=\"234\"><\/td>\n<\/tr>\n<tr style=\"height: 33px;\">\n<td style=\"width: 43.6997%; height: 33px;\" width=\"132\">Esther Arqu\u00e9s<\/td>\n<td style=\"width: 54.1555%; height: 33px;\" width=\"234\"><a href=\"mailto:earques4@xtec.cat\">earques4@xtec.cat<\/a><\/td>\n<\/tr>\n<tr style=\"height: 33px;\">\n<td style=\"width: 43.6997%; height: 33px;\" width=\"132\"><strong>Treballadora Social<\/strong><\/td>\n<td style=\"width: 54.1555%; height: 33px;\" width=\"234\"><\/td>\n<\/tr>\n<tr style=\"height: 33px;\">\n<td style=\"width: 43.6997%; height: 33px;\" width=\"132\">Anna Rosell<\/td>\n<td style=\"width: 54.1555%; height: 33px;\" width=\"234\"><a href=\"mailto:annarosell@associacioaremi.org\">annarosell@associacioaremi.org<\/a><\/td>\n<\/tr>\n<\/tbody>\n<\/table>\n<\/div>\n","protected":false},"excerpt":{"rendered":"<p>El conjunt de professionals del Centre est\u00e0 composat per mestres amb l&#8217;especialitat de pedagogia terap\u00e8utica o mestres en educaci\u00f3 especial, educadors\/es, fisioterapeutes, logopeda, treballadora social, Infermera, metgessa de fam\u00edlia, i metgessa rehabilitadora.<br \/>\nEls professionals del Centre Educatiu AREMI som un equip que treballa de forma interdisciplinar,&hellip;  <a href=\"https:\/\/agora.xtec.cat\/esc-educacioespecial-aremi\/lescola\/professionals\/\" title=\"Read Professionals\">Llegeix m\u00e9s\u00bb<\/a><\/p>\n","protected":false},"author":1,"featured_media":0,"parent":539,"menu_order":0,"comment_status":"closed","ping_status":"closed","template":"page-templates\/side-menu.php","meta":{"_bbp_topic_count":0,"_bbp_reply_count":0,"_bbp_total_topic_count":0,"_bbp_total_reply_count":0,"_bbp_voice_count":0,"_bbp_anonymous_reply_count":0,"_bbp_topic_count_hidden":0,"_bbp_reply_count_hidden":0,"_bbp_forum_subforum_count":0,"footnotes":""},"class_list":["post-557","page","type-page","status-publish","hentry"],"post_mailing_queue_ids":[],"_links":{"self":[{"href":"https:\/\/agora.xtec.cat\/esc-educacioespecial-aremi\/wp-json\/wp\/v2\/pages\/557","targetHints":{"allow":["GET"]}}],"collection":[{"href":"https:\/\/agora.xtec.cat\/esc-educacioespecial-aremi\/wp-json\/wp\/v2\/pages"}],"about":[{"href":"https:\/\/agora.xtec.cat\/esc-educacioespecial-aremi\/wp-json\/wp\/v2\/types\/page"}],"author":[{"embeddable":true,"href":"https:\/\/agora.xtec.cat\/esc-educacioespecial-aremi\/wp-json\/wp\/v2\/users\/1"}],"replies":[{"embeddable":true,"href":"https:\/\/agora.xtec.cat\/esc-educacioespecial-aremi\/wp-json\/wp\/v2\/comments?post=557"}],"version-history":[{"count":6,"href":"https:\/\/agora.xtec.cat\/esc-educacioespecial-aremi\/wp-json\/wp\/v2\/pages\/557\/revisions"}],"predecessor-version":[{"id":3180,"href":"https:\/\/agora.xtec.cat\/esc-educacioespecial-aremi\/wp-json\/wp\/v2\/pages\/557\/revisions\/3180"}],"up":[{"embeddable":true,"href":"https:\/\/agora.xtec.cat\/esc-educacioespecial-aremi\/wp-json\/wp\/v2\/pages\/539"}],"wp:attachment":[{"href":"https:\/\/agora.xtec.cat\/esc-educacioespecial-aremi\/wp-json\/wp\/v2\/media?parent=557"}],"curies":[{"name":"wp","href":"https:\/\/api.w.org\/{rel}","templated":true}]}}