{"id":555,"date":"2020-04-28T17:42:30","date_gmt":"2020-04-28T15:42:30","guid":{"rendered":"https:\/\/agora.xtec.cat\/esc-educacioespecial-aremi\/?page_id=555"},"modified":"2020-04-30T20:00:00","modified_gmt":"2020-04-30T18:00:00","slug":"oferta-educativa","status":"publish","type":"page","link":"https:\/\/agora.xtec.cat\/esc-educacioespecial-aremi\/lescola\/oferta-educativa\/","title":{"rendered":"Oferta educativa"},"content":{"rendered":"<p><strong>L\u00ednies priorit\u00e0ries d\u2019actuaci\u00f3 de Centre<\/strong><\/p>\n<ul>\n<li>Intervenci\u00f3 educativa basada en la diversitat<\/li>\n<li>Seguiment i avaluaci\u00f3 de l\u2019alumnat<\/li>\n<li>Compet\u00e8ncia comunicativa amb Comunicaci\u00f3 Augmentativa (CA)<\/li>\n<li>Noves tecnologies. \u00das de les TAC. Cultura digital de Centre<\/li>\n<li>Estimulaci\u00f3 sensorial<\/li>\n<li>Control postural i adquisici\u00f3 de la mobilitat funcional<\/li>\n<li>Adquisici\u00f3 i\/o consolidaci\u00f3 d\u2019h\u00e0bits relacionats amb les activitats de la vida di\u00e0ria<\/li>\n<li>Salut i benestar de l\u2019alumnat<\/li>\n<li>Participaci\u00f3 activa de l\u2019alumnat a l\u2019entorn i comunitat educativa<\/li>\n<li>Participaci\u00f3 i implicaci\u00f3 de la fam\u00edlia en el Projecte de Centre<\/li>\n<li>Formaci\u00f3 de Centre<\/li>\n<\/ul>\n","protected":false},"excerpt":{"rendered":"<p>L\u00ednies priorit\u00e0ries d\u2019actuaci\u00f3 de Centre<\/p>\n<ul>\n<li>Intervenci\u00f3 educativa basada en la diversitat<\/li>\n<li>Seguiment i avaluaci\u00f3 de l\u2019alumnat<\/li>\n<li>Compet\u00e8ncia comunicativa amb Comunicaci\u00f3 Augmentativa (CA)<\/li>\n<li>Noves tecnologies. \u00das de les TAC. Cultura digital de Centre<\/li>\n<li>Estimulaci\u00f3 sensorial<\/li>\n<li>Control postural i adquisici\u00f3 de la mobilitat funcional<\/li>\n<li>Adquisici\u00f3 i\/o consolidaci\u00f3 d\u2019h\u00e0bits relacionats amb les activitats de la&hellip;  <a href=\"https:\/\/agora.xtec.cat\/esc-educacioespecial-aremi\/lescola\/oferta-educativa\/\" title=\"Read Oferta educativa\">Llegeix m\u00e9s\u00bb<\/a><br \/>\n","protected":false},"author":1,"featured_media":0,"parent":539,"menu_order":0,"comment_status":"closed","ping_status":"closed","template":"page-templates\/side-menu.php","meta":{"_bbp_topic_count":0,"_bbp_reply_count":0,"_bbp_total_topic_count":0,"_bbp_total_reply_count":0,"_bbp_voice_count":0,"_bbp_anonymous_reply_count":0,"_bbp_topic_count_hidden":0,"_bbp_reply_count_hidden":0,"_bbp_forum_subforum_count":0,"footnotes":""},"class_list":["post-555","page","type-page","status-publish","hentry"],"post_mailing_queue_ids":[],"_links":{"self":[{"href":"https:\/\/agora.xtec.cat\/esc-educacioespecial-aremi\/wp-json\/wp\/v2\/pages\/555","targetHints":{"allow":["GET"]}}],"collection":[{"href":"https:\/\/agora.xtec.cat\/esc-educacioespecial-aremi\/wp-json\/wp\/v2\/pages"}],"about":[{"href":"https:\/\/agora.xtec.cat\/esc-educacioespecial-aremi\/wp-json\/wp\/v2\/types\/page"}],"author":[{"embeddable":true,"href":"https:\/\/agora.xtec.cat\/esc-educacioespecial-aremi\/wp-json\/wp\/v2\/users\/1"}],"replies":[{"embeddable":true,"href":"https:\/\/agora.xtec.cat\/esc-educacioespecial-aremi\/wp-json\/wp\/v2\/comments?post=555"}],"version-history":[{"count":3,"href":"https:\/\/agora.xtec.cat\/esc-educacioespecial-aremi\/wp-json\/wp\/v2\/pages\/555\/revisions"}],"predecessor-version":[{"id":678,"href":"https:\/\/agora.xtec.cat\/esc-educacioespecial-aremi\/wp-json\/wp\/v2\/pages\/555\/revisions\/678"}],"up":[{"embeddable":true,"href":"https:\/\/agora.xtec.cat\/esc-educacioespecial-aremi\/wp-json\/wp\/v2\/pages\/539"}],"wp:attachment":[{"href":"https:\/\/agora.xtec.cat\/esc-educacioespecial-aremi\/wp-json\/wp\/v2\/media?parent=555"}],"curies":[{"name":"wp","href":"https:\/\/api.w.org\/{rel}","templated":true}]}}