{"id":553,"date":"2020-04-28T17:42:12","date_gmt":"2020-04-28T15:42:12","guid":{"rendered":"https:\/\/agora.xtec.cat\/esc-educacioespecial-aremi\/?page_id=553"},"modified":"2021-03-15T16:19:34","modified_gmt":"2021-03-15T15:19:34","slug":"installacions","status":"publish","type":"page","link":"https:\/\/agora.xtec.cat\/esc-educacioespecial-aremi\/lescola\/installacions\/","title":{"rendered":"Instal\u00b7lacions"},"content":{"rendered":"<p>El Centre d&#8217;Educaci\u00f3 AREMI \u00e9s un edifici sense barreres arquitect\u00f2niques de 1.325 m2 \u00fatils distribu\u00efts en una planta baixa.<br \/>\nDisposa d\u2019una entrada principal i una altra que permet accedir directament al pati. Per l\u2019entrada principal s\u2019accedeix a un distribu\u00efdor, el qual a banda dreta condueix als serveis d&#8217;administraci\u00f3 i a banda esquerra a la sala polivalent. Aquesta sala permet l&#8217;acc\u00e9s a serveis directes destinats a 5 unitats concertades, sala d&#8217;estimulaci\u00f3, aules de fisioter\u00e0pia, logop\u00e8dia, despatxos, sala de professors, taller d\u2019ortesis i sanitaris. La sala polivalent permet tamb\u00e9 l&#8217;acc\u00e9s als vestidors dels professionals del centre, WC, cuina i menjador.<br \/>\nTotes les aules tenen una sortida al porxo que comunica directament al pati-zona d&#8217;esbarjo.<\/p>\n<p><img loading=\"lazy\" decoding=\"async\" class=\"alignnone size-medium wp-image-1234\" src=\"https:\/\/agora.xtec.cat\/esc-educacioespecial-aremi\/wp-content\/uploads\/usu2149\/2021\/03\/Imagen1-300x225.jpg\" alt=\"\" width=\"300\" height=\"225\" srcset=\"https:\/\/agora.xtec.cat\/esc-educacioespecial-aremi\/wp-content\/uploads\/usu2149\/2021\/03\/Imagen1-300x225.jpg 300w, https:\/\/agora.xtec.cat\/esc-educacioespecial-aremi\/wp-content\/uploads\/usu2149\/2021\/03\/Imagen1-768x576.jpg 768w, https:\/\/agora.xtec.cat\/esc-educacioespecial-aremi\/wp-content\/uploads\/usu2149\/2021\/03\/Imagen1-1024x768.jpg 1024w, https:\/\/agora.xtec.cat\/esc-educacioespecial-aremi\/wp-content\/uploads\/usu2149\/2021\/03\/Imagen1-200x150.jpg 200w, https:\/\/agora.xtec.cat\/esc-educacioespecial-aremi\/wp-content\/uploads\/usu2149\/2021\/03\/Imagen1.jpg 1500w\" sizes=\"auto, (max-width: 300px) 100vw, 300px\" \/><\/p>\n","protected":false},"excerpt":{"rendered":"<p>El Centre d&#8217;Educaci\u00f3 AREMI \u00e9s un edifici sense barreres arquitect\u00f2niques de 1.325 m2 \u00fatils distribu\u00efts en una planta baixa.<br \/>\nDisposa d\u2019una entrada principal i una altra que permet accedir directament al pati. Per l\u2019entrada principal s\u2019accedeix a un distribu\u00efdor, el qual a banda dreta condueix als&hellip;  <a href=\"https:\/\/agora.xtec.cat\/esc-educacioespecial-aremi\/lescola\/installacions\/\" title=\"Read Instal\u00b7lacions\">Llegeix m\u00e9s\u00bb<\/a><\/p>\n","protected":false},"author":1,"featured_media":0,"parent":539,"menu_order":0,"comment_status":"closed","ping_status":"closed","template":"page-templates\/side-menu.php","meta":{"_bbp_topic_count":0,"_bbp_reply_count":0,"_bbp_total_topic_count":0,"_bbp_total_reply_count":0,"_bbp_voice_count":0,"_bbp_anonymous_reply_count":0,"_bbp_topic_count_hidden":0,"_bbp_reply_count_hidden":0,"_bbp_forum_subforum_count":0,"footnotes":""},"class_list":["post-553","page","type-page","status-publish","hentry"],"post_mailing_queue_ids":[],"_links":{"self":[{"href":"https:\/\/agora.xtec.cat\/esc-educacioespecial-aremi\/wp-json\/wp\/v2\/pages\/553","targetHints":{"allow":["GET"]}}],"collection":[{"href":"https:\/\/agora.xtec.cat\/esc-educacioespecial-aremi\/wp-json\/wp\/v2\/pages"}],"about":[{"href":"https:\/\/agora.xtec.cat\/esc-educacioespecial-aremi\/wp-json\/wp\/v2\/types\/page"}],"author":[{"embeddable":true,"href":"https:\/\/agora.xtec.cat\/esc-educacioespecial-aremi\/wp-json\/wp\/v2\/users\/1"}],"replies":[{"embeddable":true,"href":"https:\/\/agora.xtec.cat\/esc-educacioespecial-aremi\/wp-json\/wp\/v2\/comments?post=553"}],"version-history":[{"count":3,"href":"https:\/\/agora.xtec.cat\/esc-educacioespecial-aremi\/wp-json\/wp\/v2\/pages\/553\/revisions"}],"predecessor-version":[{"id":1236,"href":"https:\/\/agora.xtec.cat\/esc-educacioespecial-aremi\/wp-json\/wp\/v2\/pages\/553\/revisions\/1236"}],"up":[{"embeddable":true,"href":"https:\/\/agora.xtec.cat\/esc-educacioespecial-aremi\/wp-json\/wp\/v2\/pages\/539"}],"wp:attachment":[{"href":"https:\/\/agora.xtec.cat\/esc-educacioespecial-aremi\/wp-json\/wp\/v2\/media?parent=553"}],"curies":[{"name":"wp","href":"https:\/\/api.w.org\/{rel}","templated":true}]}}