{"id":551,"date":"2020-04-28T17:41:55","date_gmt":"2020-04-28T15:41:55","guid":{"rendered":"https:\/\/agora.xtec.cat\/esc-educacioespecial-aremi\/?page_id=551"},"modified":"2021-03-17T10:00:30","modified_gmt":"2021-03-17T09:00:30","slug":"historia","status":"publish","type":"page","link":"https:\/\/agora.xtec.cat\/esc-educacioespecial-aremi\/lescola\/historia\/","title":{"rendered":"Hist\u00f2ria"},"content":{"rendered":"<p>Una associaci\u00f3 de pares, amb fills afectats de par\u00e0lisi cerebral o altres discapacitats motores, va veure la necessitat de crear un Centre adequat a les necessitats que presentaven aquests nens.<br \/>\nVa posar en funcionament el centre AREMI, l&#8217;octubre de 1977 per oferir educaci\u00f3 especial i rehabilitaci\u00f3 a set alumnes, a l&#8217;edifici del coto- escolar Francisco Franco de Lleida, al marge esquerre del riu Segre.<br \/>\nEl dos d&#8217;octubre de 1981, el Consell de Ministres declara l&#8217;Associaci\u00f3 AREMI, d&#8217;Utilitat P\u00fablica.<br \/>\nLa riuada de novembre de 1982 va inundar el Centre deixant els locals completament inservibles. Durant la resta del curs es continu\u00e0 la tasca educativa al menjador de l&#8217;Escola p\u00fablica Santa Maria de Gardeny, gr\u00e0cies a la cessi\u00f3 que els Serveis Territorials d&#8217;Ensenyament de Lleida varen fer d&#8217;aquest espai.<br \/>\nL&#8217;Ajuntament de Lleida cedeix un terreny situat al pol\u00edgon de Santa Maria de Gardeny per la construcci\u00f3 d&#8217;un nou Centre. L&#8217;Associaci\u00f3 AREMI, conscient que la construcci\u00f3 del nou centre no es pot portar a terme a curt termini, sol\u00b7licita al Governador Civil i al Delegat del Ministeri de Treball la cessi\u00f3 d&#8217;un xalet, propietat d&#8217;aquest darrer organisme, situat a l&#8217;avinguda Navarra, 15 de Lleida. El mes de novembre de 1983 alumnes i professionals es traslladaren a la nova instal\u00b7laci\u00f3.<br \/>\nAl 1990 s&#8217;inaugura el nou Centre on estem actualment, situat al Carrer Mestre Tonet s\/n<\/p>\n","protected":false},"excerpt":{"rendered":"<p>Una associaci\u00f3 de pares, amb fills afectats de par\u00e0lisi cerebral o altres discapacitats motores, va veure la necessitat de crear un Centre adequat a les necessitats que presentaven aquests nens.<br \/>\nVa posar en funcionament el centre AREMI, l&#8217;octubre de 1977 per oferir educaci\u00f3 especial i rehabilitaci\u00f3&hellip;  <a href=\"https:\/\/agora.xtec.cat\/esc-educacioespecial-aremi\/lescola\/historia\/\" title=\"Read Hist\u00f2ria\">Llegeix m\u00e9s\u00bb<\/a><\/p>\n","protected":false},"author":1,"featured_media":0,"parent":539,"menu_order":0,"comment_status":"closed","ping_status":"closed","template":"page-templates\/side-menu.php","meta":{"_bbp_topic_count":0,"_bbp_reply_count":0,"_bbp_total_topic_count":0,"_bbp_total_reply_count":0,"_bbp_voice_count":0,"_bbp_anonymous_reply_count":0,"_bbp_topic_count_hidden":0,"_bbp_reply_count_hidden":0,"_bbp_forum_subforum_count":0,"footnotes":""},"class_list":["post-551","page","type-page","status-publish","hentry"],"post_mailing_queue_ids":[],"_links":{"self":[{"href":"https:\/\/agora.xtec.cat\/esc-educacioespecial-aremi\/wp-json\/wp\/v2\/pages\/551","targetHints":{"allow":["GET"]}}],"collection":[{"href":"https:\/\/agora.xtec.cat\/esc-educacioespecial-aremi\/wp-json\/wp\/v2\/pages"}],"about":[{"href":"https:\/\/agora.xtec.cat\/esc-educacioespecial-aremi\/wp-json\/wp\/v2\/types\/page"}],"author":[{"embeddable":true,"href":"https:\/\/agora.xtec.cat\/esc-educacioespecial-aremi\/wp-json\/wp\/v2\/users\/1"}],"replies":[{"embeddable":true,"href":"https:\/\/agora.xtec.cat\/esc-educacioespecial-aremi\/wp-json\/wp\/v2\/comments?post=551"}],"version-history":[{"count":3,"href":"https:\/\/agora.xtec.cat\/esc-educacioespecial-aremi\/wp-json\/wp\/v2\/pages\/551\/revisions"}],"predecessor-version":[{"id":1246,"href":"https:\/\/agora.xtec.cat\/esc-educacioespecial-aremi\/wp-json\/wp\/v2\/pages\/551\/revisions\/1246"}],"up":[{"embeddable":true,"href":"https:\/\/agora.xtec.cat\/esc-educacioespecial-aremi\/wp-json\/wp\/v2\/pages\/539"}],"wp:attachment":[{"href":"https:\/\/agora.xtec.cat\/esc-educacioespecial-aremi\/wp-json\/wp\/v2\/media?parent=551"}],"curies":[{"name":"wp","href":"https:\/\/api.w.org\/{rel}","templated":true}]}}