{"id":539,"date":"2020-04-28T17:25:13","date_gmt":"2020-04-28T15:25:13","guid":{"rendered":"https:\/\/agora.xtec.cat\/esc-educacioespecial-aremi\/?page_id=539"},"modified":"2023-10-10T13:18:00","modified_gmt":"2023-10-10T11:18:00","slug":"lescola","status":"publish","type":"page","link":"https:\/\/agora.xtec.cat\/esc-educacioespecial-aremi\/lescola\/","title":{"rendered":"L&#8217;ESCOLA"},"content":{"rendered":"<p style=\"text-align: left;\">El centre d&#8217;Educaci\u00f3 AREMI som un centre concertat amb la Generalitat de Catalunya, i oferim\u00a0 una educaci\u00f3 global i funcional a alumnes amb necessitats espec\u00edfiques de suport educatiu,\u00a0 derivades de trastorns en la motricitat, la comunicaci\u00f3 i l\u2019autonomia, entre els 3 i els 21 anys. Al CE proporcionem ajuts i suports diferenciats que permeten a l\u2019alumnat l\u2019aprenentatge significatiu i experimentar una bona qualitat de vida.<\/p>\n<p style=\"text-align: left;\">El Centre, com a prove\u00efdor de suports individualitzats en la seva especificitat, at\u00e9n alumnat a temps total i amb escolaritzaci\u00f3 compartida.<\/p>\n<p>Directora: Maria Lax (<a href=\"mailto:c5005341@xtec.cat\">c5005341@xtec.cat<\/a>)<\/p>\n<p>&nbsp;<\/p>\n","protected":false},"excerpt":{"rendered":"<p>El centre d&#8217;Educaci\u00f3 AREMI som un centre concertat amb la Generalitat de Catalunya, i oferim\u00a0 una educaci\u00f3 global i funcional a alumnes amb necessitats espec\u00edfiques de suport educatiu,\u00a0 derivades de trastorns en la motricitat, la comunicaci\u00f3 i l\u2019autonomia, entre els 3 i els 21 anys.&hellip;  <a href=\"https:\/\/agora.xtec.cat\/esc-educacioespecial-aremi\/lescola\/\" title=\"Read L&#8217;ESCOLA\">Llegeix m\u00e9s\u00bb<\/a><\/p>\n","protected":false},"author":1,"featured_media":0,"parent":0,"menu_order":10,"comment_status":"closed","ping_status":"closed","template":"page-templates\/side-menu.php","meta":{"_bbp_topic_count":0,"_bbp_reply_count":0,"_bbp_total_topic_count":0,"_bbp_total_reply_count":0,"_bbp_voice_count":0,"_bbp_anonymous_reply_count":0,"_bbp_topic_count_hidden":0,"_bbp_reply_count_hidden":0,"_bbp_forum_subforum_count":0,"footnotes":""},"class_list":["post-539","page","type-page","status-publish","hentry"],"post_mailing_queue_ids":[],"_links":{"self":[{"href":"https:\/\/agora.xtec.cat\/esc-educacioespecial-aremi\/wp-json\/wp\/v2\/pages\/539","targetHints":{"allow":["GET"]}}],"collection":[{"href":"https:\/\/agora.xtec.cat\/esc-educacioespecial-aremi\/wp-json\/wp\/v2\/pages"}],"about":[{"href":"https:\/\/agora.xtec.cat\/esc-educacioespecial-aremi\/wp-json\/wp\/v2\/types\/page"}],"author":[{"embeddable":true,"href":"https:\/\/agora.xtec.cat\/esc-educacioespecial-aremi\/wp-json\/wp\/v2\/users\/1"}],"replies":[{"embeddable":true,"href":"https:\/\/agora.xtec.cat\/esc-educacioespecial-aremi\/wp-json\/wp\/v2\/comments?post=539"}],"version-history":[{"count":4,"href":"https:\/\/agora.xtec.cat\/esc-educacioespecial-aremi\/wp-json\/wp\/v2\/pages\/539\/revisions"}],"predecessor-version":[{"id":2320,"href":"https:\/\/agora.xtec.cat\/esc-educacioespecial-aremi\/wp-json\/wp\/v2\/pages\/539\/revisions\/2320"}],"wp:attachment":[{"href":"https:\/\/agora.xtec.cat\/esc-educacioespecial-aremi\/wp-json\/wp\/v2\/media?parent=539"}],"curies":[{"name":"wp","href":"https:\/\/api.w.org\/{rel}","templated":true}]}}