{"id":2644,"date":"2024-05-28T14:12:24","date_gmt":"2024-05-28T12:12:24","guid":{"rendered":"https:\/\/agora.xtec.cat\/esc-educacioespecial-aremi\/?page_id=2644"},"modified":"2024-05-28T14:16:39","modified_gmt":"2024-05-28T12:16:39","slug":"ceepsir","status":"publish","type":"page","link":"https:\/\/agora.xtec.cat\/esc-educacioespecial-aremi\/ceepsir\/","title":{"rendered":"CEEPSIR"},"content":{"rendered":"<p><span style=\"font-weight: 400;\">Aquest curs 2023-24, el Centre d\u2019Educaci\u00f3 AREMI, va esdevenir <\/span><b>Centre d\u2019Educaci\u00f3 Especial Prove\u00efdor de Serveis i Recursos de Suport<\/b><span style=\"font-weight: 400;\"> (CEEPSIR), adscrit al Departament d\u2019Ensenyament.<\/span><\/p>\n<p><span style=\"font-weight: 400;\">Desenvolupem programes i serveis de suport a l<\/span><b>\u2019escolaritzaci\u00f3 inclusiva, <\/b><span style=\"font-weight: 400;\">en coordinaci\u00f3 amb els professionals de les escoles, dels centres d\u2019educaci\u00f3 sec\u00f9ndaria i dels serveis educatius del territori.<\/span><\/p>\n<p><span style=\"font-weight: 400;\">Els \u00e0mbits d\u2019actuaci\u00f3 del nostre CEEPSIR, s\u00f3n:\u00a0<\/span><\/p>\n<p><span style=\"font-weight: 400;\"><img loading=\"lazy\" decoding=\"async\" class=\"size-full wp-image-2573 alignleft\" src=\"https:\/\/agora.xtec.cat\/esc-educacioespecial-aremi\/wp-content\/uploads\/usu2149\/2024\/04\/Sin-titulo.png\" alt=\"\" width=\"604\" height=\"317\" srcset=\"https:\/\/agora.xtec.cat\/esc-educacioespecial-aremi\/wp-content\/uploads\/usu2149\/2024\/04\/Sin-titulo.png 604w, https:\/\/agora.xtec.cat\/esc-educacioespecial-aremi\/wp-content\/uploads\/usu2149\/2024\/04\/Sin-titulo-300x157.png 300w\" sizes=\"auto, (max-width: 604px) 100vw, 604px\" \/><\/span><\/p>\n<p>&nbsp;<\/p>\n<p>&nbsp;<\/p>\n<p>&nbsp;<\/p>\n<p>&nbsp;<\/p>\n<p>&nbsp;<\/p>\n<p>&nbsp;<\/p>\n<p>&nbsp;<\/p>\n<p>&nbsp;<\/p>\n<p><span style=\"font-weight: 400;\">El CEEPSIR amplia la mirada m\u00e9s enll\u00e0 de l\u2019acompanyament de l\u2019alumnat a l\u2019aula, per a esdevenir un agent de canvi en les cultures d\u2019igualtat, equitat i inclusi\u00f3 al centre ordinari. El treball coordinat amb els diferents agents educatius pren rellev\u00e0ncia per a avan\u00e7ar en coher\u00e8ncia, en criteris d\u2019intervenci\u00f3 i pr\u00e0ctiques educatives inclusives amb la finalitat d\u2019atendre tot l\u2019alumnat en la seva pr\u00f2pia singularitat.<\/span><\/p>\n<p><span style=\"font-weight: 400;\">Tots els i les professionals especialistes del CE AREMI que participen en el CEEPSIR, compten amb coneixements espec\u00edfics, t\u00e8cnics i amb l\u2019experi\u00e8ncia pr\u00f2pia de cadascun dels \u00e0mbits que els hi son propis. \u00c9s un mestre, a jornada sencera, qui coordina el projecte, juntament amb la Direcci\u00f3 i els referents de l&#8217;EAP.<\/span><\/p>\n","protected":false},"excerpt":{"rendered":"<p>Aquest curs 2023-24, el Centre d\u2019Educaci\u00f3 AREMI, va esdevenir Centre d\u2019Educaci\u00f3 Especial Prove\u00efdor de Serveis i Recursos de Suport (CEEPSIR), adscrit al Departament d\u2019Ensenyament.<br \/>\nDesenvolupem programes i serveis de suport a l\u2019escolaritzaci\u00f3 inclusiva, en coordinaci\u00f3 amb els professionals de les escoles, dels centres d\u2019educaci\u00f3 sec\u00f9ndaria i&hellip;  <a href=\"https:\/\/agora.xtec.cat\/esc-educacioespecial-aremi\/ceepsir\/\" title=\"Read CEEPSIR\">Llegeix m\u00e9s\u00bb<\/a><\/p>\n","protected":false},"author":1,"featured_media":0,"parent":0,"menu_order":0,"comment_status":"closed","ping_status":"closed","template":"","meta":{"_bbp_topic_count":0,"_bbp_reply_count":0,"_bbp_total_topic_count":0,"_bbp_total_reply_count":0,"_bbp_voice_count":0,"_bbp_anonymous_reply_count":0,"_bbp_topic_count_hidden":0,"_bbp_reply_count_hidden":0,"_bbp_forum_subforum_count":0,"footnotes":""},"class_list":["post-2644","page","type-page","status-publish","hentry"],"post_mailing_queue_ids":[],"_links":{"self":[{"href":"https:\/\/agora.xtec.cat\/esc-educacioespecial-aremi\/wp-json\/wp\/v2\/pages\/2644","targetHints":{"allow":["GET"]}}],"collection":[{"href":"https:\/\/agora.xtec.cat\/esc-educacioespecial-aremi\/wp-json\/wp\/v2\/pages"}],"about":[{"href":"https:\/\/agora.xtec.cat\/esc-educacioespecial-aremi\/wp-json\/wp\/v2\/types\/page"}],"author":[{"embeddable":true,"href":"https:\/\/agora.xtec.cat\/esc-educacioespecial-aremi\/wp-json\/wp\/v2\/users\/1"}],"replies":[{"embeddable":true,"href":"https:\/\/agora.xtec.cat\/esc-educacioespecial-aremi\/wp-json\/wp\/v2\/comments?post=2644"}],"version-history":[{"count":2,"href":"https:\/\/agora.xtec.cat\/esc-educacioespecial-aremi\/wp-json\/wp\/v2\/pages\/2644\/revisions"}],"predecessor-version":[{"id":2648,"href":"https:\/\/agora.xtec.cat\/esc-educacioespecial-aremi\/wp-json\/wp\/v2\/pages\/2644\/revisions\/2648"}],"wp:attachment":[{"href":"https:\/\/agora.xtec.cat\/esc-educacioespecial-aremi\/wp-json\/wp\/v2\/media?parent=2644"}],"curies":[{"name":"wp","href":"https:\/\/api.w.org\/{rel}","templated":true}]}}