{"id":2088,"date":"2023-03-09T23:30:25","date_gmt":"2023-03-09T22:30:25","guid":{"rendered":"https:\/\/agora.xtec.cat\/esc-educacioespecial-aremi\/?page_id=2088"},"modified":"2024-10-29T13:37:19","modified_gmt":"2024-10-29T12:37:19","slug":"normes-dorganitzacio-i-funcionament-del-centre","status":"publish","type":"page","link":"https:\/\/agora.xtec.cat\/esc-educacioespecial-aremi\/normes-dorganitzacio-i-funcionament-del-centre\/","title":{"rendered":"Normes d&#8217;Organitzaci\u00f3 i Funcionament del Centre"},"content":{"rendered":"<p style=\"text-align: left;\">Correspon al centre educatiu determinar l&#8217;estructura organitzativa pr\u00f2pia d&#8217;acord amb els objectius i criteris del projecte educatiu del centre. L&#8217;organitzaci\u00f3 no \u00e9s una finalitat en si mateixa, sin\u00f3 un instrument per desenvolupar i fer possible el projecte educatiu i, en \u00faltim terme, assolir l&#8217;\u00e8xit educatiu.<br \/>\nEls centres educatius han d&#8217;elaborar les normes d&#8217;organitzaci\u00f3 i funcionament (NOFC) d&#8217;acord amb el que estableixen el Decret 102\/2010, d&#8217;autonomia dels centres educatius, i el Decret 150\/2017, de 17 d&#8217;octubre, de l&#8217;atenci\u00f3 educativa a l&#8217;alumnat en el marc d&#8217;un sistema educatiu inclusiu.<\/p>\n<p style=\"text-align: left;\"><a href=\"https:\/\/drive.google.com\/file\/d\/1-F3vKBye2_z-74roIIr4wq25-2PAYQ1Q\/view?usp=sharing\" target=\"_blank\" rel=\"noopener\">NOFC CEE AREMI<\/a><\/p>\n","protected":false},"excerpt":{"rendered":"<p>Correspon al centre educatiu determinar l&#8217;estructura organitzativa pr\u00f2pia d&#8217;acord amb els objectius i criteris del projecte educatiu del centre. L&#8217;organitzaci\u00f3 no \u00e9s una finalitat en si mateixa, sin\u00f3 un instrument per desenvolupar i fer possible el projecte educatiu i, en \u00faltim terme, assolir l&#8217;\u00e8xit educatiu.<br \/>\nEls&hellip;  <a href=\"https:\/\/agora.xtec.cat\/esc-educacioespecial-aremi\/normes-dorganitzacio-i-funcionament-del-centre\/\" title=\"Read Normes d&#8217;Organitzaci\u00f3 i Funcionament del Centre\">Llegeix m\u00e9s\u00bb<\/a><\/p>\n","protected":false},"author":1,"featured_media":0,"parent":0,"menu_order":0,"comment_status":"closed","ping_status":"closed","template":"","meta":{"_bbp_topic_count":0,"_bbp_reply_count":0,"_bbp_total_topic_count":0,"_bbp_total_reply_count":0,"_bbp_voice_count":0,"_bbp_anonymous_reply_count":0,"_bbp_topic_count_hidden":0,"_bbp_reply_count_hidden":0,"_bbp_forum_subforum_count":0,"footnotes":""},"class_list":["post-2088","page","type-page","status-publish","hentry"],"post_mailing_queue_ids":[],"_links":{"self":[{"href":"https:\/\/agora.xtec.cat\/esc-educacioespecial-aremi\/wp-json\/wp\/v2\/pages\/2088","targetHints":{"allow":["GET"]}}],"collection":[{"href":"https:\/\/agora.xtec.cat\/esc-educacioespecial-aremi\/wp-json\/wp\/v2\/pages"}],"about":[{"href":"https:\/\/agora.xtec.cat\/esc-educacioespecial-aremi\/wp-json\/wp\/v2\/types\/page"}],"author":[{"embeddable":true,"href":"https:\/\/agora.xtec.cat\/esc-educacioespecial-aremi\/wp-json\/wp\/v2\/users\/1"}],"replies":[{"embeddable":true,"href":"https:\/\/agora.xtec.cat\/esc-educacioespecial-aremi\/wp-json\/wp\/v2\/comments?post=2088"}],"version-history":[{"count":6,"href":"https:\/\/agora.xtec.cat\/esc-educacioespecial-aremi\/wp-json\/wp\/v2\/pages\/2088\/revisions"}],"predecessor-version":[{"id":2732,"href":"https:\/\/agora.xtec.cat\/esc-educacioespecial-aremi\/wp-json\/wp\/v2\/pages\/2088\/revisions\/2732"}],"wp:attachment":[{"href":"https:\/\/agora.xtec.cat\/esc-educacioespecial-aremi\/wp-json\/wp\/v2\/media?parent=2088"}],"curies":[{"name":"wp","href":"https:\/\/api.w.org\/{rel}","templated":true}]}}