{"id":2084,"date":"2023-03-09T23:29:30","date_gmt":"2023-03-09T22:29:30","guid":{"rendered":"https:\/\/agora.xtec.cat\/esc-educacioespecial-aremi\/?page_id=2084"},"modified":"2024-10-29T13:36:39","modified_gmt":"2024-10-29T12:36:39","slug":"projecte-linguistic","status":"publish","type":"page","link":"https:\/\/agora.xtec.cat\/esc-educacioespecial-aremi\/projecte-linguistic\/","title":{"rendered":"Projecte Ling\u00fc\u00edstic"},"content":{"rendered":"<p>El projecte ling\u00fc\u00edstic \u2013d\u2019acord amb l\u2019article 14 de la Llei d\u2019educaci\u00f3-, forma part del Projecte Educatiu del Centre, i \u00e9s el recull organitzat dels acords presos sobre propostes educatives per a l\u2019ensenyament i l\u2019aprenentatge de les lleng\u00fces i sobre els usos ling\u00fc\u00edstics del centre educatiu. Es tracta d\u2019un instrument que ajuda a desenvolupar de manera coherent i efica\u00e7 les activitats d\u2019aprenentatge ling\u00fc\u00edstic i que posa l\u2019accent en els acords de gesti\u00f3 educativa di\u00e0ria dels centres.<\/p>\n<p><a href=\"https:\/\/drive.google.com\/file\/d\/1PV4IHIk78wwGnMIe43oHpe2RdLi9VLiQ\/view?usp=sharing\" target=\"_blank\" rel=\"noopener\">PL CEE AREMI<\/a><\/p>\n","protected":false},"excerpt":{"rendered":"<p>El projecte ling\u00fc\u00edstic \u2013d\u2019acord amb l\u2019article 14 de la Llei d\u2019educaci\u00f3-, forma part del Projecte Educatiu del Centre, i \u00e9s el recull organitzat dels acords presos sobre propostes educatives per a l\u2019ensenyament i l\u2019aprenentatge de les lleng\u00fces i sobre els usos ling\u00fc\u00edstics del centre educatiu.&hellip;  <a href=\"https:\/\/agora.xtec.cat\/esc-educacioespecial-aremi\/projecte-linguistic\/\" title=\"Read Projecte Ling\u00fc\u00edstic\">Llegeix m\u00e9s\u00bb<\/a><\/p>\n","protected":false},"author":1,"featured_media":0,"parent":0,"menu_order":0,"comment_status":"closed","ping_status":"closed","template":"","meta":{"_bbp_topic_count":0,"_bbp_reply_count":0,"_bbp_total_topic_count":0,"_bbp_total_reply_count":0,"_bbp_voice_count":0,"_bbp_anonymous_reply_count":0,"_bbp_topic_count_hidden":0,"_bbp_reply_count_hidden":0,"_bbp_forum_subforum_count":0,"footnotes":""},"class_list":["post-2084","page","type-page","status-publish","hentry"],"post_mailing_queue_ids":[],"_links":{"self":[{"href":"https:\/\/agora.xtec.cat\/esc-educacioespecial-aremi\/wp-json\/wp\/v2\/pages\/2084","targetHints":{"allow":["GET"]}}],"collection":[{"href":"https:\/\/agora.xtec.cat\/esc-educacioespecial-aremi\/wp-json\/wp\/v2\/pages"}],"about":[{"href":"https:\/\/agora.xtec.cat\/esc-educacioespecial-aremi\/wp-json\/wp\/v2\/types\/page"}],"author":[{"embeddable":true,"href":"https:\/\/agora.xtec.cat\/esc-educacioespecial-aremi\/wp-json\/wp\/v2\/users\/1"}],"replies":[{"embeddable":true,"href":"https:\/\/agora.xtec.cat\/esc-educacioespecial-aremi\/wp-json\/wp\/v2\/comments?post=2084"}],"version-history":[{"count":5,"href":"https:\/\/agora.xtec.cat\/esc-educacioespecial-aremi\/wp-json\/wp\/v2\/pages\/2084\/revisions"}],"predecessor-version":[{"id":2731,"href":"https:\/\/agora.xtec.cat\/esc-educacioespecial-aremi\/wp-json\/wp\/v2\/pages\/2084\/revisions\/2731"}],"wp:attachment":[{"href":"https:\/\/agora.xtec.cat\/esc-educacioespecial-aremi\/wp-json\/wp\/v2\/media?parent=2084"}],"curies":[{"name":"wp","href":"https:\/\/api.w.org\/{rel}","templated":true}]}}