{"id":2080,"date":"2023-03-09T23:27:41","date_gmt":"2023-03-09T22:27:41","guid":{"rendered":"https:\/\/agora.xtec.cat\/esc-educacioespecial-aremi\/?page_id=2080"},"modified":"2026-02-09T15:23:24","modified_gmt":"2026-02-09T14:23:24","slug":"projecte-educatiu-de-centre-2","status":"publish","type":"page","link":"https:\/\/agora.xtec.cat\/esc-educacioespecial-aremi\/projecte-educatiu-de-centre-2\/","title":{"rendered":"Projecte Educatiu de Centre"},"content":{"rendered":"<p>El projecte educatiu del centre \u00e9s el document estrat\u00e8gic marc de la instituci\u00f3 escolar que en defineix el funcionament en l&#8217;\u00e0mbit curricular, organitzatiu, de gesti\u00f3 econ\u00f2mica i de gesti\u00f3 de personal, que s&#8217;adapta a la realitat de l&#8217;alumnat i a l&#8217;entorn. En aquest sentit, concreta, interpreta i aplica el que estableix la normativa vigent als trets caracter\u00edstics del centre, d&#8217;acord amb les necessitats educatives de l&#8217;alumnat i dels objectius del centre.<br \/>\nEl projecte educatiu contribueix a impulsar la col\u00b7laboraci\u00f3 entre els diversos sectors de la comunitat educativa i la relaci\u00f3 entre el centre i l&#8217;entorn social.<\/p>\n<p><a href=\"https:\/\/drive.google.com\/file\/d\/1NpMp0MPWt9u778x0IYKnzVzLv2x5Llf_\/view?usp=drive_link\">PEC CEE AREMI<\/a><\/p>\n","protected":false},"excerpt":{"rendered":"<p>El projecte educatiu del centre \u00e9s el document estrat\u00e8gic marc de la instituci\u00f3 escolar que en defineix el funcionament en l&#8217;\u00e0mbit curricular, organitzatiu, de gesti\u00f3 econ\u00f2mica i de gesti\u00f3 de personal, que s&#8217;adapta a la realitat de l&#8217;alumnat i a l&#8217;entorn. En aquest sentit, concreta,&hellip;  <a href=\"https:\/\/agora.xtec.cat\/esc-educacioespecial-aremi\/projecte-educatiu-de-centre-2\/\" title=\"Read Projecte Educatiu de Centre\">Llegeix m\u00e9s\u00bb<\/a><\/p>\n","protected":false},"author":1,"featured_media":0,"parent":0,"menu_order":0,"comment_status":"closed","ping_status":"closed","template":"","meta":{"_bbp_topic_count":0,"_bbp_reply_count":0,"_bbp_total_topic_count":0,"_bbp_total_reply_count":0,"_bbp_voice_count":0,"_bbp_anonymous_reply_count":0,"_bbp_topic_count_hidden":0,"_bbp_reply_count_hidden":0,"_bbp_forum_subforum_count":0,"footnotes":""},"class_list":["post-2080","page","type-page","status-publish","hentry"],"post_mailing_queue_ids":[],"_links":{"self":[{"href":"https:\/\/agora.xtec.cat\/esc-educacioespecial-aremi\/wp-json\/wp\/v2\/pages\/2080","targetHints":{"allow":["GET"]}}],"collection":[{"href":"https:\/\/agora.xtec.cat\/esc-educacioespecial-aremi\/wp-json\/wp\/v2\/pages"}],"about":[{"href":"https:\/\/agora.xtec.cat\/esc-educacioespecial-aremi\/wp-json\/wp\/v2\/types\/page"}],"author":[{"embeddable":true,"href":"https:\/\/agora.xtec.cat\/esc-educacioespecial-aremi\/wp-json\/wp\/v2\/users\/1"}],"replies":[{"embeddable":true,"href":"https:\/\/agora.xtec.cat\/esc-educacioespecial-aremi\/wp-json\/wp\/v2\/comments?post=2080"}],"version-history":[{"count":6,"href":"https:\/\/agora.xtec.cat\/esc-educacioespecial-aremi\/wp-json\/wp\/v2\/pages\/2080\/revisions"}],"predecessor-version":[{"id":3156,"href":"https:\/\/agora.xtec.cat\/esc-educacioespecial-aremi\/wp-json\/wp\/v2\/pages\/2080\/revisions\/3156"}],"wp:attachment":[{"href":"https:\/\/agora.xtec.cat\/esc-educacioespecial-aremi\/wp-json\/wp\/v2\/media?parent=2080"}],"curies":[{"name":"wp","href":"https:\/\/api.w.org\/{rel}","templated":true}]}}