{"id":24,"date":"2014-09-18T12:23:15","date_gmt":"2014-09-18T12:23:15","guid":{"rendered":"http:\/\/agora.xtec.cat\/esc-dolorsmarti\/?page_id=24"},"modified":"2026-01-14T10:43:36","modified_gmt":"2026-01-14T09:43:36","slug":"on-som","status":"publish","type":"page","link":"https:\/\/agora.xtec.cat\/esc-dolorsmarti\/lescola\/on-som\/","title":{"rendered":"On som"},"content":{"rendered":"<p style=\"color: #666666;\"><a href=\"https:\/\/maps.app.goo.gl\/yuB5TqHVxzEUimRb7\"><strong>Escola Dolors Mart\u00ed i Badia<\/strong><\/a><\/p>\n<p style=\"color: #666666;\">Avinguda de Catalunya, 1<br \/>\n08700 Igualada<\/p>\n<p>Tel. 93 8035920<br \/>\na8064866@xtec.cat<\/p>\n<p><strong>Com arribar-hi:<\/strong><br \/>\n<a href=\"http:\/\/www.masatstransport.com\/catala\/serveis_regulars.html\"><strong>Bus:<\/strong> L\u00ednies urb\u00e0 LC1, LC2 i les l\u00ednies de refor\u00e7 LR1 i LR2<\/a><\/p>\n<figure id=\"attachment_19147\" aria-describedby=\"caption-attachment-19147\" style=\"width: 960px\" class=\"wp-caption aligncenter\"><a href=\"https:\/\/maps.app.goo.gl\/yuB5TqHVxzEUimRb7\"><img loading=\"lazy\" decoding=\"async\" class=\"wp-image-19147 size-full\" src=\"https:\/\/agora.xtec.cat\/esc-dolorsmarti\/wp-content\/uploads\/usu930\/2026\/01\/DSC00477-2.jpg\" alt=\"\" width=\"960\" height=\"540\" srcset=\"https:\/\/agora.xtec.cat\/esc-dolorsmarti\/wp-content\/uploads\/usu930\/2026\/01\/DSC00477-2.jpg 960w, https:\/\/agora.xtec.cat\/esc-dolorsmarti\/wp-content\/uploads\/usu930\/2026\/01\/DSC00477-2-300x169.jpg 300w, https:\/\/agora.xtec.cat\/esc-dolorsmarti\/wp-content\/uploads\/usu930\/2026\/01\/DSC00477-2-768x432.jpg 768w\" sizes=\"auto, (max-width: 960px) 100vw, 960px\" \/><\/a><figcaption id=\"caption-attachment-19147\" class=\"wp-caption-text\">La nostra escola: Dolors Mart\u00ed i Badia<\/figcaption><\/figure>\n","protected":false},"excerpt":{"rendered":"<p>Escola Dolors Mart\u00ed i Badia Avinguda de Catalunya, 1 08700 Igualada Tel. 93 8035920 a8064866@xtec.cat Com arribar-hi: Bus: L\u00ednies urb\u00e0 LC1, LC2 i les l\u00ednies de refor\u00e7 LR1 i LR2<\/p>\n","protected":false},"author":2,"featured_media":0,"parent":22,"menu_order":10,"comment_status":"closed","ping_status":"closed","template":"","meta":{"_bbp_topic_count":0,"_bbp_reply_count":0,"_bbp_total_topic_count":0,"_bbp_total_reply_count":0,"_bbp_voice_count":0,"_bbp_anonymous_reply_count":0,"_bbp_topic_count_hidden":0,"_bbp_reply_count_hidden":0,"_bbp_forum_subforum_count":0,"site-sidebar-layout":"default","site-content-layout":"","ast-site-content-layout":"default","site-content-style":"default","site-sidebar-style":"default","ast-global-header-display":"","ast-banner-title-visibility":"","ast-main-header-display":"","ast-hfb-above-header-display":"","ast-hfb-below-header-display":"","ast-hfb-mobile-header-display":"","site-post-title":"","ast-breadcrumbs-content":"","ast-featured-img":"","footer-sml-layout":"","theme-transparent-header-meta":"default","adv-header-id-meta":"","stick-header-meta":"","header-above-stick-meta":"","header-main-stick-meta":"","header-below-stick-meta":"","astra-migrate-meta-layouts":"set","ast-page-background-enabled":"default","ast-page-background-meta":{"desktop":{"background-color":"var(--ast-global-color-4)","background-image":"","background-repeat":"repeat","background-position":"center center","background-size":"auto","background-attachment":"scroll","background-type":"","background-media":"","overlay-type":"","overlay-color":"","overlay-opacity":"","overlay-gradient":""},"tablet":{"background-color":"","background-image":"","background-repeat":"repeat","background-position":"center center","background-size":"auto","background-attachment":"scroll","background-type":"","background-media":"","overlay-type":"","overlay-color":"","overlay-opacity":"","overlay-gradient":""},"mobile":{"background-color":"","background-image":"","background-repeat":"repeat","background-position":"center center","background-size":"auto","background-attachment":"scroll","background-type":"","background-media":"","overlay-type":"","overlay-color":"","overlay-opacity":"","overlay-gradient":""}},"ast-content-background-meta":{"desktop":{"background-color":"var(--ast-global-color-5)","background-image":"","background-repeat":"repeat","background-position":"center center","background-size":"auto","background-attachment":"scroll","background-type":"","background-media":"","overlay-type":"","overlay-color":"","overlay-opacity":"","overlay-gradient":""},"tablet":{"background-color":"var(--ast-global-color-5)","background-image":"","background-repeat":"repeat","background-position":"center center","background-size":"auto","background-attachment":"scroll","background-type":"","background-media":"","overlay-type":"","overlay-color":"","overlay-opacity":"","overlay-gradient":""},"mobile":{"background-color":"var(--ast-global-color-5)","background-image":"","background-repeat":"repeat","background-position":"center center","background-size":"auto","background-attachment":"scroll","background-type":"","background-media":"","overlay-type":"","overlay-color":"","overlay-opacity":"","overlay-gradient":""}},"footnotes":""},"class_list":["post-24","page","type-page","status-publish","hentry"],"post_mailing_queue_ids":[],"_links":{"self":[{"href":"https:\/\/agora.xtec.cat\/esc-dolorsmarti\/wp-json\/wp\/v2\/pages\/24","targetHints":{"allow":["GET"]}}],"collection":[{"href":"https:\/\/agora.xtec.cat\/esc-dolorsmarti\/wp-json\/wp\/v2\/pages"}],"about":[{"href":"https:\/\/agora.xtec.cat\/esc-dolorsmarti\/wp-json\/wp\/v2\/types\/page"}],"author":[{"embeddable":true,"href":"https:\/\/agora.xtec.cat\/esc-dolorsmarti\/wp-json\/wp\/v2\/users\/2"}],"replies":[{"embeddable":true,"href":"https:\/\/agora.xtec.cat\/esc-dolorsmarti\/wp-json\/wp\/v2\/comments?post=24"}],"version-history":[{"count":6,"href":"https:\/\/agora.xtec.cat\/esc-dolorsmarti\/wp-json\/wp\/v2\/pages\/24\/revisions"}],"predecessor-version":[{"id":19153,"href":"https:\/\/agora.xtec.cat\/esc-dolorsmarti\/wp-json\/wp\/v2\/pages\/24\/revisions\/19153"}],"up":[{"embeddable":true,"href":"https:\/\/agora.xtec.cat\/esc-dolorsmarti\/wp-json\/wp\/v2\/pages\/22"}],"wp:attachment":[{"href":"https:\/\/agora.xtec.cat\/esc-dolorsmarti\/wp-json\/wp\/v2\/media?parent=24"}],"curies":[{"name":"wp","href":"https:\/\/api.w.org\/{rel}","templated":true}]}}