{"id":19203,"date":"2026-01-21T13:18:27","date_gmt":"2026-01-21T12:18:27","guid":{"rendered":"https:\/\/agora.xtec.cat\/esc-dolorsmarti\/?page_id=19203"},"modified":"2026-01-29T15:08:11","modified_gmt":"2026-01-29T14:08:11","slug":"escola-verda","status":"publish","type":"page","link":"https:\/\/agora.xtec.cat\/esc-dolorsmarti\/escola-verda\/","title":{"rendered":"Escola Verda"},"content":{"rendered":"<p align=\"justify\"><span style=\"font-size: medium;\">Des de l\u2019escola tenim com a objectiu educar per un futur m\u00e9s sostenible.<\/span><\/p>\n<p align=\"justify\"><span style=\"font-size: medium;\">Durant el curs promovem en el conjunt de la comunitat educativa diferents activitats. <\/span><\/p>\n<p align=\"justify\"><span style=\"font-family: Calibri, serif;\"><span style=\"font-size: medium;\">Des dels inicis, mestres de l&#8217;escola assisteixen a un seminari on reben assessorament sobre com treballar aspectes de sostenibilitat amb l\u2019alumnat. <\/span><\/span><\/p>\n<p align=\"justify\"><span style=\"font-family: Calibri, serif;\"><span style=\"font-size: medium;\">Actualment, fem diferents accions com ara: reciclatge de paper\/ pl\u00e0stic\/org\u00e0nic i participem en el programa APILO, entre altres projectes. Els dijous \u00e9s el dia de la fruita a l&#8217;escola i fomentem l\u2019\u00fas de la carmanyola o boc&#8217;n Roll per eliminar els embolcalls d&#8217;alumini. Des de fa dos anys, els alumnes escamots verds participen en la festa de drets dels infants, on viuen una experi\u00e8ncia d\u2019aprenentatge pr\u00e0ctica compartida amb alumnes d&#8217;altres escoles del municipi. <\/span><\/span><\/p>\n<p align=\"justify\"><span style=\"font-family: Calibri, serif;\"><span style=\"font-size: medium;\">Des del centre, les informacions setmanals i les circulars s&#8217;envien per correu electr\u00f2nic per reduir el consum de paper. <\/span><\/span><\/p>\n<p align=\"justify\"><span style=\"font-family: Calibri, serif;\"><span style=\"font-size: medium;\"><b>HORT:<\/b><\/span><\/span><span style=\"font-family: Calibri, serif;\"><span style=\"font-size: medium;\"> Forma part de l\u2019espai del pati, per tant, aquell alumnat que aix\u00ed ho desitgi, pot passar l&#8217;estona tenint cura de l&#8217;hort. <\/span><\/span><\/p>\n<p align=\"justify\"><span style=\"font-family: Calibri, serif;\"><span style=\"font-size: medium;\"><b>ESCAMOT VERD: <\/b><\/span><\/span><span style=\"font-family: Calibri, serif;\"><span style=\"font-size: medium;\">Des d\u2019I5 a 6\u00e8 hem creat el representant de cada classe per ser &#8220;l\u2019escamot verd&#8221;. S\u00f3n membres del Comit\u00e8 Ambiental fent reunions trimestrals i s\u00f3n els portaveus de la seva classe, encarregats d\u2019explicar les inquietuds i els suggeriments relacionats amb aquest aspecte.<\/span><\/span><\/p>\n<p align=\"justify\"><img loading=\"lazy\" decoding=\"async\" class=\"aligncenter size-full wp-image-19285\" src=\"https:\/\/agora.xtec.cat\/esc-dolorsmarti\/wp-content\/uploads\/usu930\/2026\/01\/instalacions-6.png\" alt=\"\" width=\"1530\" height=\"1085\" srcset=\"https:\/\/agora.xtec.cat\/esc-dolorsmarti\/wp-content\/uploads\/usu930\/2026\/01\/instalacions-6.png 1530w, https:\/\/agora.xtec.cat\/esc-dolorsmarti\/wp-content\/uploads\/usu930\/2026\/01\/instalacions-6-300x213.png 300w, https:\/\/agora.xtec.cat\/esc-dolorsmarti\/wp-content\/uploads\/usu930\/2026\/01\/instalacions-6-1024x726.png 1024w, https:\/\/agora.xtec.cat\/esc-dolorsmarti\/wp-content\/uploads\/usu930\/2026\/01\/instalacions-6-768x545.png 768w\" sizes=\"auto, (max-width: 1530px) 100vw, 1530px\" \/><\/p>\n<p align=\"justify\">\n","protected":false},"excerpt":{"rendered":"<p>Des de l\u2019escola tenim com a objectiu educar per un futur m\u00e9s sostenible. Durant el curs promovem en el conjunt de la comunitat educativa diferents activitats. Des dels inicis, mestres de l&#8217;escola assisteixen a un seminari on reben assessorament sobre com treballar aspectes de sostenibilitat amb l\u2019alumnat. Actualment, fem diferents accions com ara: reciclatge de [&hellip;]<\/p>\n","protected":false},"author":1,"featured_media":0,"parent":0,"menu_order":0,"comment_status":"closed","ping_status":"closed","template":"","meta":{"_bbp_topic_count":0,"_bbp_reply_count":0,"_bbp_total_topic_count":0,"_bbp_total_reply_count":0,"_bbp_voice_count":0,"_bbp_anonymous_reply_count":0,"_bbp_topic_count_hidden":0,"_bbp_reply_count_hidden":0,"_bbp_forum_subforum_count":0,"site-sidebar-layout":"default","site-content-layout":"","ast-site-content-layout":"default","site-content-style":"default","site-sidebar-style":"default","ast-global-header-display":"","ast-banner-title-visibility":"","ast-main-header-display":"","ast-hfb-above-header-display":"","ast-hfb-below-header-display":"","ast-hfb-mobile-header-display":"","site-post-title":"","ast-breadcrumbs-content":"","ast-featured-img":"","footer-sml-layout":"","theme-transparent-header-meta":"default","adv-header-id-meta":"","stick-header-meta":"","header-above-stick-meta":"","header-main-stick-meta":"","header-below-stick-meta":"","astra-migrate-meta-layouts":"set","ast-page-background-enabled":"default","ast-page-background-meta":{"desktop":{"background-color":"var(--ast-global-color-4)","background-image":"","background-repeat":"repeat","background-position":"center center","background-size":"auto","background-attachment":"scroll","background-type":"","background-media":"","overlay-type":"","overlay-color":"","overlay-opacity":"","overlay-gradient":""},"tablet":{"background-color":"","background-image":"","background-repeat":"repeat","background-position":"center center","background-size":"auto","background-attachment":"scroll","background-type":"","background-media":"","overlay-type":"","overlay-color":"","overlay-opacity":"","overlay-gradient":""},"mobile":{"background-color":"","background-image":"","background-repeat":"repeat","background-position":"center center","background-size":"auto","background-attachment":"scroll","background-type":"","background-media":"","overlay-type":"","overlay-color":"","overlay-opacity":"","overlay-gradient":""}},"ast-content-background-meta":{"desktop":{"background-color":"var(--ast-global-color-5)","background-image":"","background-repeat":"repeat","background-position":"center center","background-size":"auto","background-attachment":"scroll","background-type":"","background-media":"","overlay-type":"","overlay-color":"","overlay-opacity":"","overlay-gradient":""},"tablet":{"background-color":"var(--ast-global-color-5)","background-image":"","background-repeat":"repeat","background-position":"center center","background-size":"auto","background-attachment":"scroll","background-type":"","background-media":"","overlay-type":"","overlay-color":"","overlay-opacity":"","overlay-gradient":""},"mobile":{"background-color":"var(--ast-global-color-5)","background-image":"","background-repeat":"repeat","background-position":"center center","background-size":"auto","background-attachment":"scroll","background-type":"","background-media":"","overlay-type":"","overlay-color":"","overlay-opacity":"","overlay-gradient":""}},"footnotes":""},"class_list":["post-19203","page","type-page","status-publish","hentry"],"post_mailing_queue_ids":[],"_links":{"self":[{"href":"https:\/\/agora.xtec.cat\/esc-dolorsmarti\/wp-json\/wp\/v2\/pages\/19203","targetHints":{"allow":["GET"]}}],"collection":[{"href":"https:\/\/agora.xtec.cat\/esc-dolorsmarti\/wp-json\/wp\/v2\/pages"}],"about":[{"href":"https:\/\/agora.xtec.cat\/esc-dolorsmarti\/wp-json\/wp\/v2\/types\/page"}],"author":[{"embeddable":true,"href":"https:\/\/agora.xtec.cat\/esc-dolorsmarti\/wp-json\/wp\/v2\/users\/1"}],"replies":[{"embeddable":true,"href":"https:\/\/agora.xtec.cat\/esc-dolorsmarti\/wp-json\/wp\/v2\/comments?post=19203"}],"version-history":[{"count":5,"href":"https:\/\/agora.xtec.cat\/esc-dolorsmarti\/wp-json\/wp\/v2\/pages\/19203\/revisions"}],"predecessor-version":[{"id":19286,"href":"https:\/\/agora.xtec.cat\/esc-dolorsmarti\/wp-json\/wp\/v2\/pages\/19203\/revisions\/19286"}],"wp:attachment":[{"href":"https:\/\/agora.xtec.cat\/esc-dolorsmarti\/wp-json\/wp\/v2\/media?parent=19203"}],"curies":[{"name":"wp","href":"https:\/\/api.w.org\/{rel}","templated":true}]}}