{"id":19175,"date":"2026-01-15T13:16:50","date_gmt":"2026-01-15T12:16:50","guid":{"rendered":"https:\/\/agora.xtec.cat\/esc-dolorsmarti\/?page_id=19175"},"modified":"2026-01-23T11:06:34","modified_gmt":"2026-01-23T10:06:34","slug":"avaluacio","status":"publish","type":"page","link":"https:\/\/agora.xtec.cat\/esc-dolorsmarti\/avaluacio\/","title":{"rendered":"Avaluaci\u00f3"},"content":{"rendered":"<p><span style=\"font-family: verdana, sans-serif;\">A la nostra escola entenem l\u2019avaluaci\u00f3 com un proc\u00e9s\u00a0<strong>continu, global i qualitatiu<\/strong>, que acompanya l\u2019aprenentatge de l\u2019alumnat i en valora el progr\u00e9s al llarg del curs.<\/span><\/p>\n<p><span style=\"font-family: verdana, sans-serif;\">La base de l\u2019avaluaci\u00f3 \u00e9s l\u2019<strong>observaci\u00f3 directa de les activitats d\u2019aula<\/strong>, del dia a dia, de la participaci\u00f3, l\u2019esfor\u00e7, l\u2019evoluci\u00f3 personal i acad\u00e8mica de cada infant. En els cursos superiors, aquesta observaci\u00f3 es complementa amb\u00a0<strong>petites activitats de caire m\u00e9s avaluatiu<\/strong>, adaptades a l\u2019edat i al moment maduratiu de l\u2019alumnat.<\/span><\/p>\n<p><span style=\"font-family: verdana, sans-serif;\">A l\u2019etapa d\u2019<strong>Educaci\u00f3 Infantil (Petits)<\/strong>, es lliuren\u00a0<strong>dos informes al llarg del curs<\/strong>, un al febrer i un altre al juny, que recullen el desenvolupament global de l\u2019infant.<\/span><\/p>\n<p><span style=\"font-family: verdana, sans-serif;\">A l\u2019etapa de\u00a0<strong>Prim\u00e0ria<\/strong>, tamb\u00e9 es fan\u00a0<strong>dos informes escrits<\/strong>, al desembre i al juny. A m\u00e9s, durant els mesos de\u00a0<strong>febrer-mar\u00e7<\/strong>, es realitza una\u00a0<strong>entrevista amb les fam\u00edlies<\/strong>, que parteix d\u2019un proc\u00e9s d\u2019<strong>autoavaluaci\u00f3<\/strong>\u00a0fet tant per l\u2019alumne com pel mestre o mestra. A partir d\u2019aquesta reflexi\u00f3 compartida, s\u2019estableixen\u00a0<strong>acords conjunts de millora i seguiment<\/strong>.<\/span><\/p>\n<p><span style=\"font-family: verdana, sans-serif;\">En aquestes entrevistes es mostren\u00a0<strong>evid\u00e8ncies de les activitats realitzades<\/strong>\u00a0i del nivell d\u2019assoliment de l\u2019alumne, amb l\u2019objectiu de fer visible el seu proc\u00e9s d\u2019aprenentatge i afavorir una comunicaci\u00f3 propera i constructiva amb les fam\u00edlies.<\/span><\/p>\n<p><span style=\"font-family: verdana, sans-serif;\">Aix\u00ed, l\u2019avaluaci\u00f3 esdev\u00e9 una eina per\u00a0<strong>entendre, orientar i millorar<\/strong>\u00a0l\u2019aprenentatge, posant el focus en el progr\u00e9s de cada infant i no nom\u00e9s en els resultats finals.<\/span><\/p>\n","protected":false},"excerpt":{"rendered":"<p>A la nostra escola entenem l\u2019avaluaci\u00f3 com un proc\u00e9s\u00a0continu, global i qualitatiu, que acompanya l\u2019aprenentatge de l\u2019alumnat i en valora el progr\u00e9s al llarg del curs. La base de l\u2019avaluaci\u00f3 \u00e9s l\u2019observaci\u00f3 directa de les activitats d\u2019aula, del dia a dia, de la participaci\u00f3, l\u2019esfor\u00e7, l\u2019evoluci\u00f3 personal i acad\u00e8mica de cada infant. En els cursos [&hellip;]<\/p>\n","protected":false},"author":1,"featured_media":0,"parent":0,"menu_order":0,"comment_status":"closed","ping_status":"closed","template":"","meta":{"_bbp_topic_count":0,"_bbp_reply_count":0,"_bbp_total_topic_count":0,"_bbp_total_reply_count":0,"_bbp_voice_count":0,"_bbp_anonymous_reply_count":0,"_bbp_topic_count_hidden":0,"_bbp_reply_count_hidden":0,"_bbp_forum_subforum_count":0,"site-sidebar-layout":"default","site-content-layout":"","ast-site-content-layout":"default","site-content-style":"default","site-sidebar-style":"default","ast-global-header-display":"","ast-banner-title-visibility":"","ast-main-header-display":"","ast-hfb-above-header-display":"","ast-hfb-below-header-display":"","ast-hfb-mobile-header-display":"","site-post-title":"","ast-breadcrumbs-content":"","ast-featured-img":"","footer-sml-layout":"","theme-transparent-header-meta":"default","adv-header-id-meta":"","stick-header-meta":"","header-above-stick-meta":"","header-main-stick-meta":"","header-below-stick-meta":"","astra-migrate-meta-layouts":"set","ast-page-background-enabled":"default","ast-page-background-meta":{"desktop":{"background-color":"var(--ast-global-color-4)","background-image":"","background-repeat":"repeat","background-position":"center center","background-size":"auto","background-attachment":"scroll","background-type":"","background-media":"","overlay-type":"","overlay-color":"","overlay-opacity":"","overlay-gradient":""},"tablet":{"background-color":"","background-image":"","background-repeat":"repeat","background-position":"center center","background-size":"auto","background-attachment":"scroll","background-type":"","background-media":"","overlay-type":"","overlay-color":"","overlay-opacity":"","overlay-gradient":""},"mobile":{"background-color":"","background-image":"","background-repeat":"repeat","background-position":"center center","background-size":"auto","background-attachment":"scroll","background-type":"","background-media":"","overlay-type":"","overlay-color":"","overlay-opacity":"","overlay-gradient":""}},"ast-content-background-meta":{"desktop":{"background-color":"var(--ast-global-color-5)","background-image":"","background-repeat":"repeat","background-position":"center center","background-size":"auto","background-attachment":"scroll","background-type":"","background-media":"","overlay-type":"","overlay-color":"","overlay-opacity":"","overlay-gradient":""},"tablet":{"background-color":"var(--ast-global-color-5)","background-image":"","background-repeat":"repeat","background-position":"center center","background-size":"auto","background-attachment":"scroll","background-type":"","background-media":"","overlay-type":"","overlay-color":"","overlay-opacity":"","overlay-gradient":""},"mobile":{"background-color":"var(--ast-global-color-5)","background-image":"","background-repeat":"repeat","background-position":"center center","background-size":"auto","background-attachment":"scroll","background-type":"","background-media":"","overlay-type":"","overlay-color":"","overlay-opacity":"","overlay-gradient":""}},"footnotes":""},"class_list":["post-19175","page","type-page","status-publish","hentry"],"post_mailing_queue_ids":[],"_links":{"self":[{"href":"https:\/\/agora.xtec.cat\/esc-dolorsmarti\/wp-json\/wp\/v2\/pages\/19175","targetHints":{"allow":["GET"]}}],"collection":[{"href":"https:\/\/agora.xtec.cat\/esc-dolorsmarti\/wp-json\/wp\/v2\/pages"}],"about":[{"href":"https:\/\/agora.xtec.cat\/esc-dolorsmarti\/wp-json\/wp\/v2\/types\/page"}],"author":[{"embeddable":true,"href":"https:\/\/agora.xtec.cat\/esc-dolorsmarti\/wp-json\/wp\/v2\/users\/1"}],"replies":[{"embeddable":true,"href":"https:\/\/agora.xtec.cat\/esc-dolorsmarti\/wp-json\/wp\/v2\/comments?post=19175"}],"version-history":[{"count":5,"href":"https:\/\/agora.xtec.cat\/esc-dolorsmarti\/wp-json\/wp\/v2\/pages\/19175\/revisions"}],"predecessor-version":[{"id":19259,"href":"https:\/\/agora.xtec.cat\/esc-dolorsmarti\/wp-json\/wp\/v2\/pages\/19175\/revisions\/19259"}],"wp:attachment":[{"href":"https:\/\/agora.xtec.cat\/esc-dolorsmarti\/wp-json\/wp\/v2\/media?parent=19175"}],"curies":[{"name":"wp","href":"https:\/\/api.w.org\/{rel}","templated":true}]}}