{"id":15187,"date":"2021-10-02T13:09:08","date_gmt":"2021-10-02T11:09:08","guid":{"rendered":"https:\/\/agora.xtec.cat\/esc-dolorsmarti\/?page_id=15187"},"modified":"2021-10-02T15:18:01","modified_gmt":"2021-10-02T13:18:01","slug":"proteccio-de-dades","status":"publish","type":"page","link":"https:\/\/agora.xtec.cat\/esc-dolorsmarti\/proteccio-de-dades\/","title":{"rendered":"PROTECCI\u00d3 DE DADES"},"content":{"rendered":"<div><\/div>\n<div>\n<p>At\u00e8s que el dret a la pr\u00f2pia imatge \u00e9s reconegut en l&#8217;article 18.1 de la Constituci\u00f3 espanyola i est\u00e0 regulat per la Llei org\u00e0nica 1\/1982, de 5 de maig, sobre dret a l&#8217;honor, a la intimitat i a la pr\u00f2pia imatge, la direcci\u00f3 del centre ha de demanar el consentiment als pares, mares o tutors legals per publicar fotografies i v\u00eddeos on apareguin els seus fills i filles i hi siguin clarament identificables.<\/p>\n<p>Per a l&#8217;edici\u00f3 de materials en espais de difusi\u00f3 del centre (blogs, webs, revistes) cal la corresponent cessi\u00f3 del dret de comunicaci\u00f3 p\u00fablica expressat per escrit dels afectats o dels qui n&#8217;excerceixen la p\u00e0tria potestat en cas de minoria d&#8217;edat, sense que la Llei de propietat intel\u00b7lectual admeti cap mena de modulaci\u00f3 segons l&#8217;edat dels alumnes. Aquesta cessi\u00f3 s&#8217;ha d&#8217;efectuar encara que l&#8217;autor\/a en q\u00fcesti\u00f3 no aparegui clarament identificat .<\/p>\n<\/div>\n<div><\/div>\n<div><\/div>\n<div class=\"CjVfdc\"><strong>Autoritzaci\u00f3 d&#8217;\u00fas d&#8217;imatges, propietat intel\u00b7lectual i Internet al Dolors Mart\u00ed<\/strong><\/div>\n<div><\/div>\n<div><\/div>\n<div><\/div>\n<p class=\"CDt4Ke zfr3Q\" dir=\"ltr\">En el moment de la matriculaci\u00f3 escolar d&#8217;un alumne nou o la incorporaci\u00f3 a l&#8217;escola d&#8217;una persona treballadora o col\u00b7laboradora la Direcci\u00f3 del centre proporcionar\u00e0 a la persona interessada o tutors legals, si es tracta d&#8217;un menor de 14 anys, l&#8217;autoritzaci\u00f3 d&#8217;\u00fas d&#8217;imatges, publicaci\u00f3 de dades de car\u00e0cter personal i de material que elaboren.<\/p>\n<p class=\"CDt4Ke zfr3Q\" dir=\"ltr\">En aquesta autoritzaci\u00f3 s&#8217;especificar\u00e0 de la manera m\u00e9s concisa possible i amb un llenguatge f\u00e0cilment comprensible el seg\u00fcent:<\/p>\n<ul class=\"n8H08c UVNKR\">\n<li class=\"TYR86d wXCUfe zfr3Q\" dir=\"ltr\">\n<p class=\"CDt4Ke zfr3Q\" dir=\"ltr\">La finalitat a qu\u00e8 es destinaran les dades, imatges\/veu o materials.<\/p>\n<\/li>\n<li class=\"TYR86d wXCUfe zfr3Q\" dir=\"ltr\">\n<p class=\"CDt4Ke zfr3Q\" dir=\"ltr\">El mitj\u00e0 de difusi\u00f3: cal especificar expl\u00edcitament els mitjans de difusi\u00f3 o entorns on es publicaran les dades i les finalitats concretes de la difusi\u00f3 (anuari del centre, web, intranet, web del Departament d\u2019Ensenyament, publicacions, fires, jornades, exposicions, televisi\u00f3 local, etc.).<\/p>\n<\/li>\n<li class=\"TYR86d wXCUfe zfr3Q\" dir=\"ltr\">\n<p class=\"CDt4Ke zfr3Q\" dir=\"ltr\">El tipus d&#8217;acc\u00e9s: cal especificar si l\u2019acc\u00e9s a les dades ser\u00e0 restringit, mitjan\u00e7ant credencials (usuari i contrasenya o mecanismes similars) a les persones que formen part de la comunitat educativa d\u2019acord amb el seu perfil, o b\u00e9 seran accessibles sense restriccions a trav\u00e9s d\u2019Internet.<\/p>\n<\/li>\n<\/ul>\n<div class=\"CjVfdc\">\n<div class=\"PPhIP rviiZ\">\n<div class=\"U26fgb mUbCce fKz7Od LRAOtb Znu9nd M9Bg4d\" role=\"presentation\" aria-describedby=\"h.p_FsWKCCqAdAkk\" aria-label=\"Copia l'enlla\u00e7 del t\u00edtol\" aria-disabled=\"false\" data-tooltip=\"Copia l'enlla\u00e7 del t\u00edtol\" aria-hidden=\"true\" data-tooltip-position=\"top\" data-tooltip-vertical-offset=\"12\" data-tooltip-horizontal-offset=\"0\">\n<div class=\"VTBa7b MbhUzd\"><\/div>\n<\/div>\n<\/div>\n<\/div>\n<p><a href=\"https:\/\/apdcat.gencat.cat\/web\/.content\/04-actualitat\/menors-i-joves\/documents\/GUIA-ESCOLES-2018-PAUTESv2.pdf\">\u00a0 \u00a0 \u00a0 <img loading=\"lazy\" decoding=\"async\" class=\"alignnone wp-image-15189 \" src=\"https:\/\/agora.xtec.cat\/esc-dolorsmarti\/wp-content\/uploads\/usu930\/2021\/10\/Captura-de-Pantalla-2021-10-02-a-les-13.03.04.png\" alt=\"\" width=\"134\" height=\"191\" srcset=\"https:\/\/agora.xtec.cat\/esc-dolorsmarti\/wp-content\/uploads\/usu930\/2021\/10\/Captura-de-Pantalla-2021-10-02-a-les-13.03.04.png 395w, https:\/\/agora.xtec.cat\/esc-dolorsmarti\/wp-content\/uploads\/usu930\/2021\/10\/Captura-de-Pantalla-2021-10-02-a-les-13.03.04-211x300.png 211w\" sizes=\"auto, (max-width: 134px) 100vw, 134px\" \/>\u00a0\u00a0\u00a0\u00a0\u00a0\u00a0\u00a0<\/a><a href=\"https:\/\/documents.espai.educacio.gencat.cat\/FormularisModels\/ProteccioDades\/A251.pdf\"><img loading=\"lazy\" decoding=\"async\" class=\"alignnone wp-image-15198 size-full\" src=\"https:\/\/agora.xtec.cat\/esc-dolorsmarti\/wp-content\/uploads\/usu930\/2021\/10\/Captura-de-Pantalla-2021-10-02-a-les-14.48.54.png\" alt=\"\" width=\"265\" height=\"46\" \/><\/a><\/p>\n<div><\/div>\n<div><\/div>\n<div class=\"CjVfdc\"><strong>Autoritzaci\u00f3 per a l&#8217;\u00fas de serveis dels entorns vituals d&#8217;aprenentatge<\/strong><\/div>\n<p>&nbsp;<\/p>\n<p>Per tal de poder fer \u00fas dels entorns vituals d&#8217;aprenentge\u00a0 dels que disposa la nostra escola, els tutors legals de alumne ha de signar pr\u00e8viament una autoritzaci\u00f3 d&#8217;\u00fas d&#8217;aquest serveis. Aquesta autoritzaci\u00f3 t\u00e9 efecte des del moment que \u00e9s signada i lliurada al centre fins a l&#8217;acabament de l&#8217;escolaritat d&#8217;aquest alumne\/a a la nostra escola.<\/p>\n<p><a href=\"https:\/\/agora.xtec.cat\/esc-dolorsmarti\/wp-content\/uploads\/usu930\/2021\/07\/Reglament-%C3%BAs-dels-comptes-Gsuite-2-1.pdf\"><img loading=\"lazy\" decoding=\"async\" class=\"alignnone wp-image-14783 size-full\" src=\"https:\/\/agora.xtec.cat\/esc-dolorsmarti\/wp-content\/uploads\/usu930\/2021\/07\/Captura-de-Pantalla-2021-07-07-a-les-17.44.58.png\" alt=\"\" width=\"312\" height=\"56\" srcset=\"https:\/\/agora.xtec.cat\/esc-dolorsmarti\/wp-content\/uploads\/usu930\/2021\/07\/Captura-de-Pantalla-2021-07-07-a-les-17.44.58.png 312w, https:\/\/agora.xtec.cat\/esc-dolorsmarti\/wp-content\/uploads\/usu930\/2021\/07\/Captura-de-Pantalla-2021-07-07-a-les-17.44.58-300x54.png 300w\" sizes=\"auto, (max-width: 312px) 100vw, 312px\" \/><\/a>\u00a0 <a href=\"https:\/\/agora.xtec.cat\/esc-dolorsmarti\/wp-content\/uploads\/usu930\/2021\/07\/autoritzacio-internet-escola-dolors-mart%C3%AD.pdf\"><img loading=\"lazy\" decoding=\"async\" class=\"alignnone wp-image-14784 size-full\" src=\"https:\/\/agora.xtec.cat\/esc-dolorsmarti\/wp-content\/uploads\/usu930\/2021\/07\/Captura-de-Pantalla-2021-07-07-a-les-17.44.23.png\" alt=\"\" width=\"312\" height=\"57\" srcset=\"https:\/\/agora.xtec.cat\/esc-dolorsmarti\/wp-content\/uploads\/usu930\/2021\/07\/Captura-de-Pantalla-2021-07-07-a-les-17.44.23.png 312w, https:\/\/agora.xtec.cat\/esc-dolorsmarti\/wp-content\/uploads\/usu930\/2021\/07\/Captura-de-Pantalla-2021-07-07-a-les-17.44.23-300x55.png 300w\" sizes=\"auto, (max-width: 312px) 100vw, 312px\" \/><\/a><\/p>\n<p>&nbsp;<\/p>\n<p><strong>Punts b\u00e0sics sobre les dades personals<\/strong><\/p>\n<ul class=\"fix-media-list-overlap\">\n<li class=\"level1\">\n<div class=\"li\">Les dades de car\u00e0cter personal nom\u00e9s es poden recollir per ser tractades amb les finalitats per a les quals s\u2019han obtingut, han de ser emmagatzemades de manera que permetin l\u2019acc\u00e9s a la persona propiet\u00e0ria i han de ser cancel\u00b7lades quan deixin de ser necess\u00e0ries.<\/div>\n<\/li>\n<li class=\"level1\">\n<div class=\"li\">El tractament de les dades de car\u00e0cter personal requereix el consentiment de la persona afectada.<\/div>\n<\/li>\n<li class=\"level1\">\n<div class=\"li\">S\u00f3n dades especialment protegides les relatives a:<\/div>\n<ul class=\"fix-media-list-overlap\">\n<li class=\"level5\">\n<div class=\"li\">Ideologia, religi\u00f3 o creen\u00e7a<\/div>\n<\/li>\n<li class=\"level5\">\n<div class=\"li\">Origen racial, salut i vida sexual<\/div>\n<\/li>\n<\/ul>\n<\/li>\n<li class=\"level1\">\n<div class=\"li\">L\u2019interessat\/da (persona que \u00e9s propiet\u00e0ria de les dades) t\u00e9 dret a sol\u00b7licitar i obtenir informaci\u00f3 de les seves dades de car\u00e0cter personal i de l\u2019origen de les dades, a rectificar-les, a cancel\u00b7lar-les i a oposar-se a la seva publicaci\u00f3.<\/div>\n<\/li>\n<li class=\"level1\">\n<div class=\"li\">\n<p>Es poden crear fitxers que continguin dades de car\u00e0cter personal quan sigui necessari sempre que es respecti la protecci\u00f3 de les mateixes.<\/p>\n<p><strong>Llei org\u00e0nica 3\/2018, de 5 de desembre, de protecci\u00f3 de dades personals i garantia dels drets digitals<\/strong><\/p>\n<p><strong><em>Article 83. Dret a l\u2019educaci\u00f3 digital.<\/em><\/strong><\/p>\n<p>1. El sistema educatiu ha de garantir\u00a0la plena inserci\u00f3 de l\u2019alumnat en la societat digital i l\u2019aprenentatge d\u2019un \u00fas dels mitjans digitals que\u00a0sigui segur i respectu\u00f3s amb la dignitat humana, els valors constitucionals, els drets fonamentals i, particularment, amb el respecte i la garantia de la intimitat personal i familiar i la protecci\u00f3 de dades personals. Les actuacions dutes a terme en aquest \u00e0mbit han de tenir car\u00e0cter inclusiu, en particular pel que fa a l\u2019alumnat amb necessitats educatives especials.<\/p>\n<p>Les administracions educatives han d\u2019incloure en el disseny del bloc d\u2019assignatures de lliure configuraci\u00f3 la compet\u00e8ncia digital a qu\u00e8 es refereix l\u2019apartat anterior, aix\u00ed com els elements relacionats amb les situacions de risc derivades de la utilitzaci\u00f3 inadequada de les TIC, amb una atenci\u00f3 especial a les situacions de viol\u00e8ncia a la xarxa.<\/p>\n<p>2. El professorat ha de rebre les compet\u00e8ncies digitals i la formaci\u00f3 necess\u00e0ria per a l\u2019ensenyament i la transmissi\u00f3 dels valors i els drets referits a l\u2019apartat anterior.<\/p>\n<p><strong><em>Article 92. Protecci\u00f3 de dades dels menors a Internet.<\/em><\/strong><\/p>\n<p>Els centres educatius i qualsevol persona f\u00edsica o jur\u00eddica que dugui a terme activitats en qu\u00e8 participin menors d\u2019edat han de garantir la protecci\u00f3 de l\u2019inter\u00e8s superior del menor i els seus drets fonamentals, especialment el dret a la protecci\u00f3 de dades personals, en la publicaci\u00f3 o difusi\u00f3 de les seves dades personals a trav\u00e9s de serveis de la societat de la informaci\u00f3.<\/p>\n<p>Quan aquesta publicaci\u00f3 o difusi\u00f3 s\u2019hagi de produir a trav\u00e9s de serveis de xarxes socials o serveis equivalents han de tenir el consentiment del menor o els seus representants legals, de conformitat amb el que prescriu l\u2019article 7 d\u2019aquesta Llei org\u00e0nica.<\/p>\n<\/div>\n<\/li>\n<\/ul>\n<p>&nbsp;<\/p>\n<p>&nbsp;<\/p>\n","protected":false},"excerpt":{"rendered":"<p>At\u00e8s que el dret a la pr\u00f2pia imatge \u00e9s reconegut en l&#8217;article 18.1 de la Constituci\u00f3 espanyola i est\u00e0 regulat per la Llei org\u00e0nica 1\/1982, de 5 de maig, sobre dret a l&#8217;honor, a la intimitat i a la pr\u00f2pia imatge, la direcci\u00f3 del centre ha de demanar el consentiment als pares, mares o tutors [&hellip;]<\/p>\n","protected":false},"author":1,"featured_media":0,"parent":0,"menu_order":0,"comment_status":"closed","ping_status":"closed","template":"","meta":{"_bbp_topic_count":0,"_bbp_reply_count":0,"_bbp_total_topic_count":0,"_bbp_total_reply_count":0,"_bbp_voice_count":0,"_bbp_anonymous_reply_count":0,"_bbp_topic_count_hidden":0,"_bbp_reply_count_hidden":0,"_bbp_forum_subforum_count":0,"site-sidebar-layout":"default","site-content-layout":"","ast-site-content-layout":"","site-content-style":"default","site-sidebar-style":"default","ast-global-header-display":"","ast-banner-title-visibility":"","ast-main-header-display":"","ast-hfb-above-header-display":"","ast-hfb-below-header-display":"","ast-hfb-mobile-header-display":"","site-post-title":"","ast-breadcrumbs-content":"","ast-featured-img":"","footer-sml-layout":"","theme-transparent-header-meta":"","adv-header-id-meta":"","stick-header-meta":"","header-above-stick-meta":"","header-main-stick-meta":"","header-below-stick-meta":"","astra-migrate-meta-layouts":"default","ast-page-background-enabled":"default","ast-page-background-meta":{"desktop":{"background-color":"var(--ast-global-color-4)","background-image":"","background-repeat":"repeat","background-position":"center center","background-size":"auto","background-attachment":"scroll","background-type":"","background-media":"","overlay-type":"","overlay-color":"","overlay-opacity":"","overlay-gradient":""},"tablet":{"background-color":"","background-image":"","background-repeat":"repeat","background-position":"center center","background-size":"auto","background-attachment":"scroll","background-type":"","background-media":"","overlay-type":"","overlay-color":"","overlay-opacity":"","overlay-gradient":""},"mobile":{"background-color":"","background-image":"","background-repeat":"repeat","background-position":"center center","background-size":"auto","background-attachment":"scroll","background-type":"","background-media":"","overlay-type":"","overlay-color":"","overlay-opacity":"","overlay-gradient":""}},"ast-content-background-meta":{"desktop":{"background-color":"var(--ast-global-color-5)","background-image":"","background-repeat":"repeat","background-position":"center center","background-size":"auto","background-attachment":"scroll","background-type":"","background-media":"","overlay-type":"","overlay-color":"","overlay-opacity":"","overlay-gradient":""},"tablet":{"background-color":"var(--ast-global-color-5)","background-image":"","background-repeat":"repeat","background-position":"center center","background-size":"auto","background-attachment":"scroll","background-type":"","background-media":"","overlay-type":"","overlay-color":"","overlay-opacity":"","overlay-gradient":""},"mobile":{"background-color":"var(--ast-global-color-5)","background-image":"","background-repeat":"repeat","background-position":"center center","background-size":"auto","background-attachment":"scroll","background-type":"","background-media":"","overlay-type":"","overlay-color":"","overlay-opacity":"","overlay-gradient":""}},"footnotes":""},"class_list":["post-15187","page","type-page","status-publish","hentry"],"post_mailing_queue_ids":[],"_links":{"self":[{"href":"https:\/\/agora.xtec.cat\/esc-dolorsmarti\/wp-json\/wp\/v2\/pages\/15187","targetHints":{"allow":["GET"]}}],"collection":[{"href":"https:\/\/agora.xtec.cat\/esc-dolorsmarti\/wp-json\/wp\/v2\/pages"}],"about":[{"href":"https:\/\/agora.xtec.cat\/esc-dolorsmarti\/wp-json\/wp\/v2\/types\/page"}],"author":[{"embeddable":true,"href":"https:\/\/agora.xtec.cat\/esc-dolorsmarti\/wp-json\/wp\/v2\/users\/1"}],"replies":[{"embeddable":true,"href":"https:\/\/agora.xtec.cat\/esc-dolorsmarti\/wp-json\/wp\/v2\/comments?post=15187"}],"version-history":[{"count":3,"href":"https:\/\/agora.xtec.cat\/esc-dolorsmarti\/wp-json\/wp\/v2\/pages\/15187\/revisions"}],"predecessor-version":[{"id":15201,"href":"https:\/\/agora.xtec.cat\/esc-dolorsmarti\/wp-json\/wp\/v2\/pages\/15187\/revisions\/15201"}],"wp:attachment":[{"href":"https:\/\/agora.xtec.cat\/esc-dolorsmarti\/wp-json\/wp\/v2\/media?parent=15187"}],"curies":[{"name":"wp","href":"https:\/\/api.w.org\/{rel}","templated":true}]}}