{"id":14723,"date":"2021-07-07T11:42:41","date_gmt":"2021-07-07T09:42:41","guid":{"rendered":"http:\/\/agora.xtec.cat\/esc-dolorsmarti\/?page_id=14723"},"modified":"2025-01-20T11:46:40","modified_gmt":"2025-01-20T10:46:40","slug":"centre","status":"publish","type":"page","link":"https:\/\/agora.xtec.cat\/esc-dolorsmarti\/projecte-educatiu\/estrategia-digital-de-centre\/centre\/","title":{"rendered":"CENTRE &#8211; ESTRAT\u00c8GIA DIGITAL DE CENTRE (EDC)"},"content":{"rendered":"<p>&nbsp;<\/p>\n<p><strong>CONTEXTUALITZACI\u00d3<\/strong><\/p>\n<p><span style=\"font-weight: 400;\">L&#8217;Escola Dolors Mart\u00ed i Badia d&#8217;Igualada, \u00e9s una escola p\u00fablica creada el curs 2010-2011. Es una escola de doble l\u00ednia.<\/span><\/p>\n<p><span style=\"font-weight: 400;\">Un dels objectius principals de la missi\u00f3 de l&#8217;escola \u00e9s el treball de tota la comunitat educativa amb les noves tecnologies per tal d&#8217;aconseguir una millora en el rendiment acad\u00e8mic.\u00a0<\/span><\/p>\n<p><span style=\"font-weight: 400;\">Pel que fa als equipaments, la situaci\u00f3 real de l&#8217;escola \u00e9s que totes les aules de prim\u00e0ria i d&#8217;infantil estan dotades amb un ordinador i amb pissarres digitals interactives.\u00a0<\/span><\/p>\n<p><span style=\"font-weight: 400;\">D&#8217;altra banda, a l&#8217;aula d&#8217;Arts&amp;Craft, a angl\u00e8s, ambient de ci\u00e8ncies, aula de m\u00fasica, aula de rob\u00f2tica, estan dotades amb un ordinador i una pissarra digital i\/o projector.\u00a0<\/span><\/p>\n<p><span style=\"font-weight: 400;\">L&#8217;escola tamb\u00e9 disposa de 9 carros de port\u00e0tils amb 25 Chromebooks cadasc\u00fa i un carro amb 30 tablets per Infantil i Prim\u00e0ria.<\/span><\/p>\n<p>A part l&#8217;escola disposa de diferent material tecnol\u00f2gic com: 6 packs de LEGO Prime Spike, 3 packs de LEGO WEDO, 3 packs de LEGO MINDSTORM, 6 plaques arduino uno, 4 plaques makey makey i el terra interactiu NINUS.<\/p>\n<p>Les infraestructures de connectivitat del centre s\u00f3n relativament noves ja que despr\u00e9s de l&#8217;elaboraci\u00f3 de l&#8217;antic PLA TAC (2017-19), es va dotar al centre amb noves instal\u00b7lacions.<\/p>\n<p>Durant el curs 2022-23 es va actualitzar l&#8217;estrat\u00e8gia digital del centre, utilitzant l&#8217;eina Selfie per fer una diagnosi dels punts forts i punts febles de la compet\u00e8ncia digital del professorat i de l&#8217;alumnat.<\/p>\n<p><a style=\"font-family: inherit; font-size: 1em;\" href=\"http:\/\/agora.xtec.cat\/esc-dolorsmarti\/projecte-educatiu\/estrategia-digital-de-centre\/centre\/diagnosi\/\"><img loading=\"lazy\" decoding=\"async\" class=\"alignnone wp-image-14728 \" src=\"https:\/\/agora.xtec.cat\/esc-dolorsmarti\/wp-content\/uploads\/usu930\/2021\/07\/Captura-de-Pantalla-2021-07-07-a-les-10.23.21.png\" alt=\"\" width=\"171\" height=\"51\" \/><\/a><\/p>\n<p><a href=\"http:\/\/agora.xtec.cat\/esc-dolorsmarti\/projecte-educatiu\/estrategia-digital-de-centre\/centre\/objectius-edc\/\"><img loading=\"lazy\" decoding=\"async\" class=\"alignnone wp-image-14729 size-full\" src=\"https:\/\/agora.xtec.cat\/esc-dolorsmarti\/wp-content\/uploads\/usu930\/2021\/07\/Captura-de-Pantalla-2021-07-07-a-les-10.23.35.png\" alt=\"\" width=\"161\" height=\"48\" \/><\/a><\/p>\n<p><a href=\"https:\/\/docs.google.com\/spreadsheets\/d\/1Y5IidVWtifBPPqHnK1xwaLAIVy_STuSYJ3twp7MP7Qw\/edit#gid=969798341\"><img loading=\"lazy\" decoding=\"async\" class=\"alignnone wp-image-14730 size-full\" src=\"https:\/\/agora.xtec.cat\/esc-dolorsmarti\/wp-content\/uploads\/usu930\/2021\/07\/Captura-de-Pantalla-2021-07-07-a-les-10.24.01.png\" alt=\"\" width=\"220\" height=\"49\" \/><\/a><\/p>\n<p><a href=\"http:\/\/agora.xtec.cat\/esc-dolorsmarti\/projecte-educatiu\/estrategia-digital-de-centre\/centre\/avaluacio-i-millora\/\"><img loading=\"lazy\" decoding=\"async\" class=\"alignnone wp-image-14731 size-full\" src=\"https:\/\/agora.xtec.cat\/esc-dolorsmarti\/wp-content\/uploads\/usu930\/2021\/07\/Captura-de-Pantalla-2021-07-07-a-les-10.24.23.png\" alt=\"\" width=\"223\" height=\"49\" \/><\/a><\/p>\n<p><a href=\"https:\/\/agora.xtec.cat\/esc-dolorsmarti\/proteccio-de-dades\/\"><img loading=\"lazy\" decoding=\"async\" class=\"alignnone wp-image-15185 size-full\" src=\"https:\/\/agora.xtec.cat\/esc-dolorsmarti\/wp-content\/uploads\/usu930\/2021\/10\/Captura-de-Pantalla-2021-10-02-a-les-13.01.03.png\" alt=\"\" width=\"230\" height=\"52\" \/><\/a><\/p>\n<p><a href=\"https:\/\/agora.xtec.cat\/esc-dolorsmarti\/integracio-de-les-tic-a-laula\/\"><img loading=\"lazy\" decoding=\"async\" class=\"alignnone wp-image-15086 size-full\" src=\"https:\/\/agora.xtec.cat\/esc-dolorsmarti\/wp-content\/uploads\/usu930\/2021\/09\/Captura-de-Pantalla-2021-09-25-a-les-18.32.29.png\" alt=\"\" width=\"255\" height=\"53\" \/><\/a><\/p>\n<p><a href=\"http:\/\/agora.xtec.cat\/esc-dolorsmarti\/projecte-educatiu\/estrategia-digital-de-centre\/centre\/planificacio-i-seguiment\/\">COMPETENCIES DIGITALS<\/a><\/p>\n<p><strong>DOCUMENTS DE REFER\u00c8NCIA<\/strong><\/p>\n<p><a href=\"https:\/\/projectes.xtec.cat\/xtcd\/\"><img loading=\"lazy\" decoding=\"async\" class=\"alignnone wp-image-15018 \" src=\"https:\/\/agora.xtec.cat\/esc-dolorsmarti\/wp-content\/uploads\/usu930\/2021\/09\/Captura-de-Pantalla-2021-09-19-a-les-12.11.58.png\" alt=\"\" width=\"261\" height=\"86\" srcset=\"https:\/\/agora.xtec.cat\/esc-dolorsmarti\/wp-content\/uploads\/usu930\/2021\/09\/Captura-de-Pantalla-2021-09-19-a-les-12.11.58.png 422w, https:\/\/agora.xtec.cat\/esc-dolorsmarti\/wp-content\/uploads\/usu930\/2021\/09\/Captura-de-Pantalla-2021-09-19-a-les-12.11.58-300x99.png 300w\" sizes=\"auto, (max-width: 261px) 100vw, 261px\" \/><\/a><\/p>\n<p>&nbsp;<\/p>\n<p><a href=\"https:\/\/educacio.gencat.cat\/ca\/departament\/publicacions\/colleccions\/pla-educacio-digital\/estrategia-digital-centre\/index.html\"><img loading=\"lazy\" decoding=\"async\" class=\"alignnone wp-image-14710 \" src=\"https:\/\/agora.xtec.cat\/esc-dolorsmarti\/wp-content\/uploads\/usu930\/2021\/07\/Captura-de-Pantalla-2021-07-07-a-les-9.51.28.png\" alt=\"\" width=\"129\" height=\"180\" srcset=\"https:\/\/agora.xtec.cat\/esc-dolorsmarti\/wp-content\/uploads\/usu930\/2021\/07\/Captura-de-Pantalla-2021-07-07-a-les-9.51.28.png 250w, https:\/\/agora.xtec.cat\/esc-dolorsmarti\/wp-content\/uploads\/usu930\/2021\/07\/Captura-de-Pantalla-2021-07-07-a-les-9.51.28-216x300.png 216w\" sizes=\"auto, (max-width: 129px) 100vw, 129px\" \/><\/a>\u00a0 \u00a0 \u00a0 \u00a0 <a href=\"https:\/\/educacio.gencat.cat\/ca\/departament\/linies-estrategiques\/pla-educacio-digital\/\"><img loading=\"lazy\" decoding=\"async\" class=\"alignnone wp-image-14711\" src=\"https:\/\/agora.xtec.cat\/esc-dolorsmarti\/wp-content\/uploads\/usu930\/2021\/07\/Captura-de-Pantalla-2021-07-07-a-les-9.51.56.png\" alt=\"\" width=\"189\" height=\"128\" srcset=\"https:\/\/agora.xtec.cat\/esc-dolorsmarti\/wp-content\/uploads\/usu930\/2021\/07\/Captura-de-Pantalla-2021-07-07-a-les-9.51.56.png 355w, https:\/\/agora.xtec.cat\/esc-dolorsmarti\/wp-content\/uploads\/usu930\/2021\/07\/Captura-de-Pantalla-2021-07-07-a-les-9.51.56-300x203.png 300w\" sizes=\"auto, (max-width: 189px) 100vw, 189px\" \/><\/a><\/p>\n<p>&nbsp;<\/p>\n<p>&nbsp;<\/p>\n","protected":false},"excerpt":{"rendered":"<p>&nbsp; CONTEXTUALITZACI\u00d3 L&#8217;Escola Dolors Mart\u00ed i Badia d&#8217;Igualada, \u00e9s una escola p\u00fablica creada el curs 2010-2011. Es una escola de doble l\u00ednia. Un dels objectius principals de la missi\u00f3 de l&#8217;escola \u00e9s el treball de tota la comunitat educativa amb les noves tecnologies per tal d&#8217;aconseguir una millora en el rendiment acad\u00e8mic.\u00a0 Pel que fa [&hellip;]<\/p>\n","protected":false},"author":1,"featured_media":0,"parent":14700,"menu_order":0,"comment_status":"closed","ping_status":"closed","template":"page-templates\/side-menu.php","meta":{"_bbp_topic_count":0,"_bbp_reply_count":0,"_bbp_total_topic_count":0,"_bbp_total_reply_count":0,"_bbp_voice_count":0,"_bbp_anonymous_reply_count":0,"_bbp_topic_count_hidden":0,"_bbp_reply_count_hidden":0,"_bbp_forum_subforum_count":0,"site-sidebar-layout":"default","site-content-layout":"","ast-site-content-layout":"","site-content-style":"default","site-sidebar-style":"default","ast-global-header-display":"","ast-banner-title-visibility":"","ast-main-header-display":"","ast-hfb-above-header-display":"","ast-hfb-below-header-display":"","ast-hfb-mobile-header-display":"","site-post-title":"","ast-breadcrumbs-content":"","ast-featured-img":"","footer-sml-layout":"","theme-transparent-header-meta":"","adv-header-id-meta":"","stick-header-meta":"","header-above-stick-meta":"","header-main-stick-meta":"","header-below-stick-meta":"","astra-migrate-meta-layouts":"default","ast-page-background-enabled":"default","ast-page-background-meta":{"desktop":{"background-color":"var(--ast-global-color-4)","background-image":"","background-repeat":"repeat","background-position":"center center","background-size":"auto","background-attachment":"scroll","background-type":"","background-media":"","overlay-type":"","overlay-color":"","overlay-opacity":"","overlay-gradient":""},"tablet":{"background-color":"","background-image":"","background-repeat":"repeat","background-position":"center center","background-size":"auto","background-attachment":"scroll","background-type":"","background-media":"","overlay-type":"","overlay-color":"","overlay-opacity":"","overlay-gradient":""},"mobile":{"background-color":"","background-image":"","background-repeat":"repeat","background-position":"center center","background-size":"auto","background-attachment":"scroll","background-type":"","background-media":"","overlay-type":"","overlay-color":"","overlay-opacity":"","overlay-gradient":""}},"ast-content-background-meta":{"desktop":{"background-color":"var(--ast-global-color-5)","background-image":"","background-repeat":"repeat","background-position":"center center","background-size":"auto","background-attachment":"scroll","background-type":"","background-media":"","overlay-type":"","overlay-color":"","overlay-opacity":"","overlay-gradient":""},"tablet":{"background-color":"var(--ast-global-color-5)","background-image":"","background-repeat":"repeat","background-position":"center center","background-size":"auto","background-attachment":"scroll","background-type":"","background-media":"","overlay-type":"","overlay-color":"","overlay-opacity":"","overlay-gradient":""},"mobile":{"background-color":"var(--ast-global-color-5)","background-image":"","background-repeat":"repeat","background-position":"center center","background-size":"auto","background-attachment":"scroll","background-type":"","background-media":"","overlay-type":"","overlay-color":"","overlay-opacity":"","overlay-gradient":""}},"footnotes":""},"class_list":["post-14723","page","type-page","status-publish","hentry"],"post_mailing_queue_ids":[],"_links":{"self":[{"href":"https:\/\/agora.xtec.cat\/esc-dolorsmarti\/wp-json\/wp\/v2\/pages\/14723","targetHints":{"allow":["GET"]}}],"collection":[{"href":"https:\/\/agora.xtec.cat\/esc-dolorsmarti\/wp-json\/wp\/v2\/pages"}],"about":[{"href":"https:\/\/agora.xtec.cat\/esc-dolorsmarti\/wp-json\/wp\/v2\/types\/page"}],"author":[{"embeddable":true,"href":"https:\/\/agora.xtec.cat\/esc-dolorsmarti\/wp-json\/wp\/v2\/users\/1"}],"replies":[{"embeddable":true,"href":"https:\/\/agora.xtec.cat\/esc-dolorsmarti\/wp-json\/wp\/v2\/comments?post=14723"}],"version-history":[{"count":5,"href":"https:\/\/agora.xtec.cat\/esc-dolorsmarti\/wp-json\/wp\/v2\/pages\/14723\/revisions"}],"predecessor-version":[{"id":18448,"href":"https:\/\/agora.xtec.cat\/esc-dolorsmarti\/wp-json\/wp\/v2\/pages\/14723\/revisions\/18448"}],"up":[{"embeddable":true,"href":"https:\/\/agora.xtec.cat\/esc-dolorsmarti\/wp-json\/wp\/v2\/pages\/14700"}],"wp:attachment":[{"href":"https:\/\/agora.xtec.cat\/esc-dolorsmarti\/wp-json\/wp\/v2\/media?parent=14723"}],"curies":[{"name":"wp","href":"https:\/\/api.w.org\/{rel}","templated":true}]}}