{"id":32,"date":"2014-09-18T12:31:33","date_gmt":"2014-09-18T11:31:33","guid":{"rendered":"http:\/\/agora.xtec.cat\/esc-dms\/?page_id=32"},"modified":"2018-11-06T15:50:17","modified_gmt":"2018-11-06T14:50:17","slug":"reunions-generals","status":"publish","type":"page","link":"https:\/\/agora.xtec.cat\/esc-dms\/lescola\/reunions-generals\/","title":{"rendered":"Reunions generals"},"content":{"rendered":"<p>Sabem que quan\u00a0<strong>fam\u00edlies i professorat cooperen<\/strong>, els alumnes tendeixen a tenir millors resultats educatius i a gaudir m\u00e9s dels aprenentatges.<\/p>\n<p>Un dels moments clau en la relaci\u00f3 fam\u00edlia-escola s\u00f3n les\u00a0<strong>reunions d\u2019inici de curs<\/strong>.\u00a0Aquestes reunions s\u00f3n una oportunitat per construir \u00a0una col\u00b7laboraci\u00f3 activa i una comunicaci\u00f3 flu\u00efda per un objectiu com\u00fa; el benestar i l\u2019educaci\u00f3 dels infants i adolescents.<\/p>\n<p>Aquest curs les nostres reunions s&#8217;han enfocat en el treball de\u00a0\u00a0<strong>Visi\u00f3 de Centre. <\/strong>Un eix d&#8217;aquesta visi\u00f3 consisteix en analitzar la nostra pr\u00e0ctica educativa. i ho hem fet\u00a0<span style=\"font-weight: 400;\">comprovant que compleixi els set principis de l\u2019aprenentatge. Volem que pogueu con\u00e8ixer com treballem i per qu\u00e8.<\/span><\/p>\n<p>&nbsp;<\/p>\n<p>Abans de comen\u00e7ar el curs els tutors\/es tenen una <strong>entrevista individual<\/strong> amb les fam\u00edlies dels alumnes nous\/ves.<\/p>\n<p>Durant tot el curs hi ha la possibilitat de tenir <strong>entrevistes individuals<\/strong> amb els\/les tutors\/es les vegades que es cregui convenient. Com a m\u00ednim es fa una entrevista amb cada fam\u00edlia.<\/p>\n<p>La comunicaci\u00f3 di\u00e0ria amb les fam\u00edlies es fa mitjan\u00e7ant l&#8217;agenda escolar.<img loading=\"lazy\" decoding=\"async\" class=\" wp-image-4324 aligncenter\" src=\"https:\/\/agora.xtec.cat\/esc-dms\/wp-content\/uploads\/usu439\/2018\/11\/collage.jpg\" alt=\"\" width=\"414\" height=\"414\" srcset=\"https:\/\/agora.xtec.cat\/esc-dms\/wp-content\/uploads\/usu439\/2018\/11\/collage.jpg 640w, https:\/\/agora.xtec.cat\/esc-dms\/wp-content\/uploads\/usu439\/2018\/11\/collage-150x150.jpg 150w, https:\/\/agora.xtec.cat\/esc-dms\/wp-content\/uploads\/usu439\/2018\/11\/collage-300x300.jpg 300w\" sizes=\"auto, (max-width: 414px) 100vw, 414px\" \/><\/p>\n","protected":false},"excerpt":{"rendered":"<p>Sabem que quan\u00a0fam\u00edlies i professorat cooperen, els alumnes tendeixen a tenir millors resultats educatius i a gaudir m\u00e9s dels aprenentatges. Un dels moments clau en la relaci\u00f3 fam\u00edlia-escola s\u00f3n les\u00a0reunions d\u2019inici de curs.\u00a0Aquestes reunions s\u00f3n una oportunitat per construir \u00a0una col\u00b7laboraci\u00f3 activa i una comunicaci\u00f3 flu\u00efda per un objectiu com\u00fa; el benestar i l\u2019educaci\u00f3 dels [&hellip;]<\/p>\n","protected":false},"author":2,"featured_media":0,"parent":22,"menu_order":50,"comment_status":"closed","ping_status":"closed","template":"page-templates\/side-menu.php","meta":{"_bbp_topic_count":0,"_bbp_reply_count":0,"_bbp_total_topic_count":0,"_bbp_total_reply_count":0,"_bbp_voice_count":0,"_bbp_anonymous_reply_count":0,"_bbp_topic_count_hidden":0,"_bbp_reply_count_hidden":0,"_bbp_forum_subforum_count":0,"site-sidebar-layout":"default","site-content-layout":"","ast-site-content-layout":"","site-content-style":"default","site-sidebar-style":"default","ast-global-header-display":"","ast-banner-title-visibility":"","ast-main-header-display":"","ast-hfb-above-header-display":"","ast-hfb-below-header-display":"","ast-hfb-mobile-header-display":"","site-post-title":"","ast-breadcrumbs-content":"","ast-featured-img":"","footer-sml-layout":"","theme-transparent-header-meta":"","adv-header-id-meta":"","stick-header-meta":"","header-above-stick-meta":"","header-main-stick-meta":"","header-below-stick-meta":"","astra-migrate-meta-layouts":"default","ast-page-background-enabled":"default","ast-page-background-meta":{"desktop":{"background-color":"var(--ast-global-color-4)","background-image":"","background-repeat":"repeat","background-position":"center center","background-size":"auto","background-attachment":"scroll","background-type":"","background-media":"","overlay-type":"","overlay-color":"","overlay-opacity":"","overlay-gradient":""},"tablet":{"background-color":"","background-image":"","background-repeat":"repeat","background-position":"center center","background-size":"auto","background-attachment":"scroll","background-type":"","background-media":"","overlay-type":"","overlay-color":"","overlay-opacity":"","overlay-gradient":""},"mobile":{"background-color":"","background-image":"","background-repeat":"repeat","background-position":"center center","background-size":"auto","background-attachment":"scroll","background-type":"","background-media":"","overlay-type":"","overlay-color":"","overlay-opacity":"","overlay-gradient":""}},"ast-content-background-meta":{"desktop":{"background-color":"var(--ast-global-color-5)","background-image":"","background-repeat":"repeat","background-position":"center center","background-size":"auto","background-attachment":"scroll","background-type":"","background-media":"","overlay-type":"","overlay-color":"","overlay-opacity":"","overlay-gradient":""},"tablet":{"background-color":"var(--ast-global-color-5)","background-image":"","background-repeat":"repeat","background-position":"center center","background-size":"auto","background-attachment":"scroll","background-type":"","background-media":"","overlay-type":"","overlay-color":"","overlay-opacity":"","overlay-gradient":""},"mobile":{"background-color":"var(--ast-global-color-5)","background-image":"","background-repeat":"repeat","background-position":"center center","background-size":"auto","background-attachment":"scroll","background-type":"","background-media":"","overlay-type":"","overlay-color":"","overlay-opacity":"","overlay-gradient":""}},"footnotes":""},"class_list":["post-32","page","type-page","status-publish","hentry"],"post_mailing_queue_ids":[],"_links":{"self":[{"href":"https:\/\/agora.xtec.cat\/esc-dms\/wp-json\/wp\/v2\/pages\/32","targetHints":{"allow":["GET"]}}],"collection":[{"href":"https:\/\/agora.xtec.cat\/esc-dms\/wp-json\/wp\/v2\/pages"}],"about":[{"href":"https:\/\/agora.xtec.cat\/esc-dms\/wp-json\/wp\/v2\/types\/page"}],"author":[{"embeddable":true,"href":"https:\/\/agora.xtec.cat\/esc-dms\/wp-json\/wp\/v2\/users\/2"}],"replies":[{"embeddable":true,"href":"https:\/\/agora.xtec.cat\/esc-dms\/wp-json\/wp\/v2\/comments?post=32"}],"version-history":[{"count":3,"href":"https:\/\/agora.xtec.cat\/esc-dms\/wp-json\/wp\/v2\/pages\/32\/revisions"}],"predecessor-version":[{"id":4325,"href":"https:\/\/agora.xtec.cat\/esc-dms\/wp-json\/wp\/v2\/pages\/32\/revisions\/4325"}],"up":[{"embeddable":true,"href":"https:\/\/agora.xtec.cat\/esc-dms\/wp-json\/wp\/v2\/pages\/22"}],"wp:attachment":[{"href":"https:\/\/agora.xtec.cat\/esc-dms\/wp-json\/wp\/v2\/media?parent=32"}],"curies":[{"name":"wp","href":"https:\/\/api.w.org\/{rel}","templated":true}]}}