{"id":30,"date":"2026-01-27T10:30:23","date_gmt":"2026-01-27T09:30:23","guid":{"rendered":"http:\/\/agora.xtec.cat\/esc-dms\/?page_id=30"},"modified":"2026-02-19T15:25:56","modified_gmt":"2026-02-19T14:25:56","slug":"aspectes-importants","status":"publish","type":"page","link":"https:\/\/agora.xtec.cat\/esc-dms\/lescola\/aspectes-importants\/","title":{"rendered":"DOCUMENTS D&#8217;ESCOLA"},"content":{"rendered":"<h2><a href=\"http:\/\/agora.xtec.cat\/esc-dms\/wp-content\/uploads\/usu439\/2014\/09\/PEC_juliol_2016.pdf\" target=\"_blank\" rel=\"noopener noreferrer\"><strong>PEC.<\/strong><\/a><\/h2>\n<p>El Projecte Educatiu del Centre (PEC) \u00e9s el document que defineix com funciona un centre educatiu.<\/p>\n<p>L&#8217;escola\u00a0pret\u00e9n:<\/p>\n<p>Acompanyar l&#8217;alumnat en el creixement intel\u00b7lectual, emocional i social contribuint en la formaci\u00f3 de persones amb esperit cr\u00edtic i compromeses.<\/p>\n<p>Aconseguir que l&#8217;alumnat assoleixi les compet\u00e8ncies b\u00e0siques pr\u00f2pies de l&#8217;etapa per poder desenvolupar-se en el m\u00f3n que els envolta.<\/p>\n<p>Formar l&#8217;alumnat en la responsabilitat dels seus actes i en el respecte envers les persones i l&#8217;entorn.<\/p>\n<p>Aconseguir que les persones que formen part de la comunitat educativa se sentin acollides i estimades a l&#8217;escola.<\/p>\n<p>El Projecte de conviv\u00e8ncia representa per als centres una manera de pensar en com treballar el desenvolupament personal i col\u00b7lectiu de cada alumne.<\/p>\n<p>Generalitat de Catalunya. Departament d&#8217;Educaci\u00f3.<\/p>\n<h2><\/h2>\n<h2><a href=\"https:\/\/drive.google.com\/file\/d\/17i_Tw-23S1Ov7t3X4qcGFRSkzqccUc1O\/view?usp=sharing\" target=\"_blank\" rel=\"noopener noreferrer\"><strong>PROJECTE DE DIRECCI\u00d3 2025-2029<\/strong><\/a><\/h2>\n<p>Aquest projecte concreta els objectius i l\u00ednies prioritaris d&#8217;actuaci\u00f3 per als cursos 2025 a 2029.<\/p>\n<h2><\/h2>\n<h2><strong><a href=\"https:\/\/agora.xtec.cat\/esc-dms\/wp-content\/uploads\/usu439\/2019\/10\/projecte-ling\u00fc\u00edstic-DMS-2014.pdf\" target=\"_blank\" rel=\"noopener noreferrer\">PROJECTE LING\u00dc\u00cdSTIC<\/a><\/strong><\/h2>\n<p><em>&#8220;El projecte ling\u00fc\u00edstic \u00e9s el document que recull els aspectes relatius a l&#8217;ensenyament i a l&#8217;\u00fas de les lleng\u00fces en el centre educatiu.<\/em><\/p>\n<p><em>En aquest document queden definits el tractament de la llengua catalana i, si escau, de l&#8217;aran\u00e8s com a llengua vehicular i d&#8217;aprenentatge, el proc\u00e9s d&#8217;ensenyament i aprenentatge de la llengua castellana, les diferents opcions amb refer\u00e8ncia a les lleng\u00fces estrangeres i els criteris generals per a les adequacions de les lleng\u00fces a la realitat socioling\u00fc\u00edstica del centre.&#8221;<\/em><\/p>\n<p>GENERALITAT DE CATALUNYA. DEPARTAMENT D&#8217;EDUCACI\u00d3.<\/p>\n<h2 align=\"justify\"><a href=\"https:\/\/drive.google.com\/file\/d\/1qHUwiqMXefmcCmOP1Wa6aPmlZ2lffwwm\/view?usp=sharing\" target=\"_blank\" rel=\"noopener\">PLA DE LECTURA DE CENTRE<\/a><\/h2>\n<p>&nbsp;<\/p>\n<h2 align=\"justify\"><strong><a href=\"https:\/\/drive.google.com\/file\/d\/1X-_K_qiprGAY5BUAj1ESfBJCQHhXQMTC\/view?usp=sharing\" target=\"_blank\" rel=\"noopener noreferrer\">PROJECTE DE CONVIV\u00c8NCIA.<\/a>\u00a0<\/strong><\/h2>\n<p align=\"justify\">El Projecte de conviv\u00e8ncia \u00e9s el document que engloba el conjunt d&#8217;accions encaminades a la millora de la conviv\u00e8ncia en el centre educatiu i, per tant, recull les intervencions que el centre docent desenvolupa per tal de capacitar tot l&#8217;alumnat i la resta de la comunitat educativa per a la conviv\u00e8ncia i la gesti\u00f3 positiva de conflictes.<\/p>\n<p>Aquestes accions poden anar adre\u00e7ades a la millora de la conviv\u00e8ncia a l&#8217;aula, al centre &#8230;<\/p>\n<p>Tamb\u00e9 recull els mecanismes que el centre estableix a l&#8217;hora de resoldre els conflictes i de crear\u00a0una atmosfera\u00a0de treball i conviv\u00e8ncia segura i saludable.<\/p>\n<p style=\"font-family: 'Helvetica Neue', Helvetica, Helvetica, Arial, sans-serif; font-size: 16px;\" align=\"justify\"><img loading=\"lazy\" decoding=\"async\" class=\"wp-image-11262 aligncenter\" style=\"text-align: justify;\" src=\"https:\/\/agora.xtec.cat\/esc-dms\/wp-content\/uploads\/usu439\/2023\/10\/Captura-1024x704.jpg\" alt=\"\" width=\"502\" height=\"345\" srcset=\"https:\/\/agora.xtec.cat\/esc-dms\/wp-content\/uploads\/usu439\/2023\/10\/Captura-1024x704.jpg 1024w, https:\/\/agora.xtec.cat\/esc-dms\/wp-content\/uploads\/usu439\/2023\/10\/Captura-300x206.jpg 300w, https:\/\/agora.xtec.cat\/esc-dms\/wp-content\/uploads\/usu439\/2023\/10\/Captura-768x528.jpg 768w, https:\/\/agora.xtec.cat\/esc-dms\/wp-content\/uploads\/usu439\/2023\/10\/Captura.jpg 1219w\" sizes=\"auto, (max-width: 502px) 100vw, 502px\" \/><\/p>\n<h2 align=\"justify\"><\/h2>\n<h2 align=\"justify\"><strong><a href=\"http:\/\/agora.xtec.cat\/esc-dms\/wp-content\/uploads\/usu439\/2014\/09\/NOFC_DMS_maig15.pdf\" target=\"_blank\" rel=\"noopener noreferrer\">NOFC<\/a><\/strong><\/h2>\n<h2><a href=\"https:\/\/drive.google.com\/file\/d\/1xlwGCKJcu3oI8Ld4_4sRIlHXQ99EfJ_W\/view?usp=sharing\" target=\"_blank\" rel=\"noopener\">NOFC DIGITAL (actualitzat a 2025)<\/a><\/h2>\n<p>Aquests documents recullen les normes d&#8217;organitzaci\u00f3 i funcionament de la nostra escola.<\/p>\n<h2><\/h2>\n<h3><a href=\"https:\/\/drive.google.com\/file\/d\/1Ql-IbYOPUL5pIFRELNsMJzrESQuQVduo\/view?usp=sharing\" target=\"_blank\" rel=\"noopener\">PROJECTE EDUCATIU DE ZONA SARRI\u00c0 &#8211; SANT GERVASI<\/a><\/h3>\n<p>Tots els centres educatius p\u00fablics de Sarri\u00e0-Sant Gervasi participen d&#8217;un projecte educatiu com\u00fa centrat\u00a0a\u00a0desenvolupar una educaci\u00f3 integral i de qualitat que faciliti que els infants i joves esdevinguin persones competents i ciutadans responsables per a la societat del segle XXI. La xarxa de centres p\u00fablics (0-18) de Sarri\u00e0-Sant Gervasi est\u00e0 formada per 6 escoles bressol municipals, 6 escoles d&#8217;educaci\u00f3 infantil i prim\u00e0ria, 2 instituts d&#8217;educaci\u00f3 secund\u00e0ria, 1 institut-escola, 1 escola oficial d&#8217;idiomes i 1 centre d&#8217;educaci\u00f3 especial.<\/p>\n<p>Aquest projecte compta amb la implicaci\u00f3 i el suport del servei educatiu, la inspecci\u00f3 educativa i el districte.<\/p>\n<p>&nbsp;<\/p>\n<h3><a href=\"https:\/\/sites.google.com\/xtec.cat\/estrategiadigitaldms\/p%C3%A0gina-principal\" target=\"_blank\" rel=\"noopener\"><strong>ESTRAT\u00c8GIA DIGITAL DE CENTRE (EDC)<\/strong><\/a><\/h3>\n<p>L&#8217;estrat\u00e8gia digital de centre (EDC) defineix i concreta les l\u00ednies d&#8217;actuaci\u00f3 del centre que fan possible que docents, alumnat i centre assoleixin la compet\u00e8ncia digital. Per aconseguir aquesta compet\u00e8ncia digital, l&#8217;EDC compr\u00e8n tots els \u00e0mbits del centre: organitzatius, metodol\u00f2gics, curriculars i comunicatius, els quals s&#8217;han de veure necess\u00e0riament implicats i, si escau, transformats, des d\u2019una perspectiva d&#8217;innovaci\u00f3 i de millora cont\u00ednua.<\/p>\n<h2><\/h2>\n<h2><strong><a href=\"https:\/\/drive.google.com\/file\/d\/1qUczMse2cNSH3X0evflVQ_KH-fZVdyIS\/view?usp=sharing\" target=\"_blank\" rel=\"noopener noreferrer\">PGA\u00a0 del centre 2025-26<\/a><\/strong><\/h2>\n<p>Aquesta \u00e9s la nostra Programaci\u00f3 General Anual del Centre, recull tots els aspectes relatius a l\u2019organitzaci\u00f3 i funcionament de l&#8217; escola, concretant i sistematitzant en objectius les q\u00fcestions prioritzades \u00a0per a aquest curs escolar.<\/p>\n<h2><\/h2>\n<h2><a href=\"https:\/\/drive.google.com\/drive\/folders\/10CUiLo4xKAZpNIs4lI4kRQOwE7oQOW5n?usp=sharing\" target=\"_blank\" rel=\"noopener\"><strong>MEM\u00d2RIA DEL CURS 2024-25<\/strong><\/a><\/h2>\n<p>Aquesta \u00e9s la nostra Mem\u00f2ria Anual de Centre, document on es recull la valoraci\u00f3 de les activitats i d&#8217;altres aspectes que s\u2019han dut a terme durant el curs escolar, d\u2019acord amb l\u2019aplicaci\u00f3 que s\u2019hagi fet del pla anual. La seva elaboraci\u00f3 correspon a la direcci\u00f3 del centre amb les aportacions de l\u2019equip educatiu, i l\u2019aprova el consell escolar.<\/p>\n<p>Cordialment,<\/p>\n<p>L&#8217;equip directiu i el claustre.<\/p>\n","protected":false},"excerpt":{"rendered":"<p>PEC. El Projecte Educatiu del Centre (PEC) \u00e9s el document que defineix com funciona un centre educatiu. L&#8217;escola\u00a0pret\u00e9n: Acompanyar l&#8217;alumnat en el creixement intel\u00b7lectual, emocional i social contribuint en la formaci\u00f3 de persones amb esperit cr\u00edtic i compromeses. Aconseguir que l&#8217;alumnat assoleixi les compet\u00e8ncies b\u00e0siques pr\u00f2pies de l&#8217;etapa per poder desenvolupar-se en el m\u00f3n que [&hellip;]<\/p>\n","protected":false},"author":1,"featured_media":0,"parent":22,"menu_order":20,"comment_status":"closed","ping_status":"closed","template":"","meta":{"_bbp_topic_count":0,"_bbp_reply_count":0,"_bbp_total_topic_count":0,"_bbp_total_reply_count":0,"_bbp_voice_count":0,"_bbp_anonymous_reply_count":0,"_bbp_topic_count_hidden":0,"_bbp_reply_count_hidden":0,"_bbp_forum_subforum_count":0,"site-sidebar-layout":"default","site-content-layout":"","ast-site-content-layout":"default","site-content-style":"default","site-sidebar-style":"default","ast-global-header-display":"","ast-banner-title-visibility":"","ast-main-header-display":"","ast-hfb-above-header-display":"","ast-hfb-below-header-display":"","ast-hfb-mobile-header-display":"","site-post-title":"","ast-breadcrumbs-content":"","ast-featured-img":"","footer-sml-layout":"","theme-transparent-header-meta":"default","adv-header-id-meta":"","stick-header-meta":"","header-above-stick-meta":"","header-main-stick-meta":"","header-below-stick-meta":"","astra-migrate-meta-layouts":"set","ast-page-background-enabled":"default","ast-page-background-meta":{"desktop":{"background-color":"var(--ast-global-color-4)","background-image":"","background-repeat":"repeat","background-position":"center center","background-size":"auto","background-attachment":"scroll","background-type":"","background-media":"","overlay-type":"","overlay-color":"","overlay-opacity":"","overlay-gradient":""},"tablet":{"background-color":"","background-image":"","background-repeat":"repeat","background-position":"center center","background-size":"auto","background-attachment":"scroll","background-type":"","background-media":"","overlay-type":"","overlay-color":"","overlay-opacity":"","overlay-gradient":""},"mobile":{"background-color":"","background-image":"","background-repeat":"repeat","background-position":"center center","background-size":"auto","background-attachment":"scroll","background-type":"","background-media":"","overlay-type":"","overlay-color":"","overlay-opacity":"","overlay-gradient":""}},"ast-content-background-meta":{"desktop":{"background-color":"var(--ast-global-color-5)","background-image":"","background-repeat":"repeat","background-position":"center center","background-size":"auto","background-attachment":"scroll","background-type":"","background-media":"","overlay-type":"","overlay-color":"","overlay-opacity":"","overlay-gradient":""},"tablet":{"background-color":"var(--ast-global-color-5)","background-image":"","background-repeat":"repeat","background-position":"center center","background-size":"auto","background-attachment":"scroll","background-type":"","background-media":"","overlay-type":"","overlay-color":"","overlay-opacity":"","overlay-gradient":""},"mobile":{"background-color":"var(--ast-global-color-5)","background-image":"","background-repeat":"repeat","background-position":"center center","background-size":"auto","background-attachment":"scroll","background-type":"","background-media":"","overlay-type":"","overlay-color":"","overlay-opacity":"","overlay-gradient":""}},"footnotes":""},"class_list":["post-30","page","type-page","status-publish","hentry"],"post_mailing_queue_ids":[],"_links":{"self":[{"href":"https:\/\/agora.xtec.cat\/esc-dms\/wp-json\/wp\/v2\/pages\/30","targetHints":{"allow":["GET"]}}],"collection":[{"href":"https:\/\/agora.xtec.cat\/esc-dms\/wp-json\/wp\/v2\/pages"}],"about":[{"href":"https:\/\/agora.xtec.cat\/esc-dms\/wp-json\/wp\/v2\/types\/page"}],"author":[{"embeddable":true,"href":"https:\/\/agora.xtec.cat\/esc-dms\/wp-json\/wp\/v2\/users\/1"}],"replies":[{"embeddable":true,"href":"https:\/\/agora.xtec.cat\/esc-dms\/wp-json\/wp\/v2\/comments?post=30"}],"version-history":[{"count":6,"href":"https:\/\/agora.xtec.cat\/esc-dms\/wp-json\/wp\/v2\/pages\/30\/revisions"}],"predecessor-version":[{"id":13060,"href":"https:\/\/agora.xtec.cat\/esc-dms\/wp-json\/wp\/v2\/pages\/30\/revisions\/13060"}],"up":[{"embeddable":true,"href":"https:\/\/agora.xtec.cat\/esc-dms\/wp-json\/wp\/v2\/pages\/22"}],"wp:attachment":[{"href":"https:\/\/agora.xtec.cat\/esc-dms\/wp-json\/wp\/v2\/media?parent=30"}],"curies":[{"name":"wp","href":"https:\/\/api.w.org\/{rel}","templated":true}]}}