{"id":77,"date":"2014-09-18T14:05:08","date_gmt":"2014-09-18T13:05:08","guid":{"rendered":"http:\/\/agora.xtec.cat\/esc-copons\/?page_id=77"},"modified":"2025-11-05T10:39:23","modified_gmt":"2025-11-05T09:39:23","slug":"acollida","status":"publish","type":"page","link":"https:\/\/agora.xtec.cat\/esc-copons\/serveis\/acollida\/","title":{"rendered":"Acollida matinal"},"content":{"rendered":"<p>Creiem necessari afavorir la conciliaci\u00f3 de la vida laboral i familiar, per la qual cosa disposem d\u2019un servei d\u2019acollida matinal entre les 8.00h i les 9.00h del mat\u00ed. Est\u00e0 pensat per a les fam\u00edlies que necessiten que les nenes o els nens estiguin atesos mentre no comencin les classes.<\/p>\n<p>El preu del servei \u00e9s el seg\u00fcent:<\/p>\n<ul>\n<li style=\"list-style-type: none;\">\n<ul>\n<li style=\"list-style-type: none;\">\n<ul>\n<li>Fixos: 25\u20ac\/mes<\/li>\n<li>Espor\u00e0dics: 5\u20ac\/dia<\/li>\n<\/ul>\n<\/li>\n<\/ul>\n<\/li>\n<\/ul>\n<p>Els diners s\u2019abonaran en efectiu entre l\u20191 i el 5 de cada mes (els usuaris fixos) a la monitora encarregada de l\u2019acollida. Els usuaris espor\u00e0dics hauran d\u2019abonar els diners en efectiu el mateix dia que en facin \u00fas. Es considera usuari\/a fixe\/a aquells\/es que fan servir el servei d\u2019acollida el mes sencer, si no, hauran de pagar com a usuaris espor\u00e0dics.<\/p>\n","protected":false},"excerpt":{"rendered":"<p>Creiem necessari afavorir la conciliaci\u00f3 de la vida laboral i familiar, per la qual cosa disposem d\u2019un servei d\u2019acollida matinal entre les 8.00h i les 9.00h del mat\u00ed. Est\u00e0 pensat per a les fam\u00edlies que necessiten que les nenes o els nens estiguin atesos mentre&hellip;  <a href=\"https:\/\/agora.xtec.cat\/esc-copons\/serveis\/acollida\/\" title=\"Read Acollida matinal\">Llegeix m\u00e9s\u00bb<\/a><\/p>\n","protected":false},"author":1,"featured_media":0,"parent":66,"menu_order":20,"comment_status":"closed","ping_status":"closed","template":"page-templates\/side-menu.php","meta":{"footnotes":""},"class_list":["post-77","page","type-page","status-publish","hentry"],"post_mailing_queue_ids":[],"_links":{"self":[{"href":"https:\/\/agora.xtec.cat\/esc-copons\/wp-json\/wp\/v2\/pages\/77","targetHints":{"allow":["GET"]}}],"collection":[{"href":"https:\/\/agora.xtec.cat\/esc-copons\/wp-json\/wp\/v2\/pages"}],"about":[{"href":"https:\/\/agora.xtec.cat\/esc-copons\/wp-json\/wp\/v2\/types\/page"}],"author":[{"embeddable":true,"href":"https:\/\/agora.xtec.cat\/esc-copons\/wp-json\/wp\/v2\/users\/1"}],"replies":[{"embeddable":true,"href":"https:\/\/agora.xtec.cat\/esc-copons\/wp-json\/wp\/v2\/comments?post=77"}],"version-history":[{"count":2,"href":"https:\/\/agora.xtec.cat\/esc-copons\/wp-json\/wp\/v2\/pages\/77\/revisions"}],"predecessor-version":[{"id":833,"href":"https:\/\/agora.xtec.cat\/esc-copons\/wp-json\/wp\/v2\/pages\/77\/revisions\/833"}],"up":[{"embeddable":true,"href":"https:\/\/agora.xtec.cat\/esc-copons\/wp-json\/wp\/v2\/pages\/66"}],"wp:attachment":[{"href":"https:\/\/agora.xtec.cat\/esc-copons\/wp-json\/wp\/v2\/media?parent=77"}],"curies":[{"name":"wp","href":"https:\/\/api.w.org\/{rel}","templated":true}]}}