{"id":73,"date":"2014-09-18T14:01:51","date_gmt":"2014-09-18T13:01:51","guid":{"rendered":"http:\/\/agora.xtec.cat\/esc-copons\/?page_id=73"},"modified":"2025-11-05T10:31:20","modified_gmt":"2025-11-05T09:31:20","slug":"menjador-escolar","status":"publish","type":"page","link":"https:\/\/agora.xtec.cat\/esc-copons\/serveis\/menjador-escolar\/","title":{"rendered":"Menjador escolar"},"content":{"rendered":"\n<p>L\u2019empresa que s\u2019encarrega del servei \u00e9s\u00a0<a href=\"https:\/\/lleurequalia.cat\/ca\/c\/menu-escolar-del-mes-102\" data-type=\"link\" data-id=\"https:\/\/lleurequalia.cat\/ca\/c\/menu-escolar-del-mes-102\">QUALIA<\/a>. El men\u00fa del menjador \u00e9s mensual, i est\u00e0 revisat per dietistes de Qualia especialitzats en alimentaci\u00f3 infantil, adaptat a les necessitats dels nens i les nenes i segons les recomanacions del Departament d\u2019Educaci\u00f3 i Salut i tamb\u00e9 preparat per qualsevol al\u00b7l\u00e8rgia o intoler\u00e0ncia aliment\u00e0ria. <\/p>\n\n\n\n<p>L&#8217;alumnat podr\u00e0 utilitzar el menjador de manera continuada, o b\u00e9 de manera espor\u00e0dica. El preu del servei \u00e9s 6,53 \u20ac\/men\u00fa\u00a0per als comensals fixos i 7,05 \u20ac\/men\u00fa<strong>\u00a0<\/strong>pels espor\u00e0dics.<\/p>\n\n\n\n<p>El servei de menjador \u00e9s\u00a0<strong>de 13:00h a 15:00h.\u00a0<\/strong>Poden fer \u00fas d\u2019aquest servei totes les fam\u00edlies des de la Llar d&#8217;Infants fins a 6\u00e8 de Prim\u00e0ria.<\/p>\n\n\n\n<p>A continuaci\u00f3 podeu consultar i\/o baixar els diferents men\u00fas: <\/p>\n\n\n\n<figure class=\"wp-block-image size-large is-resized\"><a href=\"https:\/\/drive.google.com\/drive\/folders\/18zoDqVrCmNhLzOU9QE6hjWiMwPvNn2pI?usp=sharing\"><img loading=\"lazy\" decoding=\"async\" width=\"1024\" height=\"1024\" src=\"https:\/\/agora.xtec.cat\/esc-copons\/wp-content\/uploads\/usu3059\/2024\/11\/icono-carpeta-computadora-estilo-plano-ilustracion-vector-archivo-documentos-sobre-fondo-aislado-concepto-negocio-signo-cartera_157943-1342-1024x1024.jpg\" alt=\"\" class=\"wp-image-609\" style=\"width:87px;height:auto\" srcset=\"https:\/\/agora.xtec.cat\/esc-copons\/wp-content\/uploads\/usu3059\/2024\/11\/icono-carpeta-computadora-estilo-plano-ilustracion-vector-archivo-documentos-sobre-fondo-aislado-concepto-negocio-signo-cartera_157943-1342-1024x1024.jpg 1024w, https:\/\/agora.xtec.cat\/esc-copons\/wp-content\/uploads\/usu3059\/2024\/11\/icono-carpeta-computadora-estilo-plano-ilustracion-vector-archivo-documentos-sobre-fondo-aislado-concepto-negocio-signo-cartera_157943-1342-300x300.jpg 300w, https:\/\/agora.xtec.cat\/esc-copons\/wp-content\/uploads\/usu3059\/2024\/11\/icono-carpeta-computadora-estilo-plano-ilustracion-vector-archivo-documentos-sobre-fondo-aislado-concepto-negocio-signo-cartera_157943-1342-150x150.jpg 150w, https:\/\/agora.xtec.cat\/esc-copons\/wp-content\/uploads\/usu3059\/2024\/11\/icono-carpeta-computadora-estilo-plano-ilustracion-vector-archivo-documentos-sobre-fondo-aislado-concepto-negocio-signo-cartera_157943-1342-768x768.jpg 768w, https:\/\/agora.xtec.cat\/esc-copons\/wp-content\/uploads\/usu3059\/2024\/11\/icono-carpeta-computadora-estilo-plano-ilustracion-vector-archivo-documentos-sobre-fondo-aislado-concepto-negocio-signo-cartera_157943-1342.jpg 1480w\" sizes=\"auto, (max-width: 1024px) 100vw, 1024px\" \/><\/a><\/figure>\n","protected":false},"excerpt":{"rendered":"<p>L\u2019empresa que s\u2019encarrega del servei \u00e9s\u00a0<a href=\"https:\/\/lleurequalia.cat\/ca\/c\/menu-escolar-del-mes-102\" data-type=\"link\" data-id=\"https:\/\/lleurequalia.cat\/ca\/c\/menu-escolar-del-mes-102\">QUALIA<\/a>. El men\u00fa del menjador \u00e9s mensual, i est\u00e0 revisat per dietistes de Qualia especialitzats en alimentaci\u00f3 infantil, adaptat a les necessitats dels nens i les nenes i segons les recomanacions del Departament d\u2019Educaci\u00f3 i Salut i&hellip;  <a href=\"https:\/\/agora.xtec.cat\/esc-copons\/serveis\/menjador-escolar\/\" title=\"Read Menjador escolar\">Llegeix m\u00e9s\u00bb<\/a><\/p>\n","protected":false},"author":1,"featured_media":0,"parent":66,"menu_order":30,"comment_status":"closed","ping_status":"closed","template":"page-templates\/side-menu.php","meta":{"footnotes":""},"class_list":["post-73","page","type-page","status-publish","hentry"],"post_mailing_queue_ids":[],"_links":{"self":[{"href":"https:\/\/agora.xtec.cat\/esc-copons\/wp-json\/wp\/v2\/pages\/73","targetHints":{"allow":["GET"]}}],"collection":[{"href":"https:\/\/agora.xtec.cat\/esc-copons\/wp-json\/wp\/v2\/pages"}],"about":[{"href":"https:\/\/agora.xtec.cat\/esc-copons\/wp-json\/wp\/v2\/types\/page"}],"author":[{"embeddable":true,"href":"https:\/\/agora.xtec.cat\/esc-copons\/wp-json\/wp\/v2\/users\/1"}],"replies":[{"embeddable":true,"href":"https:\/\/agora.xtec.cat\/esc-copons\/wp-json\/wp\/v2\/comments?post=73"}],"version-history":[{"count":2,"href":"https:\/\/agora.xtec.cat\/esc-copons\/wp-json\/wp\/v2\/pages\/73\/revisions"}],"predecessor-version":[{"id":830,"href":"https:\/\/agora.xtec.cat\/esc-copons\/wp-json\/wp\/v2\/pages\/73\/revisions\/830"}],"up":[{"embeddable":true,"href":"https:\/\/agora.xtec.cat\/esc-copons\/wp-json\/wp\/v2\/pages\/66"}],"wp:attachment":[{"href":"https:\/\/agora.xtec.cat\/esc-copons\/wp-json\/wp\/v2\/media?parent=73"}],"curies":[{"name":"wp","href":"https:\/\/api.w.org\/{rel}","templated":true}]}}