{"id":644,"date":"2024-11-12T19:49:02","date_gmt":"2024-11-12T18:49:02","guid":{"rendered":"https:\/\/agora.xtec.cat\/esc-copons\/?page_id=644"},"modified":"2024-11-13T19:46:42","modified_gmt":"2024-11-13T18:46:42","slug":"diagnosi","status":"publish","type":"page","link":"https:\/\/agora.xtec.cat\/esc-copons\/diagnosi\/","title":{"rendered":"Diagnosi"},"content":{"rendered":"\n<p>Amb la finalitat de planificar una estrat\u00e8gia a l\u2019escola QUATRE VENTS \u00e9s imprescindible ser conscients del punt on ens trobem. Cal identificar les nostres fortalesses i debilitats amb relaci\u00f3 a l\u2019assoliment de les compet\u00e8ncies digitals. El curs 2021-2022 es va realitzar la diagnosi de centre a trav\u00e9s de les seg\u00fcents eines: \u00a0enquestes ( Selfie i Selfie for Teacher) , entrevistes i observacions en els tres eixos:\u00a0<strong>alumnat, docents i fam\u00edlies<\/strong>. <\/p>\n\n\n\n<p>Per fer la diagnosi, la comissi\u00f3 digital del centre ha utilitzat tres recursos:<\/p>\n\n\n\n<ul class=\"wp-block-list\">\n<li>Enquesta utilitzant l\u2019eina Selfie a l\u2019equip directiu, professorat i alumnes de Cicle Mitj\u00e0 i Cicle Superior.&nbsp; La participaci\u00f3 del professorat ha estat del 100 %, la de l\u2019alumnat del 75 % i la de l\u2019equip directiu del 100%.<\/li>\n\n\n\n<li>Formulari enviat a les fam\u00edlies de l\u2019escola. La participaci\u00f3 de les fam\u00edlies ha estat del 55 %.<\/li>\n<\/ul>\n\n\n\n<p><strong>Diagnosi:<\/strong><\/p>\n\n\n\n<p>Selfie passat al equip docent i alumnat de la ZER VENT D&#8217;AVALL:&nbsp;SELFIE<\/p>\n","protected":false},"excerpt":{"rendered":"<p>Amb la finalitat de planificar una estrat\u00e8gia a l\u2019escola QUATRE VENTS \u00e9s imprescindible ser conscients del punt on ens trobem. Cal identificar les nostres fortalesses i debilitats amb relaci\u00f3 a l\u2019assoliment de les compet\u00e8ncies digitals. El curs 2021-2022 es va realitzar la diagnosi de centre&hellip;  <a href=\"https:\/\/agora.xtec.cat\/esc-copons\/diagnosi\/\" title=\"Read Diagnosi\">Llegeix m\u00e9s\u00bb<\/a><\/p>\n","protected":false},"author":1,"featured_media":0,"parent":0,"menu_order":0,"comment_status":"closed","ping_status":"close","template":"","meta":{"footnotes":""},"class_list":["post-644","page","type-page","status-publish","hentry"],"post_mailing_queue_ids":[],"_links":{"self":[{"href":"https:\/\/agora.xtec.cat\/esc-copons\/wp-json\/wp\/v2\/pages\/644","targetHints":{"allow":["GET"]}}],"collection":[{"href":"https:\/\/agora.xtec.cat\/esc-copons\/wp-json\/wp\/v2\/pages"}],"about":[{"href":"https:\/\/agora.xtec.cat\/esc-copons\/wp-json\/wp\/v2\/types\/page"}],"author":[{"embeddable":true,"href":"https:\/\/agora.xtec.cat\/esc-copons\/wp-json\/wp\/v2\/users\/1"}],"replies":[{"embeddable":true,"href":"https:\/\/agora.xtec.cat\/esc-copons\/wp-json\/wp\/v2\/comments?post=644"}],"version-history":[{"count":3,"href":"https:\/\/agora.xtec.cat\/esc-copons\/wp-json\/wp\/v2\/pages\/644\/revisions"}],"predecessor-version":[{"id":676,"href":"https:\/\/agora.xtec.cat\/esc-copons\/wp-json\/wp\/v2\/pages\/644\/revisions\/676"}],"wp:attachment":[{"href":"https:\/\/agora.xtec.cat\/esc-copons\/wp-json\/wp\/v2\/media?parent=644"}],"curies":[{"name":"wp","href":"https:\/\/api.w.org\/{rel}","templated":true}]}}