{"id":638,"date":"2024-11-12T19:38:13","date_gmt":"2024-11-12T18:38:13","guid":{"rendered":"https:\/\/agora.xtec.cat\/esc-copons\/?page_id=638"},"modified":"2024-11-12T19:38:13","modified_gmt":"2024-11-12T18:38:13","slug":"edc-estrategia-digital-de-centre-21-22","status":"publish","type":"page","link":"https:\/\/agora.xtec.cat\/esc-copons\/edc-estrategia-digital-de-centre-21-22\/","title":{"rendered":"EDC (ESTRAT\u00c8GIA DIGITAL DE CENTRE) 21-22"},"content":{"rendered":"\n<p>L\u2019Estrat\u00e8gia Digital de Centre (EDC) \u00e9s un document que recull totes les accions que es realitzen en un centre, i les que es realitzaran a mitj\u00e0 termini, per aconseguir la m\u00e0xima compet\u00e8ncia digital de l\u2019alumnat, del professorat i del centre educatiu. Ha de tenir com a referent el Pla d\u2019educaci\u00f3 digital de Catalunya (PEDC), on s\u2019indica la necessitat d\u2019assolir la fita d\u2019una societat digitalment competent, fent \u00e8mfasi en l\u2019equitat i tenint en compte l\u2019evoluci\u00f3 del context social i tecnol\u00f2gic.<\/p>\n\n\n\n<p>L<em>\u2018<\/em>estrat\u00e8gia digital&nbsp;de la ZER&nbsp;compr\u00e8n tots els \u00e0mbits dels centres educatius:&nbsp;<em>organitzatius, metodol\u00f2gics, curriculars i comunicatius,<\/em>&nbsp;per tal d\u2019aconseguir que docent, alumnes i centre assoleixin una&nbsp;<em>compet\u00e8ncia digital.<\/em><\/p>\n\n\n\n<p>A la ZER Vent d\u2019Avall es comen\u00e7a elaborar el&nbsp;<em>Pla d\u2019Estrat\u00e8gia Digital el curs 21\/22<\/em>&nbsp;amb l\u2019acompanyament de l\u2019assessorament d\u2019un&nbsp;<em>mentor digital<\/em>&nbsp;i la&nbsp;<em>Comissi\u00f3 de Cultura Digital de Centre<\/em>.<\/p>\n\n\n\n<p>Seguint les indicacions que ens proporciona el Departament,\u00a0el nostre document\u00a0consta de dues parts:\u00a0<em>la part estrat\u00e8gica i la part de cultura digital.<\/em><\/p>\n\n\n\n<pre class=\"wp-block-code\"><code><\/code><\/pre>\n\n\n\n<figure class=\"wp-block-embed is-type-video is-provider-youtube wp-block-embed-youtube wp-embed-aspect-16-9 wp-has-aspect-ratio\"><div class=\"wp-block-embed__wrapper\">\n<iframe loading=\"lazy\" title=\"Estrat\u00e8gia digital de centre\" width=\"500\" height=\"281\" src=\"https:\/\/www.youtube.com\/embed\/uS5UUZIYLPQ?feature=oembed\" frameborder=\"0\" allow=\"accelerometer; autoplay; clipboard-write; encrypted-media; gyroscope; picture-in-picture; web-share\" referrerpolicy=\"strict-origin-when-cross-origin\" allowfullscreen><\/iframe>\n<\/div><\/figure>\n\n\n\n<p><\/p>\n\n\n\n<p><a href=\"\/#facebook\" rel=\"noreferrer noopener\" target=\"_blank\"><\/a><\/p>\n","protected":false},"excerpt":{"rendered":"<p>L\u2019Estrat\u00e8gia Digital de Centre (EDC) \u00e9s un document que recull totes les accions que es realitzen en un centre, i les que es realitzaran a mitj\u00e0 termini, per aconseguir la m\u00e0xima compet\u00e8ncia digital de l\u2019alumnat, del professorat i del centre educatiu. Ha de tenir com&hellip;  <a href=\"https:\/\/agora.xtec.cat\/esc-copons\/edc-estrategia-digital-de-centre-21-22\/\" title=\"Read EDC (ESTRAT\u00c8GIA DIGITAL DE CENTRE) 21-22\">Llegeix m\u00e9s\u00bb<\/a><\/p>\n","protected":false},"author":1,"featured_media":0,"parent":0,"menu_order":0,"comment_status":"closed","ping_status":"close","template":"","meta":{"footnotes":""},"class_list":["post-638","page","type-page","status-publish","hentry"],"post_mailing_queue_ids":[],"_links":{"self":[{"href":"https:\/\/agora.xtec.cat\/esc-copons\/wp-json\/wp\/v2\/pages\/638","targetHints":{"allow":["GET"]}}],"collection":[{"href":"https:\/\/agora.xtec.cat\/esc-copons\/wp-json\/wp\/v2\/pages"}],"about":[{"href":"https:\/\/agora.xtec.cat\/esc-copons\/wp-json\/wp\/v2\/types\/page"}],"author":[{"embeddable":true,"href":"https:\/\/agora.xtec.cat\/esc-copons\/wp-json\/wp\/v2\/users\/1"}],"replies":[{"embeddable":true,"href":"https:\/\/agora.xtec.cat\/esc-copons\/wp-json\/wp\/v2\/comments?post=638"}],"version-history":[{"count":2,"href":"https:\/\/agora.xtec.cat\/esc-copons\/wp-json\/wp\/v2\/pages\/638\/revisions"}],"predecessor-version":[{"id":640,"href":"https:\/\/agora.xtec.cat\/esc-copons\/wp-json\/wp\/v2\/pages\/638\/revisions\/640"}],"wp:attachment":[{"href":"https:\/\/agora.xtec.cat\/esc-copons\/wp-json\/wp\/v2\/media?parent=638"}],"curies":[{"name":"wp","href":"https:\/\/api.w.org\/{rel}","templated":true}]}}