{"id":34,"date":"2014-09-18T12:32:18","date_gmt":"2014-09-18T11:32:18","guid":{"rendered":"http:\/\/agora.xtec.cat\/esc-copons\/?page_id=34"},"modified":"2025-11-05T10:26:56","modified_gmt":"2025-11-05T09:26:56","slug":"oferta-educativa","status":"publish","type":"page","link":"https:\/\/agora.xtec.cat\/esc-copons\/lescola\/oferta-educativa\/","title":{"rendered":"Oferta educativa"},"content":{"rendered":"<p><em><strong>TIPOLOGIA ESCOLAR<\/strong><\/em><\/p>\n<p>Som una escola catalana de titularitat p\u00fablica, laica, c\u00edclica que pret\u00e9n ser integradora i oberta per a tothom i que t\u00e9 com a objectiu la formaci\u00f3 de persones solid\u00e0ries, tolerants, respectuoses i lliures.<\/p>\n<p>Formem part de la ZER Vent d&#8217;Avall, conjuntament amb les escoles Mare de D\u00e9u del Portal (Prats de Rei), Font de l&#8217;Anoia (Sant Mart\u00ed Sesgueioles) i Sant Roc (Castellfollit del Riubreg\u00f3s).<\/p>\n<p>L\u2019escola Quatre Vents actualment \u00e9s d&#8217;una sola l\u00ednia i t\u00e9 cinc aules (una de la Llar d&#8217;Infants, una d\u2019Infantil i tres de Prim\u00e0ria). El nombre d\u2019alumnes que en formem part s\u00f3n uns 70 aproximadament.<\/p>\n<table class=\" alignleft\" style=\"border-style: dotted; width: 590px;\" width=\"590\">\n<tbody>\n<tr>\n<td width=\"233\"><span style=\"background-color: #ffff99;\">\u00a0<strong>CRITERIS<\/strong><\/span><\/td>\n<td width=\"20\"><\/td>\n<td width=\"345\"><span style=\"background-color: #ffff99;\"><strong>TIPOLOGIA DE CENTRE<\/strong><\/span><\/td>\n<\/tr>\n<tr>\n<td width=\"233\">Denominaci\u00f3<\/td>\n<td width=\"20\"><\/td>\n<td width=\"345\">Escola Quatre Vents<\/td>\n<\/tr>\n<tr>\n<td width=\"233\">Titularitat<\/td>\n<td width=\"20\"><\/td>\n<td width=\"345\">P\u00fablica depenent del Departament d\u2019Educaci\u00f3<\/td>\n<\/tr>\n<tr>\n<td width=\"233\">Nivells educatius que ofereix<\/td>\n<td width=\"20\"><\/td>\n<td width=\"345\">Ed. Infantil i Ed. Prim\u00e0ria<\/td>\n<\/tr>\n<tr>\n<td width=\"233\">Ubicaci\u00f3 s\u00f2cio-geogr\u00e0fica<\/td>\n<td width=\"20\"><\/td>\n<td width=\"345\">Rural<\/td>\n<\/tr>\n<tr>\n<td width=\"233\">Horari<\/td>\n<td width=\"20\"><\/td>\n<td width=\"345\">Alumnat: 9:00h-13:00h i 15:00h-17:00h<\/td>\n<\/tr>\n<tr>\n<td width=\"233\">Finan\u00e7ament<\/td>\n<td width=\"20\"><\/td>\n<td width=\"345\">Gratu\u00eft<\/td>\n<\/tr>\n<\/tbody>\n<\/table>\n","protected":false},"excerpt":{"rendered":"<p>TIPOLOGIA ESCOLAR<br \/>\nSom una escola catalana de titularitat p\u00fablica, laica, c\u00edclica que pret\u00e9n ser integradora i oberta per a tothom i que t\u00e9 com a objectiu la formaci\u00f3 de persones solid\u00e0ries, tolerants, respectuoses i lliures.<br \/>\nFormem part de la ZER Vent d&#8217;Avall, conjuntament amb les escoles Mare&hellip;  <a href=\"https:\/\/agora.xtec.cat\/esc-copons\/lescola\/oferta-educativa\/\" title=\"Read Oferta educativa\">Llegeix m\u00e9s\u00bb<\/a><\/p>\n","protected":false},"author":1,"featured_media":0,"parent":22,"menu_order":60,"comment_status":"closed","ping_status":"closed","template":"page-templates\/side-menu.php","meta":{"footnotes":""},"class_list":["post-34","page","type-page","status-publish","hentry"],"post_mailing_queue_ids":[],"_links":{"self":[{"href":"https:\/\/agora.xtec.cat\/esc-copons\/wp-json\/wp\/v2\/pages\/34","targetHints":{"allow":["GET"]}}],"collection":[{"href":"https:\/\/agora.xtec.cat\/esc-copons\/wp-json\/wp\/v2\/pages"}],"about":[{"href":"https:\/\/agora.xtec.cat\/esc-copons\/wp-json\/wp\/v2\/types\/page"}],"author":[{"embeddable":true,"href":"https:\/\/agora.xtec.cat\/esc-copons\/wp-json\/wp\/v2\/users\/1"}],"replies":[{"embeddable":true,"href":"https:\/\/agora.xtec.cat\/esc-copons\/wp-json\/wp\/v2\/comments?post=34"}],"version-history":[{"count":5,"href":"https:\/\/agora.xtec.cat\/esc-copons\/wp-json\/wp\/v2\/pages\/34\/revisions"}],"predecessor-version":[{"id":829,"href":"https:\/\/agora.xtec.cat\/esc-copons\/wp-json\/wp\/v2\/pages\/34\/revisions\/829"}],"up":[{"embeddable":true,"href":"https:\/\/agora.xtec.cat\/esc-copons\/wp-json\/wp\/v2\/pages\/22"}],"wp:attachment":[{"href":"https:\/\/agora.xtec.cat\/esc-copons\/wp-json\/wp\/v2\/media?parent=34"}],"curies":[{"name":"wp","href":"https:\/\/api.w.org\/{rel}","templated":true}]}}