{"id":28,"date":"2014-09-18T12:29:35","date_gmt":"2014-09-18T11:29:35","guid":{"rendered":"http:\/\/agora.xtec.cat\/esc-copons\/?page_id=28"},"modified":"2025-11-05T10:17:33","modified_gmt":"2025-11-05T09:17:33","slug":"consell-escolar","status":"publish","type":"page","link":"https:\/\/agora.xtec.cat\/esc-copons\/lescola\/consell-escolar\/","title":{"rendered":"Plantilla de mestres"},"content":{"rendered":"\n<p><b>XICS<\/b><\/p>\n\n\n\n<p>Infantil 1,2 (Llar)&nbsp; &nbsp; &nbsp; &nbsp; &nbsp; &nbsp; &nbsp; &nbsp; &nbsp; &nbsp; \u2013&nbsp; &nbsp; Yudo L\u00f3pez i X\u00e8nia Sanz&nbsp; &nbsp;<\/p>\n\n\n\n<p>________________________________________________________________________________________________________________<\/p>\n\n\n\n<p><strong>MINIS<\/strong>&nbsp; &nbsp; &nbsp; &nbsp; &nbsp; &nbsp; &nbsp; &nbsp;<\/p>\n\n\n\n<p>Infantil 3, 4, 5 (I3, I4, I5)&nbsp; &nbsp; &nbsp; &nbsp; &nbsp; &nbsp;\u2013&nbsp; &nbsp;Raquel&nbsp;Ceballos i Anna Alberni<\/p>\n\n\n\n<p>________________________________________________________________________________________________________________<\/p>\n\n\n\n<p><b>PETITS i PETITES&nbsp; &nbsp; &nbsp; &nbsp; &nbsp; &nbsp; &nbsp; &nbsp; &nbsp; &nbsp; &nbsp; &nbsp; &nbsp; &nbsp; &nbsp; &nbsp; &nbsp; &nbsp; &nbsp; &nbsp; &nbsp; &nbsp; &nbsp; &nbsp; &nbsp; &nbsp; &nbsp; &nbsp; &nbsp; &nbsp; &nbsp; &nbsp; &nbsp; &nbsp; &nbsp; &nbsp; &nbsp; &nbsp; &nbsp; &nbsp; &nbsp; &nbsp;<\/b><\/p>\n\n\n\n<p>1r i 2n (Cicle Inicial)&nbsp; &nbsp; &nbsp; &nbsp; &nbsp; &nbsp; &nbsp; &nbsp; \u2013&nbsp; Jordi Ju\u00e1rez i N\u00faria Moncl\u00fas<\/p>\n\n\n\n<p>________________________________________________________________________________________________________________<\/p>\n\n\n\n<p><b>MITJANS I MITJANES<\/b><\/p>\n\n\n\n<p>3r i 4t (Cicle Mitj\u00e0)&nbsp; &nbsp; &nbsp; &nbsp; &nbsp; &nbsp; &nbsp; &nbsp; \u2013 Anna Tormo i N\u00faria Ortego<\/p>\n\n\n\n<p>________________________________________________________________________________________________________________<\/p>\n\n\n\n<p><b>GRANS<\/b><\/p>\n\n\n\n<p>5\u00e8 i 6\u00e8 (Cicle Superior)&nbsp; &nbsp; &nbsp; &nbsp; \u2013&nbsp; Al\u00e8xia Malet i Cristina Queralt<\/p>\n\n\n\n<p>________________________________________________________________________________________________________________<\/p>\n\n\n\n<p><b>M\u00daSICA:<\/b> Anna Casamitjana\u00a0<\/p>\n\n\n\n<p><b>ED.F\u00cdSICA:<\/b> Llu\u00eds Egea<\/p>\n\n\n\n<p><b>ANGL\u00c8S:<\/b> N\u00faria Ortego i Laia Gonz\u00e1lez<\/p>\n\n\n\n<p><b>ED.ESPECIAL:<\/b> M. Merc\u00e8 Vila i Jennifer Prat<\/p>\n\n\n\n<p><strong>SUPORT:<\/strong> Yolanda Albarran<\/p>\n\n\n\n<p><\/p>\n","protected":false},"excerpt":{"rendered":"<p>XICS<\/p>\n<p>Infantil 1,2 (Llar)&nbsp; &nbsp; &nbsp; &nbsp; &nbsp; &nbsp; &nbsp; &nbsp; &nbsp; &nbsp; \u2013&nbsp; &nbsp; Yudo L\u00f3pez i X\u00e8nia Sanz&nbsp; &nbsp;<\/p>\n<p>________________________________________________________________________________________________________________<\/p>\n<p>MINIS&nbsp; &nbsp; &nbsp; &nbsp; &nbsp; &nbsp; &nbsp; &nbsp;<\/p>\n<p>Infantil 3, 4, 5 (I3, I4, I5)&nbsp; &nbsp; &nbsp; &nbsp; &nbsp; &nbsp;\u2013&nbsp; &nbsp;Raquel&nbsp;Ceballos i Anna Alberni<\/p>\n<p>________________________________________________________________________________________________________________<\/p>\n<p>PETITS i PETITES&nbsp; &nbsp;&hellip;  <a href=\"https:\/\/agora.xtec.cat\/esc-copons\/lescola\/consell-escolar\/\" title=\"Read Plantilla de mestres\">Llegeix m\u00e9s\u00bb<\/a><\/p>\n","protected":false},"author":1,"featured_media":0,"parent":22,"menu_order":30,"comment_status":"closed","ping_status":"closed","template":"page-templates\/side-menu.php","meta":{"footnotes":""},"class_list":["post-28","page","type-page","status-publish","hentry"],"post_mailing_queue_ids":[],"_links":{"self":[{"href":"https:\/\/agora.xtec.cat\/esc-copons\/wp-json\/wp\/v2\/pages\/28","targetHints":{"allow":["GET"]}}],"collection":[{"href":"https:\/\/agora.xtec.cat\/esc-copons\/wp-json\/wp\/v2\/pages"}],"about":[{"href":"https:\/\/agora.xtec.cat\/esc-copons\/wp-json\/wp\/v2\/types\/page"}],"author":[{"embeddable":true,"href":"https:\/\/agora.xtec.cat\/esc-copons\/wp-json\/wp\/v2\/users\/1"}],"replies":[{"embeddable":true,"href":"https:\/\/agora.xtec.cat\/esc-copons\/wp-json\/wp\/v2\/comments?post=28"}],"version-history":[{"count":6,"href":"https:\/\/agora.xtec.cat\/esc-copons\/wp-json\/wp\/v2\/pages\/28\/revisions"}],"predecessor-version":[{"id":826,"href":"https:\/\/agora.xtec.cat\/esc-copons\/wp-json\/wp\/v2\/pages\/28\/revisions\/826"}],"up":[{"embeddable":true,"href":"https:\/\/agora.xtec.cat\/esc-copons\/wp-json\/wp\/v2\/pages\/22"}],"wp:attachment":[{"href":"https:\/\/agora.xtec.cat\/esc-copons\/wp-json\/wp\/v2\/media?parent=28"}],"curies":[{"name":"wp","href":"https:\/\/api.w.org\/{rel}","templated":true}]}}