{"id":84,"date":"2020-09-27T11:00:31","date_gmt":"2020-09-27T09:00:31","guid":{"rendered":"http:\/\/agora.xtec.cat\/esc-concepcion-arenal\/?page_id=84"},"modified":"2025-10-30T10:35:58","modified_gmt":"2025-10-30T09:35:58","slug":"activitats-extraescolars","status":"publish","type":"page","link":"https:\/\/agora.xtec.cat\/esc-concepcion-arenal\/serveis\/activitats-extraescolars\/","title":{"rendered":"Activitats extraescolars 2025-2026"},"content":{"rendered":"<p><a href=\"https:\/\/agora.xtec.cat\/esc-concepcion-arenal\/wp-content\/uploads\/usu2031\/2021\/10\/casal-dels-infants.jpg\"><img loading=\"lazy\" decoding=\"async\" class=\"wp-image-4207 alignnone\" src=\"https:\/\/agora.xtec.cat\/esc-concepcion-arenal\/wp-content\/uploads\/usu2031\/2021\/10\/casal-dels-infants-300x150.jpg\" alt=\"\" width=\"274\" height=\"137\" srcset=\"https:\/\/agora.xtec.cat\/esc-concepcion-arenal\/wp-content\/uploads\/usu2031\/2021\/10\/casal-dels-infants-300x150.jpg 300w, https:\/\/agora.xtec.cat\/esc-concepcion-arenal\/wp-content\/uploads\/usu2031\/2021\/10\/casal-dels-infants.jpg 312w\" sizes=\"auto, (max-width: 274px) 100vw, 274px\" \/><\/a><a href=\"https:\/\/agora.xtec.cat\/esc-concepcion-arenal\/wp-content\/uploads\/usu2031\/2021\/09\/CE.jpg\"><img loading=\"lazy\" decoding=\"async\" class=\"wp-image-4033 alignnone\" src=\"https:\/\/agora.xtec.cat\/esc-concepcion-arenal\/wp-content\/uploads\/usu2031\/2021\/09\/CE.jpg\" alt=\"\" width=\"204\" height=\"168\" \/> <\/a><a href=\"https:\/\/agora.xtec.cat\/esc-concepcion-arenal\/wp-content\/uploads\/usu2031\/2021\/10\/creu-roja.png\"><img loading=\"lazy\" decoding=\"async\" class=\"alignnone wp-image-4209\" src=\"https:\/\/agora.xtec.cat\/esc-concepcion-arenal\/wp-content\/uploads\/usu2031\/2021\/10\/creu-roja.png\" alt=\"\" width=\"201\" height=\"201\" srcset=\"https:\/\/agora.xtec.cat\/esc-concepcion-arenal\/wp-content\/uploads\/usu2031\/2021\/10\/creu-roja.png 225w, https:\/\/agora.xtec.cat\/esc-concepcion-arenal\/wp-content\/uploads\/usu2031\/2021\/10\/creu-roja-150x150.png 150w\" sizes=\"auto, (max-width: 201px) 100vw, 201px\" \/><\/a><\/p>\n<p><a href=\"https:\/\/agora.xtec.cat\/esc-concepcion-arenal\/wp-content\/uploads\/usu2031\/2021\/10\/menjallibres.png\"><img loading=\"lazy\" decoding=\"async\" class=\"aligncenter size-medium wp-image-4213\" src=\"https:\/\/agora.xtec.cat\/esc-concepcion-arenal\/wp-content\/uploads\/usu2031\/2021\/10\/menjallibres-300x65.png\" alt=\"\" width=\"300\" height=\"65\" srcset=\"https:\/\/agora.xtec.cat\/esc-concepcion-arenal\/wp-content\/uploads\/usu2031\/2021\/10\/menjallibres-300x65.png 300w, https:\/\/agora.xtec.cat\/esc-concepcion-arenal\/wp-content\/uploads\/usu2031\/2021\/10\/menjallibres.png 512w\" sizes=\"auto, (max-width: 300px) 100vw, 300px\" \/><\/a><\/p>\n<ul style=\"list-style-type: circle;\">\n<li><a href=\"https:\/\/drive.google.com\/file\/d\/1-tEymcXe1i-UZLOS8PC8XKDhMifaBLH8\/view?usp=sharing\" target=\"_blank\" rel=\"noopener\">QUADRE D&#8217;ACTIVITATS EXTRAESCOLARS 2025-2026<\/a><\/li>\n<li><span style=\"color: #ff0000;\">EXTRA EXTRA <\/span>(Petits Artistes 1r i 2n, CreaArt 3r a 6\u00e8, Rob\u00f2tica i experiments cient\u00edfics eXplorium 5\u00e8 i 6\u00e8). <a href=\"https:\/\/agora.xtec.cat\/esc-concepcion-arenal\/tag\/extra-extra\/\" target=\"_blank\" rel=\"noopener\">Llegeix articles relacionats<\/a>.<\/li>\n<li>Activitats Convivim esportivament: <span style=\"color: #ff0000;\"><a href=\"https:\/\/panel.feeb.cat\/alta-alumnos\/0wIG4L0hYUrPW0vIkz8J_p0r_2Bg_p0r_3D_p0r_3D\" target=\"_blank\" rel=\"noopener\">FORMULARI D&#8217;INSCRIPCIONS<\/a>.\u00a0<\/span>\n<ul style=\"list-style-type: circle;\">\n<li>Mou-te al ritme de la m\u00fasica Dilluns i dimecres de 16.00 h a 17.00 h d&#8217;I3 a I5.<\/li>\n<li><span style=\"color: #3366ff;\"><a href=\"https:\/\/agora.xtec.cat\/esc-concepcion-arenal\/?page_id=4628&amp;preview=true\" target=\"_blank\" rel=\"noopener\">Iniciaci\u00f3 esportiva<\/a> <a href=\"https:\/\/drive.google.com\/file\/d\/1HDTA0GW_BmhjV-aCm6MP9_KfR4CPS8-Q\/view?usp=sharing\" target=\"_blank\" rel=\"noopener\">Divendres de 14.30 h a 15.30 h Educaci\u00f3 Infantil.<\/a><\/span><\/li>\n<li><a href=\"https:\/\/drive.google.com\/file\/d\/1-lx0kaVPgn-Dn6zI-oysZizsYb1mheD-\/view?usp=sharing\" target=\"_blank\" rel=\"noopener\"><span style=\"color: #3366ff;\">Dansa Urbana Divendres de 14.30 h a 15.30 h Educaci\u00f3 Prim\u00e0ria.<\/span><\/a><\/li>\n<li><a href=\"https:\/\/drive.google.com\/file\/d\/1BFNXTtNiz0tttVAWV-YQLEUr3hDt8EeF\/view?usp=sharing\" target=\"_blank\" rel=\"noopener\"><span style=\"color: #3366ff;\"> Futbol Divendres de 14.30 h a 15.30 h de 1r a 3r i de 15.30 h a 16.30 h de 4t a 6\u00e8.<\/span><\/a><\/li>\n<\/ul>\n<\/li>\n<li><span style=\"color: #3366ff;\"><a href=\"https:\/\/agora.xtec.cat\/esc-concepcion-arenal\/serveis\/activitats-extraescolars\/suport-socio-educatiu\/\" target=\"_blank\" rel=\"noopener noreferrer\">Suport socio-educatiu (Casal dels infants) <\/a><\/span>(de dilluns a dijous de 16\u202fh a 18.30\u202fh per a l&#8217;alumnat de 4t, 5\u00e8 i 6\u00e8).<\/li>\n<li><strong><span style=\"color: #ff0000;\">NOU:<\/span><\/strong> CASALET 1 (<a href=\"https:\/\/www.casaldelsinfants.org\/qui-som\/\" target=\"_blank\" rel=\"noopener\">Casal dels infants<\/a>) (dilluns i dimecres de 16 h a 19.00 h per a l&#8217;alumnat d&#8217;I3 a 3r).<\/li>\n<li><span style=\"color: #ff0000;\"><strong>NOU:<\/strong><\/span> CASALET 2 (<a href=\"https:\/\/www.casaldelsinfants.org\/qui-som\/\" target=\"_blank\" rel=\"noopener\">Casal dels infants<\/a>) (dimarts, dijous i divendres de 16 h a 19.00 h per a l&#8217;alumnat d&#8217;I3 a 3r).<\/li>\n<li>Espai educatiu Creu Roja (dimecres de 16\u202fh a 18\u202fh per a l&#8217;alumnat de Prim\u00e0ria)<\/li>\n<li><a href=\"https:\/\/agora.xtec.cat\/esc-concepcion-arenal\/projecte-lacam\/\" target=\"_blank\" rel=\"noopener\">Classes d&#8217;\u00e0rab<\/a> (dijous de 16\u202fh a 17.30\u202fh per a l&#8217;alumnat de 4t, 5\u00e8 i 6\u00e8).<\/li>\n<li><a href=\"https:\/\/agora.xtec.cat\/esc-concepcion-arenal\/menjallibres\/\" target=\"_blank\" rel=\"noopener\">Menjallibres<\/a> (dimarts i dijous de 16\u202fh a 17.30\u202fh per a l&#8217;alumnat de 2n i 3r).<\/li>\n<li><a href=\"https:\/\/www.edubcn.cat\/ca\/suport_educatiu_recursos\/plans_programes\/tangram\" target=\"_blank\" rel=\"noopener\">T\u00e0ngram<\/a> (dilluns a dimecres de 16\u202fh a 17.30\u202fh i divendres de 15.30\u202fh a 17\u202fh per a l&#8217;alumnat de 1r i 2n).<\/li>\n<\/ul>\n<p><a href=\"https:\/\/agora.xtec.cat\/esc-concepcion-arenal\/wp-content\/uploads\/usu2031\/2023\/10\/logo-pmoe.jpg\"><img loading=\"lazy\" decoding=\"async\" class=\"aligncenter size-medium wp-image-9981\" src=\"https:\/\/agora.xtec.cat\/esc-concepcion-arenal\/wp-content\/uploads\/usu2031\/2023\/10\/logo-pmoe-300x212.jpg\" alt=\"\" width=\"300\" height=\"212\" srcset=\"https:\/\/agora.xtec.cat\/esc-concepcion-arenal\/wp-content\/uploads\/usu2031\/2023\/10\/logo-pmoe-300x212.jpg 300w, https:\/\/agora.xtec.cat\/esc-concepcion-arenal\/wp-content\/uploads\/usu2031\/2023\/10\/logo-pmoe-768x542.jpg 768w, https:\/\/agora.xtec.cat\/esc-concepcion-arenal\/wp-content\/uploads\/usu2031\/2023\/10\/logo-pmoe.jpg 1024w\" sizes=\"auto, (max-width: 300px) 100vw, 300px\" \/><\/a><\/p>\n","protected":false},"excerpt":{"rendered":"<p>QUADRE D&#8217;ACTIVITATS EXTRAESCOLARS 2025-2026 EXTRA EXTRA (Petits Artistes 1r i 2n, CreaArt 3r a 6\u00e8, Rob\u00f2tica i experiments cient\u00edfics eXplorium 5\u00e8 i 6\u00e8). Llegeix articles relacionats. Activitats Convivim esportivament: FORMULARI D&#8217;INSCRIPCIONS.\u00a0 Mou-te al ritme de la m\u00fasica Dilluns i dimecres de 16.00 h a 17.00 h d&#8217;I3 a I5. Iniciaci\u00f3 esportiva Divendres de 14.30 h [&hellip;]<\/p>\n","protected":false},"author":1,"featured_media":0,"parent":66,"menu_order":40,"comment_status":"closed","ping_status":"closed","template":"page-templates\/side-menu.php","meta":{"_bbp_topic_count":0,"_bbp_reply_count":0,"_bbp_total_topic_count":0,"_bbp_total_reply_count":0,"_bbp_voice_count":0,"_bbp_anonymous_reply_count":0,"_bbp_topic_count_hidden":0,"_bbp_reply_count_hidden":0,"_bbp_forum_subforum_count":0,"site-sidebar-layout":"default","site-content-layout":"","ast-site-content-layout":"","site-content-style":"default","site-sidebar-style":"default","ast-global-header-display":"","ast-banner-title-visibility":"","ast-main-header-display":"","ast-hfb-above-header-display":"","ast-hfb-below-header-display":"","ast-hfb-mobile-header-display":"","site-post-title":"","ast-breadcrumbs-content":"","ast-featured-img":"","footer-sml-layout":"","theme-transparent-header-meta":"","adv-header-id-meta":"","stick-header-meta":"","header-above-stick-meta":"","header-main-stick-meta":"","header-below-stick-meta":"","astra-migrate-meta-layouts":"default","ast-page-background-enabled":"default","ast-page-background-meta":{"desktop":{"background-color":"var(--ast-global-color-4)","background-image":"","background-repeat":"repeat","background-position":"center center","background-size":"auto","background-attachment":"scroll","background-type":"","background-media":"","overlay-type":"","overlay-color":"","overlay-opacity":"","overlay-gradient":""},"tablet":{"background-color":"","background-image":"","background-repeat":"repeat","background-position":"center center","background-size":"auto","background-attachment":"scroll","background-type":"","background-media":"","overlay-type":"","overlay-color":"","overlay-opacity":"","overlay-gradient":""},"mobile":{"background-color":"","background-image":"","background-repeat":"repeat","background-position":"center center","background-size":"auto","background-attachment":"scroll","background-type":"","background-media":"","overlay-type":"","overlay-color":"","overlay-opacity":"","overlay-gradient":""}},"ast-content-background-meta":{"desktop":{"background-color":"var(--ast-global-color-5)","background-image":"","background-repeat":"repeat","background-position":"center center","background-size":"auto","background-attachment":"scroll","background-type":"","background-media":"","overlay-type":"","overlay-color":"","overlay-opacity":"","overlay-gradient":""},"tablet":{"background-color":"var(--ast-global-color-5)","background-image":"","background-repeat":"repeat","background-position":"center center","background-size":"auto","background-attachment":"scroll","background-type":"","background-media":"","overlay-type":"","overlay-color":"","overlay-opacity":"","overlay-gradient":""},"mobile":{"background-color":"var(--ast-global-color-5)","background-image":"","background-repeat":"repeat","background-position":"center center","background-size":"auto","background-attachment":"scroll","background-type":"","background-media":"","overlay-type":"","overlay-color":"","overlay-opacity":"","overlay-gradient":""}},"footnotes":""},"class_list":["post-84","page","type-page","status-publish","hentry"],"post_mailing_queue_ids":[],"_links":{"self":[{"href":"https:\/\/agora.xtec.cat\/esc-concepcion-arenal\/wp-json\/wp\/v2\/pages\/84","targetHints":{"allow":["GET"]}}],"collection":[{"href":"https:\/\/agora.xtec.cat\/esc-concepcion-arenal\/wp-json\/wp\/v2\/pages"}],"about":[{"href":"https:\/\/agora.xtec.cat\/esc-concepcion-arenal\/wp-json\/wp\/v2\/types\/page"}],"author":[{"embeddable":true,"href":"https:\/\/agora.xtec.cat\/esc-concepcion-arenal\/wp-json\/wp\/v2\/users\/1"}],"replies":[{"embeddable":true,"href":"https:\/\/agora.xtec.cat\/esc-concepcion-arenal\/wp-json\/wp\/v2\/comments?post=84"}],"version-history":[{"count":8,"href":"https:\/\/agora.xtec.cat\/esc-concepcion-arenal\/wp-json\/wp\/v2\/pages\/84\/revisions"}],"predecessor-version":[{"id":15963,"href":"https:\/\/agora.xtec.cat\/esc-concepcion-arenal\/wp-json\/wp\/v2\/pages\/84\/revisions\/15963"}],"up":[{"embeddable":true,"href":"https:\/\/agora.xtec.cat\/esc-concepcion-arenal\/wp-json\/wp\/v2\/pages\/66"}],"wp:attachment":[{"href":"https:\/\/agora.xtec.cat\/esc-concepcion-arenal\/wp-json\/wp\/v2\/media?parent=84"}],"curies":[{"name":"wp","href":"https:\/\/api.w.org\/{rel}","templated":true}]}}