{"id":82,"date":"2020-10-21T19:59:51","date_gmt":"2020-10-21T17:59:51","guid":{"rendered":"http:\/\/agora.xtec.cat\/esc-concepcion-arenal\/?page_id=82"},"modified":"2023-10-06T12:18:34","modified_gmt":"2023-10-06T10:18:34","slug":"concilia","status":"publish","type":"page","link":"https:\/\/agora.xtec.cat\/esc-concepcion-arenal\/serveis\/concilia\/","title":{"rendered":"Concilia"},"content":{"rendered":"<div><\/div>\n<div>\n<div>\n<p dir=\"ltr\">\u00c9s un <b>Servei gratu\u00eft de l&#8217;Ajuntament de Barcelona<\/b> per la conciliaci\u00f3 de la vida laboral, familiar i personal de les fam\u00edlies residents a la ciutat. <img decoding=\"async\" class=\"an1\" src=\"https:\/\/fonts.gstatic.com\/s\/e\/notoemoji\/14.0\/1f931_1f3fc\/72.png\" alt=\"\ud83e\udd31\ud83c\udffc\" data-emoji=\"\ud83e\udd31\ud83c\udffc\" aria-label=\"\ud83e\udd31\ud83c\udffc\" \/> Pots sol\u00b7licitar-lo de manera puntual o quan ho necessitis, consultant disponibilitat.<\/p>\n<p dir=\"ltr\"><b>A QUI VA DIRIGIT?<\/b><\/p>\n<p dir=\"ltr\"><img decoding=\"async\" class=\"an1\" src=\"https:\/\/fonts.gstatic.com\/s\/e\/notoemoji\/14.0\/1f9d2_1f3fd\/72.png\" alt=\"\ud83e\uddd2\ud83c\udffd\" data-emoji=\"\ud83e\uddd2\ud83c\udffd\" aria-label=\"\ud83e\uddd2\ud83c\udffd\" \/><img decoding=\"async\" class=\"an1\" src=\"https:\/\/fonts.gstatic.com\/s\/e\/notoemoji\/14.0\/1f9d2\/72.png\" alt=\"\ud83e\uddd2\" data-emoji=\"\ud83e\uddd2\" aria-label=\"\ud83e\uddd2\" \/> Infants d&#8217;1 a 12 anys<\/p>\n<p dir=\"ltr\"><img decoding=\"async\" class=\"an1\" src=\"https:\/\/fonts.gstatic.com\/s\/e\/notoemoji\/14.0\/2763_fe0f\/72.png\" alt=\"\u2763\ufe0f\" data-emoji=\"\u2763\ufe0f\" aria-label=\"\u2763\ufe0f\" \/> Atenci\u00f3 a infants amb Necessitats Educatives Especials<\/p>\n<p dir=\"ltr\"><img decoding=\"async\" class=\"an1\" src=\"https:\/\/fonts.gstatic.com\/s\/e\/notoemoji\/14.0\/1f471_1f3fe_200d_2640_fe0f\/72.png\" alt=\"\ud83d\udc71\ud83c\udffe\u200d\u2640\ufe0f\" data-emoji=\"\ud83d\udc71\ud83c\udffe\u200d\u2640\ufe0f\" aria-label=\"\ud83d\udc71\ud83c\udffe\u200d\u2640\ufe0f\" \/> Fam\u00edlies monoparentals o dones que pateixen viol\u00e8ncia masclista<\/p>\n<p dir=\"ltr\"><img decoding=\"async\" class=\"an1\" src=\"https:\/\/fonts.gstatic.com\/s\/e\/notoemoji\/14.0\/1f465\/72.png\" alt=\"\ud83d\udc65\" data-emoji=\"\ud83d\udc65\" aria-label=\"\ud83d\udc65\" \/> Fam\u00edlies nombroses o aquelles amb pocs recursos<\/p>\n<p dir=\"ltr\"><b>HORARIS I DIES<\/b><\/p>\n<p dir=\"ltr\"><img loading=\"lazy\" decoding=\"async\" class=\"an1\" src=\"https:\/\/fonts.gstatic.com\/s\/e\/notoemoji\/14.0\/1f4c6\/72.png\" alt=\"\ud83d\udcc6\" width=\"61\" height=\"61\" data-emoji=\"\ud83d\udcc6\" aria-label=\"\ud83d\udcc6\" \/>\u00a0 <img loading=\"lazy\" decoding=\"async\" class=\"an1\" src=\"https:\/\/fonts.gstatic.com\/s\/e\/notoemoji\/14.0\/1f570_fe0f\/72.png\" alt=\"\ud83d\udd70\ufe0f\" width=\"65\" height=\"65\" data-emoji=\"\ud83d\udd70\ufe0f\" aria-label=\"\ud83d\udd70\ufe0f\" \/><\/p>\n<ul>\n<li dir=\"ltr\">De dimarts a dijous de 16.00\u202fh a 20.00\u202fh i dissabtes de 10\u202fh a 14\u202fh i de 15\u202fh a 18:30\u202fh.<\/li>\n<li dir=\"ltr\">Divendres de 14.30 a 19 h.<\/li>\n<\/ul>\n<p dir=\"ltr\"><b>QUIN COST T\u00c9?<\/b><\/p>\n<p dir=\"ltr\"><img decoding=\"async\" class=\"an1\" src=\"https:\/\/fonts.gstatic.com\/s\/e\/notoemoji\/14.0\/1f4b0\/72.png\" alt=\"\ud83d\udcb0\" data-emoji=\"\ud83d\udcb0\" aria-label=\"\ud83d\udcb0\" \/> El servei \u00e9s totalment <b>gratu\u00eft<\/b><\/p>\n<p dir=\"ltr\"><b>COM ET POTS INSCRIURE?<\/b><\/p>\n<p dir=\"ltr\"><img decoding=\"async\" class=\"an1\" src=\"https:\/\/fonts.gstatic.com\/s\/e\/notoemoji\/14.0\/270d_1f3fc\/72.png\" alt=\"\u270d\ud83c\udffc\" data-emoji=\"\u270d\ud83c\udffc\" aria-label=\"\u270d\ud83c\udffc\" \/>Pots fer la inscripci\u00f3 escollint el teu barri, a trav\u00e9s del seg\u00fcent formulari <a href=\"https:\/\/concilia.incoop.cat\/registre-el-besos-i-el-maresme\/\" target=\"_blank\" rel=\"noopener\" data-saferedirecturl=\"https:\/\/www.google.com\/url?q=https:\/\/concilia.incoop.cat\/registre-el-besos-i-el-maresme\/&amp;source=gmail&amp;ust=1694534880741000&amp;usg=AOvVaw1SJI5KlgCMJeQHIm2PqpnF\">https:\/\/concilia.incoop.cat\/<wbr \/>registre-el-besos-i-el-<wbr \/>maresme\/<\/a>\u00a0o tamb\u00e9, mitjan\u00e7ant una cita amb nosaltres<\/p>\n<p dir=\"ltr\"><img decoding=\"async\" class=\"an1\" src=\"https:\/\/fonts.gstatic.com\/s\/e\/notoemoji\/14.0\/1f449\/72.png\" alt=\"\ud83d\udc49\" data-emoji=\"\ud83d\udc49\" aria-label=\"\ud83d\udc49\" \/> <b>CONCILIA El Bes\u00f2s i El Maresme <\/b>es troba a <img decoding=\"async\" class=\"an1\" src=\"https:\/\/fonts.gstatic.com\/s\/e\/notoemoji\/14.0\/1f4cd\/72.png\" alt=\"\ud83d\udccd\" data-emoji=\"\ud83d\udccd\" aria-label=\"\ud83d\udccd\" \/>L&#8217;Escola Bressol Municipal Diagonal Mar <a href=\"https:\/\/goo.gl\/maps\/FMPwbVoHAf3ea4jT9\" target=\"_blank\" rel=\"noopener noreferrer\">https:\/\/goo.gl\/maps\/<wbr \/>FMPwbVoHAf3ea4jT9<\/a> i al Casal de Barri Bes\u00f2s-Maresme.<\/p>\n<p dir=\"ltr\"><img decoding=\"async\" class=\"an1\" src=\"https:\/\/fonts.gstatic.com\/s\/e\/notoemoji\/14.0\/1f4ac\/72.png\" alt=\"\ud83d\udcac\" data-emoji=\"\ud83d\udcac\" aria-label=\"\ud83d\udcac\" \/>\u00a0 Contacta trucant-nos al m\u00f2bil <img decoding=\"async\" class=\"an1\" src=\"https:\/\/fonts.gstatic.com\/s\/e\/notoemoji\/14.0\/1f4f1\/72.png\" alt=\"\ud83d\udcf1\" data-emoji=\"\ud83d\udcf1\" aria-label=\"\ud83d\udcf1\" \/>722 20 42 55 de dilluns a divendres a la tarda o enviant un correu electr\u00f2nic a <img decoding=\"async\" class=\"an1\" src=\"https:\/\/fonts.gstatic.com\/s\/e\/notoemoji\/14.0\/1f4e7\/72.png\" alt=\"\ud83d\udce7\" data-emoji=\"\ud83d\udce7\" aria-label=\"\ud83d\udce7\" \/>\u00a0 <a href=\"mailto:concilia.besosmaresme@incoop.cat\" target=\"_blank\" rel=\"noopener noreferrer\">concilia.besosmaresme@incoop.<wbr \/>cat<\/a><\/p>\n<\/div>\n<div>\n<div><\/div>\n<\/div>\n<\/div>\n","protected":false},"excerpt":{"rendered":"<p>\u00c9s un Servei gratu\u00eft de l&#8217;Ajuntament de Barcelona per la conciliaci\u00f3 de la vida laboral, familiar i personal de les fam\u00edlies residents a la ciutat. Pots sol\u00b7licitar-lo de manera puntual o quan ho necessitis, consultant disponibilitat. A QUI VA DIRIGIT? Infants d&#8217;1 a 12 anys Atenci\u00f3 a infants amb Necessitats Educatives Especials Fam\u00edlies monoparentals o [&hellip;]<\/p>\n","protected":false},"author":1,"featured_media":0,"parent":66,"menu_order":50,"comment_status":"closed","ping_status":"closed","template":"page-templates\/side-menu.php","meta":{"_bbp_topic_count":0,"_bbp_reply_count":0,"_bbp_total_topic_count":0,"_bbp_total_reply_count":0,"_bbp_voice_count":0,"_bbp_anonymous_reply_count":0,"_bbp_topic_count_hidden":0,"_bbp_reply_count_hidden":0,"_bbp_forum_subforum_count":0,"site-sidebar-layout":"default","site-content-layout":"","ast-site-content-layout":"","site-content-style":"default","site-sidebar-style":"default","ast-global-header-display":"","ast-banner-title-visibility":"","ast-main-header-display":"","ast-hfb-above-header-display":"","ast-hfb-below-header-display":"","ast-hfb-mobile-header-display":"","site-post-title":"","ast-breadcrumbs-content":"","ast-featured-img":"","footer-sml-layout":"","theme-transparent-header-meta":"","adv-header-id-meta":"","stick-header-meta":"","header-above-stick-meta":"","header-main-stick-meta":"","header-below-stick-meta":"","astra-migrate-meta-layouts":"default","ast-page-background-enabled":"default","ast-page-background-meta":{"desktop":{"background-color":"var(--ast-global-color-4)","background-image":"","background-repeat":"repeat","background-position":"center center","background-size":"auto","background-attachment":"scroll","background-type":"","background-media":"","overlay-type":"","overlay-color":"","overlay-opacity":"","overlay-gradient":""},"tablet":{"background-color":"","background-image":"","background-repeat":"repeat","background-position":"center center","background-size":"auto","background-attachment":"scroll","background-type":"","background-media":"","overlay-type":"","overlay-color":"","overlay-opacity":"","overlay-gradient":""},"mobile":{"background-color":"","background-image":"","background-repeat":"repeat","background-position":"center center","background-size":"auto","background-attachment":"scroll","background-type":"","background-media":"","overlay-type":"","overlay-color":"","overlay-opacity":"","overlay-gradient":""}},"ast-content-background-meta":{"desktop":{"background-color":"var(--ast-global-color-5)","background-image":"","background-repeat":"repeat","background-position":"center center","background-size":"auto","background-attachment":"scroll","background-type":"","background-media":"","overlay-type":"","overlay-color":"","overlay-opacity":"","overlay-gradient":""},"tablet":{"background-color":"var(--ast-global-color-5)","background-image":"","background-repeat":"repeat","background-position":"center center","background-size":"auto","background-attachment":"scroll","background-type":"","background-media":"","overlay-type":"","overlay-color":"","overlay-opacity":"","overlay-gradient":""},"mobile":{"background-color":"var(--ast-global-color-5)","background-image":"","background-repeat":"repeat","background-position":"center center","background-size":"auto","background-attachment":"scroll","background-type":"","background-media":"","overlay-type":"","overlay-color":"","overlay-opacity":"","overlay-gradient":""}},"footnotes":""},"class_list":["post-82","page","type-page","status-publish","hentry"],"post_mailing_queue_ids":[],"_links":{"self":[{"href":"https:\/\/agora.xtec.cat\/esc-concepcion-arenal\/wp-json\/wp\/v2\/pages\/82","targetHints":{"allow":["GET"]}}],"collection":[{"href":"https:\/\/agora.xtec.cat\/esc-concepcion-arenal\/wp-json\/wp\/v2\/pages"}],"about":[{"href":"https:\/\/agora.xtec.cat\/esc-concepcion-arenal\/wp-json\/wp\/v2\/types\/page"}],"author":[{"embeddable":true,"href":"https:\/\/agora.xtec.cat\/esc-concepcion-arenal\/wp-json\/wp\/v2\/users\/1"}],"replies":[{"embeddable":true,"href":"https:\/\/agora.xtec.cat\/esc-concepcion-arenal\/wp-json\/wp\/v2\/comments?post=82"}],"version-history":[{"count":4,"href":"https:\/\/agora.xtec.cat\/esc-concepcion-arenal\/wp-json\/wp\/v2\/pages\/82\/revisions"}],"predecessor-version":[{"id":9718,"href":"https:\/\/agora.xtec.cat\/esc-concepcion-arenal\/wp-json\/wp\/v2\/pages\/82\/revisions\/9718"}],"up":[{"embeddable":true,"href":"https:\/\/agora.xtec.cat\/esc-concepcion-arenal\/wp-json\/wp\/v2\/pages\/66"}],"wp:attachment":[{"href":"https:\/\/agora.xtec.cat\/esc-concepcion-arenal\/wp-json\/wp\/v2\/media?parent=82"}],"curies":[{"name":"wp","href":"https:\/\/api.w.org\/{rel}","templated":true}]}}