{"id":73,"date":"2020-09-11T14:01:51","date_gmt":"2020-09-11T12:01:51","guid":{"rendered":"http:\/\/agora.xtec.cat\/esc-concepcion-arenal\/?page_id=73"},"modified":"2026-05-01T08:44:30","modified_gmt":"2026-05-01T06:44:30","slug":"menjador-escolar","status":"publish","type":"page","link":"https:\/\/agora.xtec.cat\/esc-concepcion-arenal\/serveis\/menjador-escolar\/","title":{"rendered":"Menjador escolar"},"content":{"rendered":"<p><strong><span style=\"color: #3366ff;\">MEN\u00daS MAIG 2026<\/span><\/strong><\/p>\n<div><\/div>\n<ul>\n<li><a href=\"https:\/\/drive.google.com\/file\/d\/1RE-QeWPWGHZPNZxIrYY_rWUe7ggb-_EZ\/view?usp=sharing\" target=\"_blank\" rel=\"noopener\">Basal<\/a><a href=\"https:\/\/drive.google.com\/file\/d\/1GPxPz0D9sOe8f8HGrD73y2ba_OQqI84D\/view?usp=sharing\" target=\"_blank\" rel=\"noopener\"><img loading=\"lazy\" decoding=\"async\" class=\"alignright wp-image-15503\" src=\"https:\/\/agora.xtec.cat\/esc-concepcion-arenal\/wp-content\/uploads\/usu2031\/2025\/09\/Alimentacio-dia-a-dia.jpg\" alt=\"\" width=\"553\" height=\"393\" srcset=\"https:\/\/agora.xtec.cat\/esc-concepcion-arenal\/wp-content\/uploads\/usu2031\/2025\/09\/Alimentacio-dia-a-dia.jpg 953w, https:\/\/agora.xtec.cat\/esc-concepcion-arenal\/wp-content\/uploads\/usu2031\/2025\/09\/Alimentacio-dia-a-dia-300x213.jpg 300w, https:\/\/agora.xtec.cat\/esc-concepcion-arenal\/wp-content\/uploads\/usu2031\/2025\/09\/Alimentacio-dia-a-dia-768x546.jpg 768w\" sizes=\"auto, (max-width: 553px) 100vw, 553px\" \/><\/a><\/li>\n<li><a href=\"https:\/\/drive.google.com\/file\/d\/1B4oEMpUbC9ySxdsigyFWDrEuahW_0KhQ\/view?usp=sharing\" target=\"_blank\" rel=\"noopener\">Halal<\/a><\/li>\n<li><a href=\"https:\/\/drive.google.com\/file\/d\/14no6h7i0JGJf0QzSFosR1dSRSreqFx4P\/view?usp=sharing\" target=\"_blank\" rel=\"noopener\">Sense lactosa<\/a><\/li>\n<li><a href=\"https:\/\/drive.google.com\/file\/d\/17dAr8aCf1CYwBYahnFoDF8GPr31e0ydn\/view?usp=sharing\" target=\"_blank\" rel=\"noopener\">Sense gluten<\/a><\/li>\n<li><a href=\"https:\/\/drive.google.com\/file\/d\/1QVYnYumbYlcUFWsAoTffuwqPOmFWx_1i\/view?usp=sharing\" target=\"_blank\" rel=\"noopener\">Sense ou<\/a><\/li>\n<li><a href=\"https:\/\/drive.google.com\/file\/d\/1uMQwI0af3a6yoxN9XZ5MrqmvKqjTMGgP\/view?usp=sharing\" target=\"_blank\" rel=\"noopener\">Sense fruits secs<\/a><\/li>\n<li><a href=\"https:\/\/drive.google.com\/file\/d\/1hwIPCWfUAN0nHmckYdlEZimkYl7syQCZ\/view?usp=sharing\" target=\"_blank\" rel=\"noopener\">Sense carn<\/a><\/li>\n<li><a href=\"https:\/\/drive.google.com\/file\/d\/1lpBUjnOasEDlnChgwAZ6IYhdlX7bQHY-\/view?usp=sharing\" target=\"_blank\" rel=\"noopener\">Sense peix ni marisc<\/a><\/li>\n<li><a href=\"https:\/\/drive.google.com\/file\/d\/1S-LS5sNRXnI6gjtTJJVJoYognxaeYG1A\/view?usp=sharing\" target=\"_blank\" rel=\"noopener\">Sense porc<\/a><\/li>\n<li><a href=\"https:\/\/drive.google.com\/file\/d\/1Zklw-IbCyCHrGQg0zIn7pJz3dpJdQSMp\/view?usp=sharing\" target=\"_blank\" rel=\"noopener\">Sense PLV ni derivats<\/a><\/li>\n<li><a href=\"https:\/\/drive.google.com\/file\/d\/1S5asN-3ia7fi9ZzbgxiU1_CX41UMaArL\/view?usp=sharing\" target=\"_blank\" rel=\"noopener\">Ovolactovegetariana<\/a><\/li>\n<li><a href=\"https:\/\/drive.google.com\/file\/d\/1GyKv3DDJm7cdaweAjew6D_Z2wjXWEdv0\/view?usp=sharing\" target=\"_blank\" rel=\"noopener\">Sense marisc<\/a><\/li>\n<li><a href=\"https:\/\/drive.google.com\/file\/d\/1GPxPz0D9sOe8f8HGrD73y2ba_OQqI84D\/view?usp=sharing\" target=\"_blank\" rel=\"noopener\">Programa de nutrici\u00f3 i h\u00e0bits saludables<\/a><\/li>\n<li><a href=\"https:\/\/drive.google.com\/file\/d\/1asTTKhAWlZtzGfZ2jJsAKvGt0LyBq8Yd\/view?usp=sharing\" target=\"_blank\" rel=\"noopener\">Fitxa t\u00e8cnica llonganissa halal (p\u00edcnics)<\/a><\/li>\n<\/ul>\n<p><a href=\"https:\/\/www.edubcn.cat\/ca\/alumnat_i_familia\/ajuts_beques_i_subvencions\/ajuts_de_menjador_escolar\" target=\"_blank\" rel=\"noopener\">AJUTS DE MENJADOR 2025-2026<\/a><\/p>\n<div><\/div>\n","protected":false},"excerpt":{"rendered":"<p>MEN\u00daS MAIG 2026 Basal Halal Sense lactosa Sense gluten Sense ou Sense fruits secs Sense carn Sense peix ni marisc Sense porc Sense PLV ni derivats Ovolactovegetariana Sense marisc Programa de nutrici\u00f3 i h\u00e0bits saludables Fitxa t\u00e8cnica llonganissa halal (p\u00edcnics) AJUTS DE MENJADOR 2025-2026<\/p>\n","protected":false},"author":1,"featured_media":0,"parent":66,"menu_order":30,"comment_status":"closed","ping_status":"closed","template":"","meta":{"_bbp_topic_count":0,"_bbp_reply_count":0,"_bbp_total_topic_count":0,"_bbp_total_reply_count":0,"_bbp_voice_count":0,"_bbp_anonymous_reply_count":0,"_bbp_topic_count_hidden":0,"_bbp_reply_count_hidden":0,"_bbp_forum_subforum_count":0,"site-sidebar-layout":"default","site-content-layout":"","ast-site-content-layout":"default","site-content-style":"default","site-sidebar-style":"default","ast-global-header-display":"","ast-banner-title-visibility":"","ast-main-header-display":"","ast-hfb-above-header-display":"","ast-hfb-below-header-display":"","ast-hfb-mobile-header-display":"","site-post-title":"","ast-breadcrumbs-content":"","ast-featured-img":"","footer-sml-layout":"","theme-transparent-header-meta":"default","adv-header-id-meta":"","stick-header-meta":"","header-above-stick-meta":"","header-main-stick-meta":"","header-below-stick-meta":"","astra-migrate-meta-layouts":"set","ast-page-background-enabled":"default","ast-page-background-meta":{"desktop":{"background-color":"var(--ast-global-color-4)","background-image":"","background-repeat":"repeat","background-position":"center center","background-size":"auto","background-attachment":"scroll","background-type":"","background-media":"","overlay-type":"","overlay-color":"","overlay-opacity":"","overlay-gradient":""},"tablet":{"background-color":"","background-image":"","background-repeat":"repeat","background-position":"center center","background-size":"auto","background-attachment":"scroll","background-type":"","background-media":"","overlay-type":"","overlay-color":"","overlay-opacity":"","overlay-gradient":""},"mobile":{"background-color":"","background-image":"","background-repeat":"repeat","background-position":"center center","background-size":"auto","background-attachment":"scroll","background-type":"","background-media":"","overlay-type":"","overlay-color":"","overlay-opacity":"","overlay-gradient":""}},"ast-content-background-meta":{"desktop":{"background-color":"var(--ast-global-color-5)","background-image":"","background-repeat":"repeat","background-position":"center center","background-size":"auto","background-attachment":"scroll","background-type":"","background-media":"","overlay-type":"","overlay-color":"","overlay-opacity":"","overlay-gradient":""},"tablet":{"background-color":"var(--ast-global-color-5)","background-image":"","background-repeat":"repeat","background-position":"center center","background-size":"auto","background-attachment":"scroll","background-type":"","background-media":"","overlay-type":"","overlay-color":"","overlay-opacity":"","overlay-gradient":""},"mobile":{"background-color":"var(--ast-global-color-5)","background-image":"","background-repeat":"repeat","background-position":"center center","background-size":"auto","background-attachment":"scroll","background-type":"","background-media":"","overlay-type":"","overlay-color":"","overlay-opacity":"","overlay-gradient":""}},"footnotes":""},"class_list":["post-73","page","type-page","status-publish","hentry"],"post_mailing_queue_ids":[],"_links":{"self":[{"href":"https:\/\/agora.xtec.cat\/esc-concepcion-arenal\/wp-json\/wp\/v2\/pages\/73","targetHints":{"allow":["GET"]}}],"collection":[{"href":"https:\/\/agora.xtec.cat\/esc-concepcion-arenal\/wp-json\/wp\/v2\/pages"}],"about":[{"href":"https:\/\/agora.xtec.cat\/esc-concepcion-arenal\/wp-json\/wp\/v2\/types\/page"}],"author":[{"embeddable":true,"href":"https:\/\/agora.xtec.cat\/esc-concepcion-arenal\/wp-json\/wp\/v2\/users\/1"}],"replies":[{"embeddable":true,"href":"https:\/\/agora.xtec.cat\/esc-concepcion-arenal\/wp-json\/wp\/v2\/comments?post=73"}],"version-history":[{"count":8,"href":"https:\/\/agora.xtec.cat\/esc-concepcion-arenal\/wp-json\/wp\/v2\/pages\/73\/revisions"}],"predecessor-version":[{"id":17638,"href":"https:\/\/agora.xtec.cat\/esc-concepcion-arenal\/wp-json\/wp\/v2\/pages\/73\/revisions\/17638"}],"up":[{"embeddable":true,"href":"https:\/\/agora.xtec.cat\/esc-concepcion-arenal\/wp-json\/wp\/v2\/pages\/66"}],"wp:attachment":[{"href":"https:\/\/agora.xtec.cat\/esc-concepcion-arenal\/wp-json\/wp\/v2\/media?parent=73"}],"curies":[{"name":"wp","href":"https:\/\/api.w.org\/{rel}","templated":true}]}}