{"id":4805,"date":"2022-01-02T07:16:28","date_gmt":"2022-01-02T06:16:28","guid":{"rendered":"https:\/\/agora.xtec.cat\/esc-concepcion-arenal\/?page_id=4805"},"modified":"2025-10-26T07:12:58","modified_gmt":"2025-10-26T06:12:58","slug":"conximedia","status":"publish","type":"page","link":"https:\/\/agora.xtec.cat\/esc-concepcion-arenal\/conximedia\/","title":{"rendered":"CONXIM\u00c8DIA"},"content":{"rendered":"<ul>\n<li>BETEV\u00c9 VIA 15: <a href=\"https:\/\/beteve.cat\/via-15\/millorar-els-resultats-escolars\/\" target=\"_blank\" rel=\"noopener\">Aula d&#8217;Acollida<\/a> (min 29:30) (20\/10\/2025)<\/li>\n<li>3cat: <a href=\"https:\/\/www.3cat.cat\/3cat\/catalunya-migdia-de-15-a-16-h-30042025\/audio\/1242912\/\" target=\"_blank\" rel=\"noopener\">Catalunya migdia<\/a> (minut 54) (30\/04\/2025)<\/li>\n<li>El Pa\u00eds: <a href=\"https:\/\/elpais.com\/espana\/catalunya\/2025-04-07\/los-examenes-de-competencias-basicas-arrancan-con-pruebas-facilisimas-en-una-escuela-de-maxima-complejidad-de-barcelona.html?outputType=amp\" target=\"_blank\" rel=\"noopener\">Los ex\u00e1menes de competencias b\u00e1sicas<\/a> (07\/04\/2025)<\/li>\n<li>BETEV\u00c9 VIA 15: Demografies metropolitanes &#8220;<a href=\"https:\/\/youtu.be\/6Z18Pcj-2hE\" target=\"_blank\" rel=\"noopener\">Per l&#8217;\u00e8xit educatiu<\/a>&#8221; (11\/03\/2025)<\/li>\n<li>elPeri\u00f3dico: <a href=\"https:\/\/www.elperiodico.cat\/ca\/societat\/20250221\/miracle-escolar-besos-114529087\" target=\"_blank\" rel=\"noopener\">L&#8217;escola &#8216;miracle&#8217; al barri del Bes\u00f2s de Barcelona: de suspendre a estar per sobre de la mitjana en catal\u00e0 i extraescolars<\/a> (21\/02\/2025)<\/li>\n<li>BETEV\u00c9: <a href=\"https:\/\/beteve.cat\/catakrac\/prego-dels-infants-2025-barcelona-benestar-infancia\/\" target=\"_blank\" rel=\"noopener\">El Preg\u00f3 dels Infants 2025: \u201cA Barcelona, pel benestar de la inf\u00e0ncia\u201d<\/a> (12\/02\/2025)<\/li>\n<li><a href=\"https:\/\/www.3cat.cat\/tv3\/sx3\/aquanautes-fem-un-taller-sobre-la-importancia-de-laigua\/video\/6323619\/\" target=\"_blank\" rel=\"noopener\">INFO K: AQUANAUTES: FEM UN TALLER SOBRE LA IMPORT\u00c0NCIA DE L&#8217;AIGUA<\/a> (04\/02\/2025)<\/li>\n<li><a href=\"https:\/\/ambitsaaf.cat\/article\/view\/7491\/8013\" target=\"_blank\" rel=\"noopener\">Transformaci\u00f3 educativa a l&#8217;escola Concepci\u00f3n Arenal: un model d&#8217;\u00e8xit i inclusi\u00f3<\/a> (novembre 2024)<\/li>\n<li><a href=\"https:\/\/ajuntament.barcelona.cat\/santmarti\/ca\/noticia\/prego-dels-infants-a-sant-marti_1451445?utm_content=C4830-I2&amp;utm_source=ecoms&amp;utm_medium=email&amp;utm_term=2%20noticias%20verticales-contingut\" target=\"_blank\" rel=\"noopener\">Preg\u00f3 dels Infants curs 2024-2024<\/a><\/li>\n<li><a href=\"https:\/\/serveiseducatius.xtec.cat\/santmarti\/general\/jocs-florals-escolars-2024-2\/\" target=\"_blank\" rel=\"noopener\">P\u00f2dcast Jocs Florals R\u00e0dio Maconda<\/a> (min. 36:48) (21\/05\/2024)<\/li>\n<li><a href=\"https:\/\/www.latacadoli2020.com\/2023\/12\/25\/el-cam%C3%AD-del-rap-dels-escocells-des-del-bes%C3%B3s-maresme-per-a-tots-els-barri-de-barcelona-i-m%C3%A9s-enll%C3%A0\/\" target=\"_blank\" rel=\"noopener\">El cam\u00ed del \u201c<\/a><a href=\"https:\/\/drive.google.com\/file\/d\/1PaNYLQEOOjoXTV9Jywg3hiCpOO6qPATV\/view\" target=\"_blank\" rel=\"noopener\">Rap dels escocells<\/a><a href=\"https:\/\/www.latacadoli2020.com\/2023\/12\/25\/el-cam%C3%AD-del-rap-dels-escocells-des-del-bes%C3%B3s-maresme-per-a-tots-els-barri-de-barcelona-i-m%C3%A9s-enll%C3%A0\/\" target=\"_blank\" rel=\"noopener\">\u201d des del Bes\u00f2s-Maresme per a tots els barris de Barcelona i m\u00e9s enll\u00e0.\u00a0<\/a><\/li>\n<li><a href=\"https:\/\/www.youtube.com\/watch?v=NLRpMWf0nhs\" target=\"_blank\" rel=\"noopener\">Lectura del Preg\u00f3 dels Infants 2024 &#8211; Dret a la Igualtat<\/a> (14\/02\/2024)<\/li>\n<li><a href=\"https:\/\/beteve.cat\/cultura\/prego-infants-2024-barcelona-reflexio-dret-igualtat\/\" target=\"_blank\" rel=\"noopener\">Betev\u00e9: El preg\u00f3 dels infants<\/a> (14\/02\/2024)<\/li>\n<li><a href=\"https:\/\/twitter.com\/BCNeducadora\/status\/1757744606316261640\" target=\"_blank\" rel=\"noopener\">X: BCN Educadora<\/a> (14\/02\/2024)<\/li>\n<li><a href=\"https:\/\/www.ccma.cat\/tv3\/sx3\/el-prego-dels-nens-i-les-nenes-a-barcelona\/video\/6266206\/\" target=\"_blank\" rel=\"noopener\">InfoK: El preg\u00f3 dels Infants<\/a> (14\/02\/2024)<\/li>\n<li><a href=\"https:\/\/beteve.cat\/societat\/canvi-radical-finca-besos-pla-regeneracio-urbana\/\" target=\"_blank\" rel=\"noopener\">La primera finca rehabilitada gr\u00e0cies al pla de regeneraci\u00f3 urbana<\/a> (05\/10\/2023)<\/li>\n<li><a href=\"https:\/\/ajuntament.barcelona.cat\/santmarti\/ca\/noticia\/extraescolars-gratuites-al-besos-i-el-maresme_1317742?utm_content=2%20noticias%20verticales&amp;utm_source=C1865-I2&amp;utm_medium=email&amp;utm_term=contingut\" target=\"_blank\" rel=\"noopener\">Extraescolars gratu\u00eftes al Bes\u00f2s i el Maresme<\/a> (13\/09\/2023)<\/li>\n<li><a href=\"https:\/\/www.barcelona.cat\/barcelonaciencia\/ca\/actualitat\/noticies\/prop-de-16000-persones-van-visitar-la-16a-festa-de-la-ciencia-a-la-rambla-de-prim-1296632\" target=\"_blank\" rel=\"noopener\">16a. Festa de la Ci\u00e8ncia a la Rambla Prim<\/a> (10-11\/06\/2023)<\/li>\n<li><a href=\"https:\/\/beteve.cat\/cultura\/infants-besos-illuminen-barri-mural-slim-safont\/\" target=\"_blank\" rel=\"noopener\">Els infants del Bes\u00f2s \u201cil\u00b7luminen\u201d el barri en un gran mural<\/a> (28\/04\/2023)<\/li>\n<li><a href=\"https:\/\/ajuntament.barcelona.cat\/santmarti\/ca\/noticia\/el-prego-dels-infants-reclamara-el-dret-a-participar-2_1230812?utm_source=Districtes%20%2F%20Sant%20Mart%C3%AD&amp;utm_medium=email&amp;utm_campaign=Sant%20Mart%C3%AD%20actualitat%2C%2025%20de%20novembre%20de%202022&amp;utm_content=20221125_link_block_news_6_25%20de%20novembre%20de%202022\" target=\"_blank\" rel=\"noopener\">El Preg\u00f3 dels Infants reclamar\u00e0 el dret a participar<\/a> (24\/11\/2022)<\/li>\n<li><a href=\"https:\/\/www.ccma.cat\/catradio\/catalunya-migdia\/extraescolars-artistiques-i-cientifiques-per-arribar-a-tothom\/noticia\/3194410\/\" target=\"_blank\" rel=\"noopener\">Catalunya R\u00e0dio Extraescolars art\u00edstiques i cient\u00edfiques per arribar a tothom<\/a> (07\/11\/2022)<\/li>\n<li><a href=\"https:\/\/ajuntament.barcelona.cat\/santmarti\/ca\/noticia\/leducacio-ambiental-als-centres-escolars-del-besos-i-el-maresme_1222865?utm_source=Districtes%20%2F%20Sant%20Mart%C3%AD&amp;utm_medium=email&amp;utm_campaign=Sant%20Mart%C3%AD%20actualitat%2C%2025%20de%20novembre%20de%202022&amp;utm_content=20221125_link_block_news_8_25%20de%20novembre%20de%202022\" target=\"_blank\" rel=\"noopener\">Proposta d&#8217;educaci\u00f3 ambiental, al Bes\u00f2s i el Maresme<\/a> (29\/10\/2022)<\/li>\n<li><a href=\"https:\/\/www.ccma.cat\/tv3\/sx3\/extraescolars-per-a-tothom\/video\/6182768\/\" target=\"_blank\" rel=\"noopener\">INFO K Extraescolars per a tothom<\/a> (26\/10\/2022)<\/li>\n<li><a href=\"https:\/\/beteve.cat\/societat\/barcelona-amplia-extraescolars-gratuites-alumnes-vulnerables\/\" target=\"_blank\" rel=\"noopener\">Betev\u00e9 Activitats extraescolars gratu\u00eftes a 51 escoles de 15 barris vulnerables\u00a0<\/a> (25\/10\/2022)<\/li>\n<li><a href=\"https:\/\/www.ccma.cat\/tv3\/alacarta\/telenoticies-comarques\/extraescolars-i-activitats-artistiques-a-barcelona-per-als-alumnes-amb-menys-oportunitats\/video\/6182487\/\" target=\"_blank\" rel=\"noopener\">CCMA Extraescolars i activitats art\u00edstiques per als alumnes amb menys oportunitats<\/a> (25\/10\/2022)<\/li>\n<li><a href=\"https:\/\/fundacionyehudimenuhin.org\/escola-concepcion-arenal-seguir-creyendo-mus-e-forma-vida\/\" target=\"_blank\" rel=\"noopener\">Fundaci\u00f3n Yehudi Menuhin<\/a> (28\/12\/2021)<\/li>\n<li><a href=\"https:\/\/photos.app.goo.gl\/qek9aEiixbyZrwBSA\" target=\"_blank\" rel=\"noopener\">Tuit de Jaume Collboni <\/a>(13\/09\/2021)<\/li>\n<li><a href=\"https:\/\/photos.app.goo.gl\/5K7XLZgUbT72m8h4A\" target=\"_blank\" rel=\"noopener\">Tuit de Pallassos sense Fronteres <\/a>(03\/02\/2021)<\/li>\n<li><a href=\"https:\/\/www.youtube.com\/channel\/UCdFUwitEKU1GsUystGxRroA\/videos\" target=\"_blank\" rel=\"noopener\">Canal Youtube Escola Concepci\u00f3n Arenal<\/a><\/li>\n<li><a href=\"https:\/\/www.youtube.com\/watch?v=LmJCa1Y9DEc\" target=\"_blank\" rel=\"noopener\">Ara aqu\u00ed les escoles 2021<\/a><\/li>\n<li><a href=\"https:\/\/www.youtube.com\/watch?v=-f_-uR40Lxo&amp;t=2s\" target=\"_blank\" rel=\"noopener\">Preg\u00f3 de Carnestoltes 2021<\/a><\/li>\n<li><a href=\"https:\/\/www.youtube.com\/watch?v=rjUOqY61ock\" target=\"_blank\" rel=\"noopener\">Caixa d&#8217;eines: Drets dels Infants<\/a><\/li>\n<li>You tube: <a href=\"https:\/\/www.youtube.com\/watch?v=jll6vEOg0oQ\" target=\"_blank\" rel=\"noopener\">#Somriurevirus<\/a><\/li>\n<li>Vilaweb: <a href=\"https:\/\/blocs.mesvilaweb.cat\/marcel\/pallassos-sense-fronteres-psf-i-la-uab-porten-el-circ-a-les-escoles-de-barcelona\/\" target=\"_blank\" rel=\"noopener\">Pallassos sense fronteres<\/a><\/li>\n<li>Europapress: <a href=\"https:\/\/www.europapress.es\/catalunya\/noticia-pallassos-sense-fronteres-quiere-contagiar-sonrisas-escuelas-alta-complejidad-20210301142334.html\" target=\"_blank\" rel=\"noopener\">Pallassos sense fronteres<\/a><\/li>\n<li><a href=\"https:\/\/www.ivoox.com\/podcast-radio-escolar_sq_f1668465_1.html\" target=\"_blank\" rel=\"noopener\">Radio escolar<\/a><\/li>\n<li><a href=\"https:\/\/www.sitges.cat\/serveis\/ensenyament\/actualitat\/noticies\/la-regidoria-d2019educacio-promou-la-reflexio-sobre-la-jornada-continuada-a-primaria\" target=\"_blank\" rel=\"noopener\">Ajuntament de Sitges: reflexi\u00f3 sobre la jornada continuada 2021<\/a><\/li>\n<li><a href=\"http:\/\/www.elpregodelsinfants.cat\/actualitat\/lescola-concepcion-arenal-envia-reptes-poetics\/\" target=\"_blank\" rel=\"noopener\">El preg\u00f3 dels Infants 2019<\/a><\/li>\n<li><a href=\"https:\/\/fundacionyehudimenuhin.org\/danza-la-escola-concepcion-arenal-50o-aniversario\/\" target=\"_blank\" rel=\"noopener\">Fundaci\u00f3n Yehudi Menuhin: 50\u00e8 aniversari de l&#8217;escola<\/a><\/li>\n<li><a href=\"https:\/\/www.edubcn.cat\/ca\/noticies\/detall?51590\" target=\"_blank\" rel=\"noopener\">Consorci d&#8217;educaci\u00f3 de Barcelona: Mig segle de referent d&#8217;integraci\u00f3 a Bes\u00f2s-Maresme<\/a><\/li>\n<li><a href=\"https:\/\/ajuntament.barcelona.cat\/santmarti\/ca\/noticia\/escola-concepcion-arenal-mig-segle-educant-al-besos-i-el-maresme_806736\" target=\"_blank\" rel=\"noopener\">Ajuntament de Barcelona: Mig segle educant al Bes\u00f2s i Maresme 2019<\/a><\/li>\n<li><a href=\"https:\/\/retratsbesosblog.wordpress.com\/about\/escola-concepcion-arenal\/\" target=\"_blank\" rel=\"noopener\">Retrats del Bes\u00f2s<\/a><\/li>\n<li><a href=\"https:\/\/bongoh2020.blogspot.com\/2019\/10\/hola-tots-i-totessom-la-classe-jurassic.html\" target=\"_blank\" rel=\"noopener\">Bongoh 2019-2020<\/a><\/li>\n<li><a href=\"https:\/\/blogs.cpnl.cat\/connectatssantmarti\/tag\/escola-concepcion-arenal\/\" target=\"_blank\" rel=\"noopener\">Tallers de llengua i socialitzaci\u00f3 de fam\u00edlies 2018<\/a><\/li>\n<li><a href=\"https:\/\/educa.barcelona\/2017\/05\/18\/aules-plurilingues-cohesio-social\/\" target=\"_blank\" rel=\"noopener\">Educa.Barcelona: Aules pluriling\u00fces i cohesi\u00f3 social 2017<\/a><\/li>\n<li><a href=\"https:\/\/www.novantia.com\/proyectos\/obras-docentes\/escola-concepcion-arenal\" target=\"_blank\" rel=\"noopener\">Remodelaci\u00f3 de l&#8217;escola<\/a><\/li>\n<li><a href=\"https:\/\/fundacionyehudimenuhin.org\/tag\/escola-concepcion-arenal\/\" target=\"_blank\" rel=\"noopener\">Fundaci\u00f3n Yehudi Menuhin<\/a><\/li>\n<li><a href=\"https:\/\/magnet.cat\/centres-educatius\/escola-concepcio-arenal\/\" target=\"_blank\" rel=\"noopener\">Magnet<\/a><\/li>\n<li><a href=\"https:\/\/www.youtube.com\/watch?v=Qc1_xPmu2LA\" target=\"_blank\" rel=\"noopener\">Reptes de l&#8217;escola, un enfocament local amb visi\u00f3 global 2015<\/a><\/li>\n<\/ul>\n","protected":false},"excerpt":{"rendered":"<p>BETEV\u00c9 VIA 15: Aula d&#8217;Acollida (min 29:30) (20\/10\/2025) 3cat: Catalunya migdia (minut 54) (30\/04\/2025) El Pa\u00eds: Los ex\u00e1menes de competencias b\u00e1sicas (07\/04\/2025) BETEV\u00c9 VIA 15: Demografies metropolitanes &#8220;Per l&#8217;\u00e8xit educatiu&#8221; (11\/03\/2025) elPeri\u00f3dico: L&#8217;escola &#8216;miracle&#8217; al barri del Bes\u00f2s de Barcelona: de suspendre a estar per sobre de la mitjana en catal\u00e0 i extraescolars (21\/02\/2025) BETEV\u00c9: [&hellip;]<\/p>\n","protected":false},"author":5,"featured_media":0,"parent":0,"menu_order":0,"comment_status":"closed","ping_status":"closed","template":"","meta":{"_bbp_topic_count":0,"_bbp_reply_count":0,"_bbp_total_topic_count":0,"_bbp_total_reply_count":0,"_bbp_voice_count":0,"_bbp_anonymous_reply_count":0,"_bbp_topic_count_hidden":0,"_bbp_reply_count_hidden":0,"_bbp_forum_subforum_count":0,"site-sidebar-layout":"default","site-content-layout":"","ast-site-content-layout":"","site-content-style":"default","site-sidebar-style":"default","ast-global-header-display":"","ast-banner-title-visibility":"","ast-main-header-display":"","ast-hfb-above-header-display":"","ast-hfb-below-header-display":"","ast-hfb-mobile-header-display":"","site-post-title":"","ast-breadcrumbs-content":"","ast-featured-img":"","footer-sml-layout":"","theme-transparent-header-meta":"","adv-header-id-meta":"","stick-header-meta":"","header-above-stick-meta":"","header-main-stick-meta":"","header-below-stick-meta":"","astra-migrate-meta-layouts":"default","ast-page-background-enabled":"default","ast-page-background-meta":{"desktop":{"background-color":"var(--ast-global-color-4)","background-image":"","background-repeat":"repeat","background-position":"center center","background-size":"auto","background-attachment":"scroll","background-type":"","background-media":"","overlay-type":"","overlay-color":"","overlay-opacity":"","overlay-gradient":""},"tablet":{"background-color":"","background-image":"","background-repeat":"repeat","background-position":"center center","background-size":"auto","background-attachment":"scroll","background-type":"","background-media":"","overlay-type":"","overlay-color":"","overlay-opacity":"","overlay-gradient":""},"mobile":{"background-color":"","background-image":"","background-repeat":"repeat","background-position":"center center","background-size":"auto","background-attachment":"scroll","background-type":"","background-media":"","overlay-type":"","overlay-color":"","overlay-opacity":"","overlay-gradient":""}},"ast-content-background-meta":{"desktop":{"background-color":"var(--ast-global-color-5)","background-image":"","background-repeat":"repeat","background-position":"center center","background-size":"auto","background-attachment":"scroll","background-type":"","background-media":"","overlay-type":"","overlay-color":"","overlay-opacity":"","overlay-gradient":""},"tablet":{"background-color":"var(--ast-global-color-5)","background-image":"","background-repeat":"repeat","background-position":"center center","background-size":"auto","background-attachment":"scroll","background-type":"","background-media":"","overlay-type":"","overlay-color":"","overlay-opacity":"","overlay-gradient":""},"mobile":{"background-color":"var(--ast-global-color-5)","background-image":"","background-repeat":"repeat","background-position":"center center","background-size":"auto","background-attachment":"scroll","background-type":"","background-media":"","overlay-type":"","overlay-color":"","overlay-opacity":"","overlay-gradient":""}},"footnotes":""},"class_list":["post-4805","page","type-page","status-publish","hentry"],"post_mailing_queue_ids":[],"_links":{"self":[{"href":"https:\/\/agora.xtec.cat\/esc-concepcion-arenal\/wp-json\/wp\/v2\/pages\/4805","targetHints":{"allow":["GET"]}}],"collection":[{"href":"https:\/\/agora.xtec.cat\/esc-concepcion-arenal\/wp-json\/wp\/v2\/pages"}],"about":[{"href":"https:\/\/agora.xtec.cat\/esc-concepcion-arenal\/wp-json\/wp\/v2\/types\/page"}],"author":[{"embeddable":true,"href":"https:\/\/agora.xtec.cat\/esc-concepcion-arenal\/wp-json\/wp\/v2\/users\/5"}],"replies":[{"embeddable":true,"href":"https:\/\/agora.xtec.cat\/esc-concepcion-arenal\/wp-json\/wp\/v2\/comments?post=4805"}],"version-history":[{"count":6,"href":"https:\/\/agora.xtec.cat\/esc-concepcion-arenal\/wp-json\/wp\/v2\/pages\/4805\/revisions"}],"predecessor-version":[{"id":15928,"href":"https:\/\/agora.xtec.cat\/esc-concepcion-arenal\/wp-json\/wp\/v2\/pages\/4805\/revisions\/15928"}],"wp:attachment":[{"href":"https:\/\/agora.xtec.cat\/esc-concepcion-arenal\/wp-json\/wp\/v2\/media?parent=4805"}],"curies":[{"name":"wp","href":"https:\/\/api.w.org\/{rel}","templated":true}]}}