{"id":4240,"date":"2021-10-10T10:52:41","date_gmt":"2021-10-10T08:52:41","guid":{"rendered":"https:\/\/agora.xtec.cat\/esc-concepcion-arenal\/?page_id=4240"},"modified":"2026-04-08T13:16:03","modified_gmt":"2026-04-08T11:16:03","slug":"sortide-curriculars-1r","status":"publish","type":"page","link":"https:\/\/agora.xtec.cat\/esc-concepcion-arenal\/sortide-curriculars-1r\/","title":{"rendered":"SORTIDES CURRICULARS 1r"},"content":{"rendered":"<p><span style=\"color: #0000ff;\"><strong>1r TRIMESTRE:<\/strong><\/span><\/p>\n<ul style=\"list-style-type: square;\">\n<li>Setmana del llibre en catal\u00e0. Autob\u00fas. <em>Mat\u00ed.<\/em><\/li>\n<li>Parc de l&#8217;entorn. A peu.<em> Mat\u00ed.<\/em><\/li>\n<li>La casa dels entremesos i parc de la Ciutadella. Metro. <em>Tot el dia.<\/em><\/li>\n<li>Llibreria La Petita. Metro. <em>Mat\u00ed.<\/em><\/li>\n<li>El meu primer festival. Auditori de Sant Mart\u00ed. Tram. <em>Mat\u00ed.<\/em><\/li>\n<\/ul>\n<p><strong style=\"font-family: inherit; font-size: 1em;\"><span style=\"color: #0000ff;\">2n TRIMESTRE:<\/span><\/strong><\/p>\n<ul style=\"list-style-type: square;\">\n<li>Biblioteca Gabriel Garc\u00eda M\u00e1rquez. A peu. <em>Mat\u00ed.<\/em><\/li>\n<li>CAN FRAMIS. Autob\u00fas. <em>Mat\u00ed.<\/em><\/li>\n<li>Can Bordoi. Autocar. <em>Tot el dia.<\/em><\/li>\n<\/ul>\n<p><strong><span style=\"color: #0000ff;\">3r TRIMESTRE:<\/span><\/strong><\/p>\n<ul style=\"list-style-type: square;\">\n<li>CaixaForum. Metro. <em>Mat\u00ed.<\/em><\/li>\n<li>Joc viu. Platja de la Mar Bella. Metro.\u00a0<em>Mat\u00ed.<\/em><\/li>\n<\/ul>\n","protected":false},"excerpt":{"rendered":"<p>1r TRIMESTRE: Setmana del llibre en catal\u00e0. Autob\u00fas. Mat\u00ed. Parc de l&#8217;entorn. A peu. Mat\u00ed. La casa dels entremesos i parc de la Ciutadella. Metro. Tot el dia. Llibreria La Petita. Metro. Mat\u00ed. El meu primer festival. Auditori de Sant Mart\u00ed. Tram. Mat\u00ed. 2n TRIMESTRE: Biblioteca Gabriel Garc\u00eda M\u00e1rquez. A peu. Mat\u00ed. CAN FRAMIS. Autob\u00fas. [&hellip;]<\/p>\n","protected":false},"author":5,"featured_media":0,"parent":0,"menu_order":0,"comment_status":"closed","ping_status":"closed","template":"","meta":{"_bbp_topic_count":0,"_bbp_reply_count":0,"_bbp_total_topic_count":0,"_bbp_total_reply_count":0,"_bbp_voice_count":0,"_bbp_anonymous_reply_count":0,"_bbp_topic_count_hidden":0,"_bbp_reply_count_hidden":0,"_bbp_forum_subforum_count":0,"site-sidebar-layout":"default","site-content-layout":"","ast-site-content-layout":"default","site-content-style":"default","site-sidebar-style":"default","ast-global-header-display":"","ast-banner-title-visibility":"","ast-main-header-display":"","ast-hfb-above-header-display":"","ast-hfb-below-header-display":"","ast-hfb-mobile-header-display":"","site-post-title":"","ast-breadcrumbs-content":"","ast-featured-img":"","footer-sml-layout":"","theme-transparent-header-meta":"default","adv-header-id-meta":"","stick-header-meta":"","header-above-stick-meta":"","header-main-stick-meta":"","header-below-stick-meta":"","astra-migrate-meta-layouts":"set","ast-page-background-enabled":"default","ast-page-background-meta":{"desktop":{"background-color":"var(--ast-global-color-4)","background-image":"","background-repeat":"repeat","background-position":"center center","background-size":"auto","background-attachment":"scroll","background-type":"","background-media":"","overlay-type":"","overlay-color":"","overlay-opacity":"","overlay-gradient":""},"tablet":{"background-color":"","background-image":"","background-repeat":"repeat","background-position":"center center","background-size":"auto","background-attachment":"scroll","background-type":"","background-media":"","overlay-type":"","overlay-color":"","overlay-opacity":"","overlay-gradient":""},"mobile":{"background-color":"","background-image":"","background-repeat":"repeat","background-position":"center center","background-size":"auto","background-attachment":"scroll","background-type":"","background-media":"","overlay-type":"","overlay-color":"","overlay-opacity":"","overlay-gradient":""}},"ast-content-background-meta":{"desktop":{"background-color":"var(--ast-global-color-5)","background-image":"","background-repeat":"repeat","background-position":"center center","background-size":"auto","background-attachment":"scroll","background-type":"","background-media":"","overlay-type":"","overlay-color":"","overlay-opacity":"","overlay-gradient":""},"tablet":{"background-color":"var(--ast-global-color-5)","background-image":"","background-repeat":"repeat","background-position":"center center","background-size":"auto","background-attachment":"scroll","background-type":"","background-media":"","overlay-type":"","overlay-color":"","overlay-opacity":"","overlay-gradient":""},"mobile":{"background-color":"var(--ast-global-color-5)","background-image":"","background-repeat":"repeat","background-position":"center center","background-size":"auto","background-attachment":"scroll","background-type":"","background-media":"","overlay-type":"","overlay-color":"","overlay-opacity":"","overlay-gradient":""}},"footnotes":""},"class_list":["post-4240","page","type-page","status-publish","hentry"],"post_mailing_queue_ids":[],"_links":{"self":[{"href":"https:\/\/agora.xtec.cat\/esc-concepcion-arenal\/wp-json\/wp\/v2\/pages\/4240","targetHints":{"allow":["GET"]}}],"collection":[{"href":"https:\/\/agora.xtec.cat\/esc-concepcion-arenal\/wp-json\/wp\/v2\/pages"}],"about":[{"href":"https:\/\/agora.xtec.cat\/esc-concepcion-arenal\/wp-json\/wp\/v2\/types\/page"}],"author":[{"embeddable":true,"href":"https:\/\/agora.xtec.cat\/esc-concepcion-arenal\/wp-json\/wp\/v2\/users\/5"}],"replies":[{"embeddable":true,"href":"https:\/\/agora.xtec.cat\/esc-concepcion-arenal\/wp-json\/wp\/v2\/comments?post=4240"}],"version-history":[{"count":7,"href":"https:\/\/agora.xtec.cat\/esc-concepcion-arenal\/wp-json\/wp\/v2\/pages\/4240\/revisions"}],"predecessor-version":[{"id":17412,"href":"https:\/\/agora.xtec.cat\/esc-concepcion-arenal\/wp-json\/wp\/v2\/pages\/4240\/revisions\/17412"}],"wp:attachment":[{"href":"https:\/\/agora.xtec.cat\/esc-concepcion-arenal\/wp-json\/wp\/v2\/media?parent=4240"}],"curies":[{"name":"wp","href":"https:\/\/api.w.org\/{rel}","templated":true}]}}