{"id":4238,"date":"2021-10-10T10:44:28","date_gmt":"2021-10-10T08:44:28","guid":{"rendered":"https:\/\/agora.xtec.cat\/esc-concepcion-arenal\/?page_id=4238"},"modified":"2026-04-08T13:02:23","modified_gmt":"2026-04-08T11:02:23","slug":"sortides-curriculars-p5","status":"publish","type":"page","link":"https:\/\/agora.xtec.cat\/esc-concepcion-arenal\/sortides-curriculars-p5\/","title":{"rendered":"SORTIDES CURRICULARS I5"},"content":{"rendered":"<p><strong><span style=\"color: #0000ff;\">1r TRIMESTRE:<\/span><\/strong><\/p>\n<ul style=\"list-style-type: square;\">\n<li>Setmana del llibre en catal\u00e0. Autob\u00fas. <em>Mat\u00ed.<\/em><\/li>\n<li>Parc de l&#8217;entorn. A peu.<em> Mat\u00ed.<\/em><\/li>\n<li>Ludoteca El Xalet del Clot. Tram. <em>Mat\u00ed.<\/em><\/li>\n<li>La casa dels entremesos i parc de la Ciutadella. Autob\u00fas. <em>Tot el dia.<\/em><\/li>\n<li>Museu de les Ci\u00e8ncies Naturals. A peu. <em>Mat\u00ed.<\/em><\/li>\n<li>Can Coll. Autocar. <em>Tot el dia.<\/em><\/li>\n<\/ul>\n<p><strong><span style=\"color: #0000ff;\">2n TRIMESTRE:<\/span><\/strong><\/p>\n<ul style=\"list-style-type: square;\">\n<li>Biblioteca Ramon Al\u00f2s. A peu.\u00a0<em>Mat\u00ed.<\/em><\/li>\n<li>El meu primer festival. Auditori de Sant Mart\u00ed. Tram. <em>Mat\u00ed<\/em><\/li>\n<li>Centre Cultural Poblenou. Metro. <em>Mat\u00ed.<\/em><\/li>\n<li>Zoo. Tram. <em>Mat\u00ed.<\/em><\/li>\n<li>Ludoteca El Xalet del Clot. Tram. <em>Mat\u00ed.<\/em><\/li>\n<\/ul>\n<p><strong><span style=\"color: #0000ff;\">3r TRIMESTRE:\u00a0<\/span><\/strong><\/p>\n<ul style=\"list-style-type: square;\">\n<li>Institut Barri Bes\u00f2s. Espectacle de Titelles. A peu. Mat\u00ed.<\/li>\n<\/ul>\n","protected":false},"excerpt":{"rendered":"<p>1r TRIMESTRE: Setmana del llibre en catal\u00e0. Autob\u00fas. Mat\u00ed. Parc de l&#8217;entorn. A peu. Mat\u00ed. Ludoteca El Xalet del Clot. Tram. Mat\u00ed. La casa dels entremesos i parc de la Ciutadella. Autob\u00fas. Tot el dia. Museu de les Ci\u00e8ncies Naturals. A peu. Mat\u00ed. Can Coll. Autocar. Tot el dia. 2n TRIMESTRE: Biblioteca Ramon Al\u00f2s. A [&hellip;]<\/p>\n","protected":false},"author":5,"featured_media":0,"parent":0,"menu_order":0,"comment_status":"closed","ping_status":"closed","template":"","meta":{"_bbp_topic_count":0,"_bbp_reply_count":0,"_bbp_total_topic_count":0,"_bbp_total_reply_count":0,"_bbp_voice_count":0,"_bbp_anonymous_reply_count":0,"_bbp_topic_count_hidden":0,"_bbp_reply_count_hidden":0,"_bbp_forum_subforum_count":0,"site-sidebar-layout":"default","site-content-layout":"","ast-site-content-layout":"default","site-content-style":"default","site-sidebar-style":"default","ast-global-header-display":"","ast-banner-title-visibility":"","ast-main-header-display":"","ast-hfb-above-header-display":"","ast-hfb-below-header-display":"","ast-hfb-mobile-header-display":"","site-post-title":"","ast-breadcrumbs-content":"","ast-featured-img":"","footer-sml-layout":"","theme-transparent-header-meta":"default","adv-header-id-meta":"","stick-header-meta":"","header-above-stick-meta":"","header-main-stick-meta":"","header-below-stick-meta":"","astra-migrate-meta-layouts":"set","ast-page-background-enabled":"default","ast-page-background-meta":{"desktop":{"background-color":"var(--ast-global-color-4)","background-image":"","background-repeat":"repeat","background-position":"center center","background-size":"auto","background-attachment":"scroll","background-type":"","background-media":"","overlay-type":"","overlay-color":"","overlay-opacity":"","overlay-gradient":""},"tablet":{"background-color":"","background-image":"","background-repeat":"repeat","background-position":"center center","background-size":"auto","background-attachment":"scroll","background-type":"","background-media":"","overlay-type":"","overlay-color":"","overlay-opacity":"","overlay-gradient":""},"mobile":{"background-color":"","background-image":"","background-repeat":"repeat","background-position":"center center","background-size":"auto","background-attachment":"scroll","background-type":"","background-media":"","overlay-type":"","overlay-color":"","overlay-opacity":"","overlay-gradient":""}},"ast-content-background-meta":{"desktop":{"background-color":"var(--ast-global-color-5)","background-image":"","background-repeat":"repeat","background-position":"center center","background-size":"auto","background-attachment":"scroll","background-type":"","background-media":"","overlay-type":"","overlay-color":"","overlay-opacity":"","overlay-gradient":""},"tablet":{"background-color":"var(--ast-global-color-5)","background-image":"","background-repeat":"repeat","background-position":"center center","background-size":"auto","background-attachment":"scroll","background-type":"","background-media":"","overlay-type":"","overlay-color":"","overlay-opacity":"","overlay-gradient":""},"mobile":{"background-color":"var(--ast-global-color-5)","background-image":"","background-repeat":"repeat","background-position":"center center","background-size":"auto","background-attachment":"scroll","background-type":"","background-media":"","overlay-type":"","overlay-color":"","overlay-opacity":"","overlay-gradient":""}},"footnotes":""},"class_list":["post-4238","page","type-page","status-publish","hentry"],"post_mailing_queue_ids":[],"_links":{"self":[{"href":"https:\/\/agora.xtec.cat\/esc-concepcion-arenal\/wp-json\/wp\/v2\/pages\/4238","targetHints":{"allow":["GET"]}}],"collection":[{"href":"https:\/\/agora.xtec.cat\/esc-concepcion-arenal\/wp-json\/wp\/v2\/pages"}],"about":[{"href":"https:\/\/agora.xtec.cat\/esc-concepcion-arenal\/wp-json\/wp\/v2\/types\/page"}],"author":[{"embeddable":true,"href":"https:\/\/agora.xtec.cat\/esc-concepcion-arenal\/wp-json\/wp\/v2\/users\/5"}],"replies":[{"embeddable":true,"href":"https:\/\/agora.xtec.cat\/esc-concepcion-arenal\/wp-json\/wp\/v2\/comments?post=4238"}],"version-history":[{"count":6,"href":"https:\/\/agora.xtec.cat\/esc-concepcion-arenal\/wp-json\/wp\/v2\/pages\/4238\/revisions"}],"predecessor-version":[{"id":17402,"href":"https:\/\/agora.xtec.cat\/esc-concepcion-arenal\/wp-json\/wp\/v2\/pages\/4238\/revisions\/17402"}],"wp:attachment":[{"href":"https:\/\/agora.xtec.cat\/esc-concepcion-arenal\/wp-json\/wp\/v2\/media?parent=4238"}],"curies":[{"name":"wp","href":"https:\/\/api.w.org\/{rel}","templated":true}]}}