{"id":4219,"date":"2021-10-09T20:11:42","date_gmt":"2021-10-09T18:11:42","guid":{"rendered":"https:\/\/agora.xtec.cat\/esc-concepcion-arenal\/?page_id=4219"},"modified":"2022-04-02T11:34:30","modified_gmt":"2022-04-02T09:34:30","slug":"menjallibres","status":"publish","type":"page","link":"https:\/\/agora.xtec.cat\/esc-concepcion-arenal\/menjallibres\/","title":{"rendered":"Menjallibres"},"content":{"rendered":"<p>Aquest programa est\u00e0 impulsat per l&#8217;Ajuntament de Barcelona, el Consorci d&#8217;Educaci\u00f3 de Barcelona i el Pla de Barris i t\u00e9 per objectiu millorar les compet\u00e8ncies ling\u00fc\u00edstiques de l&#8217;alumnat de 2n i 3r de prim\u00e0ria en situaci\u00f3 de vulnerabilitat.<\/p>\n<p>CLICA PER VEURE ALGUNES <a href=\"https:\/\/agora.xtec.cat\/esc-concepcion-arenal\/tag\/menjallibres\/\" target=\"_blank\" rel=\"noopener\">ACTIVITATS<\/a><\/p>\n","protected":false},"excerpt":{"rendered":"<p>Aquest programa est\u00e0 impulsat per l&#8217;Ajuntament de Barcelona, el Consorci d&#8217;Educaci\u00f3 de Barcelona i el Pla de Barris i t\u00e9 per objectiu millorar les compet\u00e8ncies ling\u00fc\u00edstiques de l&#8217;alumnat de 2n i 3r de prim\u00e0ria en situaci\u00f3 de vulnerabilitat. CLICA PER VEURE ALGUNES ACTIVITATS<\/p>\n","protected":false},"author":5,"featured_media":0,"parent":0,"menu_order":0,"comment_status":"closed","ping_status":"closed","template":"","meta":{"_bbp_topic_count":0,"_bbp_reply_count":0,"_bbp_total_topic_count":0,"_bbp_total_reply_count":0,"_bbp_voice_count":0,"_bbp_anonymous_reply_count":0,"_bbp_topic_count_hidden":0,"_bbp_reply_count_hidden":0,"_bbp_forum_subforum_count":0,"site-sidebar-layout":"default","site-content-layout":"","ast-site-content-layout":"","site-content-style":"default","site-sidebar-style":"default","ast-global-header-display":"","ast-banner-title-visibility":"","ast-main-header-display":"","ast-hfb-above-header-display":"","ast-hfb-below-header-display":"","ast-hfb-mobile-header-display":"","site-post-title":"","ast-breadcrumbs-content":"","ast-featured-img":"","footer-sml-layout":"","theme-transparent-header-meta":"","adv-header-id-meta":"","stick-header-meta":"","header-above-stick-meta":"","header-main-stick-meta":"","header-below-stick-meta":"","astra-migrate-meta-layouts":"default","ast-page-background-enabled":"default","ast-page-background-meta":{"desktop":{"background-color":"var(--ast-global-color-4)","background-image":"","background-repeat":"repeat","background-position":"center center","background-size":"auto","background-attachment":"scroll","background-type":"","background-media":"","overlay-type":"","overlay-color":"","overlay-opacity":"","overlay-gradient":""},"tablet":{"background-color":"","background-image":"","background-repeat":"repeat","background-position":"center center","background-size":"auto","background-attachment":"scroll","background-type":"","background-media":"","overlay-type":"","overlay-color":"","overlay-opacity":"","overlay-gradient":""},"mobile":{"background-color":"","background-image":"","background-repeat":"repeat","background-position":"center center","background-size":"auto","background-attachment":"scroll","background-type":"","background-media":"","overlay-type":"","overlay-color":"","overlay-opacity":"","overlay-gradient":""}},"ast-content-background-meta":{"desktop":{"background-color":"var(--ast-global-color-5)","background-image":"","background-repeat":"repeat","background-position":"center center","background-size":"auto","background-attachment":"scroll","background-type":"","background-media":"","overlay-type":"","overlay-color":"","overlay-opacity":"","overlay-gradient":""},"tablet":{"background-color":"var(--ast-global-color-5)","background-image":"","background-repeat":"repeat","background-position":"center center","background-size":"auto","background-attachment":"scroll","background-type":"","background-media":"","overlay-type":"","overlay-color":"","overlay-opacity":"","overlay-gradient":""},"mobile":{"background-color":"var(--ast-global-color-5)","background-image":"","background-repeat":"repeat","background-position":"center center","background-size":"auto","background-attachment":"scroll","background-type":"","background-media":"","overlay-type":"","overlay-color":"","overlay-opacity":"","overlay-gradient":""}},"footnotes":""},"class_list":["post-4219","page","type-page","status-publish","hentry"],"post_mailing_queue_ids":[],"_links":{"self":[{"href":"https:\/\/agora.xtec.cat\/esc-concepcion-arenal\/wp-json\/wp\/v2\/pages\/4219","targetHints":{"allow":["GET"]}}],"collection":[{"href":"https:\/\/agora.xtec.cat\/esc-concepcion-arenal\/wp-json\/wp\/v2\/pages"}],"about":[{"href":"https:\/\/agora.xtec.cat\/esc-concepcion-arenal\/wp-json\/wp\/v2\/types\/page"}],"author":[{"embeddable":true,"href":"https:\/\/agora.xtec.cat\/esc-concepcion-arenal\/wp-json\/wp\/v2\/users\/5"}],"replies":[{"embeddable":true,"href":"https:\/\/agora.xtec.cat\/esc-concepcion-arenal\/wp-json\/wp\/v2\/comments?post=4219"}],"version-history":[{"count":3,"href":"https:\/\/agora.xtec.cat\/esc-concepcion-arenal\/wp-json\/wp\/v2\/pages\/4219\/revisions"}],"predecessor-version":[{"id":5724,"href":"https:\/\/agora.xtec.cat\/esc-concepcion-arenal\/wp-json\/wp\/v2\/pages\/4219\/revisions\/5724"}],"wp:attachment":[{"href":"https:\/\/agora.xtec.cat\/esc-concepcion-arenal\/wp-json\/wp\/v2\/media?parent=4219"}],"curies":[{"name":"wp","href":"https:\/\/api.w.org\/{rel}","templated":true}]}}