{"id":4215,"date":"2021-10-09T20:08:43","date_gmt":"2021-10-09T18:08:43","guid":{"rendered":"https:\/\/agora.xtec.cat\/esc-concepcion-arenal\/?page_id=4215"},"modified":"2021-11-10T16:13:07","modified_gmt":"2021-11-10T15:13:07","slug":"projecte-lacam","status":"publish","type":"page","link":"https:\/\/agora.xtec.cat\/esc-concepcion-arenal\/projecte-lacam\/","title":{"rendered":"Projecte LACM"},"content":{"rendered":"<p>El programa de llengua <span class=\"il\">\u00e0rab<\/span> i cultura marroquina est\u00e0 destinat per a nens i nenes que tenen l&#8217;<span class=\"il\">\u00e0rab<\/span> com a llengua materna i per a tots aquells altres infants que volen aprendre una llengua nova.<\/p>\n<p>Els objectius del programa s\u00f3n els seg\u00fcents:<\/p>\n<ul>\n<li>Afavorir l\u2019ensenyament de la llengua <span class=\"il\">\u00e0rab<\/span> i la cultura marroquina a l\u2019alumnat marroqu\u00ed i d\u2019altres or\u00edgens que hi estigui interessat.<\/li>\n<li>Desenvolupar valors de toler\u00e0ncia i solidaritat per aconseguir la inclusi\u00f3 escolar i sociocultural de l\u2019alumnat d\u2019origen marroqu\u00ed al Sistema Educatiu Espanyol i a la societat.<\/li>\n<li>Proporcionar a l\u2019alumnat marroqu\u00ed una formaci\u00f3 que li permeti preservar la seva identitat i viure la seva cultura respectant la del pa\u00eds d\u2019acollida.<\/li>\n<\/ul>\n","protected":false},"excerpt":{"rendered":"<p>El programa de llengua \u00e0rab i cultura marroquina est\u00e0 destinat per a nens i nenes que tenen l&#8217;\u00e0rab com a llengua materna i per a tots aquells altres infants que volen aprendre una llengua nova. Els objectius del programa s\u00f3n els seg\u00fcents: Afavorir l\u2019ensenyament de la llengua \u00e0rab i la cultura marroquina a l\u2019alumnat marroqu\u00ed [&hellip;]<\/p>\n","protected":false},"author":5,"featured_media":0,"parent":0,"menu_order":0,"comment_status":"closed","ping_status":"closed","template":"","meta":{"_bbp_topic_count":0,"_bbp_reply_count":0,"_bbp_total_topic_count":0,"_bbp_total_reply_count":0,"_bbp_voice_count":0,"_bbp_anonymous_reply_count":0,"_bbp_topic_count_hidden":0,"_bbp_reply_count_hidden":0,"_bbp_forum_subforum_count":0,"site-sidebar-layout":"default","site-content-layout":"","ast-site-content-layout":"","site-content-style":"default","site-sidebar-style":"default","ast-global-header-display":"","ast-banner-title-visibility":"","ast-main-header-display":"","ast-hfb-above-header-display":"","ast-hfb-below-header-display":"","ast-hfb-mobile-header-display":"","site-post-title":"","ast-breadcrumbs-content":"","ast-featured-img":"","footer-sml-layout":"","theme-transparent-header-meta":"","adv-header-id-meta":"","stick-header-meta":"","header-above-stick-meta":"","header-main-stick-meta":"","header-below-stick-meta":"","astra-migrate-meta-layouts":"default","ast-page-background-enabled":"default","ast-page-background-meta":{"desktop":{"background-color":"var(--ast-global-color-4)","background-image":"","background-repeat":"repeat","background-position":"center center","background-size":"auto","background-attachment":"scroll","background-type":"","background-media":"","overlay-type":"","overlay-color":"","overlay-opacity":"","overlay-gradient":""},"tablet":{"background-color":"","background-image":"","background-repeat":"repeat","background-position":"center center","background-size":"auto","background-attachment":"scroll","background-type":"","background-media":"","overlay-type":"","overlay-color":"","overlay-opacity":"","overlay-gradient":""},"mobile":{"background-color":"","background-image":"","background-repeat":"repeat","background-position":"center center","background-size":"auto","background-attachment":"scroll","background-type":"","background-media":"","overlay-type":"","overlay-color":"","overlay-opacity":"","overlay-gradient":""}},"ast-content-background-meta":{"desktop":{"background-color":"var(--ast-global-color-5)","background-image":"","background-repeat":"repeat","background-position":"center center","background-size":"auto","background-attachment":"scroll","background-type":"","background-media":"","overlay-type":"","overlay-color":"","overlay-opacity":"","overlay-gradient":""},"tablet":{"background-color":"var(--ast-global-color-5)","background-image":"","background-repeat":"repeat","background-position":"center center","background-size":"auto","background-attachment":"scroll","background-type":"","background-media":"","overlay-type":"","overlay-color":"","overlay-opacity":"","overlay-gradient":""},"mobile":{"background-color":"var(--ast-global-color-5)","background-image":"","background-repeat":"repeat","background-position":"center center","background-size":"auto","background-attachment":"scroll","background-type":"","background-media":"","overlay-type":"","overlay-color":"","overlay-opacity":"","overlay-gradient":""}},"footnotes":""},"class_list":["post-4215","page","type-page","status-publish","hentry"],"post_mailing_queue_ids":[],"_links":{"self":[{"href":"https:\/\/agora.xtec.cat\/esc-concepcion-arenal\/wp-json\/wp\/v2\/pages\/4215","targetHints":{"allow":["GET"]}}],"collection":[{"href":"https:\/\/agora.xtec.cat\/esc-concepcion-arenal\/wp-json\/wp\/v2\/pages"}],"about":[{"href":"https:\/\/agora.xtec.cat\/esc-concepcion-arenal\/wp-json\/wp\/v2\/types\/page"}],"author":[{"embeddable":true,"href":"https:\/\/agora.xtec.cat\/esc-concepcion-arenal\/wp-json\/wp\/v2\/users\/5"}],"replies":[{"embeddable":true,"href":"https:\/\/agora.xtec.cat\/esc-concepcion-arenal\/wp-json\/wp\/v2\/comments?post=4215"}],"version-history":[{"count":2,"href":"https:\/\/agora.xtec.cat\/esc-concepcion-arenal\/wp-json\/wp\/v2\/pages\/4215\/revisions"}],"predecessor-version":[{"id":4501,"href":"https:\/\/agora.xtec.cat\/esc-concepcion-arenal\/wp-json\/wp\/v2\/pages\/4215\/revisions\/4501"}],"wp:attachment":[{"href":"https:\/\/agora.xtec.cat\/esc-concepcion-arenal\/wp-json\/wp\/v2\/media?parent=4215"}],"curies":[{"name":"wp","href":"https:\/\/api.w.org\/{rel}","templated":true}]}}