{"id":38,"date":"2020-09-18T12:34:08","date_gmt":"2020-09-18T10:34:08","guid":{"rendered":"http:\/\/agora.xtec.cat\/esc-concepcion-arenal\/?page_id=38"},"modified":"2024-09-14T08:54:50","modified_gmt":"2024-09-14T06:54:50","slug":"salut","status":"publish","type":"page","link":"https:\/\/agora.xtec.cat\/esc-concepcion-arenal\/lescola\/salut\/","title":{"rendered":"Salut"},"content":{"rendered":"<p>No podeu portar el vostre fill o filla a l\u2019escola si:<\/p>\n<div class=\"ast-oembed-container \" style=\"height: 100%;\"><iframe loading=\"lazy\" title=\"Conxi va l&#039;escola\" width=\"500\" height=\"281\" src=\"https:\/\/www.youtube.com\/embed\/NadCSuvSe-k?feature=oembed\" frameborder=\"0\" allow=\"accelerometer; autoplay; clipboard-write; encrypted-media; gyroscope; picture-in-picture; web-share\" referrerpolicy=\"strict-origin-when-cross-origin\" allowfullscreen><\/iframe><\/div>\n<ul>\n<li>T\u00e9 algun dels s\u00edmptomes compatibles amb la COVID-19:\n<ul>\n<li>Febre o febr\u00edcula (per sobre de 37,5\u202f\u00b0C)<\/li>\n<li>Tos<\/li>\n<li>Dificultat per a respirar<\/li>\n<li>Mal de coll*<\/li>\n<li>Refredat nasal*<\/li>\n<li>Fatiga, dolors musculars o mal de cap<\/li>\n<li>Mal de panxa amb v\u00f2mits o diarrea<\/li>\n<li>P\u00e8rdua d\u2019olfacte o gust (infants grans i adolescents)<\/li>\n<\/ul>\n<\/li>\n<\/ul>\n<p>*Nom\u00e9s si apareixen conjuntament amb algun altre s\u00edmptoma de la llista.<\/p>\n<ul>\n<li>Es troba en a\u00efllament perqu\u00e8 ha estat positiu per a la COVID-19.<\/li>\n<\/ul>\n<ul>\n<li>Est\u00e0 en espera del resultat d\u2019una PCR o una altra prova de diagn\u00f2stic molecular.<\/li>\n<\/ul>\n<ul>\n<li>Conviu amb una persona diagnosticada de COVID-19.<\/li>\n<\/ul>\n<ul>\n<li>Es troba en per\u00edode de quarantena domicili\u00e0ria per haver estat identificat\/da com a contacte estret d\u2019alguna persona diagnosticada de COVID-19.<\/li>\n<\/ul>\n<p>En el cas d&#8217;alumnes amb malalties cr\u00f2niques d\u2019elevada complexitat que puguin augmentar el risc de gravetat en cas de contraure la infecci\u00f3 per SARS-CoV-2, com ara malalties respirat\u00f2ries greus que precisen medicaci\u00f3 o dispositius de suport respiratori o malalties card\u00edaques greus, la fam\u00edlia o tutor\/a i l\u2019equip pedi\u00e0tric hauran de valorar les implicacions a l\u2019hora de reprendre l\u2019educaci\u00f3 presencial. En cas que no sigui possible, la formaci\u00f3 es continuar\u00e0 fent via no presencial, garantint la continu\u00eftat del curs escolar.<\/p>\n<p>&nbsp;<\/p>\n<h3 style=\"text-align: center;\"><span style=\"color: #0000ff;\"><strong>CALENDARI DE VACUNACIONS<\/strong><\/span><\/h3>\n<p><a href=\"https:\/\/agora.xtec.cat\/esc-concepcion-arenal\/wp-content\/uploads\/usu2031\/2024\/09\/calendari_vacunacions-2023.jpg\" target=\"_blank\" rel=\"noopener\"><img loading=\"lazy\" decoding=\"async\" class=\"alignnone wp-image-12564 size-full\" src=\"https:\/\/agora.xtec.cat\/esc-concepcion-arenal\/wp-content\/uploads\/usu2031\/2024\/09\/calendari_vacunacions-2023.jpg\" alt=\"\" width=\"1024\" height=\"692\" srcset=\"https:\/\/agora.xtec.cat\/esc-concepcion-arenal\/wp-content\/uploads\/usu2031\/2024\/09\/calendari_vacunacions-2023.jpg 1024w, https:\/\/agora.xtec.cat\/esc-concepcion-arenal\/wp-content\/uploads\/usu2031\/2024\/09\/calendari_vacunacions-2023-300x203.jpg 300w, https:\/\/agora.xtec.cat\/esc-concepcion-arenal\/wp-content\/uploads\/usu2031\/2024\/09\/calendari_vacunacions-2023-768x519.jpg 768w\" sizes=\"auto, (max-width: 1024px) 100vw, 1024px\" \/><\/a><\/p>\n<p>&nbsp;<\/p>\n","protected":false},"excerpt":{"rendered":"<p>No podeu portar el vostre fill o filla a l\u2019escola si: T\u00e9 algun dels s\u00edmptomes compatibles amb la COVID-19: Febre o febr\u00edcula (per sobre de 37,5\u202f\u00b0C) Tos Dificultat per a respirar Mal de coll* Refredat nasal* Fatiga, dolors musculars o mal de cap Mal de panxa amb v\u00f2mits o diarrea P\u00e8rdua d\u2019olfacte o gust (infants [&hellip;]<\/p>\n","protected":false},"author":1,"featured_media":0,"parent":22,"menu_order":80,"comment_status":"closed","ping_status":"closed","template":"page-templates\/side-menu.php","meta":{"_bbp_topic_count":0,"_bbp_reply_count":0,"_bbp_total_topic_count":0,"_bbp_total_reply_count":0,"_bbp_voice_count":0,"_bbp_anonymous_reply_count":0,"_bbp_topic_count_hidden":0,"_bbp_reply_count_hidden":0,"_bbp_forum_subforum_count":0,"site-sidebar-layout":"default","site-content-layout":"","ast-site-content-layout":"","site-content-style":"default","site-sidebar-style":"default","ast-global-header-display":"","ast-banner-title-visibility":"","ast-main-header-display":"","ast-hfb-above-header-display":"","ast-hfb-below-header-display":"","ast-hfb-mobile-header-display":"","site-post-title":"","ast-breadcrumbs-content":"","ast-featured-img":"","footer-sml-layout":"","theme-transparent-header-meta":"","adv-header-id-meta":"","stick-header-meta":"","header-above-stick-meta":"","header-main-stick-meta":"","header-below-stick-meta":"","astra-migrate-meta-layouts":"default","ast-page-background-enabled":"default","ast-page-background-meta":{"desktop":{"background-color":"var(--ast-global-color-4)","background-image":"","background-repeat":"repeat","background-position":"center center","background-size":"auto","background-attachment":"scroll","background-type":"","background-media":"","overlay-type":"","overlay-color":"","overlay-opacity":"","overlay-gradient":""},"tablet":{"background-color":"","background-image":"","background-repeat":"repeat","background-position":"center center","background-size":"auto","background-attachment":"scroll","background-type":"","background-media":"","overlay-type":"","overlay-color":"","overlay-opacity":"","overlay-gradient":""},"mobile":{"background-color":"","background-image":"","background-repeat":"repeat","background-position":"center center","background-size":"auto","background-attachment":"scroll","background-type":"","background-media":"","overlay-type":"","overlay-color":"","overlay-opacity":"","overlay-gradient":""}},"ast-content-background-meta":{"desktop":{"background-color":"var(--ast-global-color-5)","background-image":"","background-repeat":"repeat","background-position":"center center","background-size":"auto","background-attachment":"scroll","background-type":"","background-media":"","overlay-type":"","overlay-color":"","overlay-opacity":"","overlay-gradient":""},"tablet":{"background-color":"var(--ast-global-color-5)","background-image":"","background-repeat":"repeat","background-position":"center center","background-size":"auto","background-attachment":"scroll","background-type":"","background-media":"","overlay-type":"","overlay-color":"","overlay-opacity":"","overlay-gradient":""},"mobile":{"background-color":"var(--ast-global-color-5)","background-image":"","background-repeat":"repeat","background-position":"center center","background-size":"auto","background-attachment":"scroll","background-type":"","background-media":"","overlay-type":"","overlay-color":"","overlay-opacity":"","overlay-gradient":""}},"footnotes":""},"class_list":["post-38","page","type-page","status-publish","hentry"],"post_mailing_queue_ids":[],"_links":{"self":[{"href":"https:\/\/agora.xtec.cat\/esc-concepcion-arenal\/wp-json\/wp\/v2\/pages\/38","targetHints":{"allow":["GET"]}}],"collection":[{"href":"https:\/\/agora.xtec.cat\/esc-concepcion-arenal\/wp-json\/wp\/v2\/pages"}],"about":[{"href":"https:\/\/agora.xtec.cat\/esc-concepcion-arenal\/wp-json\/wp\/v2\/types\/page"}],"author":[{"embeddable":true,"href":"https:\/\/agora.xtec.cat\/esc-concepcion-arenal\/wp-json\/wp\/v2\/users\/1"}],"replies":[{"embeddable":true,"href":"https:\/\/agora.xtec.cat\/esc-concepcion-arenal\/wp-json\/wp\/v2\/comments?post=38"}],"version-history":[{"count":6,"href":"https:\/\/agora.xtec.cat\/esc-concepcion-arenal\/wp-json\/wp\/v2\/pages\/38\/revisions"}],"predecessor-version":[{"id":12566,"href":"https:\/\/agora.xtec.cat\/esc-concepcion-arenal\/wp-json\/wp\/v2\/pages\/38\/revisions\/12566"}],"up":[{"embeddable":true,"href":"https:\/\/agora.xtec.cat\/esc-concepcion-arenal\/wp-json\/wp\/v2\/pages\/22"}],"wp:attachment":[{"href":"https:\/\/agora.xtec.cat\/esc-concepcion-arenal\/wp-json\/wp\/v2\/media?parent=38"}],"curies":[{"name":"wp","href":"https:\/\/api.w.org\/{rel}","templated":true}]}}