{"id":30,"date":"2020-09-11T12:30:23","date_gmt":"2020-09-11T10:30:23","guid":{"rendered":"http:\/\/agora.xtec.cat\/esc-concepcion-arenal\/?page_id=30"},"modified":"2025-09-18T18:21:49","modified_gmt":"2025-09-18T16:21:49","slug":"equipeducatiu","status":"publish","type":"page","link":"https:\/\/agora.xtec.cat\/esc-concepcion-arenal\/lescola\/equipeducatiu\/","title":{"rendered":"Equip educatiu 2025-2026"},"content":{"rendered":"<p style=\"text-align: center;\"><span style=\"color: #3366ff;\"><strong>Equip de Cicle Infantil<\/strong><\/span><\/p>\n<p><span style=\"color: #3366ff;\"><strong>I3: M\u00f2nica E.<a href=\"https:\/\/agora.xtec.cat\/esc-concepcion-arenal\/wp-content\/uploads\/usu2031\/2025\/09\/1.jpg\"><img loading=\"lazy\" decoding=\"async\" class=\"alignright wp-image-15515\" src=\"https:\/\/agora.xtec.cat\/esc-concepcion-arenal\/wp-content\/uploads\/usu2031\/2025\/09\/1.jpg\" alt=\"\" width=\"386\" height=\"290\" srcset=\"https:\/\/agora.xtec.cat\/esc-concepcion-arenal\/wp-content\/uploads\/usu2031\/2025\/09\/1.jpg 1024w, https:\/\/agora.xtec.cat\/esc-concepcion-arenal\/wp-content\/uploads\/usu2031\/2025\/09\/1-300x225.jpg 300w, https:\/\/agora.xtec.cat\/esc-concepcion-arenal\/wp-content\/uploads\/usu2031\/2025\/09\/1-768x576.jpg 768w, https:\/\/agora.xtec.cat\/esc-concepcion-arenal\/wp-content\/uploads\/usu2031\/2025\/09\/1-200x150.jpg 200w\" sizes=\"auto, (max-width: 386px) 100vw, 386px\" \/><\/a><\/strong><\/span><\/p>\n<p><span style=\"color: #3366ff;\"><strong>I4: Elena G. i S\u00edlvia O.<\/strong><\/span><\/p>\n<p><span style=\"color: #3366ff;\"><strong>I5: S\u00edlvia G. i Tonyo R.<\/strong><\/span><\/p>\n<p><span style=\"color: #3366ff;\"><strong>TEI: Noem\u00ed J.<\/strong><\/span><\/p>\n<p><span style=\"color: #993366;\"><strong><span style=\"color: #3366ff;\">ATENCI\u00d3 A LA DIVERSITAT: Almu P., Marina C., i Araceli J.<\/span><\/strong><\/span><\/p>\n<p><span style=\"color: #3366ff;\"><strong>BIBLIOTECA: S\u00edlvia O.<\/strong><\/span><\/p>\n<p><span style=\"color: #3366ff;\"><strong>PSICOMOTRICITAT: Tania M.<\/strong><\/span><\/p>\n<p><span style=\"color: #3366ff;\"><strong>RELIGI\u00d3: Paz G.<\/strong><\/span><\/p>\n<p style=\"text-align: center;\"><span style=\"color: #3366ff;\"><strong>Equip de Cicle Inicial<\/strong><\/span><\/p>\n<p style=\"text-align: left;\"><span style=\"color: #3366ff;\"><strong>1r: Esther R. i Tania M.<a href=\"https:\/\/agora.xtec.cat\/esc-concepcion-arenal\/wp-content\/uploads\/usu2031\/2025\/09\/2.jpg\"><img loading=\"lazy\" decoding=\"async\" class=\"alignright wp-image-15513\" src=\"https:\/\/agora.xtec.cat\/esc-concepcion-arenal\/wp-content\/uploads\/usu2031\/2025\/09\/2.jpg\" alt=\"\" width=\"386\" height=\"290\" srcset=\"https:\/\/agora.xtec.cat\/esc-concepcion-arenal\/wp-content\/uploads\/usu2031\/2025\/09\/2.jpg 1024w, https:\/\/agora.xtec.cat\/esc-concepcion-arenal\/wp-content\/uploads\/usu2031\/2025\/09\/2-300x225.jpg 300w, https:\/\/agora.xtec.cat\/esc-concepcion-arenal\/wp-content\/uploads\/usu2031\/2025\/09\/2-768x576.jpg 768w, https:\/\/agora.xtec.cat\/esc-concepcion-arenal\/wp-content\/uploads\/usu2031\/2025\/09\/2-200x150.jpg 200w\" sizes=\"auto, (max-width: 386px) 100vw, 386px\" \/><\/a><\/strong><\/span><\/p>\n<p style=\"text-align: left;\"><span style=\"color: #3366ff;\"><strong>2n: Neus V. i Sandra C.<\/strong><\/span><\/p>\n<p style=\"text-align: left;\"><span style=\"color: #993366;\"><strong><span style=\"color: #3366ff;\">ATENCI\u00d3 A LA DIVERSITAT: Almu P., Marina C., i Araceli J.<\/span><\/strong><\/span><\/p>\n<p><span style=\"color: #3366ff;\"><strong>M\u00daSICA: Edu T.<\/strong><\/span><\/p>\n<p><span style=\"color: #3366ff;\"><strong>EDUCACI\u00d3 F\u00cdSICA: Tania M.<\/strong><\/span><\/p>\n<p><span style=\"color: #3366ff;\"><strong>ANGL\u00c8S: Ana A.<\/strong><\/span><\/p>\n<p><span style=\"color: #3366ff;\"><strong>BIBLIOTECA: Neus V.<\/strong><\/span><\/p>\n<p><span style=\"color: #3366ff;\"><strong>RELIGI\u00d3: Paz G.<\/strong><\/span><\/p>\n<p style=\"text-align: center;\"><span style=\"color: #3366ff;\"><strong>Equip de Cicle Mitj\u00e0<\/strong><\/span><\/p>\n<p><span style=\"color: #3366ff;\"><strong>3r: Lidia I. i Edu T.<a href=\"https:\/\/agora.xtec.cat\/esc-concepcion-arenal\/wp-content\/uploads\/usu2031\/2025\/09\/foto-cicle-mitja-2.jpg\"><img loading=\"lazy\" decoding=\"async\" class=\"wp-image-15581 alignright\" src=\"https:\/\/agora.xtec.cat\/esc-concepcion-arenal\/wp-content\/uploads\/usu2031\/2025\/09\/foto-cicle-mitja-2-300x225.jpg\" alt=\"\" width=\"386\" height=\"290\" srcset=\"https:\/\/agora.xtec.cat\/esc-concepcion-arenal\/wp-content\/uploads\/usu2031\/2025\/09\/foto-cicle-mitja-2-300x225.jpg 300w, https:\/\/agora.xtec.cat\/esc-concepcion-arenal\/wp-content\/uploads\/usu2031\/2025\/09\/foto-cicle-mitja-2-768x576.jpg 768w, https:\/\/agora.xtec.cat\/esc-concepcion-arenal\/wp-content\/uploads\/usu2031\/2025\/09\/foto-cicle-mitja-2-200x150.jpg 200w, https:\/\/agora.xtec.cat\/esc-concepcion-arenal\/wp-content\/uploads\/usu2031\/2025\/09\/foto-cicle-mitja-2.jpg 1024w\" sizes=\"auto, (max-width: 386px) 100vw, 386px\" \/><\/a><\/strong><\/span><\/p>\n<p><strong><span style=\"color: #993366;\"><span style=\"color: #3366ff;\">4t: Eva T. i M\u00edriam E.<\/span><\/span><\/strong><\/p>\n<p><span style=\"color: #3366ff;\"><strong>ANGL\u00c8S I BIBLIOTECA: Ana A.<\/strong><\/span><\/p>\n<p style=\"text-align: left;\"><span style=\"color: #3366ff;\"><strong><span style=\"color: #3366ff;\">ATENCI\u00d3 A LA DIVERSITAT: Almu P., Marina C., Gisela S. i Carlos M.<\/span><\/strong><\/span><\/p>\n<p><span style=\"color: #3366ff;\"><strong>EDUCACI\u00d3 F\u00cdSICA: Tonyo R.<\/strong><\/span><\/p>\n<p><span style=\"color: #3366ff;\"><strong>M\u00daSICA: Edu T.<\/strong><\/span><\/p>\n<p><span style=\"color: #3366ff;\"><strong>RELIGI\u00d3: Paz G.<\/strong><\/span><\/p>\n<p>&nbsp;<\/p>\n<p style=\"text-align: center;\"><span style=\"color: #3366ff;\"><strong>Equip de Cicle Superior<\/strong><\/span><\/p>\n<p>&nbsp;<\/p>\n<p><span style=\"color: #3366ff;\"><strong>5\u00e8: Mireia P. i Paz G.<a href=\"https:\/\/agora.xtec.cat\/esc-concepcion-arenal\/wp-content\/uploads\/usu2031\/2025\/09\/3.jpg\"><img loading=\"lazy\" decoding=\"async\" class=\"alignright wp-image-15514\" src=\"https:\/\/agora.xtec.cat\/esc-concepcion-arenal\/wp-content\/uploads\/usu2031\/2025\/09\/3.jpg\" alt=\"\" width=\"386\" height=\"290\" srcset=\"https:\/\/agora.xtec.cat\/esc-concepcion-arenal\/wp-content\/uploads\/usu2031\/2025\/09\/3.jpg 1024w, https:\/\/agora.xtec.cat\/esc-concepcion-arenal\/wp-content\/uploads\/usu2031\/2025\/09\/3-300x225.jpg 300w, https:\/\/agora.xtec.cat\/esc-concepcion-arenal\/wp-content\/uploads\/usu2031\/2025\/09\/3-768x576.jpg 768w, https:\/\/agora.xtec.cat\/esc-concepcion-arenal\/wp-content\/uploads\/usu2031\/2025\/09\/3-200x150.jpg 200w\" sizes=\"auto, (max-width: 386px) 100vw, 386px\" \/><\/a><\/strong><\/span><\/p>\n<p><span style=\"color: #3366ff;\"><strong>6\u00e8: Maite J. i Xavier C.<\/strong><\/span><\/p>\n<p><span style=\"color: #3366ff;\"><strong>ATENCI\u00d3 A LA DIVERSITAT: Almu P., Marina C. Gisela S. i Carlos M.<\/strong><\/span><\/p>\n<p><span style=\"color: #3366ff;\"><strong>EDUCACI\u00d3 F\u00cdSICA: Tonyo R.<\/strong><\/span><\/p>\n<p><span style=\"color: #3366ff;\"><strong>ANGL\u00c8S I BIBLIOTECA: Ana A. i Miss<\/strong><\/span><\/p>\n<p><span style=\"color: #3366ff;\"><strong>M\u00daSICA: Edu T.<\/strong><\/span><\/p>\n<p><span style=\"color: #3366ff;\"><strong>RELIGI\u00d3: Paz G.<\/strong><\/span><\/p>\n","protected":false},"excerpt":{"rendered":"<p>Equip de Cicle Infantil I3: M\u00f2nica E. I4: Elena G. i S\u00edlvia O. I5: S\u00edlvia G. i Tonyo R. TEI: Noem\u00ed J. ATENCI\u00d3 A LA DIVERSITAT: Almu P., Marina C., i Araceli J. BIBLIOTECA: S\u00edlvia O. PSICOMOTRICITAT: Tania M. RELIGI\u00d3: Paz G. Equip de Cicle Inicial 1r: Esther R. i Tania M. 2n: Neus V. [&hellip;]<\/p>\n","protected":false},"author":1,"featured_media":0,"parent":22,"menu_order":40,"comment_status":"closed","ping_status":"closed","template":"page-templates\/side-menu.php","meta":{"_bbp_topic_count":0,"_bbp_reply_count":0,"_bbp_total_topic_count":0,"_bbp_total_reply_count":0,"_bbp_voice_count":0,"_bbp_anonymous_reply_count":0,"_bbp_topic_count_hidden":0,"_bbp_reply_count_hidden":0,"_bbp_forum_subforum_count":0,"site-sidebar-layout":"default","site-content-layout":"","ast-site-content-layout":"","site-content-style":"default","site-sidebar-style":"default","ast-global-header-display":"","ast-banner-title-visibility":"","ast-main-header-display":"","ast-hfb-above-header-display":"","ast-hfb-below-header-display":"","ast-hfb-mobile-header-display":"","site-post-title":"","ast-breadcrumbs-content":"","ast-featured-img":"","footer-sml-layout":"","theme-transparent-header-meta":"","adv-header-id-meta":"","stick-header-meta":"","header-above-stick-meta":"","header-main-stick-meta":"","header-below-stick-meta":"","astra-migrate-meta-layouts":"default","ast-page-background-enabled":"default","ast-page-background-meta":{"desktop":{"background-color":"var(--ast-global-color-4)","background-image":"","background-repeat":"repeat","background-position":"center center","background-size":"auto","background-attachment":"scroll","background-type":"","background-media":"","overlay-type":"","overlay-color":"","overlay-opacity":"","overlay-gradient":""},"tablet":{"background-color":"","background-image":"","background-repeat":"repeat","background-position":"center center","background-size":"auto","background-attachment":"scroll","background-type":"","background-media":"","overlay-type":"","overlay-color":"","overlay-opacity":"","overlay-gradient":""},"mobile":{"background-color":"","background-image":"","background-repeat":"repeat","background-position":"center center","background-size":"auto","background-attachment":"scroll","background-type":"","background-media":"","overlay-type":"","overlay-color":"","overlay-opacity":"","overlay-gradient":""}},"ast-content-background-meta":{"desktop":{"background-color":"var(--ast-global-color-5)","background-image":"","background-repeat":"repeat","background-position":"center center","background-size":"auto","background-attachment":"scroll","background-type":"","background-media":"","overlay-type":"","overlay-color":"","overlay-opacity":"","overlay-gradient":""},"tablet":{"background-color":"var(--ast-global-color-5)","background-image":"","background-repeat":"repeat","background-position":"center center","background-size":"auto","background-attachment":"scroll","background-type":"","background-media":"","overlay-type":"","overlay-color":"","overlay-opacity":"","overlay-gradient":""},"mobile":{"background-color":"var(--ast-global-color-5)","background-image":"","background-repeat":"repeat","background-position":"center center","background-size":"auto","background-attachment":"scroll","background-type":"","background-media":"","overlay-type":"","overlay-color":"","overlay-opacity":"","overlay-gradient":""}},"footnotes":""},"class_list":["post-30","page","type-page","status-publish","hentry"],"post_mailing_queue_ids":[],"_links":{"self":[{"href":"https:\/\/agora.xtec.cat\/esc-concepcion-arenal\/wp-json\/wp\/v2\/pages\/30","targetHints":{"allow":["GET"]}}],"collection":[{"href":"https:\/\/agora.xtec.cat\/esc-concepcion-arenal\/wp-json\/wp\/v2\/pages"}],"about":[{"href":"https:\/\/agora.xtec.cat\/esc-concepcion-arenal\/wp-json\/wp\/v2\/types\/page"}],"author":[{"embeddable":true,"href":"https:\/\/agora.xtec.cat\/esc-concepcion-arenal\/wp-json\/wp\/v2\/users\/1"}],"replies":[{"embeddable":true,"href":"https:\/\/agora.xtec.cat\/esc-concepcion-arenal\/wp-json\/wp\/v2\/comments?post=30"}],"version-history":[{"count":7,"href":"https:\/\/agora.xtec.cat\/esc-concepcion-arenal\/wp-json\/wp\/v2\/pages\/30\/revisions"}],"predecessor-version":[{"id":15582,"href":"https:\/\/agora.xtec.cat\/esc-concepcion-arenal\/wp-json\/wp\/v2\/pages\/30\/revisions\/15582"}],"up":[{"embeddable":true,"href":"https:\/\/agora.xtec.cat\/esc-concepcion-arenal\/wp-json\/wp\/v2\/pages\/22"}],"wp:attachment":[{"href":"https:\/\/agora.xtec.cat\/esc-concepcion-arenal\/wp-json\/wp\/v2\/media?parent=30"}],"curies":[{"name":"wp","href":"https:\/\/api.w.org\/{rel}","templated":true}]}}