{"id":2930,"date":"2021-03-20T09:54:16","date_gmt":"2021-03-20T08:54:16","guid":{"rendered":"https:\/\/agora.xtec.cat\/esc-concepcion-arenal\/?page_id=2930"},"modified":"2025-10-25T10:11:10","modified_gmt":"2025-10-25T08:11:10","slug":"afa","status":"publish","type":"page","link":"https:\/\/agora.xtec.cat\/esc-concepcion-arenal\/lescola\/afa\/","title":{"rendered":"AFA"},"content":{"rendered":"<h5 style=\"text-align: center;\"><span style=\"color: #0000ff;\"><strong>Qu\u00e8 \u00e9s l\u2019AFA de l\u2019escola Concepci\u00f3n Arenal?<a href=\"https:\/\/agora.xtec.cat\/esc-concepcion-arenal\/wp-content\/uploads\/usu2031\/2023\/05\/LOGO-AFA.png\"><img loading=\"lazy\" decoding=\"async\" class=\"aligncenter wp-image-9268 size-thumbnail\" src=\"https:\/\/agora.xtec.cat\/esc-concepcion-arenal\/wp-content\/uploads\/usu2031\/2023\/05\/LOGO-AFA-150x150.png\" alt=\"\" width=\"150\" height=\"150\" srcset=\"https:\/\/agora.xtec.cat\/esc-concepcion-arenal\/wp-content\/uploads\/usu2031\/2023\/05\/LOGO-AFA-150x150.png 150w, https:\/\/agora.xtec.cat\/esc-concepcion-arenal\/wp-content\/uploads\/usu2031\/2023\/05\/LOGO-AFA-300x300.png 300w, https:\/\/agora.xtec.cat\/esc-concepcion-arenal\/wp-content\/uploads\/usu2031\/2023\/05\/LOGO-AFA.png 500w\" sizes=\"auto, (max-width: 150px) 100vw, 150px\" \/><\/a><\/strong><\/span><\/h5>\n<p>L\u2019AFA \u00e9s l\u2019associaci\u00f3, sense \u00e0nim de lucre, de mares i pares que porten els seus fills\/es a l\u2019escola Concepci\u00f3n Arenal.<\/p>\n<p>L\u2019Associaci\u00f3 de fam\u00edlies d\u2019alumnes (AFA) t\u00e9 com a missi\u00f3 la millora de la qualitat educativa i de les condicions d\u2019escolaritzaci\u00f3 de l&#8217;alumnat del seu centre educatiu, facilitant la cooperaci\u00f3 i coordinaci\u00f3 entre fam\u00edlies, equip docent i direcci\u00f3 del centre.<\/p>\n<p>L\u2019AFA vol ser una altra via m\u00e9s de connexi\u00f3 entre la societat, el barri o el districte organitzant aquells serveis i activitats necessaris per a dur a terme la missi\u00f3 de l\u2019entitat, a partir de la col\u00b7laboraci\u00f3 de les fam\u00edlies associades.<\/p>\n<p>Els centres educatius amb una AFA cohesionada i activa obtenen un major \u00e8xit escolar entre el seu alumnat.<\/p>\n<p>L\u2019AFA \u00e9s membre de l&#8217;AFFAC.<\/p>\n<p style=\"text-align: center;\"><strong><span style=\"color: #ff0000;\">Junta:<\/span><\/strong><\/p>\n<p style=\"text-align: center;\"><span style=\"color: #000000;\">Presidenta: Vicky G\u00f3mez<\/span><\/p>\n<p style=\"text-align: center;\">Secret\u00e0ria: Khadija Nouinou<\/p>\n<p style=\"text-align: center;\">Tresorera: Fatoumata<\/p>\n<p style=\"text-align: center;\">Vocal: Sandra, Habiba, Marietou, Hanan, Amna, Harpreet, Suad, Hanane, S\u00edlvia, Samara, M\u00edrima, Luc\u00eda i Hena<\/p>\n<p style=\"text-align: center;\"><span style=\"color: #0000ff;\"><strong>L&#8217;AFA COL\u00b7LABORA AMB L&#8217;ESCOLA:<\/strong><\/span><\/p>\n<p style=\"text-align: center;\">Fira d&#8217;entitats del barri<\/p>\n<p style=\"text-align: center;\">Festa Tardor\u00edfica<\/p>\n<p style=\"text-align: center;\">Festa de Carnaval<\/p>\n<p style=\"text-align: center;\">Festa de Final de curs<\/p>\n<p style=\"text-align: center;\">Foto amb el Pare Noel<\/p>\n<p style=\"text-align: center;\">\ud83d\udc49<a href=\"https:\/\/agora.xtec.cat\/esc-concepcion-arenal\/tag\/afa\/\" target=\"_blank\" rel=\"noopener\">ARTICLES AFA<\/a>\ud83d\udc48<\/p>\n<p style=\"text-align: center;\">\ud83d\udc49<a href=\"https:\/\/agora.xtec.cat\/esc-concepcion-arenal\/actes-assemblees-afa\/\" target=\"_blank\" rel=\"noopener\">ACTES ASSEMBLEES<\/a>\ud83d\udc48<\/p>\n<p style=\"text-align: center;\"><a href=\"https:\/\/drive.google.com\/file\/d\/11rlQtWjVMz9SU4emo1i8Twu8SbF58Rhb\/view?usp=sharing\" target=\"_blank\" rel=\"noopener noreferrer\">MANIFEST A FAVOR DE LA JORNADA COMPACTADA<\/a><\/p>\n<p><a href=\"https:\/\/agora.xtec.cat\/esc-concepcion-arenal\/wp-content\/uploads\/usu2031\/2021\/03\/manifest-convocatoria.jpg\"><img loading=\"lazy\" decoding=\"async\" class=\"aligncenter wp-image-2936 size-large\" src=\"https:\/\/agora.xtec.cat\/esc-concepcion-arenal\/wp-content\/uploads\/usu2031\/2021\/03\/manifest-convocatoria-722x1024.jpg\" alt=\"\" width=\"722\" height=\"1024\" srcset=\"https:\/\/agora.xtec.cat\/esc-concepcion-arenal\/wp-content\/uploads\/usu2031\/2021\/03\/manifest-convocatoria-722x1024.jpg 722w, https:\/\/agora.xtec.cat\/esc-concepcion-arenal\/wp-content\/uploads\/usu2031\/2021\/03\/manifest-convocatoria-212x300.jpg 212w, https:\/\/agora.xtec.cat\/esc-concepcion-arenal\/wp-content\/uploads\/usu2031\/2021\/03\/manifest-convocatoria-768x1089.jpg 768w, https:\/\/agora.xtec.cat\/esc-concepcion-arenal\/wp-content\/uploads\/usu2031\/2021\/03\/manifest-convocatoria.jpg 1024w\" sizes=\"auto, (max-width: 722px) 100vw, 722px\" \/><\/a><\/p>\n<p style=\"text-align: center;\">\n","protected":false},"excerpt":{"rendered":"<p>Qu\u00e8 \u00e9s l\u2019AFA de l\u2019escola Concepci\u00f3n Arenal? L\u2019AFA \u00e9s l\u2019associaci\u00f3, sense \u00e0nim de lucre, de mares i pares que porten els seus fills\/es a l\u2019escola Concepci\u00f3n Arenal. L\u2019Associaci\u00f3 de fam\u00edlies d\u2019alumnes (AFA) t\u00e9 com a missi\u00f3 la millora de la qualitat educativa i de les condicions d\u2019escolaritzaci\u00f3 de l&#8217;alumnat del seu centre educatiu, facilitant la [&hellip;]<\/p>\n","protected":false},"author":5,"featured_media":0,"parent":22,"menu_order":100,"comment_status":"closed","ping_status":"closed","template":"page-templates\/side-menu.php","meta":{"_bbp_topic_count":0,"_bbp_reply_count":0,"_bbp_total_topic_count":0,"_bbp_total_reply_count":0,"_bbp_voice_count":0,"_bbp_anonymous_reply_count":0,"_bbp_topic_count_hidden":0,"_bbp_reply_count_hidden":0,"_bbp_forum_subforum_count":0,"site-sidebar-layout":"default","site-content-layout":"","ast-site-content-layout":"","site-content-style":"default","site-sidebar-style":"default","ast-global-header-display":"","ast-banner-title-visibility":"","ast-main-header-display":"","ast-hfb-above-header-display":"","ast-hfb-below-header-display":"","ast-hfb-mobile-header-display":"","site-post-title":"","ast-breadcrumbs-content":"","ast-featured-img":"","footer-sml-layout":"","theme-transparent-header-meta":"","adv-header-id-meta":"","stick-header-meta":"","header-above-stick-meta":"","header-main-stick-meta":"","header-below-stick-meta":"","astra-migrate-meta-layouts":"default","ast-page-background-enabled":"default","ast-page-background-meta":{"desktop":{"background-color":"var(--ast-global-color-4)","background-image":"","background-repeat":"repeat","background-position":"center center","background-size":"auto","background-attachment":"scroll","background-type":"","background-media":"","overlay-type":"","overlay-color":"","overlay-opacity":"","overlay-gradient":""},"tablet":{"background-color":"","background-image":"","background-repeat":"repeat","background-position":"center center","background-size":"auto","background-attachment":"scroll","background-type":"","background-media":"","overlay-type":"","overlay-color":"","overlay-opacity":"","overlay-gradient":""},"mobile":{"background-color":"","background-image":"","background-repeat":"repeat","background-position":"center center","background-size":"auto","background-attachment":"scroll","background-type":"","background-media":"","overlay-type":"","overlay-color":"","overlay-opacity":"","overlay-gradient":""}},"ast-content-background-meta":{"desktop":{"background-color":"var(--ast-global-color-5)","background-image":"","background-repeat":"repeat","background-position":"center center","background-size":"auto","background-attachment":"scroll","background-type":"","background-media":"","overlay-type":"","overlay-color":"","overlay-opacity":"","overlay-gradient":""},"tablet":{"background-color":"var(--ast-global-color-5)","background-image":"","background-repeat":"repeat","background-position":"center center","background-size":"auto","background-attachment":"scroll","background-type":"","background-media":"","overlay-type":"","overlay-color":"","overlay-opacity":"","overlay-gradient":""},"mobile":{"background-color":"var(--ast-global-color-5)","background-image":"","background-repeat":"repeat","background-position":"center center","background-size":"auto","background-attachment":"scroll","background-type":"","background-media":"","overlay-type":"","overlay-color":"","overlay-opacity":"","overlay-gradient":""}},"footnotes":""},"class_list":["post-2930","page","type-page","status-publish","hentry"],"post_mailing_queue_ids":[],"_links":{"self":[{"href":"https:\/\/agora.xtec.cat\/esc-concepcion-arenal\/wp-json\/wp\/v2\/pages\/2930","targetHints":{"allow":["GET"]}}],"collection":[{"href":"https:\/\/agora.xtec.cat\/esc-concepcion-arenal\/wp-json\/wp\/v2\/pages"}],"about":[{"href":"https:\/\/agora.xtec.cat\/esc-concepcion-arenal\/wp-json\/wp\/v2\/types\/page"}],"author":[{"embeddable":true,"href":"https:\/\/agora.xtec.cat\/esc-concepcion-arenal\/wp-json\/wp\/v2\/users\/5"}],"replies":[{"embeddable":true,"href":"https:\/\/agora.xtec.cat\/esc-concepcion-arenal\/wp-json\/wp\/v2\/comments?post=2930"}],"version-history":[{"count":6,"href":"https:\/\/agora.xtec.cat\/esc-concepcion-arenal\/wp-json\/wp\/v2\/pages\/2930\/revisions"}],"predecessor-version":[{"id":15910,"href":"https:\/\/agora.xtec.cat\/esc-concepcion-arenal\/wp-json\/wp\/v2\/pages\/2930\/revisions\/15910"}],"up":[{"embeddable":true,"href":"https:\/\/agora.xtec.cat\/esc-concepcion-arenal\/wp-json\/wp\/v2\/pages\/22"}],"wp:attachment":[{"href":"https:\/\/agora.xtec.cat\/esc-concepcion-arenal\/wp-json\/wp\/v2\/media?parent=2930"}],"curies":[{"name":"wp","href":"https:\/\/api.w.org\/{rel}","templated":true}]}}