{"id":28,"date":"2020-09-13T12:29:35","date_gmt":"2020-09-13T10:29:35","guid":{"rendered":"http:\/\/agora.xtec.cat\/esc-concepcion-arenal\/?page_id=28"},"modified":"2024-07-07T10:22:52","modified_gmt":"2024-07-07T08:22:52","slug":"horaris","status":"publish","type":"page","link":"https:\/\/agora.xtec.cat\/esc-concepcion-arenal\/lescola\/horaris\/","title":{"rendered":"Horari"},"content":{"rendered":"<p><span style=\"color: #000000;\"><strong>CURS 2024-2025<\/strong><\/span><\/p>\n<p><span style=\"color: #0000ff;\"><strong>Horari lectiu i acc\u00e9s Educaci\u00f3 Infantil:<\/strong><\/span><\/p>\n<p><a href=\"https:\/\/agora.xtec.cat\/esc-concepcion-arenal\/wp-content\/uploads\/usu2031\/2024\/07\/entrades-infantil.jpg\"><img loading=\"lazy\" decoding=\"async\" class=\"aligncenter wp-image-12507 size-full\" src=\"https:\/\/agora.xtec.cat\/esc-concepcion-arenal\/wp-content\/uploads\/usu2031\/2024\/07\/entrades-infantil.jpg\" alt=\"\" width=\"791\" height=\"528\" srcset=\"https:\/\/agora.xtec.cat\/esc-concepcion-arenal\/wp-content\/uploads\/usu2031\/2024\/07\/entrades-infantil.jpg 791w, https:\/\/agora.xtec.cat\/esc-concepcion-arenal\/wp-content\/uploads\/usu2031\/2024\/07\/entrades-infantil-300x200.jpg 300w, https:\/\/agora.xtec.cat\/esc-concepcion-arenal\/wp-content\/uploads\/usu2031\/2024\/07\/entrades-infantil-768x513.jpg 768w\" sizes=\"auto, (max-width: 791px) 100vw, 791px\" \/><\/a><\/p>\n<p><a href=\"https:\/\/agora.xtec.cat\/esc-concepcion-arenal\/wp-content\/uploads\/usu2031\/2022\/07\/ENTRADES-I-SORTIDES-INF.jpg\"><span style=\"color: #0000ff;\"><strong>Horari lectiu i acc\u00e9s Prim\u00e0ria:<\/strong><\/span><\/a><\/p>\n<p><a href=\"https:\/\/agora.xtec.cat\/esc-concepcion-arenal\/wp-content\/uploads\/usu2031\/2024\/07\/entrades-primaria.jpg\"><img loading=\"lazy\" decoding=\"async\" class=\"aligncenter size-full wp-image-12508\" src=\"https:\/\/agora.xtec.cat\/esc-concepcion-arenal\/wp-content\/uploads\/usu2031\/2024\/07\/entrades-primaria.jpg\" alt=\"\" width=\"792\" height=\"514\" srcset=\"https:\/\/agora.xtec.cat\/esc-concepcion-arenal\/wp-content\/uploads\/usu2031\/2024\/07\/entrades-primaria.jpg 792w, https:\/\/agora.xtec.cat\/esc-concepcion-arenal\/wp-content\/uploads\/usu2031\/2024\/07\/entrades-primaria-300x195.jpg 300w, https:\/\/agora.xtec.cat\/esc-concepcion-arenal\/wp-content\/uploads\/usu2031\/2024\/07\/entrades-primaria-768x498.jpg 768w\" sizes=\"auto, (max-width: 792px) 100vw, 792px\" \/><\/a><\/p>\n<p><span style=\"color: #0000ff;\"><strong>Horari de menjador:<\/strong><\/span><\/p>\n<table>\n<tbody>\n<tr>\n<td style=\"text-align: center;\"><strong>CURS<\/strong><\/td>\n<td><strong>HORA DE DINAR<\/strong><\/td>\n<td><strong>ESPAI<\/strong><\/td>\n<\/tr>\n<tr>\n<td>I3 i I4<\/td>\n<td>12.50 h<\/td>\n<td>A la seva aula<\/td>\n<\/tr>\n<tr>\n<td>I5<\/td>\n<td>12.50 h<\/td>\n<td>Al menjador<\/td>\n<\/tr>\n<tr>\n<td>1r i 2n<\/td>\n<td>13.00 h<\/td>\n<td>Al menjador<\/td>\n<\/tr>\n<tr>\n<td>3r<\/td>\n<td>13.45 h<\/td>\n<td>Al menjador<\/td>\n<\/tr>\n<tr>\n<td>4t<\/td>\n<td>13.50 h<\/td>\n<td>Al menjador<\/td>\n<\/tr>\n<tr>\n<td>5\u00e8<\/td>\n<td>13.55 h<\/td>\n<td>Al menjador<\/td>\n<\/tr>\n<tr>\n<td>6\u00e8<\/td>\n<td>14.00 h<\/td>\n<td>Al menjador<\/td>\n<\/tr>\n<\/tbody>\n<\/table>\n","protected":false},"excerpt":{"rendered":"<p>CURS 2024-2025 Horari lectiu i acc\u00e9s Educaci\u00f3 Infantil: Horari lectiu i acc\u00e9s Prim\u00e0ria: Horari de menjador: CURS HORA DE DINAR ESPAI I3 i I4 12.50 h A la seva aula I5 12.50 h Al menjador 1r i 2n 13.00 h Al menjador 3r 13.45 h Al menjador 4t 13.50 h Al menjador 5\u00e8 13.55 h [&hellip;]<\/p>\n","protected":false},"author":1,"featured_media":0,"parent":22,"menu_order":10,"comment_status":"closed","ping_status":"closed","template":"page-templates\/side-menu.php","meta":{"_bbp_topic_count":0,"_bbp_reply_count":0,"_bbp_total_topic_count":0,"_bbp_total_reply_count":0,"_bbp_voice_count":0,"_bbp_anonymous_reply_count":0,"_bbp_topic_count_hidden":0,"_bbp_reply_count_hidden":0,"_bbp_forum_subforum_count":0,"site-sidebar-layout":"default","site-content-layout":"","ast-site-content-layout":"","site-content-style":"default","site-sidebar-style":"default","ast-global-header-display":"","ast-banner-title-visibility":"","ast-main-header-display":"","ast-hfb-above-header-display":"","ast-hfb-below-header-display":"","ast-hfb-mobile-header-display":"","site-post-title":"","ast-breadcrumbs-content":"","ast-featured-img":"","footer-sml-layout":"","theme-transparent-header-meta":"","adv-header-id-meta":"","stick-header-meta":"","header-above-stick-meta":"","header-main-stick-meta":"","header-below-stick-meta":"","astra-migrate-meta-layouts":"default","ast-page-background-enabled":"default","ast-page-background-meta":{"desktop":{"background-color":"var(--ast-global-color-4)","background-image":"","background-repeat":"repeat","background-position":"center center","background-size":"auto","background-attachment":"scroll","background-type":"","background-media":"","overlay-type":"","overlay-color":"","overlay-opacity":"","overlay-gradient":""},"tablet":{"background-color":"","background-image":"","background-repeat":"repeat","background-position":"center center","background-size":"auto","background-attachment":"scroll","background-type":"","background-media":"","overlay-type":"","overlay-color":"","overlay-opacity":"","overlay-gradient":""},"mobile":{"background-color":"","background-image":"","background-repeat":"repeat","background-position":"center center","background-size":"auto","background-attachment":"scroll","background-type":"","background-media":"","overlay-type":"","overlay-color":"","overlay-opacity":"","overlay-gradient":""}},"ast-content-background-meta":{"desktop":{"background-color":"var(--ast-global-color-5)","background-image":"","background-repeat":"repeat","background-position":"center center","background-size":"auto","background-attachment":"scroll","background-type":"","background-media":"","overlay-type":"","overlay-color":"","overlay-opacity":"","overlay-gradient":""},"tablet":{"background-color":"var(--ast-global-color-5)","background-image":"","background-repeat":"repeat","background-position":"center center","background-size":"auto","background-attachment":"scroll","background-type":"","background-media":"","overlay-type":"","overlay-color":"","overlay-opacity":"","overlay-gradient":""},"mobile":{"background-color":"var(--ast-global-color-5)","background-image":"","background-repeat":"repeat","background-position":"center center","background-size":"auto","background-attachment":"scroll","background-type":"","background-media":"","overlay-type":"","overlay-color":"","overlay-opacity":"","overlay-gradient":""}},"footnotes":""},"class_list":["post-28","page","type-page","status-publish","hentry"],"post_mailing_queue_ids":[],"_links":{"self":[{"href":"https:\/\/agora.xtec.cat\/esc-concepcion-arenal\/wp-json\/wp\/v2\/pages\/28","targetHints":{"allow":["GET"]}}],"collection":[{"href":"https:\/\/agora.xtec.cat\/esc-concepcion-arenal\/wp-json\/wp\/v2\/pages"}],"about":[{"href":"https:\/\/agora.xtec.cat\/esc-concepcion-arenal\/wp-json\/wp\/v2\/types\/page"}],"author":[{"embeddable":true,"href":"https:\/\/agora.xtec.cat\/esc-concepcion-arenal\/wp-json\/wp\/v2\/users\/1"}],"replies":[{"embeddable":true,"href":"https:\/\/agora.xtec.cat\/esc-concepcion-arenal\/wp-json\/wp\/v2\/comments?post=28"}],"version-history":[{"count":7,"href":"https:\/\/agora.xtec.cat\/esc-concepcion-arenal\/wp-json\/wp\/v2\/pages\/28\/revisions"}],"predecessor-version":[{"id":12510,"href":"https:\/\/agora.xtec.cat\/esc-concepcion-arenal\/wp-json\/wp\/v2\/pages\/28\/revisions\/12510"}],"up":[{"embeddable":true,"href":"https:\/\/agora.xtec.cat\/esc-concepcion-arenal\/wp-json\/wp\/v2\/pages\/22"}],"wp:attachment":[{"href":"https:\/\/agora.xtec.cat\/esc-concepcion-arenal\/wp-json\/wp\/v2\/media?parent=28"}],"curies":[{"name":"wp","href":"https:\/\/api.w.org\/{rel}","templated":true}]}}