{"id":26,"date":"2014-09-18T12:24:32","date_gmt":"2014-09-18T11:24:32","guid":{"rendered":"http:\/\/agora.xtec.cat\/esc-concepcion-arenal\/?page_id=26"},"modified":"2020-11-11T19:33:09","modified_gmt":"2020-11-11T18:33:09","slug":"historia","status":"publish","type":"page","link":"https:\/\/agora.xtec.cat\/esc-concepcion-arenal\/lescola\/historia\/","title":{"rendered":"Hist\u00f2ria"},"content":{"rendered":"<p>L&#8217;escola <strong>Concepci\u00f3n Arenal<\/strong>, inaugurada l&#8217;any 1969, \u00e9s un\u00a0<strong>centre p\u00fablic<\/strong> d&#8217;una l\u00ednia (un grup per nivell) d&#8217;educaci\u00f3 infantil i prim\u00e0ria (3-12 anys) que est\u00e0 ubicat\u00a0al Barri Bes\u00f2s del districte de Sant Mart\u00ed.<\/p>\n<p><a href=\"https:\/\/agora.xtec.cat\/esc-concepcion-arenal\/wp-content\/uploads\/usu2031\/2020\/11\/logo50.png\"><img loading=\"lazy\" decoding=\"async\" class=\"size-full wp-image-1907 aligncenter\" src=\"https:\/\/agora.xtec.cat\/esc-concepcion-arenal\/wp-content\/uploads\/usu2031\/2020\/11\/logo50.png\" alt=\"\" width=\"118\" height=\"118\" \/><\/a>El curs 2018-19 vam celebrar els 50 anys. (Veieu el <a href=\"https:\/\/youtu.be\/GlrKlvYcJMg\" target=\"_blank\" rel=\"noopener noreferrer\">v\u00eddeo<\/a>, les <a href=\"https:\/\/photos.app.goo.gl\/j5ZovwUpBa7BmQKh6\" target=\"_blank\" rel=\"noopener noreferrer\">activitats<\/a>, les <a href=\"https:\/\/photos.app.goo.gl\/6wdV6SSp6QEKn6CH8\" target=\"_blank\" rel=\"noopener noreferrer\">actuacions<\/a>, el <a href=\"https:\/\/photos.app.goo.gl\/96HZMEK4nL1BuPV89\" target=\"_blank\" rel=\"noopener noreferrer\">pica-pica<\/a>, el <a href=\"https:\/\/photos.app.goo.gl\/RRsenqsJxgsrHc539\" target=\"_blank\" rel=\"noopener noreferrer\">photocall<\/a>, les <a href=\"https:\/\/photos.app.goo.gl\/FeLqcVbbAtxJmG8d9\" target=\"_blank\" rel=\"noopener noreferrer\">actuacions de les classes<\/a>, el <a href=\"https:\/\/photos.app.goo.gl\/vs9rp5jHLzn5jNpK7\" target=\"_blank\" rel=\"noopener noreferrer\">past\u00eds<\/a>, i el v\u00eddeo de <a href=\"https:\/\/youtu.be\/c_dYIP53PUo\" target=\"_blank\" rel=\"noopener noreferrer\">les qualitats de la nostra escola<\/a>)<\/p>\n<p>&nbsp;<\/p>\n<p>&nbsp;<\/p>\n","protected":false},"excerpt":{"rendered":"<p>L&#8217;escola Concepci\u00f3n Arenal, inaugurada l&#8217;any 1969, \u00e9s un\u00a0centre p\u00fablic d&#8217;una l\u00ednia (un grup per nivell) d&#8217;educaci\u00f3 infantil i prim\u00e0ria (3-12 anys) que est\u00e0 ubicat\u00a0al Barri Bes\u00f2s del districte de Sant Mart\u00ed. El curs 2018-19 vam celebrar els 50 anys. (Veieu el v\u00eddeo, les activitats, les actuacions, el pica-pica, el photocall, les actuacions de les classes, [&hellip;]<\/p>\n","protected":false},"author":1,"featured_media":0,"parent":22,"menu_order":20,"comment_status":"closed","ping_status":"closed","template":"page-templates\/side-menu.php","meta":{"_bbp_topic_count":0,"_bbp_reply_count":0,"_bbp_total_topic_count":0,"_bbp_total_reply_count":0,"_bbp_voice_count":0,"_bbp_anonymous_reply_count":0,"_bbp_topic_count_hidden":0,"_bbp_reply_count_hidden":0,"_bbp_forum_subforum_count":0,"site-sidebar-layout":"default","site-content-layout":"","ast-site-content-layout":"","site-content-style":"default","site-sidebar-style":"default","ast-global-header-display":"","ast-banner-title-visibility":"","ast-main-header-display":"","ast-hfb-above-header-display":"","ast-hfb-below-header-display":"","ast-hfb-mobile-header-display":"","site-post-title":"","ast-breadcrumbs-content":"","ast-featured-img":"","footer-sml-layout":"","theme-transparent-header-meta":"","adv-header-id-meta":"","stick-header-meta":"","header-above-stick-meta":"","header-main-stick-meta":"","header-below-stick-meta":"","astra-migrate-meta-layouts":"default","ast-page-background-enabled":"default","ast-page-background-meta":{"desktop":{"background-color":"var(--ast-global-color-4)","background-image":"","background-repeat":"repeat","background-position":"center center","background-size":"auto","background-attachment":"scroll","background-type":"","background-media":"","overlay-type":"","overlay-color":"","overlay-opacity":"","overlay-gradient":""},"tablet":{"background-color":"","background-image":"","background-repeat":"repeat","background-position":"center center","background-size":"auto","background-attachment":"scroll","background-type":"","background-media":"","overlay-type":"","overlay-color":"","overlay-opacity":"","overlay-gradient":""},"mobile":{"background-color":"","background-image":"","background-repeat":"repeat","background-position":"center center","background-size":"auto","background-attachment":"scroll","background-type":"","background-media":"","overlay-type":"","overlay-color":"","overlay-opacity":"","overlay-gradient":""}},"ast-content-background-meta":{"desktop":{"background-color":"var(--ast-global-color-5)","background-image":"","background-repeat":"repeat","background-position":"center center","background-size":"auto","background-attachment":"scroll","background-type":"","background-media":"","overlay-type":"","overlay-color":"","overlay-opacity":"","overlay-gradient":""},"tablet":{"background-color":"var(--ast-global-color-5)","background-image":"","background-repeat":"repeat","background-position":"center center","background-size":"auto","background-attachment":"scroll","background-type":"","background-media":"","overlay-type":"","overlay-color":"","overlay-opacity":"","overlay-gradient":""},"mobile":{"background-color":"var(--ast-global-color-5)","background-image":"","background-repeat":"repeat","background-position":"center center","background-size":"auto","background-attachment":"scroll","background-type":"","background-media":"","overlay-type":"","overlay-color":"","overlay-opacity":"","overlay-gradient":""}},"footnotes":""},"class_list":["post-26","page","type-page","status-publish","hentry"],"post_mailing_queue_ids":[],"_links":{"self":[{"href":"https:\/\/agora.xtec.cat\/esc-concepcion-arenal\/wp-json\/wp\/v2\/pages\/26","targetHints":{"allow":["GET"]}}],"collection":[{"href":"https:\/\/agora.xtec.cat\/esc-concepcion-arenal\/wp-json\/wp\/v2\/pages"}],"about":[{"href":"https:\/\/agora.xtec.cat\/esc-concepcion-arenal\/wp-json\/wp\/v2\/types\/page"}],"author":[{"embeddable":true,"href":"https:\/\/agora.xtec.cat\/esc-concepcion-arenal\/wp-json\/wp\/v2\/users\/1"}],"replies":[{"embeddable":true,"href":"https:\/\/agora.xtec.cat\/esc-concepcion-arenal\/wp-json\/wp\/v2\/comments?post=26"}],"version-history":[{"count":5,"href":"https:\/\/agora.xtec.cat\/esc-concepcion-arenal\/wp-json\/wp\/v2\/pages\/26\/revisions"}],"predecessor-version":[{"id":1914,"href":"https:\/\/agora.xtec.cat\/esc-concepcion-arenal\/wp-json\/wp\/v2\/pages\/26\/revisions\/1914"}],"up":[{"embeddable":true,"href":"https:\/\/agora.xtec.cat\/esc-concepcion-arenal\/wp-json\/wp\/v2\/pages\/22"}],"wp:attachment":[{"href":"https:\/\/agora.xtec.cat\/esc-concepcion-arenal\/wp-json\/wp\/v2\/media?parent=26"}],"curies":[{"name":"wp","href":"https:\/\/api.w.org\/{rel}","templated":true}]}}