{"id":2211,"date":"2020-11-28T10:21:35","date_gmt":"2020-11-28T09:21:35","guid":{"rendered":"https:\/\/agora.xtec.cat\/esc-concepcion-arenal\/?page_id=2211"},"modified":"2020-11-28T10:21:35","modified_gmt":"2020-11-28T09:21:35","slug":"activitats-de-divendres","status":"publish","type":"page","link":"https:\/\/agora.xtec.cat\/esc-concepcion-arenal\/serveis\/activitats-extraescolars\/activitats-de-divendres\/","title":{"rendered":"Activitats de divendres"},"content":{"rendered":"<p>Les activitats de divendres tarda es porten a terme gr\u00e0cies al programa\u00a0\u201cConvivim esportivament\u201d que \u00e9s una iniciativa que t\u00e9 per objectiu promocionar la pr\u00e0ctica de\u00a0l&#8217;esport\u00a0i\u00a0l&#8217;activitat\u00a0f\u00edsica entre els infants i joves de diversos barris de la ciutat com a eina de foment de la inclusi\u00f3 social.<\/p>\n<p>El projecte parteix de la idea que la pr\u00e0ctica esportiva t\u00e9 un paper molt important en la construcci\u00f3 d\u2019una ciutat cohesionada ja que incideix positivament en la creaci\u00f3 d\u2019elements aglutinadors, a la vegada que introdueix\u00a0 les persones en organitzacions i associacions que tenen una incid\u00e8ncia significativa en la vida social dels barris i la ciutat en general.<\/p>\n<p>La iniciativa vol implicar tamb\u00e9 als pares i mares en la pr\u00e0ctica esportiva dels seus fills i filles com a mitj\u00e0 per enfortir la relaci\u00f3 amb ells i alhora promoure els valors esportius com a eina de refer\u00e8ncia.<\/p>\n","protected":false},"excerpt":{"rendered":"<p>Les activitats de divendres tarda es porten a terme gr\u00e0cies al programa\u00a0\u201cConvivim esportivament\u201d que \u00e9s una iniciativa que t\u00e9 per objectiu promocionar la pr\u00e0ctica de\u00a0l&#8217;esport\u00a0i\u00a0l&#8217;activitat\u00a0f\u00edsica entre els infants i joves de diversos barris de la ciutat com a eina de foment de la inclusi\u00f3 social. El projecte parteix de la idea que la pr\u00e0ctica esportiva [&hellip;]<\/p>\n","protected":false},"author":5,"featured_media":0,"parent":84,"menu_order":10,"comment_status":"closed","ping_status":"closed","template":"page-templates\/side-menu.php","meta":{"_bbp_topic_count":0,"_bbp_reply_count":0,"_bbp_total_topic_count":0,"_bbp_total_reply_count":0,"_bbp_voice_count":0,"_bbp_anonymous_reply_count":0,"_bbp_topic_count_hidden":0,"_bbp_reply_count_hidden":0,"_bbp_forum_subforum_count":0,"site-sidebar-layout":"default","site-content-layout":"","ast-site-content-layout":"","site-content-style":"default","site-sidebar-style":"default","ast-global-header-display":"","ast-banner-title-visibility":"","ast-main-header-display":"","ast-hfb-above-header-display":"","ast-hfb-below-header-display":"","ast-hfb-mobile-header-display":"","site-post-title":"","ast-breadcrumbs-content":"","ast-featured-img":"","footer-sml-layout":"","theme-transparent-header-meta":"","adv-header-id-meta":"","stick-header-meta":"","header-above-stick-meta":"","header-main-stick-meta":"","header-below-stick-meta":"","astra-migrate-meta-layouts":"default","ast-page-background-enabled":"default","ast-page-background-meta":{"desktop":{"background-color":"var(--ast-global-color-4)","background-image":"","background-repeat":"repeat","background-position":"center center","background-size":"auto","background-attachment":"scroll","background-type":"","background-media":"","overlay-type":"","overlay-color":"","overlay-opacity":"","overlay-gradient":""},"tablet":{"background-color":"","background-image":"","background-repeat":"repeat","background-position":"center center","background-size":"auto","background-attachment":"scroll","background-type":"","background-media":"","overlay-type":"","overlay-color":"","overlay-opacity":"","overlay-gradient":""},"mobile":{"background-color":"","background-image":"","background-repeat":"repeat","background-position":"center center","background-size":"auto","background-attachment":"scroll","background-type":"","background-media":"","overlay-type":"","overlay-color":"","overlay-opacity":"","overlay-gradient":""}},"ast-content-background-meta":{"desktop":{"background-color":"var(--ast-global-color-5)","background-image":"","background-repeat":"repeat","background-position":"center center","background-size":"auto","background-attachment":"scroll","background-type":"","background-media":"","overlay-type":"","overlay-color":"","overlay-opacity":"","overlay-gradient":""},"tablet":{"background-color":"var(--ast-global-color-5)","background-image":"","background-repeat":"repeat","background-position":"center center","background-size":"auto","background-attachment":"scroll","background-type":"","background-media":"","overlay-type":"","overlay-color":"","overlay-opacity":"","overlay-gradient":""},"mobile":{"background-color":"var(--ast-global-color-5)","background-image":"","background-repeat":"repeat","background-position":"center center","background-size":"auto","background-attachment":"scroll","background-type":"","background-media":"","overlay-type":"","overlay-color":"","overlay-opacity":"","overlay-gradient":""}},"footnotes":""},"class_list":["post-2211","page","type-page","status-publish","hentry"],"post_mailing_queue_ids":[],"_links":{"self":[{"href":"https:\/\/agora.xtec.cat\/esc-concepcion-arenal\/wp-json\/wp\/v2\/pages\/2211","targetHints":{"allow":["GET"]}}],"collection":[{"href":"https:\/\/agora.xtec.cat\/esc-concepcion-arenal\/wp-json\/wp\/v2\/pages"}],"about":[{"href":"https:\/\/agora.xtec.cat\/esc-concepcion-arenal\/wp-json\/wp\/v2\/types\/page"}],"author":[{"embeddable":true,"href":"https:\/\/agora.xtec.cat\/esc-concepcion-arenal\/wp-json\/wp\/v2\/users\/5"}],"replies":[{"embeddable":true,"href":"https:\/\/agora.xtec.cat\/esc-concepcion-arenal\/wp-json\/wp\/v2\/comments?post=2211"}],"version-history":[{"count":1,"href":"https:\/\/agora.xtec.cat\/esc-concepcion-arenal\/wp-json\/wp\/v2\/pages\/2211\/revisions"}],"predecessor-version":[{"id":2212,"href":"https:\/\/agora.xtec.cat\/esc-concepcion-arenal\/wp-json\/wp\/v2\/pages\/2211\/revisions\/2212"}],"up":[{"embeddable":true,"href":"https:\/\/agora.xtec.cat\/esc-concepcion-arenal\/wp-json\/wp\/v2\/pages\/84"}],"wp:attachment":[{"href":"https:\/\/agora.xtec.cat\/esc-concepcion-arenal\/wp-json\/wp\/v2\/media?parent=2211"}],"curies":[{"name":"wp","href":"https:\/\/api.w.org\/{rel}","templated":true}]}}