{"id":2204,"date":"2020-11-28T08:16:26","date_gmt":"2020-11-28T07:16:26","guid":{"rendered":"https:\/\/agora.xtec.cat\/esc-concepcion-arenal\/?page_id=2204"},"modified":"2021-10-09T20:21:12","modified_gmt":"2021-10-09T18:21:12","slug":"suport-socio-educatiu","status":"publish","type":"page","link":"https:\/\/agora.xtec.cat\/esc-concepcion-arenal\/serveis\/activitats-extraescolars\/suport-socio-educatiu\/","title":{"rendered":"Suport socio-educatiu"},"content":{"rendered":"<p>El\u00a0<strong>Centre Socio-educatiu Bes\u00f2s-Maresme<\/strong>\u00a0\u00e9s un projecte educatiu de\u00a0<strong>Casal dels Infants<\/strong>\u00a0on acompanyem integralment infants dels 9 als 12 anys i a les seves fam\u00edlies, segons les necessitats que detectem.<\/p>\n<p>Es funciona a partir de plans educatius individualitzats al Casal de tardes on es treballen\u00a0compet\u00e8ncies personals, socials i el suport educatiu.<\/p>\n<p>Parem especial atenci\u00f3 a la implicaci\u00f3 de les fam\u00edlies durant el proc\u00e9s, aix\u00ed com al treball coordinat\u00a0amb les escoles, serveis p\u00fablics i els diferents recursos dels barris.<\/p>\n<p>L\u2019horari d\u2019intervenci\u00f3 \u00e9s de les 16h a les 18:30h de dilluns a dijous durant el curs escolar i en per\u00edodes vacacionals.<\/p>\n<p><a href=\"https:\/\/agora.xtec.cat\/esc-concepcion-arenal\/wp-content\/uploads\/usu2031\/2020\/11\/proinf\u00e0ncia.jpg\"><img loading=\"lazy\" decoding=\"async\" class=\"aligncenter size-medium wp-image-2205\" src=\"https:\/\/agora.xtec.cat\/esc-concepcion-arenal\/wp-content\/uploads\/usu2031\/2020\/11\/proinf\u00e0ncia-300x225.jpg\" alt=\"\" width=\"300\" height=\"225\" srcset=\"https:\/\/agora.xtec.cat\/esc-concepcion-arenal\/wp-content\/uploads\/usu2031\/2020\/11\/proinf\u00e0ncia-300x225.jpg 300w, https:\/\/agora.xtec.cat\/esc-concepcion-arenal\/wp-content\/uploads\/usu2031\/2020\/11\/proinf\u00e0ncia-768x576.jpg 768w, https:\/\/agora.xtec.cat\/esc-concepcion-arenal\/wp-content\/uploads\/usu2031\/2020\/11\/proinf\u00e0ncia.jpg 1024w, https:\/\/agora.xtec.cat\/esc-concepcion-arenal\/wp-content\/uploads\/usu2031\/2020\/11\/proinf\u00e0ncia-200x150.jpg 200w\" sizes=\"auto, (max-width: 300px) 100vw, 300px\" \/><\/a><\/p>\n","protected":false},"excerpt":{"rendered":"<p>El\u00a0Centre Socio-educatiu Bes\u00f2s-Maresme\u00a0\u00e9s un projecte educatiu de\u00a0Casal dels Infants\u00a0on acompanyem integralment infants dels 9 als 12 anys i a les seves fam\u00edlies, segons les necessitats que detectem. Es funciona a partir de plans educatius individualitzats al Casal de tardes on es treballen\u00a0compet\u00e8ncies personals, socials i el suport educatiu. Parem especial atenci\u00f3 a la implicaci\u00f3 de [&hellip;]<\/p>\n","protected":false},"author":5,"featured_media":0,"parent":84,"menu_order":20,"comment_status":"closed","ping_status":"closed","template":"page-templates\/side-menu.php","meta":{"_bbp_topic_count":0,"_bbp_reply_count":0,"_bbp_total_topic_count":0,"_bbp_total_reply_count":0,"_bbp_voice_count":0,"_bbp_anonymous_reply_count":0,"_bbp_topic_count_hidden":0,"_bbp_reply_count_hidden":0,"_bbp_forum_subforum_count":0,"site-sidebar-layout":"default","site-content-layout":"","ast-site-content-layout":"","site-content-style":"default","site-sidebar-style":"default","ast-global-header-display":"","ast-banner-title-visibility":"","ast-main-header-display":"","ast-hfb-above-header-display":"","ast-hfb-below-header-display":"","ast-hfb-mobile-header-display":"","site-post-title":"","ast-breadcrumbs-content":"","ast-featured-img":"","footer-sml-layout":"","theme-transparent-header-meta":"","adv-header-id-meta":"","stick-header-meta":"","header-above-stick-meta":"","header-main-stick-meta":"","header-below-stick-meta":"","astra-migrate-meta-layouts":"default","ast-page-background-enabled":"default","ast-page-background-meta":{"desktop":{"background-color":"var(--ast-global-color-4)","background-image":"","background-repeat":"repeat","background-position":"center center","background-size":"auto","background-attachment":"scroll","background-type":"","background-media":"","overlay-type":"","overlay-color":"","overlay-opacity":"","overlay-gradient":""},"tablet":{"background-color":"","background-image":"","background-repeat":"repeat","background-position":"center center","background-size":"auto","background-attachment":"scroll","background-type":"","background-media":"","overlay-type":"","overlay-color":"","overlay-opacity":"","overlay-gradient":""},"mobile":{"background-color":"","background-image":"","background-repeat":"repeat","background-position":"center center","background-size":"auto","background-attachment":"scroll","background-type":"","background-media":"","overlay-type":"","overlay-color":"","overlay-opacity":"","overlay-gradient":""}},"ast-content-background-meta":{"desktop":{"background-color":"var(--ast-global-color-5)","background-image":"","background-repeat":"repeat","background-position":"center center","background-size":"auto","background-attachment":"scroll","background-type":"","background-media":"","overlay-type":"","overlay-color":"","overlay-opacity":"","overlay-gradient":""},"tablet":{"background-color":"var(--ast-global-color-5)","background-image":"","background-repeat":"repeat","background-position":"center center","background-size":"auto","background-attachment":"scroll","background-type":"","background-media":"","overlay-type":"","overlay-color":"","overlay-opacity":"","overlay-gradient":""},"mobile":{"background-color":"var(--ast-global-color-5)","background-image":"","background-repeat":"repeat","background-position":"center center","background-size":"auto","background-attachment":"scroll","background-type":"","background-media":"","overlay-type":"","overlay-color":"","overlay-opacity":"","overlay-gradient":""}},"footnotes":""},"class_list":["post-2204","page","type-page","status-publish","hentry"],"post_mailing_queue_ids":[],"_links":{"self":[{"href":"https:\/\/agora.xtec.cat\/esc-concepcion-arenal\/wp-json\/wp\/v2\/pages\/2204","targetHints":{"allow":["GET"]}}],"collection":[{"href":"https:\/\/agora.xtec.cat\/esc-concepcion-arenal\/wp-json\/wp\/v2\/pages"}],"about":[{"href":"https:\/\/agora.xtec.cat\/esc-concepcion-arenal\/wp-json\/wp\/v2\/types\/page"}],"author":[{"embeddable":true,"href":"https:\/\/agora.xtec.cat\/esc-concepcion-arenal\/wp-json\/wp\/v2\/users\/5"}],"replies":[{"embeddable":true,"href":"https:\/\/agora.xtec.cat\/esc-concepcion-arenal\/wp-json\/wp\/v2\/comments?post=2204"}],"version-history":[{"count":3,"href":"https:\/\/agora.xtec.cat\/esc-concepcion-arenal\/wp-json\/wp\/v2\/pages\/2204\/revisions"}],"predecessor-version":[{"id":4224,"href":"https:\/\/agora.xtec.cat\/esc-concepcion-arenal\/wp-json\/wp\/v2\/pages\/2204\/revisions\/4224"}],"up":[{"embeddable":true,"href":"https:\/\/agora.xtec.cat\/esc-concepcion-arenal\/wp-json\/wp\/v2\/pages\/84"}],"wp:attachment":[{"href":"https:\/\/agora.xtec.cat\/esc-concepcion-arenal\/wp-json\/wp\/v2\/media?parent=2204"}],"curies":[{"name":"wp","href":"https:\/\/api.w.org\/{rel}","templated":true}]}}