{"id":1895,"date":"2020-11-10T22:07:26","date_gmt":"2020-11-10T21:07:26","guid":{"rendered":"https:\/\/agora.xtec.cat\/esc-concepcion-arenal\/?page_id=1895"},"modified":"2021-06-29T19:38:48","modified_gmt":"2021-06-29T17:38:48","slug":"fotos-cs-p-els-dorafets","status":"publish","type":"page","link":"https:\/\/agora.xtec.cat\/esc-concepcion-arenal\/fotos\/fotos-cs-p-els-dorafets\/","title":{"rendered":"FOTOS I V\u00cdDEOS DE CS P ELS DORAFETS"},"content":{"rendered":"<ul style=\"list-style-type: disc;\">\n<li><a href=\"https:\/\/photos.app.goo.gl\/Xr2mSa1nKCEuS1ym6\" target=\"_blank\" rel=\"noopener noreferrer\">Escape Room<\/a> (30\/10\/2020)<\/li>\n<li><a href=\"https:\/\/photos.app.goo.gl\/5sdPznRrftQFTs2w6\" target=\"_blank\" rel=\"noopener noreferrer\">Inaugurem l&#8217;hort<\/a> (05\/11\/2020)<\/li>\n<li><a href=\"https:\/\/photos.app.goo.gl\/au9RjhKH2KetoS3p9\" target=\"_blank\" rel=\"noopener noreferrer\">Sortida &#8220;La m\u00e0gia de la ciutat&#8221;<\/a> (27\/01\/2021)<\/li>\n<li><a href=\"https:\/\/photos.app.goo.gl\/QkMTyoUsVSxcBfm59\" target=\"_blank\" rel=\"noopener noreferrer\">Jornada Magnet<\/a> (10\/03\/2021)<\/li>\n<li><a href=\"https:\/\/photos.app.goo.gl\/qUHZPBHDvJiuhgDH8\" target=\"_blank\" rel=\"noopener noreferrer\">Col\u00f2nies Olot<\/a> (25 i 26\/03\/2021)<\/li>\n<li><a href=\"https:\/\/photos.app.goo.gl\/qijkNics1UkshCQXA\" target=\"_blank\" rel=\"noopener noreferrer\">Creaci\u00f3 d&#8217;un anunci<\/a> (06\/04\/2021)<\/li>\n<li><a href=\"https:\/\/photos.app.goo.gl\/D32mKtpU3v78zm5C8\" target=\"_blank\" rel=\"noopener noreferrer\">Tardes de Circ<\/a> (03\/05\/2021)<\/li>\n<li><a href=\"https:\/\/photos.app.goo.gl\/UaKxtUBMrW8F97KQ7\" target=\"_blank\" rel=\"noopener noreferrer\">Sortida a la platja<\/a> (07\/05\/2021)<\/li>\n<li><a href=\"https:\/\/photos.app.goo.gl\/oBrrurZ28iWoSnfa6\" target=\"_blank\" rel=\"noopener noreferrer\">Congr\u00e9s de Ci\u00e8ncia<\/a> (12\/05\/2021)<\/li>\n<li><a href=\"https:\/\/photos.app.goo.gl\/EcfGmndjgqTuW3e1A\" target=\"_blank\" rel=\"noopener noreferrer\">Exposici\u00f3 Congr\u00e9s de Ci\u00e8ncia<\/a> (10\/06\/2021)<\/li>\n<li><a href=\"https:\/\/youtu.be\/fEvGb1rBKKg\" target=\"_blank\" rel=\"noopener noreferrer\">V\u00eddeo comiat 6\u00e8<\/a> (29\/06\/2021)<\/li>\n<\/ul>\n","protected":false},"excerpt":{"rendered":"<p>Escape Room (30\/10\/2020) Inaugurem l&#8217;hort (05\/11\/2020) Sortida &#8220;La m\u00e0gia de la ciutat&#8221; (27\/01\/2021) Jornada Magnet (10\/03\/2021) Col\u00f2nies Olot (25 i 26\/03\/2021) Creaci\u00f3 d&#8217;un anunci (06\/04\/2021) Tardes de Circ (03\/05\/2021) Sortida a la platja (07\/05\/2021) Congr\u00e9s de Ci\u00e8ncia (12\/05\/2021) Exposici\u00f3 Congr\u00e9s de Ci\u00e8ncia (10\/06\/2021) V\u00eddeo comiat 6\u00e8 (29\/06\/2021)<\/p>\n","protected":false},"author":5,"featured_media":0,"parent":1183,"menu_order":140,"comment_status":"closed","ping_status":"closed","template":"","meta":{"_bbp_topic_count":0,"_bbp_reply_count":0,"_bbp_total_topic_count":0,"_bbp_total_reply_count":0,"_bbp_voice_count":0,"_bbp_anonymous_reply_count":0,"_bbp_topic_count_hidden":0,"_bbp_reply_count_hidden":0,"_bbp_forum_subforum_count":0,"site-sidebar-layout":"default","site-content-layout":"","ast-site-content-layout":"","site-content-style":"default","site-sidebar-style":"default","ast-global-header-display":"","ast-banner-title-visibility":"","ast-main-header-display":"","ast-hfb-above-header-display":"","ast-hfb-below-header-display":"","ast-hfb-mobile-header-display":"","site-post-title":"","ast-breadcrumbs-content":"","ast-featured-img":"","footer-sml-layout":"","theme-transparent-header-meta":"","adv-header-id-meta":"","stick-header-meta":"","header-above-stick-meta":"","header-main-stick-meta":"","header-below-stick-meta":"","astra-migrate-meta-layouts":"default","ast-page-background-enabled":"default","ast-page-background-meta":{"desktop":{"background-color":"var(--ast-global-color-4)","background-image":"","background-repeat":"repeat","background-position":"center center","background-size":"auto","background-attachment":"scroll","background-type":"","background-media":"","overlay-type":"","overlay-color":"","overlay-opacity":"","overlay-gradient":""},"tablet":{"background-color":"","background-image":"","background-repeat":"repeat","background-position":"center center","background-size":"auto","background-attachment":"scroll","background-type":"","background-media":"","overlay-type":"","overlay-color":"","overlay-opacity":"","overlay-gradient":""},"mobile":{"background-color":"","background-image":"","background-repeat":"repeat","background-position":"center center","background-size":"auto","background-attachment":"scroll","background-type":"","background-media":"","overlay-type":"","overlay-color":"","overlay-opacity":"","overlay-gradient":""}},"ast-content-background-meta":{"desktop":{"background-color":"var(--ast-global-color-5)","background-image":"","background-repeat":"repeat","background-position":"center center","background-size":"auto","background-attachment":"scroll","background-type":"","background-media":"","overlay-type":"","overlay-color":"","overlay-opacity":"","overlay-gradient":""},"tablet":{"background-color":"var(--ast-global-color-5)","background-image":"","background-repeat":"repeat","background-position":"center center","background-size":"auto","background-attachment":"scroll","background-type":"","background-media":"","overlay-type":"","overlay-color":"","overlay-opacity":"","overlay-gradient":""},"mobile":{"background-color":"var(--ast-global-color-5)","background-image":"","background-repeat":"repeat","background-position":"center center","background-size":"auto","background-attachment":"scroll","background-type":"","background-media":"","overlay-type":"","overlay-color":"","overlay-opacity":"","overlay-gradient":""}},"footnotes":""},"class_list":["post-1895","page","type-page","status-publish","hentry"],"post_mailing_queue_ids":[],"_links":{"self":[{"href":"https:\/\/agora.xtec.cat\/esc-concepcion-arenal\/wp-json\/wp\/v2\/pages\/1895","targetHints":{"allow":["GET"]}}],"collection":[{"href":"https:\/\/agora.xtec.cat\/esc-concepcion-arenal\/wp-json\/wp\/v2\/pages"}],"about":[{"href":"https:\/\/agora.xtec.cat\/esc-concepcion-arenal\/wp-json\/wp\/v2\/types\/page"}],"author":[{"embeddable":true,"href":"https:\/\/agora.xtec.cat\/esc-concepcion-arenal\/wp-json\/wp\/v2\/users\/5"}],"replies":[{"embeddable":true,"href":"https:\/\/agora.xtec.cat\/esc-concepcion-arenal\/wp-json\/wp\/v2\/comments?post=1895"}],"version-history":[{"count":3,"href":"https:\/\/agora.xtec.cat\/esc-concepcion-arenal\/wp-json\/wp\/v2\/pages\/1895\/revisions"}],"predecessor-version":[{"id":3967,"href":"https:\/\/agora.xtec.cat\/esc-concepcion-arenal\/wp-json\/wp\/v2\/pages\/1895\/revisions\/3967"}],"up":[{"embeddable":true,"href":"https:\/\/agora.xtec.cat\/esc-concepcion-arenal\/wp-json\/wp\/v2\/pages\/1183"}],"wp:attachment":[{"href":"https:\/\/agora.xtec.cat\/esc-concepcion-arenal\/wp-json\/wp\/v2\/media?parent=1895"}],"curies":[{"name":"wp","href":"https:\/\/api.w.org\/{rel}","templated":true}]}}