{"id":15659,"date":"2025-10-04T08:12:00","date_gmt":"2025-10-04T06:12:00","guid":{"rendered":"https:\/\/agora.xtec.cat\/esc-concepcion-arenal\/?page_id=15659"},"modified":"2026-04-25T07:43:59","modified_gmt":"2026-04-25T05:43:59","slug":"fotos-i-videos-de-5e-els-grufals","status":"publish","type":"page","link":"https:\/\/agora.xtec.cat\/esc-concepcion-arenal\/fotos-i-videos-de-5e-els-grufals\/","title":{"rendered":"FOTOS I V\u00cdDEOS DE 5\u00e8 ELS GR\u00daFALS"},"content":{"rendered":"<ul>\n<li><a href=\"https:\/\/photos.app.goo.gl\/TwFSxeZLtv4cyQVD6\" target=\"_blank\" rel=\"noopener\">ELS GR\u00daFALS LLEGIM REVISTES<\/a> (04\/10\/2025)<\/li>\n<li><a href=\"https:\/\/photos.app.goo.gl\/kE7B7gpXgU5QT8zL9\" target=\"_blank\" rel=\"noopener\">INICIEM UN CURS DE CONTE<\/a> (13\/10\/2025)<\/li>\n<li><a href=\"https:\/\/photos.app.goo.gl\/6UFbfNLKvfNV8UJV9\" target=\"_blank\" rel=\"noopener\">PREPAREM LA SORTIDA DEL PROJECTE<\/a> (15\/10\/2025)<\/li>\n<li><a href=\"https:\/\/photos.app.goo.gl\/6nkgyH3u5muxMjCb8\" target=\"_blank\" rel=\"noopener\">COM RESOLDRE CONFLICTES<\/a> (16\/10\/2025)<\/li>\n<li><a href=\"https:\/\/photos.app.goo.gl\/ZCZC5q2gygoCY96C9\" target=\"_blank\" rel=\"noopener\">PRIMER PARTIT DE LLIGA<\/a> (18\/10\/2025)<\/li>\n<li><a href=\"https:\/\/photos.app.goo.gl\/QkdnSGWQ5uhvEeJZ7\" target=\"_blank\" rel=\"noopener\">ACTUACI\u00d3 A LA FIRA D&#8217;ENTITATS DEL BARRI<\/a> (18\/10\/2025)<\/li>\n<li><a href=\"https:\/\/photos.app.goo.gl\/wESbrKY3G9Z1XoqS7\" target=\"_blank\" rel=\"noopener\">REPORTATGE DE L&#8217;AULA D&#8217;ACOLLIDA<\/a> (20\/10\/2025)<\/li>\n<li><a href=\"https:\/\/photos.app.goo.gl\/1rgvRk5PiDiLCku46\" target=\"_blank\" rel=\"noopener\">BIBLIOTECA DE CATALUNYA<\/a> (22\/10\/2025)<\/li>\n<li><a href=\"https:\/\/photos.app.goo.gl\/YizqoorZat7yJbV38\" target=\"_blank\" rel=\"noopener\">KARENAL: 2a jornada<\/a> (24\/10\/2025)<\/li>\n<li><a href=\"https:\/\/photos.app.goo.gl\/2UGb9BaHWkUg33sM6\" target=\"_blank\" rel=\"noopener\">ECOSISTEMES<\/a> (29\/10\/2025)<\/li>\n<li><a href=\"https:\/\/photos.app.goo.gl\/nAov1HdaiNqAQH588\" target=\"_blank\" rel=\"noopener\">C.M. i C.S.: INAUGUREM EL PATI NOU<\/a> (04\/11\/2025)<\/li>\n<li><a href=\"https:\/\/photos.app.goo.gl\/PEmQjgB56bQs2yhN7\" target=\"_blank\" rel=\"noopener\">CLASSIFIQUEM CONTES<\/a> (06\/11\/2025)<\/li>\n<li><a href=\"https:\/\/photos.app.goo.gl\/RSU5PUDXevkbddTaA\" target=\"_blank\" rel=\"noopener\">KARENAL: 3a. jornada<\/a> (07\/11\/2025)<\/li>\n<li><a href=\"https:\/\/photos.app.goo.gl\/6LDz7f7jLxsWjRAy8\" target=\"_blank\" rel=\"noopener\">FLORA I FAUNA DEL RIU BES\u00d2S<\/a> (12\/11\/2025)<\/li>\n<li><a href=\"https:\/\/photos.app.goo.gl\/a68gDFTzbRsdGaD36\" target=\"_blank\" rel=\"noopener\">ENTRENAMENTS KARENAL<\/a> (18\/11\/2025)<\/li>\n<li><a href=\"https:\/\/photos.app.goo.gl\/ufoHtmKX3KhBqrC77\" target=\"_blank\" rel=\"noopener\">KARENAL: 5a. JORNADA<\/a> (21\/11\/2025)<\/li>\n<li><a href=\"https:\/\/photos.app.goo.gl\/d6oGesX4Vqrmk43w8\" target=\"_blank\" rel=\"noopener\">CONTES Rromane<\/a> (03\/12\/2025)<\/li>\n<li><a href=\"https:\/\/photos.app.goo.gl\/jhhqUkqQVopgA5gEA\" target=\"_blank\" rel=\"noopener\">\u00daLTIM PARTIT DE LLIGA<\/a> (12\/12\/2025)<\/li>\n<li><a href=\"https:\/\/photos.app.goo.gl\/sy5FE6rDLJrN75TQ7\" target=\"_blank\" rel=\"noopener\">\u00daLTIMA SESSI\u00d3 DE SCRATCH<\/a> (15\/12\/2025)<\/li>\n<li><a href=\"https:\/\/photos.app.goo.gl\/oCnzz6XJdddVN1rn8\" target=\"_blank\" rel=\"noopener\">ROB\u00d2TICA<\/a> (17\/12\/2025)<\/li>\n<li><a href=\"https:\/\/photos.app.goo.gl\/gVjkKDv2JqYzdJdz8\" target=\"_blank\" rel=\"noopener\">JUGUEM EN CATAL\u00c0<\/a> (17\/12\/2025)<\/li>\n<li><a href=\"https:\/\/photos.app.goo.gl\/TdvNJBMbDj4yHWBA9\" target=\"_blank\" rel=\"noopener\">TREBALLEM ELS CA\u00c7AMISTERIS<\/a> (14\/01\/2026)<\/li>\n<li><a href=\"https:\/\/photos.app.goo.gl\/cizuYgzZ6QBYY18b8\" target=\"_blank\" rel=\"noopener\">1a. SESSI\u00d3 DE R\u00c0DIO<\/a> (14\/01\/2026)<\/li>\n<li><a href=\"https:\/\/photos.app.goo.gl\/4LMMujgbuZckUZuj6\" target=\"_blank\" rel=\"noopener\">ELS GR\u00daFALS FEM CIRC<\/a> (19\/01\/2026)<\/li>\n<li><a href=\"https:\/\/photos.app.goo.gl\/9JKo2a6NMbJHvN2RA\" target=\"_blank\" rel=\"noopener\">QU\u00c8 SABEM DEL FUTBOL?<\/a> (20\/01\/2026)<\/li>\n<li><a href=\"https:\/\/photos.app.goo.gl\/7jrQ8Z3MZHY3BvhC7\" target=\"_blank\" rel=\"noopener\">CAIXAFORUM<\/a> (22\/01\/2026)<\/li>\n<li><a href=\"https:\/\/photos.app.goo.gl\/BLdkvnN7bmxJHpVL6\" target=\"_blank\" rel=\"noopener\">PR\u00c0CTICA AL LABORATORI<\/a> (23\/01\/2026)<\/li>\n<li><a href=\"https:\/\/photos.app.goo.gl\/g5yvnnvTPPjn5oxeA\" target=\"_blank\" rel=\"noopener\">KARENAL: FASE 2 PRIMER PARTIT A CASA<\/a> (23\/01\/2026)<\/li>\n<li><a href=\"https:\/\/photos.app.goo.gl\/H2UW6wAUgLgSTYYU6\" target=\"_blank\" rel=\"noopener\">PARTITS PER LA PAU<\/a> (28\/01\/2026)<\/li>\n<li><a href=\"https:\/\/photos.app.goo.gl\/nxwwzqeGkTsbAkkR8\" target=\"_blank\" rel=\"noopener\">ESCAPE BOOK DE LA PAU 5\u00e8<\/a>\u00a0(04\/02\/2026)<\/li>\n<li><a href=\"https:\/\/photos.app.goo.gl\/mmNG4AyEteywPT729\" target=\"_blank\" rel=\"noopener\">ENTREVISTEM A MARES DE L&#8217;ESCOLA<\/a> (05\/02\/2026)<\/li>\n<li><a href=\"https:\/\/photos.app.goo.gl\/mdNkXSyPxcbPBMe48\" target=\"_blank\" rel=\"noopener\">II CURSA CET10<\/a> (10\/02\/2026)<\/li>\n<li><a href=\"https:\/\/photos.app.goo.gl\/ZLP1sLG19choGDeQ7\" target=\"_blank\" rel=\"noopener\">JOCS EN CATAL\u00c0 AL PATI<\/a> (25\/02\/2026)<\/li>\n<li><a href=\"https:\/\/photos.app.goo.gl\/rMKVzsTbjiP1saMB9\" target=\"_blank\" rel=\"noopener\">KARENAL: REPRENEM ELS PARTITS DE FUTBOL<\/a> (13\/03\/2026)<\/li>\n<li><a href=\"https:\/\/photos.app.goo.gl\/Qcu1zNjNzQZubAFw6\" target=\"_blank\" rel=\"noopener\">ENS VISITEN DUES JUGADORES DE FUTBOL<\/a> (23\/03\/2026)<\/li>\n<li><a href=\"https:\/\/photos.app.goo.gl\/Dmtd5vJRNdDPHQR8A\" target=\"_blank\" rel=\"noopener\">XERREM AMB LA JESSICA VALL<\/a> (26\/03\/2026)<\/li>\n<li><a href=\"https:\/\/photos.app.goo.gl\/Amfjnz88vu9KKu4A8\" target=\"_blank\" rel=\"noopener\">CASTELLS AL PATI<\/a> (26\/03\/2026)<\/li>\n<li><a href=\"https:\/\/photos.app.goo.gl\/goidRNUixDuZ9oQu8\" target=\"_blank\" rel=\"noopener\">MONES<\/a> (27\/03\/2026)<\/li>\n<li><a href=\"https:\/\/photos.app.goo.gl\/xghwAVwLba4yfxHt7\" target=\"_blank\" rel=\"noopener\">CANVI DE MOBILIARI<\/a> (09\/04\/2026)<\/li>\n<li><a href=\"https:\/\/photos.app.goo.gl\/wLgA4nmRvbUQqHX4A\" target=\"_blank\" rel=\"noopener\">ESPECTACLE DE M\u00c0GIA<\/a> (10\/04\/2026)<\/li>\n<li><a href=\"https:\/\/photos.app.goo.gl\/3yrwJUCnrMvVPFLu7\" target=\"_blank\" rel=\"noopener\">ESPECTACLE DE CABARET<\/a> (13\/04\/2026)<\/li>\n<\/ul>\n","protected":false},"excerpt":{"rendered":"<p>ELS GR\u00daFALS LLEGIM REVISTES (04\/10\/2025) INICIEM UN CURS DE CONTE (13\/10\/2025) PREPAREM LA SORTIDA DEL PROJECTE (15\/10\/2025) COM RESOLDRE CONFLICTES (16\/10\/2025) PRIMER PARTIT DE LLIGA (18\/10\/2025) ACTUACI\u00d3 A LA FIRA D&#8217;ENTITATS DEL BARRI (18\/10\/2025) REPORTATGE DE L&#8217;AULA D&#8217;ACOLLIDA (20\/10\/2025) BIBLIOTECA DE CATALUNYA (22\/10\/2025) KARENAL: 2a jornada (24\/10\/2025) ECOSISTEMES (29\/10\/2025) C.M. i C.S.: INAUGUREM EL PATI [&hellip;]<\/p>\n","protected":false},"author":5,"featured_media":0,"parent":0,"menu_order":0,"comment_status":"closed","ping_status":"closed","template":"","meta":{"_bbp_topic_count":0,"_bbp_reply_count":0,"_bbp_total_topic_count":0,"_bbp_total_reply_count":0,"_bbp_voice_count":0,"_bbp_anonymous_reply_count":0,"_bbp_topic_count_hidden":0,"_bbp_reply_count_hidden":0,"_bbp_forum_subforum_count":0,"site-sidebar-layout":"no-sidebar","site-content-layout":"","ast-site-content-layout":"default","site-content-style":"default","site-sidebar-style":"default","ast-global-header-display":"","ast-banner-title-visibility":"","ast-main-header-display":"","ast-hfb-above-header-display":"","ast-hfb-below-header-display":"","ast-hfb-mobile-header-display":"","site-post-title":"","ast-breadcrumbs-content":"","ast-featured-img":"","footer-sml-layout":"","theme-transparent-header-meta":"default","adv-header-id-meta":"","stick-header-meta":"","header-above-stick-meta":"","header-main-stick-meta":"","header-below-stick-meta":"","astra-migrate-meta-layouts":"set","ast-page-background-enabled":"default","ast-page-background-meta":{"desktop":{"background-color":"var(--ast-global-color-4)","background-image":"","background-repeat":"repeat","background-position":"center center","background-size":"auto","background-attachment":"scroll","background-type":"","background-media":"","overlay-type":"","overlay-color":"","overlay-opacity":"","overlay-gradient":""},"tablet":{"background-color":"","background-image":"","background-repeat":"repeat","background-position":"center center","background-size":"auto","background-attachment":"scroll","background-type":"","background-media":"","overlay-type":"","overlay-color":"","overlay-opacity":"","overlay-gradient":""},"mobile":{"background-color":"","background-image":"","background-repeat":"repeat","background-position":"center center","background-size":"auto","background-attachment":"scroll","background-type":"","background-media":"","overlay-type":"","overlay-color":"","overlay-opacity":"","overlay-gradient":""}},"ast-content-background-meta":{"desktop":{"background-color":"var(--ast-global-color-5)","background-image":"","background-repeat":"repeat","background-position":"center center","background-size":"auto","background-attachment":"scroll","background-type":"","background-media":"","overlay-type":"","overlay-color":"","overlay-opacity":"","overlay-gradient":""},"tablet":{"background-color":"var(--ast-global-color-5)","background-image":"","background-repeat":"repeat","background-position":"center center","background-size":"auto","background-attachment":"scroll","background-type":"","background-media":"","overlay-type":"","overlay-color":"","overlay-opacity":"","overlay-gradient":""},"mobile":{"background-color":"var(--ast-global-color-5)","background-image":"","background-repeat":"repeat","background-position":"center center","background-size":"auto","background-attachment":"scroll","background-type":"","background-media":"","overlay-type":"","overlay-color":"","overlay-opacity":"","overlay-gradient":""}},"footnotes":""},"class_list":["post-15659","page","type-page","status-publish","hentry"],"post_mailing_queue_ids":[],"_links":{"self":[{"href":"https:\/\/agora.xtec.cat\/esc-concepcion-arenal\/wp-json\/wp\/v2\/pages\/15659","targetHints":{"allow":["GET"]}}],"collection":[{"href":"https:\/\/agora.xtec.cat\/esc-concepcion-arenal\/wp-json\/wp\/v2\/pages"}],"about":[{"href":"https:\/\/agora.xtec.cat\/esc-concepcion-arenal\/wp-json\/wp\/v2\/types\/page"}],"author":[{"embeddable":true,"href":"https:\/\/agora.xtec.cat\/esc-concepcion-arenal\/wp-json\/wp\/v2\/users\/5"}],"replies":[{"embeddable":true,"href":"https:\/\/agora.xtec.cat\/esc-concepcion-arenal\/wp-json\/wp\/v2\/comments?post=15659"}],"version-history":[{"count":6,"href":"https:\/\/agora.xtec.cat\/esc-concepcion-arenal\/wp-json\/wp\/v2\/pages\/15659\/revisions"}],"predecessor-version":[{"id":17565,"href":"https:\/\/agora.xtec.cat\/esc-concepcion-arenal\/wp-json\/wp\/v2\/pages\/15659\/revisions\/17565"}],"wp:attachment":[{"href":"https:\/\/agora.xtec.cat\/esc-concepcion-arenal\/wp-json\/wp\/v2\/media?parent=15659"}],"curies":[{"name":"wp","href":"https:\/\/api.w.org\/{rel}","templated":true}]}}