{"id":1346,"date":"2020-10-21T21:33:25","date_gmt":"2020-10-21T19:33:25","guid":{"rendered":"https:\/\/agora.xtec.cat\/esc-concepcion-arenal\/?page_id=1346"},"modified":"2022-10-23T22:25:25","modified_gmt":"2022-10-23T20:25:25","slug":"activitats-i-projectes","status":"publish","type":"page","link":"https:\/\/agora.xtec.cat\/esc-concepcion-arenal\/activitats-i-projectes\/","title":{"rendered":"Activitats i Projectes"},"content":{"rendered":"<p>En aquest apartat hi trobareu totes les activitats i projectes que fem des de l&#8217;escola:<\/p>\n<ul>\n<li>Sortides<\/li>\n<li>Biblioteca<\/li>\n<li>Fam\u00edlies<a href=\"https:\/\/agora.xtec.cat\/esc-concepcion-arenal\/wp-content\/uploads\/usu2031\/2020\/10\/brain-left-analytical-and-right-creative-hemispheres-concept-vector.jpg\"><br \/>\n<img loading=\"lazy\" decoding=\"async\" class=\"size-medium wp-image-1504 alignright\" src=\"https:\/\/agora.xtec.cat\/esc-concepcion-arenal\/wp-content\/uploads\/usu2031\/2020\/10\/brain-left-analytical-and-right-creative-hemispheres-concept-vector-300x300.jpg\" alt=\"\" width=\"300\" height=\"300\" srcset=\"https:\/\/agora.xtec.cat\/esc-concepcion-arenal\/wp-content\/uploads\/usu2031\/2020\/10\/brain-left-analytical-and-right-creative-hemispheres-concept-vector-300x300.jpg 300w, https:\/\/agora.xtec.cat\/esc-concepcion-arenal\/wp-content\/uploads\/usu2031\/2020\/10\/brain-left-analytical-and-right-creative-hemispheres-concept-vector-150x150.jpg 150w, https:\/\/agora.xtec.cat\/esc-concepcion-arenal\/wp-content\/uploads\/usu2031\/2020\/10\/brain-left-analytical-and-right-creative-hemispheres-concept-vector.jpg 490w\" sizes=\"auto, (max-width: 300px) 100vw, 300px\" \/><\/a><\/li>\n<li>Bongoh<\/li>\n<li>Mus-e<\/li>\n<li>Congr\u00e9s de Ci\u00e8ncia<\/li>\n<li>El preg\u00f3 dels Infants<\/li>\n<li>Circ (Caixa d&#8217;eines)<\/li>\n<li>Ara Art: Cant Coral<\/li>\n<\/ul>\n","protected":false},"excerpt":{"rendered":"<p>En aquest apartat hi trobareu totes les activitats i projectes que fem des de l&#8217;escola: Sortides Biblioteca Fam\u00edlies Bongoh Mus-e Congr\u00e9s de Ci\u00e8ncia El preg\u00f3 dels Infants Circ (Caixa d&#8217;eines) Ara Art: Cant Coral<\/p>\n","protected":false},"author":5,"featured_media":0,"parent":0,"menu_order":0,"comment_status":"closed","ping_status":"closed","template":"","meta":{"_bbp_topic_count":0,"_bbp_reply_count":0,"_bbp_total_topic_count":0,"_bbp_total_reply_count":0,"_bbp_voice_count":0,"_bbp_anonymous_reply_count":0,"_bbp_topic_count_hidden":0,"_bbp_reply_count_hidden":0,"_bbp_forum_subforum_count":0,"site-sidebar-layout":"default","site-content-layout":"","ast-site-content-layout":"","site-content-style":"default","site-sidebar-style":"default","ast-global-header-display":"","ast-banner-title-visibility":"","ast-main-header-display":"","ast-hfb-above-header-display":"","ast-hfb-below-header-display":"","ast-hfb-mobile-header-display":"","site-post-title":"","ast-breadcrumbs-content":"","ast-featured-img":"","footer-sml-layout":"","theme-transparent-header-meta":"","adv-header-id-meta":"","stick-header-meta":"","header-above-stick-meta":"","header-main-stick-meta":"","header-below-stick-meta":"","astra-migrate-meta-layouts":"default","ast-page-background-enabled":"default","ast-page-background-meta":{"desktop":{"background-color":"var(--ast-global-color-4)","background-image":"","background-repeat":"repeat","background-position":"center center","background-size":"auto","background-attachment":"scroll","background-type":"","background-media":"","overlay-type":"","overlay-color":"","overlay-opacity":"","overlay-gradient":""},"tablet":{"background-color":"","background-image":"","background-repeat":"repeat","background-position":"center center","background-size":"auto","background-attachment":"scroll","background-type":"","background-media":"","overlay-type":"","overlay-color":"","overlay-opacity":"","overlay-gradient":""},"mobile":{"background-color":"","background-image":"","background-repeat":"repeat","background-position":"center center","background-size":"auto","background-attachment":"scroll","background-type":"","background-media":"","overlay-type":"","overlay-color":"","overlay-opacity":"","overlay-gradient":""}},"ast-content-background-meta":{"desktop":{"background-color":"var(--ast-global-color-5)","background-image":"","background-repeat":"repeat","background-position":"center center","background-size":"auto","background-attachment":"scroll","background-type":"","background-media":"","overlay-type":"","overlay-color":"","overlay-opacity":"","overlay-gradient":""},"tablet":{"background-color":"var(--ast-global-color-5)","background-image":"","background-repeat":"repeat","background-position":"center center","background-size":"auto","background-attachment":"scroll","background-type":"","background-media":"","overlay-type":"","overlay-color":"","overlay-opacity":"","overlay-gradient":""},"mobile":{"background-color":"var(--ast-global-color-5)","background-image":"","background-repeat":"repeat","background-position":"center center","background-size":"auto","background-attachment":"scroll","background-type":"","background-media":"","overlay-type":"","overlay-color":"","overlay-opacity":"","overlay-gradient":""}},"footnotes":""},"class_list":["post-1346","page","type-page","status-publish","hentry"],"post_mailing_queue_ids":[],"_links":{"self":[{"href":"https:\/\/agora.xtec.cat\/esc-concepcion-arenal\/wp-json\/wp\/v2\/pages\/1346","targetHints":{"allow":["GET"]}}],"collection":[{"href":"https:\/\/agora.xtec.cat\/esc-concepcion-arenal\/wp-json\/wp\/v2\/pages"}],"about":[{"href":"https:\/\/agora.xtec.cat\/esc-concepcion-arenal\/wp-json\/wp\/v2\/types\/page"}],"author":[{"embeddable":true,"href":"https:\/\/agora.xtec.cat\/esc-concepcion-arenal\/wp-json\/wp\/v2\/users\/5"}],"replies":[{"embeddable":true,"href":"https:\/\/agora.xtec.cat\/esc-concepcion-arenal\/wp-json\/wp\/v2\/comments?post=1346"}],"version-history":[{"count":4,"href":"https:\/\/agora.xtec.cat\/esc-concepcion-arenal\/wp-json\/wp\/v2\/pages\/1346\/revisions"}],"predecessor-version":[{"id":7143,"href":"https:\/\/agora.xtec.cat\/esc-concepcion-arenal\/wp-json\/wp\/v2\/pages\/1346\/revisions\/7143"}],"wp:attachment":[{"href":"https:\/\/agora.xtec.cat\/esc-concepcion-arenal\/wp-json\/wp\/v2\/media?parent=1346"}],"curies":[{"name":"wp","href":"https:\/\/api.w.org\/{rel}","templated":true}]}}