{"id":1183,"date":"2020-10-04T10:08:24","date_gmt":"2020-10-04T08:08:24","guid":{"rendered":"https:\/\/agora.xtec.cat\/esc-concepcion-arenal\/?page_id=1183"},"modified":"2021-03-24T14:14:56","modified_gmt":"2021-03-24T13:14:56","slug":"fotos","status":"publish","type":"page","link":"https:\/\/agora.xtec.cat\/esc-concepcion-arenal\/fotos\/","title":{"rendered":"FOTOS I V\u00cdDEOS CURS 2020-2021"},"content":{"rendered":"<p>Aqu\u00ed podr\u00e0s veure les galeries de fotos i v\u00eddeos que fem a l&#8217;escola d&#8217;activitats i sortides.<\/p>\n<ul>\n<li style=\"list-style-type: none;\">\n<ul style=\"list-style-type: disc;\">\n<li><a href=\"https:\/\/agora.xtec.cat\/esc-concepcion-arenal\/?page_id=1843&amp;preview=true\" target=\"_blank\" rel=\"noopener noreferrer\"><strong>ESCOLA<\/strong><\/a><\/li>\n<li><a href=\"https:\/\/agora.xtec.cat\/esc-concepcion-arenal\/?page_id=1849&amp;preview=true\" target=\"_blank\" rel=\"noopener noreferrer\"><span style=\"color: #00ff00;\"><strong>INFANTIL COMUNITAT VERDA<\/strong><\/span><\/a>\n<ul style=\"list-style-type: disc;\">\n<li><a href=\"https:\/\/agora.xtec.cat\/esc-concepcion-arenal\/?page_id=1852&amp;preview=true\" target=\"_blank\" rel=\"noopener noreferrer\"><span style=\"color: #00ff00;\"><strong>P3 LES NIMFES I ELS FOLLETS<\/strong><\/span><\/a><\/li>\n<li><a href=\"https:\/\/agora.xtec.cat\/esc-concepcion-arenal\/fotos\/fotos-p4-els-monstres-verds\/\" target=\"_blank\" rel=\"noopener noreferrer\"><span style=\"color: #00ff00;\"><strong>P4 ELS MONSTRES VERDS<\/strong><\/span><\/a><\/li>\n<li><a href=\"https:\/\/agora.xtec.cat\/esc-concepcion-arenal\/?page_id=1863&amp;preview=true\" target=\"_blank\" rel=\"noopener noreferrer\"><span style=\"color: #00ff00;\"><strong>P5 ELS SALTAPERES<\/strong><\/span><\/a><\/li>\n<\/ul>\n<\/li>\n<li><a href=\"https:\/\/agora.xtec.cat\/esc-concepcion-arenal\/?page_id=1866&amp;preview=true\" target=\"_blank\" rel=\"noopener noreferrer\"><span style=\"color: #00ff00;\"><strong>CICLE INICIAL COMUNITAT VERDA<\/strong><\/span><\/a>\n<ul style=\"list-style-type: disc;\">\n<li><a href=\"https:\/\/agora.xtec.cat\/esc-concepcion-arenal\/?page_id=1869&amp;preview=true\" target=\"_blank\" rel=\"noopener noreferrer\"><span style=\"color: #00ff00;\"><strong>1r LES DRACTUGUES<\/strong><\/span><\/a><\/li>\n<li><a href=\"https:\/\/agora.xtec.cat\/esc-concepcion-arenal\/fotos\/fotos-2n-cokiwis\/\" target=\"_blank\" rel=\"noopener noreferrer\"><span style=\"color: #00ff00;\"><strong>2n ELS COKIWIS<\/strong><\/span><\/a><\/li>\n<\/ul>\n<\/li>\n<li><a href=\"https:\/\/agora.xtec.cat\/esc-concepcion-arenal\/fotos\/fotos-cicle-mitja-comunitat-blava\/\" target=\"_blank\" rel=\"noopener noreferrer\"><span style=\"color: #0000ff;\"><strong>CICLE MITJ\u00c0 COMUNITAT BLAVA<\/strong><\/span><\/a>\n<ul style=\"list-style-type: disc;\">\n<li><a href=\"https:\/\/agora.xtec.cat\/esc-concepcion-arenal\/fotos\/fotos-cm-a-pinguins-fantartics\/\" target=\"_blank\" rel=\"noopener noreferrer\"><span style=\"color: #0000ff;\"><strong>CM A ELS PING\u00dcINS FANT\u00c0RTICS<\/strong><\/span><\/a><\/li>\n<li><a href=\"https:\/\/agora.xtec.cat\/esc-concepcion-arenal\/?page_id=1882&amp;preview=true\" target=\"_blank\" rel=\"noopener noreferrer\"><span style=\"color: #0000ff;\"><strong>CM E FANTASARIS<\/strong><\/span><\/a><\/li>\n<li><a href=\"https:\/\/agora.xtec.cat\/esc-concepcion-arenal\/?page_id=1885&amp;preview=true\" target=\"_blank\" rel=\"noopener noreferrer\"><span style=\"color: #0000ff;\"><strong>CM L DALIAM\u00d3N<\/strong><\/span><\/a><\/li>\n<\/ul>\n<\/li>\n<li><a href=\"https:\/\/agora.xtec.cat\/esc-concepcion-arenal\/?page_id=1887&amp;preview=true\" target=\"_blank\" rel=\"noopener noreferrer\"><span style=\"color: #0000ff;\"><strong>CICLE SUPERIOR COMUNITAT BLAVA<\/strong><\/span><\/a>\n<ul style=\"list-style-type: disc;\">\n<li><a href=\"https:\/\/agora.xtec.cat\/esc-concepcion-arenal\/?page_id=1890&amp;preview=true\" target=\"_blank\" rel=\"noopener noreferrer\"><span style=\"color: #0000ff;\"><strong>CS E BIG GALAXYCONXIEBLUE<\/strong><\/span><\/a><\/li>\n<li><a href=\"https:\/\/agora.xtec.cat\/esc-concepcion-arenal\/fotos\/fotos-cs-n-super-mariconxi\/\" target=\"_blank\" rel=\"noopener noreferrer\"><span style=\"color: #0000ff;\"><strong>CS N SUPER MARICONXI<\/strong><\/span><\/a><\/li>\n<li><a href=\"https:\/\/agora.xtec.cat\/esc-concepcion-arenal\/?page_id=1895&amp;preview=true\" target=\"_blank\" rel=\"noopener noreferrer\"><span style=\"color: #0000ff;\"><strong>CS P ELS DORAFETS<\/strong><\/span><\/a><\/li>\n<\/ul>\n<\/li>\n<\/ul>\n<\/li>\n<\/ul>\n","protected":false},"excerpt":{"rendered":"<p>Aqu\u00ed podr\u00e0s veure les galeries de fotos i v\u00eddeos que fem a l&#8217;escola d&#8217;activitats i sortides. ESCOLA INFANTIL COMUNITAT VERDA P3 LES NIMFES I ELS FOLLETS P4 ELS MONSTRES VERDS P5 ELS SALTAPERES CICLE INICIAL COMUNITAT VERDA 1r LES DRACTUGUES 2n ELS COKIWIS CICLE MITJ\u00c0 COMUNITAT BLAVA CM A ELS PING\u00dcINS FANT\u00c0RTICS CM E FANTASARIS [&hellip;]<\/p>\n","protected":false},"author":1,"featured_media":0,"parent":0,"menu_order":0,"comment_status":"closed","ping_status":"closed","template":"","meta":{"_bbp_topic_count":0,"_bbp_reply_count":0,"_bbp_total_topic_count":0,"_bbp_total_reply_count":0,"_bbp_voice_count":0,"_bbp_anonymous_reply_count":0,"_bbp_topic_count_hidden":0,"_bbp_reply_count_hidden":0,"_bbp_forum_subforum_count":0,"site-sidebar-layout":"default","site-content-layout":"","ast-site-content-layout":"","site-content-style":"default","site-sidebar-style":"default","ast-global-header-display":"","ast-banner-title-visibility":"","ast-main-header-display":"","ast-hfb-above-header-display":"","ast-hfb-below-header-display":"","ast-hfb-mobile-header-display":"","site-post-title":"","ast-breadcrumbs-content":"","ast-featured-img":"","footer-sml-layout":"","theme-transparent-header-meta":"","adv-header-id-meta":"","stick-header-meta":"","header-above-stick-meta":"","header-main-stick-meta":"","header-below-stick-meta":"","astra-migrate-meta-layouts":"default","ast-page-background-enabled":"default","ast-page-background-meta":{"desktop":{"background-color":"var(--ast-global-color-4)","background-image":"","background-repeat":"repeat","background-position":"center center","background-size":"auto","background-attachment":"scroll","background-type":"","background-media":"","overlay-type":"","overlay-color":"","overlay-opacity":"","overlay-gradient":""},"tablet":{"background-color":"","background-image":"","background-repeat":"repeat","background-position":"center center","background-size":"auto","background-attachment":"scroll","background-type":"","background-media":"","overlay-type":"","overlay-color":"","overlay-opacity":"","overlay-gradient":""},"mobile":{"background-color":"","background-image":"","background-repeat":"repeat","background-position":"center center","background-size":"auto","background-attachment":"scroll","background-type":"","background-media":"","overlay-type":"","overlay-color":"","overlay-opacity":"","overlay-gradient":""}},"ast-content-background-meta":{"desktop":{"background-color":"var(--ast-global-color-5)","background-image":"","background-repeat":"repeat","background-position":"center center","background-size":"auto","background-attachment":"scroll","background-type":"","background-media":"","overlay-type":"","overlay-color":"","overlay-opacity":"","overlay-gradient":""},"tablet":{"background-color":"var(--ast-global-color-5)","background-image":"","background-repeat":"repeat","background-position":"center center","background-size":"auto","background-attachment":"scroll","background-type":"","background-media":"","overlay-type":"","overlay-color":"","overlay-opacity":"","overlay-gradient":""},"mobile":{"background-color":"var(--ast-global-color-5)","background-image":"","background-repeat":"repeat","background-position":"center center","background-size":"auto","background-attachment":"scroll","background-type":"","background-media":"","overlay-type":"","overlay-color":"","overlay-opacity":"","overlay-gradient":""}},"footnotes":""},"class_list":["post-1183","page","type-page","status-publish","hentry"],"post_mailing_queue_ids":[],"_links":{"self":[{"href":"https:\/\/agora.xtec.cat\/esc-concepcion-arenal\/wp-json\/wp\/v2\/pages\/1183","targetHints":{"allow":["GET"]}}],"collection":[{"href":"https:\/\/agora.xtec.cat\/esc-concepcion-arenal\/wp-json\/wp\/v2\/pages"}],"about":[{"href":"https:\/\/agora.xtec.cat\/esc-concepcion-arenal\/wp-json\/wp\/v2\/types\/page"}],"author":[{"embeddable":true,"href":"https:\/\/agora.xtec.cat\/esc-concepcion-arenal\/wp-json\/wp\/v2\/users\/1"}],"replies":[{"embeddable":true,"href":"https:\/\/agora.xtec.cat\/esc-concepcion-arenal\/wp-json\/wp\/v2\/comments?post=1183"}],"version-history":[{"count":4,"href":"https:\/\/agora.xtec.cat\/esc-concepcion-arenal\/wp-json\/wp\/v2\/pages\/1183\/revisions"}],"predecessor-version":[{"id":2976,"href":"https:\/\/agora.xtec.cat\/esc-concepcion-arenal\/wp-json\/wp\/v2\/pages\/1183\/revisions\/2976"}],"wp:attachment":[{"href":"https:\/\/agora.xtec.cat\/esc-concepcion-arenal\/wp-json\/wp\/v2\/media?parent=1183"}],"curies":[{"name":"wp","href":"https:\/\/api.w.org\/{rel}","templated":true}]}}